{"id":42808,"date":"2026-04-13T13:00:49","date_gmt":"2026-04-13T17:00:49","guid":{"rendered":"https:\/\/onlit.org\/?page_id=42808"},"modified":"2026-04-13T13:09:20","modified_gmt":"2026-04-13T17:09:20","slug":"regions-physiques-du-canada","status":"publish","type":"page","link":"https:\/\/onlit.org\/fr\/apprendre-lire-et-grandir\/4e-annee\/regions-physiques-du-canada\/","title":{"rendered":"R\u00e9gions physiques du Canada"},"content":{"rendered":"\n<h3 class=\"wp-block-heading\">4e ann\u00e9e &#8211; unit\u00e9 7<\/h3>\n\n\n\n<h2 class=\"wp-block-heading\">R\u00e9gions physiques du Canada<\/h2>\n\n\n\n<p>Partez avec Zibbi, une extraterrestre, \u00e0 la d\u00e9couverte de la Terre et explorez certaines r\u00e9gions physiques du Canada. Des montagnes imposantes aux paysages nordiques glac\u00e9s, en passant par les vastes plaines, ce parcours permet de d\u00e9couvrir comment le territoire, le climat et les activit\u00e9s humaines fa\u00e7onnent chaque r\u00e9gion.<\/p>\n\n\n\n<p>Inspir\u00e9e de Releasing Writers, cette unit\u00e9 est directement align\u00e9e sur le programme-cadre d\u2019\u00e9tudes sociales de la 4e ann\u00e9e et comprend une le\u00e7on de syntaxe int\u00e9gr\u00e9e qui permet de travailler la r\u00e9daction de phrases complexes \u00e0 l\u2019aide de propositions subordonn\u00e9es circonstancielles.<\/p>\n\n\n\n<h2 class=\"wp-block-heading\">Cycle d\u2019\u00e9criture structur\u00e9e <\/h2>\n\n\n\n<h3 class=\"wp-block-heading\">R\u00e9gions physiques du Canada<\/h3>\n\n\n\n<ul class=\"wp-block-list\">\n<li><a href=\"https:\/\/drive.google.com\/drive\/folders\/1w5HwmOqke3PsEXV-Nunv0HqstpmMF8z0?usp=drive_link\" data-type=\"link\" data-id=\"onlit.org\" target=\"_blank\" rel=\"noreferrer noopener\">Texte mod\u00e8le<\/a> \u2013 <em>R\u00e9gions physiques du Canada<\/em><\/li>\n\n\n\n<li><a href=\"https:\/\/drive.google.com\/drive\/folders\/1mIvopYGzabn5O-WYYMlOHtaV_bygjmX7?usp=drive_link\" target=\"_blank\" rel=\"noreferrer noopener\">Fiche de r\u00e9f\u00e9rence<\/a> pour l\u2019\u00e9criture structur\u00e9e\n<ul class=\"wp-block-list\">\n<li><a href=\"https:\/\/drive.google.com\/drive\/folders\/1FSohMf7Pb66WJhGh-7OSek-xRMqyBhCN?usp=drive_link\" data-type=\"link\" data-id=\"onlit.org\" target=\"_blank\" rel=\"noreferrer noopener\">Diaporama p\u00e9dagogique<\/a> \u2013 l\u2019\u00e9criture structur\u00e9e<\/li>\n\n\n\n<li><a href=\"https:\/\/drive.google.com\/drive\/folders\/1sqo39OxrpGvb5IpqgKzuk9KPVvb3oqpa?usp=drive_link\" data-type=\"link\" data-id=\"onlit.org\" target=\"_blank\" rel=\"noreferrer noopener\">Diaporama p\u00e9dagogique<\/a> \u2013 vocabulaire<\/li>\n\n\n\n<li><a href=\"https:\/\/drive.google.com\/drive\/folders\/1Tus43y1vZmUJOa-92VrtqY5e4YOTa2Gd?usp=drive_link\" data-type=\"link\" data-id=\"onlit.org\" target=\"_blank\" rel=\"noreferrer noopener\">Exemplaires soulign\u00e9es et copies pour les \u00e9l\u00e8ves<\/a><\/li>\n\n\n\n<li><a href=\"https:\/\/drive.google.com\/drive\/folders\/1zV7Z8qtWul6okPMyiN_p6VvfmQ8XOCFp?usp=drive_link\" data-type=\"link\" data-id=\"onlit.org\" target=\"_blank\" rel=\"noreferrer noopener\">Page d\u2019\u00e9criture pour \u00e9l\u00e8ves<\/a><\/li>\n<\/ul>\n<\/li>\n<\/ul>\n\n\n\n<p><\/p>\n\n\n\n<p><\/p>\n","protected":false},"excerpt":{"rendered":"<p>4e ann\u00e9e &#8211; unit\u00e9 7 R\u00e9gions physiques du Canada Partez avec Zibbi, une extraterrestre, \u00e0 la d\u00e9couverte de la Terre et explorez certaines r\u00e9gions physiques du Canada. Des montagnes imposantes&#8230;<\/p>\n","protected":false},"author":32,"featured_media":0,"parent":41761,"menu_order":0,"comment_status":"closed","ping_status":"closed","template":"","meta":{"_acf_changed":false,"_kad_post_transparent":"","_kad_post_title":"","_kad_post_layout":"","_kad_post_sidebar_id":"","_kad_post_content_style":"","_kad_post_vertical_padding":"","_kad_post_feature":"","_kad_post_feature_position":"","_kad_post_header":false,"_kad_post_footer":false,"_kad_post_classname":"","footnotes":""},"content-language":[509],"class_list":["post-42808","page","type-page","status-publish","hentry","content-language-francais"],"acf":[],"_links":{"self":[{"href":"https:\/\/onlit.org\/fr\/wp-json\/wp\/v2\/pages\/42808","targetHints":{"allow":["GET"]}}],"collection":[{"href":"https:\/\/onlit.org\/fr\/wp-json\/wp\/v2\/pages"}],"about":[{"href":"https:\/\/onlit.org\/fr\/wp-json\/wp\/v2\/types\/page"}],"author":[{"embeddable":true,"href":"https:\/\/onlit.org\/fr\/wp-json\/wp\/v2\/users\/32"}],"replies":[{"embeddable":true,"href":"https:\/\/onlit.org\/fr\/wp-json\/wp\/v2\/comments?post=42808"}],"version-history":[{"count":2,"href":"https:\/\/onlit.org\/fr\/wp-json\/wp\/v2\/pages\/42808\/revisions"}],"predecessor-version":[{"id":42810,"href":"https:\/\/onlit.org\/fr\/wp-json\/wp\/v2\/pages\/42808\/revisions\/42810"}],"up":[{"embeddable":true,"href":"https:\/\/onlit.org\/fr\/wp-json\/wp\/v2\/pages\/41761"}],"wp:attachment":[{"href":"https:\/\/onlit.org\/fr\/wp-json\/wp\/v2\/media?parent=42808"}],"wp:term":[{"taxonomy":"content-language","embeddable":true,"href":"https:\/\/onlit.org\/fr\/wp-json\/wp\/v2\/content-language?post=42808"}],"curies":[{"name":"wp","href":"https:\/\/api.w.org\/{rel}","templated":true}]}}