{"id":42802,"date":"2026-04-13T11:47:09","date_gmt":"2026-04-13T15:47:09","guid":{"rendered":"https:\/\/onlit.org\/?page_id=42802"},"modified":"2026-04-13T12:54:04","modified_gmt":"2026-04-13T16:54:04","slug":"les-machines-au-travail-dans-notre-communaute","status":"publish","type":"page","link":"https:\/\/onlit.org\/fr\/apprendre-lire-et-grandir\/4e-annee\/les-machines-au-travail-dans-notre-communaute\/","title":{"rendered":"Les machines au travail dans notre communaut\u00e9"},"content":{"rendered":"\n<h3 class=\"wp-block-heading\">5e ann\u00e9e &#8211; unit\u00e9 6<\/h3>\n\n\n\n<h2 class=\"wp-block-heading\">Les machines au travail dans notre communaut\u00e9<\/h2>\n\n\n\n<p>Dans l\u2019unit\u00e9 <em>Les machines au travail dans notre communaut\u00e9<\/em>, les \u00e9l\u00e8ves de 4e ann\u00e9e explorent comment les machines et leurs m\u00e9canismes rendent les t\u00e2ches du quotidien plus s\u00e9curitaires, plus faciles et plus efficaces. En \u00e9tudiant le fonctionnement de diff\u00e9rentes machines et en r\u00e9fl\u00e9chissant \u00e0 leurs impacts sur la soci\u00e9t\u00e9, les \u00e9l\u00e8ves d\u00e9veloppent \u00e9galement leurs comp\u00e9tences en \u00e9criture, notamment en travaillant la flexibilit\u00e9 syntaxique \u00e0 l\u2019aide de phrases complexes.<\/p>\n\n\n\n<p>Align\u00e9e sur le programme-cadre de sciences et technologie de 4e ann\u00e9e de l\u2019Ontario, cette ressource pr\u00eate \u00e0 l\u2019emploi a \u00e9t\u00e9 con\u00e7ue par du personnel enseignant et favorise des apprentissages pertinents et interdisciplinaires. T\u00e9l\u00e9chargez-la d\u00e8s maintenant pour d\u00e9couvrir comment les machines contribuent au bon fonctionnement des communaut\u00e9s au quotidien !<\/p>\n\n\n\n<h2 class=\"wp-block-heading\">Cycle d\u2019\u00e9criture structur\u00e9e <\/h2>\n\n\n\n<h3 class=\"wp-block-heading\">Les machines au travail dans notre communaut\u00e9<\/h3>\n\n\n\n<ul class=\"wp-block-list\">\n<li><a href=\"https:\/\/drive.google.com\/drive\/folders\/1UUSi7A_Wgp_AYlPC1m8CKN2sQIRpxZXa?usp=drive_link\" data-type=\"link\" data-id=\"onlit.org\" target=\"_blank\" rel=\"noreferrer noopener\">Texte mod\u00e8le<\/a> \u2013 <em>Les machines au travail dans notre communaut\u00e9<\/em><\/li>\n\n\n\n<li><a href=\"https:\/\/drive.google.com\/drive\/folders\/1ay3802fDOn4GmvvdJqs0OjWxCkApDnOQ?usp=drive_link\" target=\"_blank\" rel=\"noreferrer noopener\">Fiche de r\u00e9f\u00e9rence<\/a> pour l\u2019\u00e9criture structur\u00e9e\n<ul class=\"wp-block-list\">\n<li><a href=\"https:\/\/drive.google.com\/drive\/folders\/1GLnymz8TsIzvP_kLehYJW0WknuElKXMa?usp=drive_link\" data-type=\"link\" data-id=\"onlit.org\" target=\"_blank\" rel=\"noreferrer noopener\">Diaporama p\u00e9dagogique<\/a> \u2013 l\u2019\u00e9criture structur\u00e9e<\/li>\n\n\n\n<li><a href=\"https:\/\/drive.google.com\/drive\/folders\/10gbPXW04IsPC5B329ThZp1oU8zOM_u8F?usp=drive_link\" data-type=\"link\" data-id=\"onlit.org\" target=\"_blank\" rel=\"noreferrer noopener\">Diaporama p\u00e9dagogique<\/a> \u2013 vocabulaire<\/li>\n\n\n\n<li><a href=\"https:\/\/drive.google.com\/drive\/folders\/1xmRUh-YLb3aoirlBAFkDf-NBPnTpMs1L?usp=drive_link\" data-type=\"link\" data-id=\"onlit.org\" target=\"_blank\" rel=\"noreferrer noopener\">Exemplaires soulign\u00e9es et copies pour les \u00e9l\u00e8ves<\/a><\/li>\n\n\n\n<li><a href=\"https:\/\/drive.google.com\/drive\/folders\/17_AvqHi584YrtvJv2H3UMjEkqclmSe0C?usp=drive_link\" data-type=\"link\" data-id=\"onlit.org\" target=\"_blank\" rel=\"noreferrer noopener\">Page d\u2019\u00e9criture pour \u00e9l\u00e8ves<\/a><\/li>\n<\/ul>\n<\/li>\n<\/ul>\n\n\n\n<p><\/p>\n\n\n\n<p><\/p>\n","protected":false},"excerpt":{"rendered":"<p>5e ann\u00e9e &#8211; unit\u00e9 6 Les machines au travail dans notre communaut\u00e9 Dans l\u2019unit\u00e9 Les machines au travail dans notre communaut\u00e9, les \u00e9l\u00e8ves de 4e ann\u00e9e explorent comment les machines&#8230;<\/p>\n","protected":false},"author":32,"featured_media":0,"parent":41761,"menu_order":0,"comment_status":"closed","ping_status":"closed","template":"","meta":{"_acf_changed":false,"_kad_post_transparent":"","_kad_post_title":"","_kad_post_layout":"","_kad_post_sidebar_id":"","_kad_post_content_style":"","_kad_post_vertical_padding":"","_kad_post_feature":"","_kad_post_feature_position":"","_kad_post_header":false,"_kad_post_footer":false,"_kad_post_classname":"","footnotes":""},"content-language":[509],"class_list":["post-42802","page","type-page","status-publish","hentry","content-language-francais"],"acf":[],"_links":{"self":[{"href":"https:\/\/onlit.org\/fr\/wp-json\/wp\/v2\/pages\/42802","targetHints":{"allow":["GET"]}}],"collection":[{"href":"https:\/\/onlit.org\/fr\/wp-json\/wp\/v2\/pages"}],"about":[{"href":"https:\/\/onlit.org\/fr\/wp-json\/wp\/v2\/types\/page"}],"author":[{"embeddable":true,"href":"https:\/\/onlit.org\/fr\/wp-json\/wp\/v2\/users\/32"}],"replies":[{"embeddable":true,"href":"https:\/\/onlit.org\/fr\/wp-json\/wp\/v2\/comments?post=42802"}],"version-history":[{"count":2,"href":"https:\/\/onlit.org\/fr\/wp-json\/wp\/v2\/pages\/42802\/revisions"}],"predecessor-version":[{"id":42804,"href":"https:\/\/onlit.org\/fr\/wp-json\/wp\/v2\/pages\/42802\/revisions\/42804"}],"up":[{"embeddable":true,"href":"https:\/\/onlit.org\/fr\/wp-json\/wp\/v2\/pages\/41761"}],"wp:attachment":[{"href":"https:\/\/onlit.org\/fr\/wp-json\/wp\/v2\/media?parent=42802"}],"wp:term":[{"taxonomy":"content-language","embeddable":true,"href":"https:\/\/onlit.org\/fr\/wp-json\/wp\/v2\/content-language?post=42802"}],"curies":[{"name":"wp","href":"https:\/\/api.w.org\/{rel}","templated":true}]}}