{"id":42792,"date":"2026-04-13T11:06:01","date_gmt":"2026-04-13T15:06:01","guid":{"rendered":"https:\/\/onlit.org\/?page_id=42792"},"modified":"2026-04-13T11:17:39","modified_gmt":"2026-04-13T15:17:39","slug":"les-tambours-le-rythme-des-cultures","status":"publish","type":"page","link":"https:\/\/onlit.org\/fr\/apprendre-lire-et-grandir\/5e-annee\/les-tambours-le-rythme-des-cultures\/","title":{"rendered":"Les tambours : le rythme des cultures"},"content":{"rendered":"\n<h3 class=\"wp-block-heading\">5e ann\u00e9e &#8211; unit\u00e9 6<\/h3>\n\n\n\n<h2 class=\"wp-block-heading\"><em>Les tambours : le rythme des cultures<\/em><\/h2>\n\n\n\n<p>Faire entrer le monde de la musique et de la culture en salle de classe avec l\u2019unit\u00e9 <em>Les tambours : le rythme des cultures<\/em> ! Les \u00e9l\u00e8ves explorent comment les tambours sont utilis\u00e9s dans des c\u00e9r\u00e9monies, des c\u00e9l\u00e9brations et dans le vie quotidienne, tout en d\u00e9couvrant comment ils permettent d\u2019exprimer l\u2019identit\u00e9 et de relier les g\u00e9n\u00e9rations.<\/p>\n\n\n\n<p>Cette unit\u00e9 pr\u00eate \u00e0 l\u2019emploi \u00e9tablit des liens entre les attentes en \u00e9ducation artistique et en fran\u00e7ais de 5e ann\u00e9e, en invitant les \u00e9l\u00e8ves \u00e0 examiner des traditions musicales, \u00e0 comprendre des perspectives diverses et \u00e0 renforcer leurs habilet\u00e9s en \u00e9criture gr\u00e2ce \u00e0 des phrases complexes et \u00e0 des propositions subordonn\u00e9es circonstancielles.<\/p>\n\n\n\n<h2 class=\"wp-block-heading\">Cycle d\u2019\u00e9criture structur\u00e9e <\/h2>\n\n\n\n<h3 class=\"wp-block-heading\"><em>Les tambours : le rythme des cultures<\/em><\/h3>\n\n\n\n<ul class=\"wp-block-list\">\n<li><a href=\"https:\/\/drive.google.com\/drive\/folders\/1eNJX5ahI8Wqlgy7iQ5WGSE9JsbmKz9YT?usp=drive_link\" data-type=\"link\" data-id=\"onlit.org\" target=\"_blank\" rel=\"noreferrer noopener\">Texte mod\u00e8le<\/a> \u2013 <em>Les tambours : le rythme des cultures<\/em><\/li>\n\n\n\n<li><a href=\"https:\/\/drive.google.com\/drive\/folders\/1pUE2lJFfGhJilAx7fTNnxi4qzfddx6yO?usp=drive_link\" target=\"_blank\" rel=\"noreferrer noopener\">Fiche de r\u00e9f\u00e9rence<\/a> pour l\u2019\u00e9criture structur\u00e9e\n<ul class=\"wp-block-list\">\n<li><a href=\"https:\/\/drive.google.com\/drive\/folders\/1M83nCBGqA2cj7oFYVVKmIIJCtRyh7tvh?usp=drive_link\" data-type=\"link\" data-id=\"onlit.org\" target=\"_blank\" rel=\"noreferrer noopener\">Diaporama p\u00e9dagogique<\/a> \u2013 l\u2019\u00e9criture structur\u00e9e<\/li>\n\n\n\n<li><a href=\"https:\/\/drive.google.com\/drive\/folders\/1wo7HrMebrVPz3T9vhvKWFcyb6D6jGs63?usp=drive_link\" data-type=\"link\" data-id=\"onlit.org\" target=\"_blank\" rel=\"noreferrer noopener\">Diaporama p\u00e9dagogique<\/a> \u2013 vocabulaire<\/li>\n\n\n\n<li><a href=\"https:\/\/drive.google.com\/drive\/folders\/1lIKXyC3cYpbIPJFIBZ6qEUNOOEtRbJ1x?usp=drive_link\" data-type=\"link\" data-id=\"onlit.org\" target=\"_blank\" rel=\"noreferrer noopener\">Exemplaires soulign\u00e9es et copies pour les \u00e9l\u00e8ves<\/a><\/li>\n\n\n\n<li><a href=\"https:\/\/drive.google.com\/drive\/folders\/1Hpqa2juPSHCNam1lpM3K68O8hTSCzepp?usp=drive_link\" data-type=\"link\" data-id=\"onlit.org\" target=\"_blank\" rel=\"noreferrer noopener\">Page d\u2019\u00e9criture pour \u00e9l\u00e8ves<\/a><\/li>\n<\/ul>\n<\/li>\n<\/ul>\n\n\n\n<ul class=\"wp-block-list\"><\/ul>\n\n\n\n<p><\/p>\n","protected":false},"excerpt":{"rendered":"<p>5e ann\u00e9e &#8211; unit\u00e9 6 Les tambours : le rythme des cultures Faire entrer le monde de la musique et de la culture en salle de classe avec l\u2019unit\u00e9 Les&#8230;<\/p>\n","protected":false},"author":32,"featured_media":0,"parent":41306,"menu_order":0,"comment_status":"closed","ping_status":"closed","template":"","meta":{"_acf_changed":false,"_kad_post_transparent":"","_kad_post_title":"","_kad_post_layout":"","_kad_post_sidebar_id":"","_kad_post_content_style":"","_kad_post_vertical_padding":"","_kad_post_feature":"","_kad_post_feature_position":"","_kad_post_header":false,"_kad_post_footer":false,"_kad_post_classname":"","footnotes":""},"content-language":[509],"class_list":["post-42792","page","type-page","status-publish","hentry","content-language-francais"],"acf":[],"_links":{"self":[{"href":"https:\/\/onlit.org\/fr\/wp-json\/wp\/v2\/pages\/42792","targetHints":{"allow":["GET"]}}],"collection":[{"href":"https:\/\/onlit.org\/fr\/wp-json\/wp\/v2\/pages"}],"about":[{"href":"https:\/\/onlit.org\/fr\/wp-json\/wp\/v2\/types\/page"}],"author":[{"embeddable":true,"href":"https:\/\/onlit.org\/fr\/wp-json\/wp\/v2\/users\/32"}],"replies":[{"embeddable":true,"href":"https:\/\/onlit.org\/fr\/wp-json\/wp\/v2\/comments?post=42792"}],"version-history":[{"count":1,"href":"https:\/\/onlit.org\/fr\/wp-json\/wp\/v2\/pages\/42792\/revisions"}],"predecessor-version":[{"id":42793,"href":"https:\/\/onlit.org\/fr\/wp-json\/wp\/v2\/pages\/42792\/revisions\/42793"}],"up":[{"embeddable":true,"href":"https:\/\/onlit.org\/fr\/wp-json\/wp\/v2\/pages\/41306"}],"wp:attachment":[{"href":"https:\/\/onlit.org\/fr\/wp-json\/wp\/v2\/media?parent=42792"}],"wp:term":[{"taxonomy":"content-language","embeddable":true,"href":"https:\/\/onlit.org\/fr\/wp-json\/wp\/v2\/content-language?post=42792"}],"curies":[{"name":"wp","href":"https:\/\/api.w.org\/{rel}","templated":true}]}}