{"id":42721,"date":"2026-04-09T13:29:54","date_gmt":"2026-04-09T17:29:54","guid":{"rendered":"https:\/\/onlit.org\/?page_id=42721"},"modified":"2026-04-09T13:29:55","modified_gmt":"2026-04-09T17:29:55","slug":"les-sept-enseignements-des-grands-peres","status":"publish","type":"page","link":"https:\/\/onlit.org\/fr\/apprendre-lire-et-grandir\/6e-annee\/les-sept-enseignements-des-grands-peres\/","title":{"rendered":"Les Sept enseignements des grands-p\u00e8res"},"content":{"rendered":"\n<h3 class=\"wp-block-heading\">6e ann\u00e9e &#8211; unit\u00e9 7<\/h3>\n\n\n\n<h2 class=\"wp-block-heading\">Les Sept enseignements des grands-p\u00e8res<\/h2>\n\n\n\n<p>Les Sept enseignements des grands-p\u00e8res sont des enseignements de vie transmis de g\u00e9n\u00e9ration en g\u00e9n\u00e9ration. Cette unit\u00e9 peut \u00eatre mise en \u0153uvre en collaboration avec les \u00e9quipes responsables de l\u2019\u00e9ducation autochtones et de l\u2019\u00e9quit\u00e9, afin de soutenir des pratiques respectueuses, justes et inclusives.<\/p>\n\n\n\n<p>Les \u00e9l\u00e8ves explorent \u00e9galement les phrases complexes compos\u00e9es pour am\u00e9liorer leur compr\u00e9hension de diff\u00e9rentes structures de phrases et leurs habilet\u00e9s en \u00e9criture.<\/p>\n\n\n\n<p>Cette unit\u00e9 \u00e9tablit des liens entre l\u2019art dramatique et le fran\u00e7ais en mobilisant des comp\u00e9tences en litt\u00e9ratie dans divers contextes, tout en favorisant la connexion avec les perspectives et les savoirs des Premi\u00e8res Nations, des M\u00e9tis et des Inuit.<\/p>\n\n\n\n<h2 class=\"wp-block-heading\">Cycle d\u2019\u00e9criture structur\u00e9e <\/h2>\n\n\n\n<h3 class=\"wp-block-heading\">Les Sept enseignements des grands-p\u00e8res<\/h3>\n\n\n\n<ul class=\"wp-block-list\">\n<li><a href=\"https:\/\/drive.google.com\/drive\/folders\/1ryZ3IECV92Nlrm5d9dHFgqdfI_Yt9po2?usp=drive_link\" data-type=\"link\" data-id=\"onlit.org\" target=\"_blank\" rel=\"noreferrer noopener\">Texte mod\u00e8le<\/a> \u2013 <em>Les Sept enseignements des grands-p\u00e8res<\/em><\/li>\n\n\n\n<li><a href=\"https:\/\/drive.google.com\/drive\/folders\/1n6N8SsFjakSzNreZvjnoltYdDA-Mb9h7?usp=drive_link\" target=\"_blank\" rel=\"noreferrer noopener\">Fiche de r\u00e9f\u00e9rence<\/a> pour l\u2019\u00e9criture structur\u00e9e\n<ul class=\"wp-block-list\">\n<li><a href=\"https:\/\/drive.google.com\/drive\/folders\/10NwmOY40Pn9wdih4TLYrH8iaJnVVBDtZ?usp=drive_link\" data-type=\"link\" data-id=\"onlit.org\" target=\"_blank\" rel=\"noreferrer noopener\">Diaporama p\u00e9dagogique<\/a> \u2013 l\u2019\u00e9criture structur\u00e9e<\/li>\n\n\n\n<li><a href=\"https:\/\/drive.google.com\/drive\/folders\/1R6r7FMOY-eg5XoZ2UBwKXrdBwsyp4Du_?usp=drive_link\" data-type=\"link\" data-id=\"onlit.org\" target=\"_blank\" rel=\"noreferrer noopener\">Diaporama p\u00e9dagogique<\/a> \u2013 vocabulaire<\/li>\n\n\n\n<li><a href=\"https:\/\/drive.google.com\/drive\/folders\/1s2508atkN16m2jqgqS8ccGcQllU--rvB?usp=drive_link\" data-type=\"link\" data-id=\"onlit.org\" target=\"_blank\" rel=\"noreferrer noopener\">Exemplaires soulign\u00e9es et copies pour les \u00e9l\u00e8ves<\/a><\/li>\n\n\n\n<li><a href=\"https:\/\/drive.google.com\/drive\/folders\/158lNT93OPMMIwhMbYsOVaDMDcBu25iMN?usp=drive_link\" data-type=\"link\" data-id=\"onlit.org\" target=\"_blank\" rel=\"noreferrer noopener\">Page d\u2019\u00e9criture pour \u00e9l\u00e8ves<\/a><\/li>\n<\/ul>\n<\/li>\n<\/ul>\n\n\n\n<p><\/p>\n\n\n\n<p><\/p>\n","protected":false},"excerpt":{"rendered":"<p>6e ann\u00e9e &#8211; unit\u00e9 7 Les Sept enseignements des grands-p\u00e8res Les Sept enseignements des grands-p\u00e8res sont des enseignements de vie transmis de g\u00e9n\u00e9ration en g\u00e9n\u00e9ration. Cette unit\u00e9 peut \u00eatre mise&#8230;<\/p>\n","protected":false},"author":32,"featured_media":0,"parent":41291,"menu_order":0,"comment_status":"closed","ping_status":"closed","template":"","meta":{"_acf_changed":false,"_kad_post_transparent":"","_kad_post_title":"","_kad_post_layout":"","_kad_post_sidebar_id":"","_kad_post_content_style":"","_kad_post_vertical_padding":"","_kad_post_feature":"","_kad_post_feature_position":"","_kad_post_header":false,"_kad_post_footer":false,"_kad_post_classname":"","footnotes":""},"content-language":[509],"class_list":["post-42721","page","type-page","status-publish","hentry","content-language-francais"],"acf":[],"_links":{"self":[{"href":"https:\/\/onlit.org\/fr\/wp-json\/wp\/v2\/pages\/42721","targetHints":{"allow":["GET"]}}],"collection":[{"href":"https:\/\/onlit.org\/fr\/wp-json\/wp\/v2\/pages"}],"about":[{"href":"https:\/\/onlit.org\/fr\/wp-json\/wp\/v2\/types\/page"}],"author":[{"embeddable":true,"href":"https:\/\/onlit.org\/fr\/wp-json\/wp\/v2\/users\/32"}],"replies":[{"embeddable":true,"href":"https:\/\/onlit.org\/fr\/wp-json\/wp\/v2\/comments?post=42721"}],"version-history":[{"count":2,"href":"https:\/\/onlit.org\/fr\/wp-json\/wp\/v2\/pages\/42721\/revisions"}],"predecessor-version":[{"id":42723,"href":"https:\/\/onlit.org\/fr\/wp-json\/wp\/v2\/pages\/42721\/revisions\/42723"}],"up":[{"embeddable":true,"href":"https:\/\/onlit.org\/fr\/wp-json\/wp\/v2\/pages\/41291"}],"wp:attachment":[{"href":"https:\/\/onlit.org\/fr\/wp-json\/wp\/v2\/media?parent=42721"}],"wp:term":[{"taxonomy":"content-language","embeddable":true,"href":"https:\/\/onlit.org\/fr\/wp-json\/wp\/v2\/content-language?post=42721"}],"curies":[{"name":"wp","href":"https:\/\/api.w.org\/{rel}","templated":true}]}}