{"id":42715,"date":"2026-04-09T12:44:32","date_gmt":"2026-04-09T16:44:32","guid":{"rendered":"https:\/\/onlit.org\/?page_id=42715"},"modified":"2026-04-09T12:52:44","modified_gmt":"2026-04-09T16:52:44","slug":"accessibilite-et-deficience-visuelle-au-canada","status":"publish","type":"page","link":"https:\/\/onlit.org\/fr\/apprendre-lire-et-grandir\/6e-annee\/accessibilite-et-deficience-visuelle-au-canada\/","title":{"rendered":"Accessibilit\u00e9 et d\u00e9ficience visuelle au Canada"},"content":{"rendered":"\n<h3 class=\"wp-block-heading\">6e ann\u00e9e &#8211; unit\u00e9 6<\/h3>\n\n\n\n<h2 class=\"wp-block-heading\">Accessibilit\u00e9 et d\u00e9ficience visuelle au Canada<\/h2>\n\n\n\n<p>Vivre avec une perte de vision pr\u00e9sente des d\u00e9fis r\u00e9els, mais la soci\u00e9t\u00e9 peut y r\u00e9pondre gr\u00e2ce \u00e0 la sensibilisation, l\u2019innovation et l\u2019inclusion. Cette unit\u00e9 pr\u00eate \u00e0 l\u2019emploi est align\u00e9e sur les attentes en \u00e9ducation physique et sant\u00e9 ainsi que sur celles en fran\u00e7ais de la 6e ann\u00e9e.<\/p>\n\n\n\n<p>Les \u00e9l\u00e8ves d\u00e9couvrent et analysent des politiques inclusives qui rendent le Canada plus accessible, tout en renfor\u00e7ant leurs comp\u00e9tences en \u00e9criture \u00e0 travers des phrases complexes int\u00e9grant des propositions subordonn\u00e9es circonstancielles.<\/p>\n\n\n\n<p>Cette unit\u00e9 peut \u00eatre mise en \u0153uvre lors de la premi\u00e8re semaine compl\u00e8te de f\u00e9vrier, en lien avec la Semaine de la canne blanche, afin de mettre en valeur et de promouvoir l\u2019inclusion des personnes vivant avec une perte de vision.<\/p>\n\n\n\n<h2 class=\"wp-block-heading\">Cycle d\u2019\u00e9criture structur\u00e9e <\/h2>\n\n\n\n<h3 class=\"wp-block-heading\">Accessibilit\u00e9 et d\u00e9ficience visuelle au Canada<\/h3>\n\n\n\n<ul class=\"wp-block-list\">\n<li><a href=\"https:\/\/drive.google.com\/drive\/folders\/151Ef7TYJLkyFrmDWeUOrFTj8aL0NBULw?usp=drive_link\" data-type=\"link\" data-id=\"onlit.org\" target=\"_blank\" rel=\"noreferrer noopener\">Texte mod\u00e8le<\/a> \u2013 <em>Accessibilit\u00e9 et d\u00e9ficience visuelle au Canada<\/em><\/li>\n\n\n\n<li><a href=\"https:\/\/drive.google.com\/drive\/folders\/1k0pg-TIn9NNVzV0IukfygXCSrOzMgyYj?usp=drive_link\" target=\"_blank\" rel=\"noreferrer noopener\">Fiche de r\u00e9f\u00e9rence<\/a> pour l\u2019\u00e9criture structur\u00e9e\n<ul class=\"wp-block-list\">\n<li><a href=\"https:\/\/drive.google.com\/drive\/folders\/1GoOwBlnE4pgOmJpR8nzuPFpcAtBBTPso?usp=drive_link\" data-type=\"link\" data-id=\"onlit.org\" target=\"_blank\" rel=\"noreferrer noopener\">Diaporama p\u00e9dagogique<\/a> \u2013 l\u2019\u00e9criture structur\u00e9e<\/li>\n\n\n\n<li><a href=\"https:\/\/drive.google.com\/drive\/folders\/1UjHVzhZX5iKSYlqzKSvqppyuXjObrI7Z?usp=drive_link\" data-type=\"link\" data-id=\"onlit.org\" target=\"_blank\" rel=\"noreferrer noopener\">Diaporama p\u00e9dagogique<\/a> \u2013 vocabulaire<\/li>\n\n\n\n<li><a href=\"https:\/\/drive.google.com\/drive\/folders\/19GmWnr0rllOijl1s-MvdLI5HEpDZvJ7D?usp=drive_link\" data-type=\"link\" data-id=\"onlit.org\" target=\"_blank\" rel=\"noreferrer noopener\">Exemplaires soulign\u00e9es et copies pour les \u00e9l\u00e8ves<\/a><\/li>\n\n\n\n<li><a href=\"https:\/\/drive.google.com\/drive\/folders\/1Ck3U_ETU1vaS6_o_POqrm8Bg0sFr8QK4?usp=drive_link\" data-type=\"link\" data-id=\"onlit.org\" target=\"_blank\" rel=\"noreferrer noopener\">Page d\u2019\u00e9criture pour \u00e9l\u00e8ves<\/a><\/li>\n<\/ul>\n<\/li>\n<\/ul>\n\n\n\n<p><\/p>\n\n\n\n<p><\/p>\n","protected":false},"excerpt":{"rendered":"<p>6e ann\u00e9e &#8211; unit\u00e9 6 Accessibilit\u00e9 et d\u00e9ficience visuelle au Canada Vivre avec une perte de vision pr\u00e9sente des d\u00e9fis r\u00e9els, mais la soci\u00e9t\u00e9 peut y r\u00e9pondre gr\u00e2ce \u00e0 la&#8230;<\/p>\n","protected":false},"author":32,"featured_media":0,"parent":41291,"menu_order":0,"comment_status":"closed","ping_status":"closed","template":"","meta":{"_acf_changed":false,"_kad_post_transparent":"","_kad_post_title":"","_kad_post_layout":"","_kad_post_sidebar_id":"","_kad_post_content_style":"","_kad_post_vertical_padding":"","_kad_post_feature":"","_kad_post_feature_position":"","_kad_post_header":false,"_kad_post_footer":false,"_kad_post_classname":"","footnotes":""},"content-language":[509],"class_list":["post-42715","page","type-page","status-publish","hentry","content-language-francais"],"acf":[],"_links":{"self":[{"href":"https:\/\/onlit.org\/fr\/wp-json\/wp\/v2\/pages\/42715","targetHints":{"allow":["GET"]}}],"collection":[{"href":"https:\/\/onlit.org\/fr\/wp-json\/wp\/v2\/pages"}],"about":[{"href":"https:\/\/onlit.org\/fr\/wp-json\/wp\/v2\/types\/page"}],"author":[{"embeddable":true,"href":"https:\/\/onlit.org\/fr\/wp-json\/wp\/v2\/users\/32"}],"replies":[{"embeddable":true,"href":"https:\/\/onlit.org\/fr\/wp-json\/wp\/v2\/comments?post=42715"}],"version-history":[{"count":1,"href":"https:\/\/onlit.org\/fr\/wp-json\/wp\/v2\/pages\/42715\/revisions"}],"predecessor-version":[{"id":42716,"href":"https:\/\/onlit.org\/fr\/wp-json\/wp\/v2\/pages\/42715\/revisions\/42716"}],"up":[{"embeddable":true,"href":"https:\/\/onlit.org\/fr\/wp-json\/wp\/v2\/pages\/41291"}],"wp:attachment":[{"href":"https:\/\/onlit.org\/fr\/wp-json\/wp\/v2\/media?parent=42715"}],"wp:term":[{"taxonomy":"content-language","embeddable":true,"href":"https:\/\/onlit.org\/fr\/wp-json\/wp\/v2\/content-language?post=42715"}],"curies":[{"name":"wp","href":"https:\/\/api.w.org\/{rel}","templated":true}]}}