{"id":42579,"date":"2026-04-07T14:55:33","date_gmt":"2026-04-07T18:55:33","guid":{"rendered":"https:\/\/onlit.org\/?page_id=42579"},"modified":"2026-04-10T08:17:23","modified_gmt":"2026-04-10T12:17:23","slug":"textes-persuasifs-et-pouvoir-dinfluence","status":"publish","type":"page","link":"https:\/\/onlit.org\/fr\/apprendre-lire-et-grandir\/9e-annee\/textes-persuasifs-et-pouvoir-dinfluence\/","title":{"rendered":"Textes persuasifs et pouvoir d\u2019influence"},"content":{"rendered":"\n<h3 class=\"wp-block-heading\">9e ann\u00e9e &#8211; unit\u00e9 3<\/h3>\n\n\n\n<h2 class=\"wp-block-heading\">Textes persuasifs et pouvoir d\u2019influence<\/h2>\n\n\n\n<p><\/p>\n\n\n\n<figure class=\"wp-block-image size-large\"><img fetchpriority=\"high\" decoding=\"async\" width=\"791\" height=\"1024\" src=\"https:\/\/onlit.org\/wp-content\/uploads\/2026\/04\/Texte-modele-La-prison-des-donnees-Overview-Graphic-791x1024.png\" alt=\"\" class=\"wp-image-42577\" title=\"\" srcset=\"https:\/\/onlit.org\/wp-content\/uploads\/2026\/04\/Texte-modele-La-prison-des-donnees-Overview-Graphic-791x1024.png 791w, https:\/\/onlit.org\/wp-content\/uploads\/2026\/04\/Texte-modele-La-prison-des-donnees-Overview-Graphic-232x300.png 232w, https:\/\/onlit.org\/wp-content\/uploads\/2026\/04\/Texte-modele-La-prison-des-donnees-Overview-Graphic-768x994.png 768w, https:\/\/onlit.org\/wp-content\/uploads\/2026\/04\/Texte-modele-La-prison-des-donnees-Overview-Graphic-1187x1536.png 1187w, https:\/\/onlit.org\/wp-content\/uploads\/2026\/04\/Texte-modele-La-prison-des-donnees-Overview-Graphic.png 1545w\" sizes=\"(max-width: 791px) 100vw, 791px\" \/><\/figure>\n\n\n\n<h2 class=\"wp-block-heading\">La fluidit\u00e9 en perspective &#8211; La v\u00e9rit\u00e9 au banc des accus\u00e9s<\/h2>\n\n\n\n<p><\/p>\n\n\n\n<ul class=\"wp-block-list\">\n<li><a href=\"https:\/\/drive.google.com\/drive\/folders\/1dayCc_SoRTqKfpMVXW-BWCclsDf_4WVa?usp=drive_link\" data-type=\"link\" data-id=\"https:\/\/drive.google.com\/drive\/folders\/1dayCc_SoRTqKfpMVXW-BWCclsDf_4WVa?usp=drive_link\" target=\"_blank\" rel=\"noreferrer noopener\">Texte de fluidit\u00e9<\/a> \u2013 <em>La v\u00e9rit\u00e9 au banc des accus\u00e9s<\/em> par Pierre-Luc B\u00e9langer<\/li>\n\n\n\n<li><a href=\"https:\/\/drive.google.com\/drive\/folders\/1vT6ps18NQGCgw0EFdsk_oSJkXBu-r8E6?usp=drive_link\" data-type=\"link\" data-id=\"https:\/\/drive.google.com\/drive\/folders\/1vT6ps18NQGCgw0EFdsk_oSJkXBu-r8E6?usp=drive_link\" target=\"_blank\" rel=\"noreferrer noopener\">Fiche de r\u00e9f\u00e9rence<\/a> \u2013 fluidit\u00e9\n<ul class=\"wp-block-list\">\n<li><a href=\"https:\/\/drive.google.com\/drive\/folders\/1VjeuSiQonoD-Fp1W67FZo1nSzt-5nq7q?usp=drive_link\" data-type=\"link\" data-id=\"https:\/\/drive.google.com\/drive\/folders\/1VjeuSiQonoD-Fp1W67FZo1nSzt-5nq7q?usp=drive_link\" target=\"_blank\" rel=\"noreferrer noopener\">Fiche de r\u00e9f\u00e9rence rapide<\/a> \u2013 fluidit\u00e9<\/li>\n\n\n\n<li><a href=\"https:\/\/drive.google.com\/drive\/folders\/18wNNc1M2Obd3qDJu5c5CZPD-MsTVfkQO?usp=drive_link\" data-type=\"link\" data-id=\"https:\/\/drive.google.com\/drive\/folders\/18wNNc1M2Obd3qDJu5c5CZPD-MsTVfkQO?usp=drive_link\" target=\"_blank\" rel=\"noreferrer noopener\">Diaporama p\u00e9dagogique<\/a> \u2013 fluidit\u00e9\n<ul class=\"wp-block-list\">\n<li><a href=\"https:\/\/drive.google.com\/drive\/folders\/1NSy1sbXVp9yY8KRqgZ7TWiO1Piy_J8qe?usp=drive_link\" data-type=\"link\" data-id=\"https:\/\/drive.google.com\/drive\/folders\/1NSy1sbXVp9yY8KRqgZ7TWiO1Piy_J8qe?usp=drive_link\" target=\"_blank\" rel=\"noreferrer noopener\">Routine de fluidit\u00e9 de la lecture<\/a><\/li>\n<\/ul>\n<\/li>\n<\/ul>\n<\/li>\n<\/ul>\n\n\n\n<h2 class=\"wp-block-heading\">Cycle d\u2019\u00e9criture structur\u00e9e &#8211; le texte persuasif &#8211; <em>La prison des donn\u00e9es<\/em><\/h2>\n\n\n\n<p><\/p>\n\n\n\n<ul class=\"wp-block-list\">\n<li><a href=\"https:\/\/drive.google.com\/drive\/folders\/1UWyDQldaya9rbo4wBFbzpmCCdgVtuKWy?usp=drive_link\" data-type=\"link\" data-id=\"onlit.org\" target=\"_blank\" rel=\"noreferrer noopener\">Texte mod\u00e8le<\/a> \u2013 <em>La prison des donn\u00e9es<\/em><\/li>\n\n\n\n<li><a href=\"https:\/\/drive.google.com\/drive\/folders\/13_uO5c6sY8oi7sAAnb0HNeb8Jap7dGp7?usp=drive_link\" target=\"_blank\" rel=\"noreferrer noopener\">Fiche de r\u00e9f\u00e9rence<\/a> pour l\u2019\u00e9criture structur\u00e9e\n<ul class=\"wp-block-list\">\n<li><a href=\"https:\/\/drive.google.com\/drive\/folders\/10BafnsR-0-aA8knW7wy_-eIoP8sVMNSG?usp=drive_link\" target=\"_blank\" rel=\"noreferrer noopener\">Fiche de r\u00e9f\u00e9rence rapide<\/a> \u2013 l\u2019\u00e9criture structur\u00e9e<\/li>\n\n\n\n<li><a href=\"https:\/\/drive.google.com\/drive\/folders\/1J31JMM2mrKnr2kwQ68hjtfcXe7mkNyxZ?usp=drive_link\" data-type=\"link\" data-id=\"onlit.org\" target=\"_blank\" rel=\"noreferrer noopener\">Diaporama p\u00e9dagogique<\/a> \u2013 l\u2019\u00e9criture structur\u00e9e<\/li>\n\n\n\n<li><a href=\"https:\/\/drive.google.com\/drive\/folders\/1tu1hy2r6FS_-LxzB_w0UG3KKSgUTqJaL?usp=drive_link\" data-type=\"link\" data-id=\"onlit.org\" target=\"_blank\" rel=\"noreferrer noopener\">Diaporama p\u00e9dagogique<\/a> \u2013 vocabulaire\n<ul class=\"wp-block-list\">\n<li><a href=\"https:\/\/drive.google.com\/drive\/folders\/1evNwbyGPrc6eiBRKI_dfPzrsYslMfgzD?usp=drive_link\" data-type=\"link\" data-id=\"onlit.org\" target=\"_blank\" rel=\"noreferrer noopener\">Cartes de vocabulaire<\/a><\/li>\n<\/ul>\n<\/li>\n\n\n\n<li><a href=\"https:\/\/drive.google.com\/drive\/folders\/1KcwC7GPyKSNvtgmgfIMDj-rMKKFPmqX0?usp=drive_link\" data-type=\"link\" data-id=\"onlit.org\" target=\"_blank\" rel=\"noreferrer noopener\">Exemplaires soulign\u00e9es<\/a><\/li>\n\n\n\n<li><a href=\"https:\/\/drive.google.com\/drive\/folders\/1O89gen7KdUbpWO9fQ5xTQQN5uEOj4sc6?usp=drive_link\" data-type=\"link\" data-id=\"onlit.org\" target=\"_blank\" rel=\"noreferrer noopener\">Exemplaires pour les \u00e9l\u00e8ves<\/a><\/li>\n<\/ul>\n<\/li>\n<\/ul>\n\n\n\n<h2 class=\"wp-block-heading\">Comprendre la syntaxe<\/h2>\n\n\n\n<p><\/p>\n\n\n\n<ul class=\"wp-block-list\">\n<li><a href=\"https:\/\/drive.google.com\/drive\/folders\/1PpHxuQNnTvdHH7OTCvdipjvKwblnCVMG?usp=drive_link\" data-type=\"link\" data-id=\"onlit.org\" target=\"_blank\" rel=\"noreferrer noopener\">Le\u00e7ons de syntaxe<\/a>\n<ul class=\"wp-block-list\">\n<li><a href=\"https:\/\/drive.google.com\/drive\/folders\/14fZN5M_iyCskrXc_3cCoJWHlVpQLfVB_?usp=drive_link\" data-type=\"link\" data-id=\"onlit.org\" target=\"_blank\" rel=\"noreferrer noopener\">Diaporama p\u00e9dagogique<\/a> \u2013 syntaxe<\/li>\n\n\n\n<li><a href=\"https:\/\/drive.google.com\/drive\/folders\/14RwRSgXfS2hAiuEy8CIuJA3MclttdGru?usp=drive_link\" data-type=\"link\" data-id=\"onlit.org\" target=\"_blank\" rel=\"noreferrer noopener\">Feuille reproductible<\/a> \u2013 le\u00e7on 1 et 2<\/li>\n\n\n\n<li><a href=\"https:\/\/drive.google.com\/drive\/folders\/1VaQ84411PMdea4olg3CpXfKSWT4GTKND?usp=drive_link\" data-type=\"link\" data-id=\"onlit.org\" target=\"_blank\" rel=\"noreferrer noopener\">Feuille reproductible<\/a> \u2013 le\u00e7on 3<\/li>\n\n\n\n<li><a href=\"https:\/\/drive.google.com\/drive\/folders\/11ACxdIVHV0vsvljplx4QB1t51pgkk098?usp=drive_link\" data-type=\"link\" data-id=\"onlit.org\" target=\"_blank\" rel=\"noreferrer noopener\">Feuille reproductible<\/a> \u2013 le\u00e7on 4<\/li>\n\n\n\n<li><a href=\"https:\/\/drive.google.com\/drive\/folders\/1Y9iP0yBIz1yc8bKuZRyZH9FWrf8jzyrk?usp=drive_link\" data-type=\"link\" data-id=\"onlit.org\" target=\"_blank\" rel=\"noreferrer noopener\">Sch\u00e9ma de la structure de base d\u2019une phrase en fran\u00e7ais<\/a><\/li>\n<\/ul>\n<\/li>\n<\/ul>\n\n\n\n<p><\/p>\n\n\n\n<p><\/p>\n","protected":false},"excerpt":{"rendered":"<p>9e ann\u00e9e &#8211; unit\u00e9 3 Textes persuasifs et pouvoir d\u2019influence La fluidit\u00e9 en perspective &#8211; La v\u00e9rit\u00e9 au banc des accus\u00e9s Cycle d\u2019\u00e9criture structur\u00e9e &#8211; le texte persuasif &#8211; La&#8230;<\/p>\n","protected":false},"author":32,"featured_media":0,"parent":40824,"menu_order":0,"comment_status":"closed","ping_status":"closed","template":"","meta":{"_acf_changed":false,"_kad_post_transparent":"","_kad_post_title":"","_kad_post_layout":"","_kad_post_sidebar_id":"","_kad_post_content_style":"","_kad_post_vertical_padding":"","_kad_post_feature":"","_kad_post_feature_position":"","_kad_post_header":false,"_kad_post_footer":false,"_kad_post_classname":"","footnotes":""},"content-language":[509],"class_list":["post-42579","page","type-page","status-publish","hentry","content-language-francais"],"acf":[],"_links":{"self":[{"href":"https:\/\/onlit.org\/fr\/wp-json\/wp\/v2\/pages\/42579","targetHints":{"allow":["GET"]}}],"collection":[{"href":"https:\/\/onlit.org\/fr\/wp-json\/wp\/v2\/pages"}],"about":[{"href":"https:\/\/onlit.org\/fr\/wp-json\/wp\/v2\/types\/page"}],"author":[{"embeddable":true,"href":"https:\/\/onlit.org\/fr\/wp-json\/wp\/v2\/users\/32"}],"replies":[{"embeddable":true,"href":"https:\/\/onlit.org\/fr\/wp-json\/wp\/v2\/comments?post=42579"}],"version-history":[{"count":2,"href":"https:\/\/onlit.org\/fr\/wp-json\/wp\/v2\/pages\/42579\/revisions"}],"predecessor-version":[{"id":42581,"href":"https:\/\/onlit.org\/fr\/wp-json\/wp\/v2\/pages\/42579\/revisions\/42581"}],"up":[{"embeddable":true,"href":"https:\/\/onlit.org\/fr\/wp-json\/wp\/v2\/pages\/40824"}],"wp:attachment":[{"href":"https:\/\/onlit.org\/fr\/wp-json\/wp\/v2\/media?parent=42579"}],"wp:term":[{"taxonomy":"content-language","embeddable":true,"href":"https:\/\/onlit.org\/fr\/wp-json\/wp\/v2\/content-language?post=42579"}],"curies":[{"name":"wp","href":"https:\/\/api.w.org\/{rel}","templated":true}]}}