{"id":42539,"date":"2026-04-01T14:07:34","date_gmt":"2026-04-01T18:07:34","guid":{"rendered":"https:\/\/onlit.org\/?page_id=42539"},"modified":"2026-04-07T12:49:19","modified_gmt":"2026-04-07T16:49:19","slug":"textes-informatifs-et-identite","status":"publish","type":"page","link":"https:\/\/onlit.org\/fr\/apprendre-lire-et-grandir\/9e-annee\/textes-informatifs-et-identite\/","title":{"rendered":"Textes informatifs et identit\u00e9"},"content":{"rendered":"\n<h3 class=\"wp-block-heading\">9e ann\u00e9e &#8211; unit\u00e9 2<\/h3>\n\n\n\n<h2 class=\"wp-block-heading\">Textes informatifs et identit\u00e9<\/h2>\n\n\n\n<p>Dans l\u2019unit\u00e9 2, l\u2019exploration porte sur la mani\u00e8re dont l\u2019identit\u00e9 peut \u00eatre pr\u00e9sent\u00e9e \u00e0 travers des r\u00e9flexions personnelles, des exemples significatifs et des contextes culturels. <\/p>\n\n\n\n<p>\u00c0 partir du texte mod\u00e8le <em>Qui laisses-tu para\u00eetre ?<\/em>, l\u2019analyse met en lumi\u00e8re les liens entre les exp\u00e9riences personnelles et les enjeux sociaux et culturels plus larges, en lien avec l\u2019expression de soi et le sentiment d\u2019appartenance. Au cours du cycle d\u2019\u00e9criture structur\u00e9e, l\u2019apprentissage porte sur l\u2019analyse d\u2019un texte informatif mod\u00e8le, la collecte et l\u2019organisation d\u2019id\u00e9es, ainsi que la planification de l\u2019\u00e9criture \u00e0 l\u2019aide de la structure TIDE du cadre Releasing Writers. Cette d\u00e9marche soutient le d\u00e9veloppement de la capacit\u00e9 \u00e0 pr\u00e9senter une perspective claire, appuy\u00e9e par des exemples et des explications.<\/p>\n\n\n\n<p>Gr\u00e2ce au texte mod\u00e8le, aux exemplaires, au travail sur le vocabulaire et aux pratiques guid\u00e9es, les \u00e9l\u00e8ves d\u00e9veloppent leur capacit\u00e9 \u00e0 communiquer des id\u00e9es li\u00e9es \u00e0 l\u2019identit\u00e9 et \u00e0 l\u2019expression de soi dans une \u00e9criture claire, organis\u00e9e et r\u00e9fl\u00e9chie.<\/p>\n\n\n\n<figure class=\"wp-block-image size-large\"><img fetchpriority=\"high\" decoding=\"async\" width=\"791\" height=\"1024\" src=\"https:\/\/onlit.org\/wp-content\/uploads\/2026\/03\/Texte-modele-Gr-9-Unit-2-Qui-laisses-tu-paraitre-Overview-Graphic-791x1024.png\" alt=\"Cycle PORAR\" class=\"wp-image-42297\" srcset=\"https:\/\/onlit.org\/wp-content\/uploads\/2026\/03\/Texte-modele-Gr-9-Unit-2-Qui-laisses-tu-paraitre-Overview-Graphic-791x1024.png 791w, https:\/\/onlit.org\/wp-content\/uploads\/2026\/03\/Texte-modele-Gr-9-Unit-2-Qui-laisses-tu-paraitre-Overview-Graphic-232x300.png 232w, https:\/\/onlit.org\/wp-content\/uploads\/2026\/03\/Texte-modele-Gr-9-Unit-2-Qui-laisses-tu-paraitre-Overview-Graphic-768x994.png 768w, https:\/\/onlit.org\/wp-content\/uploads\/2026\/03\/Texte-modele-Gr-9-Unit-2-Qui-laisses-tu-paraitre-Overview-Graphic-1187x1536.png 1187w, https:\/\/onlit.org\/wp-content\/uploads\/2026\/03\/Texte-modele-Gr-9-Unit-2-Qui-laisses-tu-paraitre-Overview-Graphic.png 1545w\" sizes=\"(max-width: 791px) 100vw, 791px\" \/><\/figure>\n\n\n\n<h2 class=\"wp-block-heading\">La fluidit\u00e9 en perspective &#8211; L\u2019encre et l\u2019identit\u00e9<\/h2>\n\n\n\n<p>Dans l\u2019unit\u00e9 2, le texte de fluidit\u00e9 invite \u00e0 r\u00e9fl\u00e9chir \u00e0 l\u2019art corporel comme forme de communication et d\u2019expression de l\u2019identit\u00e9. Le texte <em>L\u2019encre et l\u2019identit\u00e9<\/em> explore la mani\u00e8re dont les tatouages, les piercings et d\u2019autres formes de modification corporelle sont porteurs de sens \u00e0 travers diff\u00e9rentes cultures, g\u00e9n\u00e9rations et p\u00e9riodes historiques. <\/p>\n\n\n\n<p>Gr\u00e2ce \u00e0 des relectures r\u00e9p\u00e9t\u00e9es, les \u00e9l\u00e8ves am\u00e9liorent progressivement l\u2019exactitude, le rythme et l\u2019expressivit\u00e9 en lecture, tout en se familiarisant avec le vocabulaire et les id\u00e9es li\u00e9s \u00e0 l\u2019identit\u00e9, \u00e0 la culture, au symbolisme et \u00e0 la perspective. Cette routine soutient \u00e0 la fois le d\u00e9veloppement de la fluidit\u00e9 en lecture et une compr\u00e9hension plus approfondie des th\u00e8mes de l\u2019unit\u00e9.<\/p>\n\n\n\n<ul class=\"wp-block-list\">\n<li><a href=\"https:\/\/drive.google.com\/drive\/folders\/1LIPnKEw-3CVB8rGG3IRT4xo6UfCKgtHw?usp=drive_link\" data-type=\"link\" data-id=\"https:\/\/drive.google.com\/drive\/folders\/1LIPnKEw-3CVB8rGG3IRT4xo6UfCKgtHw?usp=drive_link\" target=\"_blank\" rel=\"noreferrer noopener\">Texte de fluidit\u00e9<\/a> \u2013 <em>L\u2019encre et l\u2019identit\u00e9<\/em><\/li>\n\n\n\n<li><a href=\"https:\/\/drive.google.com\/drive\/folders\/1tnQBHzRTUn7KDNVd2l9qztDwbyzGFPmu?usp=drive_link\" data-type=\"link\" data-id=\"https:\/\/drive.google.com\/drive\/folders\/1tnQBHzRTUn7KDNVd2l9qztDwbyzGFPmu?usp=drive_link\" target=\"_blank\" rel=\"noreferrer noopener\">Fiche de r\u00e9f\u00e9rence<\/a> \u2013 fluidit\u00e9\n<ul class=\"wp-block-list\">\n<li><a href=\"https:\/\/drive.google.com\/drive\/folders\/1x_7sJDw5uP8sekRQLKy2fnHXqlFfyNkD?usp=drive_link\" data-type=\"link\" data-id=\"https:\/\/drive.google.com\/drive\/folders\/1x_7sJDw5uP8sekRQLKy2fnHXqlFfyNkD?usp=drive_link\" target=\"_blank\" rel=\"noreferrer noopener\">Fiche de r\u00e9f\u00e9rence rapide<\/a> \u2013 fluidit\u00e9<\/li>\n\n\n\n<li><a href=\"https:\/\/drive.google.com\/drive\/folders\/1NYGGz7rrqqAzkTDXiFjcTsbqF6VpBR0h?usp=drive_link\" data-type=\"link\" data-id=\"https:\/\/drive.google.com\/drive\/folders\/1NYGGz7rrqqAzkTDXiFjcTsbqF6VpBR0h?usp=drive_link\" target=\"_blank\" rel=\"noreferrer noopener\">Diaporama p\u00e9dagogique<\/a> \u2013 fluidit\u00e9<\/li>\n\n\n\n<li><a href=\"https:\/\/drive.google.com\/drive\/folders\/1NSy1sbXVp9yY8KRqgZ7TWiO1Piy_J8qe?usp=drive_link\" data-type=\"link\" data-id=\"https:\/\/drive.google.com\/drive\/folders\/1NSy1sbXVp9yY8KRqgZ7TWiO1Piy_J8qe?usp=drive_link\" target=\"_blank\" rel=\"noreferrer noopener\">Routine de fluidit\u00e9 de la lecture<\/a><\/li>\n<\/ul>\n<\/li>\n<\/ul>\n\n\n\n<h2 class=\"wp-block-heading\">Cycle d\u2019\u00e9criture structur\u00e9e &#8211; Textes informatifs &#8211; <em>Qui laisses-tu para\u00eetre ?<\/em><\/h2>\n\n\n\n<p>Dans l\u2019unit\u00e9 2, l\u2019exploration de l\u2019identit\u00e9 s\u2019appuie sur des r\u00e9flexions personnelles, des exemples tir\u00e9s d\u2019exp\u00e9riences v\u00e9cues et des contextes culturels. \u00c0 partir du texte mod\u00e8le <em>Qui laisses-tu para\u00eetre ?<\/em>, l\u2019analyse met en \u00e9vidence les liens entre exp\u00e9riences personnelles et id\u00e9es plus larges li\u00e9es \u00e0 l\u2019expression de soi et au sentiment d\u2019appartenance.<\/p>\n\n\n\n<p>Dans le cadre du cycle d\u2019\u00e9criture structur\u00e9e, l\u2019apprentissage comprend l\u2019analyse d\u2019un texte informatif mod\u00e8le, la collecte et l\u2019organisation d\u2019id\u00e9es, ainsi que la planification de l\u2019\u00e9criture \u00e0 l\u2019aide de la structure TIDE du cadre Releasing Writers. Cette d\u00e9marche soutient la pr\u00e9sentation d\u2019une perspective claire, appuy\u00e9e par des exemples et des explications. <\/p>\n\n\n\n<p>Gr\u00e2ce au texte mod\u00e8le, aux exemplaires, au d\u00e9veloppement du vocabulaire et aux pratiques guid\u00e9es, les \u00e9l\u00e8ves d\u00e9veloppent leur capacit\u00e9 \u00e0 communiquer des id\u00e9es li\u00e9es \u00e0 l\u2019identit\u00e9 et \u00e0 l\u2019expression dans une \u00e9criture claire, structur\u00e9e et r\u00e9fl\u00e9chie.<\/p>\n\n\n\n<ul class=\"wp-block-list\">\n<li><a href=\"https:\/\/drive.google.com\/drive\/folders\/1p3DA-GwJnnK0-hgdq-scDTkFBHjpwerj?usp=drive_link\" data-type=\"link\" data-id=\"onlit.org\" target=\"_blank\" rel=\"noreferrer noopener\">Texte mod\u00e8le<\/a> \u2013 <em>Qui laisses-tu para\u00eetre ?<\/em> par Pierre-Luc B\u00e9langer<\/li>\n\n\n\n<li><a href=\"https:\/\/drive.google.com\/drive\/folders\/1EIZdDvigdywRh4m0MANMTzmjtAaskW6T?usp=drive_link\" target=\"_blank\" rel=\"noreferrer noopener\">Fiche de r\u00e9f\u00e9rence<\/a> pour l\u2019\u00e9criture structur\u00e9e\n<ul class=\"wp-block-list\">\n<li><a href=\"https:\/\/drive.google.com\/drive\/folders\/1YkGYxs8FE619b29r5kObCP5_945aUe65?usp=drive_link\" target=\"_blank\" rel=\"noreferrer noopener\">Fiche de r\u00e9f\u00e9rence rapide<\/a> \u2013 l\u2019\u00e9criture structur\u00e9e<\/li>\n\n\n\n<li><a href=\"https:\/\/drive.google.com\/drive\/folders\/1s0iR8H2uKo4n7qcjHmjFoS8tRnxYPZOE?usp=drive_link\" data-type=\"link\" data-id=\"onlit.org\" target=\"_blank\" rel=\"noreferrer noopener\">Diaporama p\u00e9dagogique<\/a> \u2013 l\u2019\u00e9criture structur\u00e9e<\/li>\n\n\n\n<li><a href=\"https:\/\/drive.google.com\/drive\/folders\/1S-qGlhngUk6ZHOJBcz6A_7MsfovmzQ7M?usp=drive_link\" data-type=\"link\" data-id=\"onlit.org\" target=\"_blank\" rel=\"noreferrer noopener\">Diaporama p\u00e9dagogique<\/a> \u2013 vocabulaire\n<ul class=\"wp-block-list\">\n<li><a href=\"https:\/\/drive.google.com\/drive\/folders\/13Tlp-KMYe1ueW_gDa0UWwhky_ln1NMX7?usp=drive_link\" data-type=\"link\" data-id=\"onlit.org\" target=\"_blank\" rel=\"noreferrer noopener\">Cartes de vocabulaire<\/a><\/li>\n<\/ul>\n<\/li>\n\n\n\n<li><a href=\"https:\/\/drive.google.com\/drive\/folders\/1zokbkoPGH18HcQv8WiF2Cwp32D6ip13j?usp=drive_link\" data-type=\"link\" data-id=\"onlit.org\" target=\"_blank\" rel=\"noreferrer noopener\">Exemplaires soulign\u00e9es<\/a><\/li>\n\n\n\n<li><a href=\"https:\/\/drive.google.com\/drive\/folders\/1dTlW1-ZzEMJ6VxDF_by4_8ABNcpDDDDL?usp=drive_link\" data-type=\"link\" data-id=\"onlit.org\" target=\"_blank\" rel=\"noreferrer noopener\">Exemplaires pour les \u00e9l\u00e8ves<\/a><\/li>\n<\/ul>\n<\/li>\n<\/ul>\n\n\n\n<h2 class=\"wp-block-heading\">Comprendre la syntaxe<\/h2>\n\n\n\n<p>Dans l\u2019unit\u00e9 2, l\u2019apprentissage approfondit la compr\u00e9hension de la structure des phrases et des fa\u00e7ons de relier des id\u00e9es avec clart\u00e9. \u00c0 partir d\u2019exemples li\u00e9s aux th\u00e8mes de l\u2019identit\u00e9 et de l\u2019expression de soi pr\u00e9sents dans le texte mod\u00e8le <em>Qui laisses-tu para\u00eetre ?<\/em>, l\u2019exploration met l\u2019accent sur le r\u00f4le des conjonctions de coordination dans l\u2019organisation et la fluidit\u00e9 d\u2019un texte informatif. <\/p>\n\n\n\n<p>Au fil des quatre le\u00e7ons, l\u2019attention porte sur la fa\u00e7on dont les conjonctions de coordination permettent de relier des groupes de mots de m\u00eame fonction ainsi que des propositions ind\u00e9pendantes afin de former des phrases coordonn\u00e9es. L\u2019apprentissage comprend \u00e9galement l\u2019observation et la r\u00e9vision de certaines erreurs li\u00e9es \u00e0 la ponctuation et \u00e0 la structure de la phrase, notamment lorsque des propositions ind\u00e9pendantes sont reli\u00e9es de mani\u00e8re inad\u00e9quate.<\/p>\n\n\n\n<p>Les le\u00e7ons de cette unit\u00e9 comprennent l\u2019exploration des conjonctions de coordination, la combinaison de propositions pour former des phrases coordonn\u00e9es, l\u2019analyse et la r\u00e9vision de phrases pr\u00e9sentant des probl\u00e8mes de ponctuation ou de structure, ainsi que l\u2019application de ces connaissances lors de la r\u00e9vision et de la r\u00e9daction de phrases plus claires et plus pr\u00e9cises.<\/p>\n\n\n\n<ul class=\"wp-block-list\">\n<li><a href=\"https:\/\/drive.google.com\/drive\/folders\/13D1o5R4OtWgcf9hcWGHzfW5KaIv7e7Vy?usp=drive_link\" data-type=\"link\" data-id=\"onlit.org\" target=\"_blank\" rel=\"noreferrer noopener\">Le\u00e7ons de syntaxe<\/a>\n<ul class=\"wp-block-list\">\n<li><a href=\"https:\/\/drive.google.com\/drive\/folders\/19YQPzwSRxjICz1zzu9K8qxCWQ3V_7Y6n?usp=drive_link\" data-type=\"link\" data-id=\"onlit.org\" target=\"_blank\" rel=\"noreferrer noopener\">Diaporama p\u00e9dagogique<\/a> \u2013 syntaxe<\/li>\n\n\n\n<li><a href=\"https:\/\/drive.google.com\/drive\/folders\/1Ri88QNGOX6knntlGANVv0AIXRF7bAtJ3?usp=drive_link\" data-type=\"link\" data-id=\"onlit.org\" target=\"_blank\" rel=\"noreferrer noopener\">Feuille reproductible<\/a> \u2013 le\u00e7on 2<\/li>\n\n\n\n<li><a href=\"https:\/\/drive.google.com\/drive\/folders\/1Heo9fXEOb8tSRoQcuAwuaS-DRiY54gAV?usp=drive_link\" data-type=\"link\" data-id=\"https:\/\/drive.google.com\/drive\/folders\/1Heo9fXEOb8tSRoQcuAwuaS-DRiY54gAV?usp=drive_link\" target=\"_blank\" rel=\"noreferrer noopener\">Feuille reproductible<\/a> &#8211; le\u00e7on 4<\/li>\n\n\n\n<li><a href=\"https:\/\/drive.google.com\/drive\/folders\/1Y9iP0yBIz1yc8bKuZRyZH9FWrf8jzyrk?usp=drive_link\" data-type=\"link\" data-id=\"onlit.org\" target=\"_blank\" rel=\"noreferrer noopener\">Sch\u00e9ma de la structure de base d\u2019une phrase en fran\u00e7ais<\/a><\/li>\n<\/ul>\n<\/li>\n<\/ul>\n\n\n\n<p><\/p>\n\n\n\n<p><\/p>\n","protected":false},"excerpt":{"rendered":"<p>9e ann\u00e9e &#8211; unit\u00e9 2 Textes informatifs et identit\u00e9 Dans l\u2019unit\u00e9 2, l\u2019exploration porte sur la mani\u00e8re dont l\u2019identit\u00e9 peut \u00eatre pr\u00e9sent\u00e9e \u00e0 travers des r\u00e9flexions personnelles, des exemples significatifs&#8230;<\/p>\n","protected":false},"author":32,"featured_media":0,"parent":40824,"menu_order":0,"comment_status":"closed","ping_status":"closed","template":"","meta":{"_acf_changed":false,"_kad_post_transparent":"","_kad_post_title":"","_kad_post_layout":"","_kad_post_sidebar_id":"","_kad_post_content_style":"","_kad_post_vertical_padding":"","_kad_post_feature":"","_kad_post_feature_position":"","_kad_post_header":false,"_kad_post_footer":false,"_kad_post_classname":"","footnotes":""},"content-language":[509],"class_list":["post-42539","page","type-page","status-publish","hentry","content-language-francais"],"acf":[],"_links":{"self":[{"href":"https:\/\/onlit.org\/fr\/wp-json\/wp\/v2\/pages\/42539","targetHints":{"allow":["GET"]}}],"collection":[{"href":"https:\/\/onlit.org\/fr\/wp-json\/wp\/v2\/pages"}],"about":[{"href":"https:\/\/onlit.org\/fr\/wp-json\/wp\/v2\/types\/page"}],"author":[{"embeddable":true,"href":"https:\/\/onlit.org\/fr\/wp-json\/wp\/v2\/users\/32"}],"replies":[{"embeddable":true,"href":"https:\/\/onlit.org\/fr\/wp-json\/wp\/v2\/comments?post=42539"}],"version-history":[{"count":3,"href":"https:\/\/onlit.org\/fr\/wp-json\/wp\/v2\/pages\/42539\/revisions"}],"predecessor-version":[{"id":42544,"href":"https:\/\/onlit.org\/fr\/wp-json\/wp\/v2\/pages\/42539\/revisions\/42544"}],"up":[{"embeddable":true,"href":"https:\/\/onlit.org\/fr\/wp-json\/wp\/v2\/pages\/40824"}],"wp:attachment":[{"href":"https:\/\/onlit.org\/fr\/wp-json\/wp\/v2\/media?parent=42539"}],"wp:term":[{"taxonomy":"content-language","embeddable":true,"href":"https:\/\/onlit.org\/fr\/wp-json\/wp\/v2\/content-language?post=42539"}],"curies":[{"name":"wp","href":"https:\/\/api.w.org\/{rel}","templated":true}]}}