{"id":42502,"date":"2026-04-01T10:46:23","date_gmt":"2026-04-01T14:46:23","guid":{"rendered":"https:\/\/onlit.org\/?page_id=42502"},"modified":"2026-04-01T10:46:25","modified_gmt":"2026-04-01T14:46:25","slug":"la-soiree-du-hockey-au-kenya-une-histoire-de-resilience","status":"publish","type":"page","link":"https:\/\/onlit.org\/fr\/apprendre-lire-et-grandir\/3e-annee\/la-soiree-du-hockey-au-kenya-une-histoire-de-resilience\/","title":{"rendered":"La soir\u00e9e du hockey au Kenya : une histoire de r\u00e9silience"},"content":{"rendered":"\n<h3 class=\"wp-block-heading\">3e ann\u00e9e &#8211; unit\u00e9 5<\/h3>\n\n\n\n<h2 class=\"wp-block-heading\">La soir\u00e9e du hockey au Kenya : une histoire de r\u00e9silience<\/h2>\n\n\n\n<h2 class=\"wp-block-heading\">Cycle d\u2019\u00e9criture structur\u00e9e <\/h2>\n\n\n\n<ul class=\"wp-block-list\">\n<li><a href=\"https:\/\/drive.google.com\/drive\/folders\/1u52BvyXL5AbCdOkAbge6hQJm-zYsKQCA?usp=drive_link\" data-type=\"link\" data-id=\"onlit.org\" target=\"_blank\" rel=\"noreferrer noopener\">Texte mod\u00e8le<\/a> \u2013 <em>La soir\u00e9e du hockey au Kenya : une histoire de r\u00e9silience<\/em><\/li>\n\n\n\n<li><a href=\"https:\/\/drive.google.com\/drive\/folders\/1wulnEdAIUvakw_SYPzc8TpVUZU2RKTRl?usp=drive_link\" target=\"_blank\" rel=\"noreferrer noopener\">Fiche de r\u00e9f\u00e9rence<\/a> &#8211; l\u2019\u00e9criture structur\u00e9e\n<ul class=\"wp-block-list\">\n<li><a href=\"https:\/\/drive.google.com\/drive\/folders\/1ak1V1AqcQ72SzMwCXGrK1jv8MQJBCsFS?usp=drive_link\" data-type=\"link\" data-id=\"onlit.org\" target=\"_blank\" rel=\"noreferrer noopener\">Diaporama p\u00e9dagogique<\/a> \u2013 vocabulaire<\/li>\n\n\n\n<li><a href=\"https:\/\/drive.google.com\/drive\/folders\/17dNTQTPpuXxHZXJ7R-e98-JH7LKLPsdi?usp=drive_link\" data-type=\"link\" data-id=\"onlit.org\" target=\"_blank\" rel=\"noreferrer noopener\">Exemplaires soulign\u00e9es et copies pour les \u00e9l\u00e8ves<\/a><\/li>\n\n\n\n<li><a href=\"https:\/\/drive.google.com\/drive\/folders\/1bNJDxfkp5a4j9YtoSi3ISEgtYw103xCK?usp=drive_link\" data-type=\"link\" data-id=\"onlit.org\" target=\"_blank\" rel=\"noreferrer noopener\">Page d\u2019\u00e9criture pour \u00e9l\u00e8ves<\/a><\/li>\n<\/ul>\n<\/li>\n<\/ul>\n","protected":false},"excerpt":{"rendered":"<p>3e ann\u00e9e &#8211; unit\u00e9 5 La soir\u00e9e du hockey au Kenya : une histoire de r\u00e9silience Cycle d\u2019\u00e9criture structur\u00e9e<\/p>\n","protected":false},"author":32,"featured_media":0,"parent":42469,"menu_order":0,"comment_status":"closed","ping_status":"closed","template":"","meta":{"_acf_changed":false,"_kad_post_transparent":"","_kad_post_title":"","_kad_post_layout":"","_kad_post_sidebar_id":"","_kad_post_content_style":"","_kad_post_vertical_padding":"","_kad_post_feature":"","_kad_post_feature_position":"","_kad_post_header":false,"_kad_post_footer":false,"_kad_post_classname":"","footnotes":""},"content-language":[509],"class_list":["post-42502","page","type-page","status-publish","hentry","content-language-francais"],"acf":[],"_links":{"self":[{"href":"https:\/\/onlit.org\/fr\/wp-json\/wp\/v2\/pages\/42502","targetHints":{"allow":["GET"]}}],"collection":[{"href":"https:\/\/onlit.org\/fr\/wp-json\/wp\/v2\/pages"}],"about":[{"href":"https:\/\/onlit.org\/fr\/wp-json\/wp\/v2\/types\/page"}],"author":[{"embeddable":true,"href":"https:\/\/onlit.org\/fr\/wp-json\/wp\/v2\/users\/32"}],"replies":[{"embeddable":true,"href":"https:\/\/onlit.org\/fr\/wp-json\/wp\/v2\/comments?post=42502"}],"version-history":[{"count":1,"href":"https:\/\/onlit.org\/fr\/wp-json\/wp\/v2\/pages\/42502\/revisions"}],"predecessor-version":[{"id":42503,"href":"https:\/\/onlit.org\/fr\/wp-json\/wp\/v2\/pages\/42502\/revisions\/42503"}],"up":[{"embeddable":true,"href":"https:\/\/onlit.org\/fr\/wp-json\/wp\/v2\/pages\/42469"}],"wp:attachment":[{"href":"https:\/\/onlit.org\/fr\/wp-json\/wp\/v2\/media?parent=42502"}],"wp:term":[{"taxonomy":"content-language","embeddable":true,"href":"https:\/\/onlit.org\/fr\/wp-json\/wp\/v2\/content-language?post=42502"}],"curies":[{"name":"wp","href":"https:\/\/api.w.org\/{rel}","templated":true}]}}