{"id":42469,"date":"2026-04-01T09:10:03","date_gmt":"2026-04-01T13:10:03","guid":{"rendered":"https:\/\/onlit.org\/?page_id=42469"},"modified":"2026-04-01T12:55:18","modified_gmt":"2026-04-01T16:55:18","slug":"3e-annee","status":"publish","type":"page","link":"https:\/\/onlit.org\/fr\/apprendre-lire-et-grandir\/3e-annee\/","title":{"rendered":"3e ann\u00e9e"},"content":{"rendered":"\n<h2 class=\"wp-block-heading\">3e ann\u00e9e \u2013 Apprendre, lire et grandir<\/h2>\n\n\n\n<p><em>Apprendre, lire et grandir \u2013 3e ann\u00e9e<\/em> invite les \u00e9l\u00e8ves \u00e0 approfondir leur compr\u00e9hension de divers sujets par la lecture, l\u2019\u00e9change et l\u2019\u00e9criture autour de th\u00e8mes signifiants issus de diff\u00e9rents domaines des programmes-cadres de l\u2019Ontario. Gr\u00e2ce \u00e0 des unit\u00e9s soigneusement con\u00e7ues, les \u00e9l\u00e8ves s\u2019engagent avec des textes mod\u00e8les qui enrichissent leurs connaissances de base tout en renfor\u00e7ant la compr\u00e9hension, le vocabulaire et les structures langagi\u00e8res.<\/p>\n\n\n\n<p>Gr\u00e2ce \u00e0 des unit\u00e9s soigneusement con\u00e7ues, les \u00e9l\u00e8ves s\u2019engagent avec des textes mod\u00e8les qui enrichissent leurs connaissances de base tout en renfor\u00e7ant la compr\u00e9hension, le vocabulaire et les structures langagi\u00e8res.<\/p>\n\n\n\n<h2 class=\"wp-block-heading\">Unit\u00e9s en 3e ann\u00e9e<\/h2>\n\n\n\n<ul class=\"wp-block-list\">\n<li><strong>Unit\u00e9 1<\/strong> : <a href=\"https:\/\/onlit.org\/fr\/apprendre-lire-et-grandir\/3e-annee\/terry-fox\/\" data-type=\"page\" data-id=\"42472\">Terry Fox<\/a><\/li>\n\n\n\n<li><strong>Unit\u00e9 2<\/strong> : Les barrages de castors &#8211; \u00e0 venir<\/li>\n\n\n\n<li><strong>Unit\u00e9 3<\/strong> : Les r\u00e9gions et les emplois &#8211; \u00e0 venir<\/li>\n\n\n\n<li><strong>Unit\u00e9 4<\/strong> : <a href=\"https:\/\/onlit.org\/fr\/apprendre-lire-et-grandir\/3e-annee\/comment-les-forces-agissent-sur-les-jouets\/\" data-type=\"page\" data-id=\"42498\">Comment les forces agissent sur les jouets<\/a><\/li>\n\n\n\n<li><strong>Unit\u00e9 5<\/strong> : <a href=\"https:\/\/onlit.org\/fr\/apprendre-lire-et-grandir\/3e-annee\/la-soiree-du-hockey-au-kenya-une-histoire-de-resilience\/\" data-type=\"page\" data-id=\"42502\">La soir\u00e9e du hockey au Kenya : une histoire de r\u00e9silience<\/a><\/li>\n\n\n\n<li><strong>Unit\u00e9 6<\/strong> : Salma, la chef syrienne &#8211; \u00e0 venir<\/li>\n\n\n\n<li><strong>Unit\u00e9 7<\/strong> : <a href=\"https:\/\/onlit.org\/fr\/apprendre-lire-et-grandir\/3e-annee\/les-cultures-les-traditions-alimentaires-et-une-alimentation-saine\/\" data-type=\"page\" data-id=\"42510\">Les cultures, les traditions alimentaires et une alimentation saine<\/a><\/li>\n\n\n\n<li><strong>Unite 8<\/strong> : La ceinture wampum \u00e0 deux rangs &#8211; \u00e0 venir<\/li>\n\n\n\n<li><strong>Unit\u00e9 9<\/strong> : Alma Thomas &#8211; \u00e0 venir<\/li>\n\n\n\n<li><strong>Unit\u00e9 10<\/strong>: <a href=\"https:\/\/onlit.org\/fr\/apprendre-lire-et-grandir\/3e-annee\/le-sol-en-ontario\/\" data-type=\"page\" data-id=\"42522\">Le sol en Ontario<\/a><\/li>\n\n\n\n<li><strong>Unit\u00e9 11<\/strong>: <a href=\"https:\/\/onlit.org\/fr\/apprendre-lire-et-grandir\/3e-annee\/la-semaine-nationale-de-laccessibilite\/\" data-type=\"page\" data-id=\"42526\">La semaine nationale de l\u2019accessibilit\u00e9<\/a><\/li>\n\n\n\n<li><strong>Unit\u00e9 12<\/strong>: <a href=\"https:\/\/onlit.org\/fr\/apprendre-lire-et-grandir\/3e-annee\/les-plantes-et-leurs-adaptations\/\" data-type=\"page\" data-id=\"42530\">Les plantes et leurs adaptations<\/a><\/li>\n<\/ul>\n\n\n\n<p><\/p>\n","protected":false},"excerpt":{"rendered":"<p>3e ann\u00e9e \u2013 Apprendre, lire et grandir Apprendre, lire et grandir \u2013 3e ann\u00e9e invite les \u00e9l\u00e8ves \u00e0 approfondir leur compr\u00e9hension de divers sujets par la lecture, l\u2019\u00e9change et l\u2019\u00e9criture&#8230;<\/p>\n","protected":false},"author":32,"featured_media":0,"parent":40815,"menu_order":0,"comment_status":"closed","ping_status":"closed","template":"","meta":{"_acf_changed":false,"_kad_post_transparent":"","_kad_post_title":"","_kad_post_layout":"","_kad_post_sidebar_id":"","_kad_post_content_style":"","_kad_post_vertical_padding":"","_kad_post_feature":"","_kad_post_feature_position":"","_kad_post_header":false,"_kad_post_footer":false,"_kad_post_classname":"","footnotes":""},"content-language":[508,509],"class_list":["post-42469","page","type-page","status-publish","hentry","content-language-anglais","content-language-francais"],"acf":[],"_links":{"self":[{"href":"https:\/\/onlit.org\/fr\/wp-json\/wp\/v2\/pages\/42469","targetHints":{"allow":["GET"]}}],"collection":[{"href":"https:\/\/onlit.org\/fr\/wp-json\/wp\/v2\/pages"}],"about":[{"href":"https:\/\/onlit.org\/fr\/wp-json\/wp\/v2\/types\/page"}],"author":[{"embeddable":true,"href":"https:\/\/onlit.org\/fr\/wp-json\/wp\/v2\/users\/32"}],"replies":[{"embeddable":true,"href":"https:\/\/onlit.org\/fr\/wp-json\/wp\/v2\/comments?post=42469"}],"version-history":[{"count":5,"href":"https:\/\/onlit.org\/fr\/wp-json\/wp\/v2\/pages\/42469\/revisions"}],"predecessor-version":[{"id":42535,"href":"https:\/\/onlit.org\/fr\/wp-json\/wp\/v2\/pages\/42469\/revisions\/42535"}],"up":[{"embeddable":true,"href":"https:\/\/onlit.org\/fr\/wp-json\/wp\/v2\/pages\/40815"}],"wp:attachment":[{"href":"https:\/\/onlit.org\/fr\/wp-json\/wp\/v2\/media?parent=42469"}],"wp:term":[{"taxonomy":"content-language","embeddable":true,"href":"https:\/\/onlit.org\/fr\/wp-json\/wp\/v2\/content-language?post=42469"}],"curies":[{"name":"wp","href":"https:\/\/api.w.org\/{rel}","templated":true}]}}