{"id":42184,"date":"2026-03-04T11:19:44","date_gmt":"2026-03-04T16:19:44","guid":{"rendered":"https:\/\/onlit.org\/?page_id=42184"},"modified":"2026-03-04T11:39:43","modified_gmt":"2026-03-04T16:39:43","slug":"au-dela-des-etoiles","status":"publish","type":"page","link":"https:\/\/onlit.org\/fr\/apprendre-lire-et-grandir\/6e-annee\/au-dela-des-etoiles\/","title":{"rendered":"Au-del\u00e0 des \u00e9toiles"},"content":{"rendered":"\n<h3 class=\"wp-block-heading\">6e ann\u00e9e &#8211; unit\u00e9 5<\/h3>\n\n\n\n<h2 class=\"wp-block-heading\">Au-del\u00e0 des \u00e9toiles<\/h2>\n\n\n\n<p><em>L\u2019unit\u00e9 Au-del\u00e0 des \u00e9toiles<\/em>, inspir\u00e9e de <em>Releasing Writers<\/em>, propose une s\u00e9rie d\u2019entr\u00e9es de journal sur la fa\u00e7on dont diff\u00e9rents objets dans l\u2019espace \u00e9mettent ou r\u00e9fl\u00e9chissent la lumi\u00e8re, tout en int\u00e9grant ces activit\u00e9s au programme-cadre de sciences et technologie de 6e ann\u00e9e de l\u2019Ontario. La le\u00e7on de syntaxe qui accompagne l\u2019unit\u00e9 permet un travail explicite sur les propositions subordonn\u00e9es circonstancielles et sur la flexibilit\u00e9 syntaxique. Les sciences et la syntaxe se rencontrent \u00e0 travers un texte mentor inspir\u00e9 de l\u2019univers de Star Wars &#8211; parce que m\u00eame les Jedi ont besoin de phrases solides !<\/p>\n\n\n\n<h2 class=\"wp-block-heading\">Cycle d\u2019\u00e9criture structur\u00e9e <\/h2>\n\n\n\n<h3 class=\"wp-block-heading\">Au-del\u00e0 des \u00e9toiles<\/h3>\n\n\n\n<ul class=\"wp-block-list\">\n<li><a href=\"https:\/\/drive.google.com\/drive\/folders\/1CfICg8J3aw0xte2HVoZF9i-Yx9EDxg5q?usp=drive_link\" data-type=\"link\" data-id=\"onlit.org\" target=\"_blank\" rel=\"noreferrer noopener\">Texte mod\u00e8le<\/a> \u2013 <em>Au-del\u00e0 des \u00e9toiles<\/em><\/li>\n\n\n\n<li><a href=\"https:\/\/drive.google.com\/drive\/folders\/1p9_nQVKBlNcBJ66_nuBcWuutSUpjbZV2?usp=drive_link\" target=\"_blank\" rel=\"noreferrer noopener\">Fiche de r\u00e9f\u00e9rence<\/a> pour l\u2019\u00e9criture structur\u00e9e\n<ul class=\"wp-block-list\">\n<li><a href=\"https:\/\/drive.google.com\/drive\/folders\/1XBwD1W7pBZl0HN1JegHuvv6V5hpd_UNW?usp=drive_link\" data-type=\"link\" data-id=\"onlit.org\" target=\"_blank\" rel=\"noreferrer noopener\">Diaporama p\u00e9dagogique<\/a> \u2013 l\u2019\u00e9criture structur\u00e9e<\/li>\n\n\n\n<li><a href=\"https:\/\/drive.google.com\/drive\/folders\/10NNUYFm1xdfcWaMeqzam5YCrkzzpxKtV?usp=drive_link\" data-type=\"link\" data-id=\"onlit.org\" target=\"_blank\" rel=\"noreferrer noopener\">Diaporama p\u00e9dagogique<\/a> \u2013 vocabulaire<\/li>\n\n\n\n<li><a href=\"https:\/\/drive.google.com\/drive\/folders\/1L1YQUm0I5OQ2QixHl9YfPqdiyQa7rvkr?usp=drive_link\" data-type=\"link\" data-id=\"onlit.org\" target=\"_blank\" rel=\"noreferrer noopener\">Exemplaires soulign\u00e9es et copies pour les \u00e9l\u00e8ves<\/a><\/li>\n\n\n\n<li><a href=\"https:\/\/drive.google.com\/drive\/folders\/1at-QIr1gu9Nwjt3ttOKXfHdrYcDPlZqa?usp=drive_link\" data-type=\"link\" data-id=\"onlit.org\" target=\"_blank\" rel=\"noreferrer noopener\">Page d\u2019\u00e9criture pour \u00e9l\u00e8ves<\/a><\/li>\n<\/ul>\n<\/li>\n<\/ul>\n\n\n\n<p><\/p>\n\n\n\n<p><\/p>\n","protected":false},"excerpt":{"rendered":"<p>6e ann\u00e9e &#8211; unit\u00e9 5 Au-del\u00e0 des \u00e9toiles L\u2019unit\u00e9 Au-del\u00e0 des \u00e9toiles, inspir\u00e9e de Releasing Writers, propose une s\u00e9rie d\u2019entr\u00e9es de journal sur la fa\u00e7on dont diff\u00e9rents objets dans l\u2019espace&#8230;<\/p>\n","protected":false},"author":32,"featured_media":0,"parent":41291,"menu_order":0,"comment_status":"closed","ping_status":"closed","template":"","meta":{"_acf_changed":false,"_kad_post_transparent":"","_kad_post_title":"","_kad_post_layout":"","_kad_post_sidebar_id":"","_kad_post_content_style":"","_kad_post_vertical_padding":"","_kad_post_feature":"","_kad_post_feature_position":"","_kad_post_header":false,"_kad_post_footer":false,"_kad_post_classname":"","footnotes":""},"content-language":[509],"class_list":["post-42184","page","type-page","status-publish","hentry","content-language-francais"],"acf":[],"_links":{"self":[{"href":"https:\/\/onlit.org\/fr\/wp-json\/wp\/v2\/pages\/42184","targetHints":{"allow":["GET"]}}],"collection":[{"href":"https:\/\/onlit.org\/fr\/wp-json\/wp\/v2\/pages"}],"about":[{"href":"https:\/\/onlit.org\/fr\/wp-json\/wp\/v2\/types\/page"}],"author":[{"embeddable":true,"href":"https:\/\/onlit.org\/fr\/wp-json\/wp\/v2\/users\/32"}],"replies":[{"embeddable":true,"href":"https:\/\/onlit.org\/fr\/wp-json\/wp\/v2\/comments?post=42184"}],"version-history":[{"count":1,"href":"https:\/\/onlit.org\/fr\/wp-json\/wp\/v2\/pages\/42184\/revisions"}],"predecessor-version":[{"id":42185,"href":"https:\/\/onlit.org\/fr\/wp-json\/wp\/v2\/pages\/42184\/revisions\/42185"}],"up":[{"embeddable":true,"href":"https:\/\/onlit.org\/fr\/wp-json\/wp\/v2\/pages\/41291"}],"wp:attachment":[{"href":"https:\/\/onlit.org\/fr\/wp-json\/wp\/v2\/media?parent=42184"}],"wp:term":[{"taxonomy":"content-language","embeddable":true,"href":"https:\/\/onlit.org\/fr\/wp-json\/wp\/v2\/content-language?post=42184"}],"curies":[{"name":"wp","href":"https:\/\/api.w.org\/{rel}","templated":true}]}}