{"id":42169,"date":"2026-03-03T18:54:58","date_gmt":"2026-03-03T23:54:58","guid":{"rendered":"https:\/\/onlit.org\/?page_id=42169"},"modified":"2026-04-19T15:54:37","modified_gmt":"2026-04-19T19:54:37","slug":"comment-les-animaux-volent","status":"publish","type":"page","link":"https:\/\/onlit.org\/fr\/apprendre-lire-et-grandir\/6e-annee\/comment-les-animaux-volent\/","title":{"rendered":"Comment les animaux volent"},"content":{"rendered":"\n<h3 class=\"wp-block-heading\">6e ann\u00e9e &#8211; unit\u00e9 2<\/h3>\n\n\n\n<h2 class=\"wp-block-heading\">Comment les animaux volent<\/h2>\n\n\n\n<p>L\u2019unit\u00e9 <em>Comment les animaux volent<\/em>, inspir\u00e9e de <em>Releasing Writers<\/em>, permet aux \u00e9l\u00e8ves de 6e ann\u00e9e d\u2019explorer les caract\u00e9ristiques particuli\u00e8res des animaux capables de voler, tout en d\u00e9veloppant des comp\u00e9tences en \u00e9criture structur\u00e9e et porteuse de sens. Align\u00e9e sur le programme-cadre de sciences et technologie de l\u2019Ontario, cette ressource pr\u00eate \u00e0 \u00eatre utilis\u00e9e en salle de classe a \u00e9t\u00e9 cr\u00e9\u00e9e par du personnel enseignant de l\u2019Ontario pour des salles de classes ontariennes.<\/p>\n\n\n\n<h2 class=\"wp-block-heading\">La fluidit\u00e9 en perspective<\/h2>\n\n\n\n<h3 class=\"wp-block-heading\">Des ailes au monde : l\u2019aviation et son impact sur la soci\u00e9t\u00e9<\/h3>\n\n\n\n<ul class=\"wp-block-list\">\n<li><a href=\"https:\/\/drive.google.com\/drive\/folders\/1CU5_Rj_XvOpTbv4JbGNr_MOlQy6chrPa?usp=drive_link\" data-type=\"link\" data-id=\"https:\/\/drive.google.com\/drive\/folders\/1STHmA5VpsURyoYersn6b0xqM9Lgc2Pdx?usp=drive_link\" target=\"_blank\" rel=\"noreferrer noopener\">Texte de fluidit\u00e9 <\/a>\u2013 <em>Des ailes au monde : l\u2019aviation et son impact sur la soci\u00e9t\u00e9<\/em><\/li>\n\n\n\n<li><a href=\"https:\/\/drive.google.com\/drive\/folders\/1Sail_YG3Jc2ZrMZ-ay_VRPfuIz-On_Yv?usp=drive_link\" target=\"_blank\" data-type=\"link\" data-id=\"https:\/\/drive.google.com\/drive\/folders\/1y5MLJB87_Pq4sZ-d4doA89zXTbfPvxIY?usp=drive_link\" rel=\"noreferrer noopener\">Fiche de r\u00e9f\u00e9rence<\/a> \u2013 fluidit\u00e9\n<ul class=\"wp-block-list\">\n<li><a href=\"https:\/\/drive.google.com\/drive\/folders\/1vEWiblELuzYOQN_I_ichm1g91j_rYaBk?usp=drive_link\" target=\"_blank\" data-type=\"link\" data-id=\"https:\/\/drive.google.com\/drive\/folders\/1K-_6adJqCi1GgQP80KOpyQusttwz5BhE?usp=drive_link\" rel=\"noreferrer noopener\">Diaporama p\u00e9dagogique<\/a> \u2013 fluidit\u00e9<\/li>\n\n\n\n<li><a href=\"https:\/\/drive.google.com\/drive\/folders\/1NSy1sbXVp9yY8KRqgZ7TWiO1Piy_J8qe?usp=sharing\" data-type=\"link\" data-id=\"https:\/\/drive.google.com\/drive\/folders\/1NSy1sbXVp9yY8KRqgZ7TWiO1Piy_J8qe?usp=sharing\" target=\"_blank\" rel=\"noreferrer noopener\">Routine de fluidit\u00e9 de la lecture<\/a><\/li>\n<\/ul>\n<\/li>\n<\/ul>\n\n\n\n<ul class=\"wp-block-list\"><\/ul>\n\n\n\n<h2 class=\"wp-block-heading\">Cycle d\u2019\u00e9criture structur\u00e9e <\/h2>\n\n\n\n<h3 class=\"wp-block-heading\">Comment les animaux volent<\/h3>\n\n\n\n<ul class=\"wp-block-list\">\n<li><a href=\"https:\/\/drive.google.com\/drive\/folders\/1eGOHjFz4fWfXEyig57W_s-2KjWr9aPZs?usp=drive_link\" data-type=\"link\" data-id=\"onlit.org\" target=\"_blank\" rel=\"noreferrer noopener\">Texte mod\u00e8le<\/a> \u2013<em> Comment les animaux volent<\/em><\/li>\n\n\n\n<li><a href=\"https:\/\/drive.google.com\/drive\/folders\/1ivGthl2GyGwtFtfE0MnDDNbge4EgkRmA?usp=drive_link\" target=\"_blank\" rel=\"noreferrer noopener\">Fiche de r\u00e9f\u00e9rence<\/a> pour l\u2019\u00e9criture structur\u00e9e\n<ul class=\"wp-block-list\">\n<li><a href=\"https:\/\/drive.google.com\/drive\/folders\/1w_-mu7Sma-I8BNegAI5DwBxLURC9j8eN?usp=drive_link\" data-type=\"link\" data-id=\"onlit.org\" target=\"_blank\" rel=\"noreferrer noopener\">Diaporama p\u00e9dagogique<\/a> \u2013 l\u2019\u00e9criture structur\u00e9e<\/li>\n\n\n\n<li><a href=\"https:\/\/drive.google.com\/drive\/folders\/14ifFXMjmZDV-c0D_1wkmFPRrO7cYl0iy?usp=drive_link\" data-type=\"link\" data-id=\"onlit.org\" target=\"_blank\" rel=\"noreferrer noopener\">Diaporama p\u00e9dagogique<\/a> \u2013 vocabulaire<\/li>\n\n\n\n<li><a href=\"https:\/\/drive.google.com\/drive\/folders\/152wGVh9_Mpmkw9uMg5TdDCevgtHdoSxl?usp=drive_link\" data-type=\"link\" data-id=\"onlit.org\" target=\"_blank\" rel=\"noreferrer noopener\">Exemplaires soulign\u00e9es et copies pour les \u00e9l\u00e8ves<\/a><\/li>\n\n\n\n<li><a href=\"https:\/\/drive.google.com\/drive\/folders\/1DiSvNSKpFiKRxVoi_HGHhUuhHYkhuppH?usp=drive_link\" data-type=\"link\" data-id=\"onlit.org\" target=\"_blank\" rel=\"noreferrer noopener\">Page d\u2019\u00e9criture pour \u00e9l\u00e8ves<\/a><\/li>\n<\/ul>\n<\/li>\n<\/ul>\n\n\n\n<p><\/p>\n\n\n\n<p><\/p>\n","protected":false},"excerpt":{"rendered":"<p>6e ann\u00e9e &#8211; unit\u00e9 2 Comment les animaux volent L\u2019unit\u00e9 Comment les animaux volent, inspir\u00e9e de Releasing Writers, permet aux \u00e9l\u00e8ves de 6e ann\u00e9e d\u2019explorer les caract\u00e9ristiques particuli\u00e8res des animaux&#8230;<\/p>\n","protected":false},"author":32,"featured_media":0,"parent":41291,"menu_order":0,"comment_status":"closed","ping_status":"closed","template":"","meta":{"_acf_changed":false,"_kad_post_transparent":"","_kad_post_title":"","_kad_post_layout":"","_kad_post_sidebar_id":"","_kad_post_content_style":"","_kad_post_vertical_padding":"","_kad_post_feature":"","_kad_post_feature_position":"","_kad_post_header":false,"_kad_post_footer":false,"_kad_post_classname":"","footnotes":""},"content-language":[508,509],"class_list":["post-42169","page","type-page","status-publish","hentry","content-language-anglais","content-language-francais"],"acf":[],"_links":{"self":[{"href":"https:\/\/onlit.org\/fr\/wp-json\/wp\/v2\/pages\/42169","targetHints":{"allow":["GET"]}}],"collection":[{"href":"https:\/\/onlit.org\/fr\/wp-json\/wp\/v2\/pages"}],"about":[{"href":"https:\/\/onlit.org\/fr\/wp-json\/wp\/v2\/types\/page"}],"author":[{"embeddable":true,"href":"https:\/\/onlit.org\/fr\/wp-json\/wp\/v2\/users\/32"}],"replies":[{"embeddable":true,"href":"https:\/\/onlit.org\/fr\/wp-json\/wp\/v2\/comments?post=42169"}],"version-history":[{"count":2,"href":"https:\/\/onlit.org\/fr\/wp-json\/wp\/v2\/pages\/42169\/revisions"}],"predecessor-version":[{"id":42980,"href":"https:\/\/onlit.org\/fr\/wp-json\/wp\/v2\/pages\/42169\/revisions\/42980"}],"up":[{"embeddable":true,"href":"https:\/\/onlit.org\/fr\/wp-json\/wp\/v2\/pages\/41291"}],"wp:attachment":[{"href":"https:\/\/onlit.org\/fr\/wp-json\/wp\/v2\/media?parent=42169"}],"wp:term":[{"taxonomy":"content-language","embeddable":true,"href":"https:\/\/onlit.org\/fr\/wp-json\/wp\/v2\/content-language?post=42169"}],"curies":[{"name":"wp","href":"https:\/\/api.w.org\/{rel}","templated":true}]}}