{"id":42140,"date":"2026-03-03T14:47:27","date_gmt":"2026-03-03T19:47:27","guid":{"rendered":"https:\/\/onlit.org\/?page_id=42140"},"modified":"2026-03-04T11:39:07","modified_gmt":"2026-03-04T16:39:07","slug":"qui-fait-quoi-au-canada-comparer-les-gouvernements","status":"publish","type":"page","link":"https:\/\/onlit.org\/fr\/apprendre-lire-et-grandir\/5e-annee\/qui-fait-quoi-au-canada-comparer-les-gouvernements\/","title":{"rendered":"Qui fait quoi au Canada ? Comparer les gouvernements"},"content":{"rendered":"\n<h3 class=\"wp-block-heading\">5e ann\u00e9e &#8211; unit\u00e9 2<\/h3>\n\n\n\n<h2 class=\"wp-block-heading\">Qui fait quoi au Canada ? Comparer les gouvernements<\/h2>\n\n\n\n<p>L\u2019unit\u00e9 <em>Qui fait quoi au Canada ? Comparer les gouvernements<\/em>, inspir\u00e9 de Releasing Writers, aide les \u00e9l\u00e8ves de 5e ann\u00e9e \u00e0 explorer les r\u00f4les des gouvernements f\u00e9d\u00e9ral, provincial, municipal et autochtone, tout en d\u00e9veloppant des habilet\u00e9s d\u2019\u00e9criture structur\u00e9e et porteuse de sens. Arrim\u00e9e au programme-cadre d\u2019\u00e9tudes sociales de l\u2019Ontario, cette ressource cl\u00e9 en main a \u00e9t\u00e9 cr\u00e9\u00e9e par des enseignantes de l\u2019Ontario pour les salles de classe ontariennes.<\/p>\n\n\n\n<h2 class=\"wp-block-heading\">Cycle d\u2019\u00e9criture structur\u00e9e <\/h2>\n\n\n\n<h3 class=\"wp-block-heading\">Qui fait quoi au Canada ? Comparer les gouvernements<\/h3>\n\n\n\n<ul class=\"wp-block-list\">\n<li><a href=\"https:\/\/drive.google.com\/drive\/folders\/1RC237iAOtYOvrY3yg20xqh-NKCMLuV4V?usp=drive_link\" data-type=\"link\" data-id=\"onlit.org\" target=\"_blank\" rel=\"noreferrer noopener\">Texte mod\u00e8le<\/a> \u2013 Qui fait quoi au Canada ? Comparer les gouvernements<\/li>\n\n\n\n<li><a href=\"https:\/\/drive.google.com\/drive\/folders\/1Kah2PMx7envbCyk59865KcctZxmGSpzs?usp=drive_link\" target=\"_blank\" rel=\"noreferrer noopener\">Fiche de r\u00e9f\u00e9rence<\/a> pour l\u2019\u00e9criture structur\u00e9e\n<ul class=\"wp-block-list\">\n<li><a href=\"https:\/\/drive.google.com\/drive\/folders\/1x2rafs62XbZjk5qw9vY1QLrrO5pKsmwV?usp=drive_link\" data-type=\"link\" data-id=\"onlit.org\" target=\"_blank\" rel=\"noreferrer noopener\">Diaporama p\u00e9dagogique<\/a> \u2013 l\u2019\u00e9criture structur\u00e9e<\/li>\n\n\n\n<li><a href=\"https:\/\/drive.google.com\/drive\/folders\/153vKd0CqCoYWo-qTdeztE6tsK__JUorJ?usp=drive_link\" data-type=\"link\" data-id=\"onlit.org\" target=\"_blank\" rel=\"noreferrer noopener\">Diaporama p\u00e9dagogique<\/a> \u2013 vocabulaire<\/li>\n\n\n\n<li><a href=\"https:\/\/drive.google.com\/drive\/folders\/1RFtyc4VraefqmN1u8p3skY7f2PRAOwfF?usp=drive_link\" data-type=\"link\" data-id=\"onlit.org\" target=\"_blank\" rel=\"noreferrer noopener\">Exemplaires soulign\u00e9es et copies pour les \u00e9l\u00e8ves<\/a><\/li>\n\n\n\n<li><a href=\"https:\/\/drive.google.com\/drive\/folders\/1Eo0Gyo0JjgLXkRtdeoQkdfD2vTEbc_8T?usp=drive_link\" data-type=\"link\" data-id=\"onlit.org\" target=\"_blank\" rel=\"noreferrer noopener\">Page d\u2019\u00e9criture pour \u00e9l\u00e8ves<\/a><\/li>\n<\/ul>\n<\/li>\n<\/ul>\n\n\n\n<p><\/p>\n\n\n\n<p><\/p>\n","protected":false},"excerpt":{"rendered":"<p>5e ann\u00e9e &#8211; unit\u00e9 2 Qui fait quoi au Canada ? Comparer les gouvernements L\u2019unit\u00e9 Qui fait quoi au Canada ? Comparer les gouvernements, inspir\u00e9 de Releasing Writers, aide les&#8230;<\/p>\n","protected":false},"author":32,"featured_media":0,"parent":41306,"menu_order":0,"comment_status":"closed","ping_status":"closed","template":"","meta":{"_acf_changed":false,"_kad_post_transparent":"","_kad_post_title":"","_kad_post_layout":"","_kad_post_sidebar_id":"","_kad_post_content_style":"","_kad_post_vertical_padding":"","_kad_post_feature":"","_kad_post_feature_position":"","_kad_post_header":false,"_kad_post_footer":false,"_kad_post_classname":"","footnotes":""},"content-language":[509],"class_list":["post-42140","page","type-page","status-publish","hentry","content-language-francais"],"acf":[],"_links":{"self":[{"href":"https:\/\/onlit.org\/fr\/wp-json\/wp\/v2\/pages\/42140","targetHints":{"allow":["GET"]}}],"collection":[{"href":"https:\/\/onlit.org\/fr\/wp-json\/wp\/v2\/pages"}],"about":[{"href":"https:\/\/onlit.org\/fr\/wp-json\/wp\/v2\/types\/page"}],"author":[{"embeddable":true,"href":"https:\/\/onlit.org\/fr\/wp-json\/wp\/v2\/users\/32"}],"replies":[{"embeddable":true,"href":"https:\/\/onlit.org\/fr\/wp-json\/wp\/v2\/comments?post=42140"}],"version-history":[{"count":3,"href":"https:\/\/onlit.org\/fr\/wp-json\/wp\/v2\/pages\/42140\/revisions"}],"predecessor-version":[{"id":42146,"href":"https:\/\/onlit.org\/fr\/wp-json\/wp\/v2\/pages\/42140\/revisions\/42146"}],"up":[{"embeddable":true,"href":"https:\/\/onlit.org\/fr\/wp-json\/wp\/v2\/pages\/41306"}],"wp:attachment":[{"href":"https:\/\/onlit.org\/fr\/wp-json\/wp\/v2\/media?parent=42140"}],"wp:term":[{"taxonomy":"content-language","embeddable":true,"href":"https:\/\/onlit.org\/fr\/wp-json\/wp\/v2\/content-language?post=42140"}],"curies":[{"name":"wp","href":"https:\/\/api.w.org\/{rel}","templated":true}]}}