{"id":42128,"date":"2026-03-03T14:07:45","date_gmt":"2026-03-03T19:07:45","guid":{"rendered":"https:\/\/onlit.org\/?page_id=42128"},"modified":"2026-04-17T15:53:22","modified_gmt":"2026-04-17T19:53:22","slug":"lucioles-et-fleurs","status":"publish","type":"page","link":"https:\/\/onlit.org\/fr\/apprendre-lire-et-grandir\/4e-annee\/lucioles-et-fleurs\/","title":{"rendered":"Lucioles et fleurs"},"content":{"rendered":"\n<h3 class=\"wp-block-heading\">4e ann\u00e9e &#8211; unit\u00e9 5<\/h3>\n\n\n\n<h2 class=\"wp-block-heading\">Lucioles et fleurs<\/h2>\n\n\n\n<p>L\u2019unit\u00e9 <em>Lucioles et fleurs<\/em> s\u2019ouvre sur une bande dessin\u00e9e captivante portant sur les \u00eatres vivants et la mani\u00e8re dont ils \u00e9mettent ou renvoient la lumi\u00e8re.<\/p>\n\n\n\n<p>Elle est directement li\u00e9e au programme-cadre de sciences et technologie de 4e ann\u00e9e de l\u2019Ontario et am\u00e8ne les \u00e9l\u00e8ves \u00e0 comparer diff\u00e9rents \u00eatres vivants ainsi qu\u2019\u00e0 explorer leurs interactions avec la lumi\u00e8re.<\/p>\n\n\n\n<p>Cette unit\u00e9 comprend elle aussi un enseignement explicite du vocabulaire et un soutien cibl\u00e9 sur la syntaxe. L\u2019apprentissage met l\u2019accent sur la r\u00e9daction de phrases complexes \u00e0 l\u2019aide de propositions ind\u00e9pendantes et d\u00e9pendantes, tout en \u00e9tablissant un lien explicite avec la morphologie. Les connaissances scientifiques et les comp\u00e9tences en \u00e9criture se d\u00e9veloppent ainsi de mani\u00e8re simultan\u00e9e et structur\u00e9e.<\/p>\n\n\n\n<h2 class=\"wp-block-heading\">Cycle d\u2019\u00e9criture structur\u00e9e<\/h2>\n\n\n\n<h3 class=\"wp-block-heading\">Lucioles et fleurs<\/h3>\n\n\n\n<ul class=\"wp-block-list\">\n<li><a href=\"https:\/\/drive.google.com\/drive\/folders\/1QEmxqTmS_zugIUYt8rZ8s_ye2DpQRJkU?usp=drive_link\" data-type=\"link\" data-id=\"https:\/\/drive.google.com\/drive\/folders\/1QEmxqTmS_zugIUYt8rZ8s_ye2DpQRJkU?usp=drive_link\" target=\"_blank\" rel=\"noreferrer noopener\">Texte mod\u00e8le<\/a> \u2013 <em>Lucioles et fleurs<\/em><\/li>\n\n\n\n<li><a href=\"https:\/\/drive.google.com\/drive\/folders\/1owuOiB_C4ESk4G9-oAW10aNxmBaIZgc7?usp=drive_link\" data-type=\"link\" data-id=\"https:\/\/drive.google.com\/drive\/folders\/1owuOiB_C4ESk4G9-oAW10aNxmBaIZgc7?usp=drive_link\" target=\"_blank\" rel=\"noreferrer noopener\">Fiche de r\u00e9f\u00e9rence<\/a> pour l\u2019\u00e9criture structur\u00e9e\n<ul class=\"wp-block-list\">\n<li><a href=\"https:\/\/drive.google.com\/drive\/folders\/19tLk8LIkCVGJYO-7gDSQiSgnSsdeoQHh?usp=drive_link\" data-type=\"link\" data-id=\"onlit.org\" target=\"_blank\" rel=\"noreferrer noopener\">Diaporama p\u00e9dagogique<\/a> \u2013 l\u2019\u00e9criture structur\u00e9e<\/li>\n\n\n\n<li><a href=\"https:\/\/drive.google.com\/drive\/folders\/1FCIsfGo_2-lQRSPP6CIL8QXM15MbzXNf?usp=drive_link\" data-type=\"link\" data-id=\"onlit.org\" target=\"_blank\" rel=\"noreferrer noopener\">Diaporama p\u00e9dagogique<\/a> \u2013 vocabulaire<\/li>\n\n\n\n<li><a href=\"https:\/\/drive.google.com\/drive\/folders\/1v3-U9YVgGyRyGfmjrXCiBiSGQy7wDAuZ?usp=drive_link\" data-type=\"link\" data-id=\"onlit.org\" target=\"_blank\" rel=\"noreferrer noopener\">Exemplaires soulign\u00e9es et copies pour les \u00e9l\u00e8ves<\/a><\/li>\n\n\n\n<li><a href=\"https:\/\/drive.google.com\/drive\/folders\/1vim_9aZqcO84sMywEicRXVVQEViZex83?usp=drive_link\" data-type=\"link\" data-id=\"onlit.org\" target=\"_blank\" rel=\"noreferrer noopener\">Page d\u2019\u00e9criture pour \u00e9l\u00e8ves<\/a><\/li>\n<\/ul>\n<\/li>\n<\/ul>\n\n\n\n<p><\/p>\n\n\n\n<p><\/p>\n","protected":false},"excerpt":{"rendered":"<p>4e ann\u00e9e &#8211; unit\u00e9 5 Lucioles et fleurs L\u2019unit\u00e9 Lucioles et fleurs s\u2019ouvre sur une bande dessin\u00e9e captivante portant sur les \u00eatres vivants et la mani\u00e8re dont ils \u00e9mettent ou&#8230;<\/p>\n","protected":false},"author":32,"featured_media":0,"parent":41761,"menu_order":0,"comment_status":"closed","ping_status":"closed","template":"","meta":{"_acf_changed":false,"_kad_post_transparent":"","_kad_post_title":"","_kad_post_layout":"","_kad_post_sidebar_id":"","_kad_post_content_style":"","_kad_post_vertical_padding":"","_kad_post_feature":"","_kad_post_feature_position":"","_kad_post_header":false,"_kad_post_footer":false,"_kad_post_classname":"","footnotes":""},"content-language":[509],"class_list":["post-42128","page","type-page","status-publish","hentry","content-language-francais"],"acf":[],"_links":{"self":[{"href":"https:\/\/onlit.org\/fr\/wp-json\/wp\/v2\/pages\/42128","targetHints":{"allow":["GET"]}}],"collection":[{"href":"https:\/\/onlit.org\/fr\/wp-json\/wp\/v2\/pages"}],"about":[{"href":"https:\/\/onlit.org\/fr\/wp-json\/wp\/v2\/types\/page"}],"author":[{"embeddable":true,"href":"https:\/\/onlit.org\/fr\/wp-json\/wp\/v2\/users\/32"}],"replies":[{"embeddable":true,"href":"https:\/\/onlit.org\/fr\/wp-json\/wp\/v2\/comments?post=42128"}],"version-history":[{"count":1,"href":"https:\/\/onlit.org\/fr\/wp-json\/wp\/v2\/pages\/42128\/revisions"}],"predecessor-version":[{"id":42129,"href":"https:\/\/onlit.org\/fr\/wp-json\/wp\/v2\/pages\/42128\/revisions\/42129"}],"up":[{"embeddable":true,"href":"https:\/\/onlit.org\/fr\/wp-json\/wp\/v2\/pages\/41761"}],"wp:attachment":[{"href":"https:\/\/onlit.org\/fr\/wp-json\/wp\/v2\/media?parent=42128"}],"wp:term":[{"taxonomy":"content-language","embeddable":true,"href":"https:\/\/onlit.org\/fr\/wp-json\/wp\/v2\/content-language?post=42128"}],"curies":[{"name":"wp","href":"https:\/\/api.w.org\/{rel}","templated":true}]}}