{"id":42106,"date":"2026-03-02T15:12:54","date_gmt":"2026-03-02T20:12:54","guid":{"rendered":"https:\/\/onlit.org\/?page_id=42106"},"modified":"2026-03-02T15:22:15","modified_gmt":"2026-03-02T20:22:15","slug":"robot-sauvage","status":"publish","type":"page","link":"https:\/\/onlit.org\/fr\/apprendre-lire-et-grandir\/4e-annee\/robot-sauvage\/","title":{"rendered":"Robot sauvage"},"content":{"rendered":"\n<h3 class=\"wp-block-heading\">4e ann\u00e9e &#8211; unit\u00e9 3<\/h3>\n\n\n\n<h2 class=\"wp-block-heading\">Robot sauvage<\/h2>\n\n\n\n<p>L\u2019unit\u00e9 <em>Robot sauvage<\/em>, inspir\u00e9e de Releasing Writers, \u00e9tablit les liens entre l\u2019\u00e9criture en 4e ann\u00e9e et une lecture \u00e0 voix haute populaire au cycle moyen. Con\u00e7ue pour \u00eatre utilis\u00e9e en parall\u00e8le avec le roman <em>Robot sauvage<\/em> de Peter Brown, cette unit\u00e9 favorise des liens riches et porteurs de sens entre la lecture et l\u2019\u00e9criture. Un travail explicite sur la combinaison de phrases \u00e0 l\u2019aide de parce que, mais et donc est \u00e9galement int\u00e9gr\u00e9, ce qui en fait une ressource align\u00e9e sur le curriculum et pr\u00eate \u00e0 \u00eatre utilis\u00e9e en salle de classe.<\/p>\n\n\n\n<h2 class=\"wp-block-heading\">Cycle d\u2019\u00e9criture structur\u00e9e<\/h2>\n\n\n\n<h3 class=\"wp-block-heading\">Robot sauvage<\/h3>\n\n\n\n<ul class=\"wp-block-list\">\n<li><a href=\"https:\/\/drive.google.com\/drive\/folders\/161zSjQsyqAoNCiDU4V1X86TB0UgfAEm1?usp=drive_link\" data-type=\"link\" data-id=\"https:\/\/drive.google.com\/drive\/folders\/161zSjQsyqAoNCiDU4V1X86TB0UgfAEm1?usp=drive_link\" target=\"_blank\" rel=\"noreferrer noopener\">Texte mod\u00e8le<\/a> \u2013 <em>Robot sauvage<\/em><\/li>\n\n\n\n<li><a href=\"https:\/\/drive.google.com\/drive\/folders\/1mpmV4rIWdjljMVld4Ay7Xt7FxB2q9Qhm?usp=drive_link\" data-type=\"link\" data-id=\"https:\/\/drive.google.com\/drive\/folders\/1mpmV4rIWdjljMVld4Ay7Xt7FxB2q9Qhm?usp=drive_link\" target=\"_blank\" rel=\"noreferrer noopener\">Fiche de r\u00e9f\u00e9rence<\/a> pour l\u2019\u00e9criture structur\u00e9e\n<ul class=\"wp-block-list\">\n<li><a href=\"https:\/\/drive.google.com\/drive\/folders\/1GLy16wSN6sGo7JEoj4Lu28E8cU6mlAyH?usp=drive_link\" data-type=\"link\" data-id=\"https:\/\/drive.google.com\/drive\/folders\/1GLy16wSN6sGo7JEoj4Lu28E8cU6mlAyH?usp=drive_link\" target=\"_blank\" rel=\"noreferrer noopener\">Diaporama p\u00e9dagogique<\/a> \u2013 l\u2019\u00e9criture structur\u00e9e<\/li>\n\n\n\n<li><a href=\"https:\/\/drive.google.com\/drive\/folders\/10xEfiGGsDpqM1r4o3HWiN9W4jiFq-OSf?usp=drive_link\" data-type=\"link\" data-id=\"https:\/\/drive.google.com\/drive\/folders\/10xEfiGGsDpqM1r4o3HWiN9W4jiFq-OSf?usp=drive_link\" target=\"_blank\" rel=\"noreferrer noopener\">Diaporama p\u00e9dagogique<\/a> \u2013 vocabulaire<\/li>\n\n\n\n<li><a href=\"https:\/\/drive.google.com\/drive\/folders\/1RFCrTxBzC01zbE_fJ_Rkik2s5pJkZWTw?usp=drive_link\" data-type=\"link\" data-id=\"https:\/\/drive.google.com\/drive\/folders\/1RFCrTxBzC01zbE_fJ_Rkik2s5pJkZWTw?usp=drive_link\" target=\"_blank\" rel=\"noreferrer noopener\">Exemplaires soulign\u00e9es et copies pour les \u00e9l\u00e8ves<\/a><\/li>\n\n\n\n<li><a href=\"https:\/\/drive.google.com\/drive\/folders\/1c7DgRFhZxIoX3QqTsGzv8ZY4uSrXP4N8?usp=drive_link\" data-type=\"link\" data-id=\"onlit.org\" target=\"_blank\" rel=\"noreferrer noopener\">Page d\u2019\u00e9criture pour \u00e9l\u00e8ves<\/a><\/li>\n<\/ul>\n<\/li>\n<\/ul>\n\n\n\n<p><\/p>\n\n\n\n<p><\/p>\n","protected":false},"excerpt":{"rendered":"<p>4e ann\u00e9e &#8211; unit\u00e9 3 Robot sauvage L\u2019unit\u00e9 Robot sauvage, inspir\u00e9e de Releasing Writers, \u00e9tablit les liens entre l\u2019\u00e9criture en 4e ann\u00e9e et une lecture \u00e0 voix haute populaire au&#8230;<\/p>\n","protected":false},"author":32,"featured_media":0,"parent":41761,"menu_order":0,"comment_status":"closed","ping_status":"closed","template":"","meta":{"_acf_changed":false,"_kad_post_transparent":"","_kad_post_title":"","_kad_post_layout":"","_kad_post_sidebar_id":"","_kad_post_content_style":"","_kad_post_vertical_padding":"","_kad_post_feature":"","_kad_post_feature_position":"","_kad_post_header":false,"_kad_post_footer":false,"_kad_post_classname":"","footnotes":""},"content-language":[509],"class_list":["post-42106","page","type-page","status-publish","hentry","content-language-francais"],"acf":[],"_links":{"self":[{"href":"https:\/\/onlit.org\/fr\/wp-json\/wp\/v2\/pages\/42106","targetHints":{"allow":["GET"]}}],"collection":[{"href":"https:\/\/onlit.org\/fr\/wp-json\/wp\/v2\/pages"}],"about":[{"href":"https:\/\/onlit.org\/fr\/wp-json\/wp\/v2\/types\/page"}],"author":[{"embeddable":true,"href":"https:\/\/onlit.org\/fr\/wp-json\/wp\/v2\/users\/32"}],"replies":[{"embeddable":true,"href":"https:\/\/onlit.org\/fr\/wp-json\/wp\/v2\/comments?post=42106"}],"version-history":[{"count":1,"href":"https:\/\/onlit.org\/fr\/wp-json\/wp\/v2\/pages\/42106\/revisions"}],"predecessor-version":[{"id":42107,"href":"https:\/\/onlit.org\/fr\/wp-json\/wp\/v2\/pages\/42106\/revisions\/42107"}],"up":[{"embeddable":true,"href":"https:\/\/onlit.org\/fr\/wp-json\/wp\/v2\/pages\/41761"}],"wp:attachment":[{"href":"https:\/\/onlit.org\/fr\/wp-json\/wp\/v2\/media?parent=42106"}],"wp:term":[{"taxonomy":"content-language","embeddable":true,"href":"https:\/\/onlit.org\/fr\/wp-json\/wp\/v2\/content-language?post=42106"}],"curies":[{"name":"wp","href":"https:\/\/api.w.org\/{rel}","templated":true}]}}