{"id":42088,"date":"2026-03-02T13:48:50","date_gmt":"2026-03-02T18:48:50","guid":{"rendered":"https:\/\/onlit.org\/?page_id=42088"},"modified":"2026-04-17T15:52:57","modified_gmt":"2026-04-17T19:52:57","slug":"categories-danimaux","status":"publish","type":"page","link":"https:\/\/onlit.org\/fr\/apprendre-lire-et-grandir\/4e-annee\/categories-danimaux\/","title":{"rendered":"Cat\u00e9gories d\u2019animaux"},"content":{"rendered":"\n<h3 class=\"wp-block-heading\">4e ann\u00e9e &#8211; unit\u00e9 2<\/h3>\n\n\n\n<h2 class=\"wp-block-heading\">Cat\u00e9gories d\u2019animaux<\/h2>\n\n\n\n<p>Le cycle PORAR <em>Cat\u00e9gories d\u2019animaux<\/em> aide les \u00e9l\u00e8ves de 4e ann\u00e9e \u00e0 explorer la classification des animaux selon leur alimentation, tout en d\u00e9veloppant des habilet\u00e9s d\u2019\u00e9criture structur\u00e9e et signifiante. Arrim\u00e9e au programme-cadre de sciences et technologie de l\u2019Ontario, cette ressource cl\u00e9 en main a \u00e9t\u00e9 con\u00e7ue par du personnel enseignant de l\u2019Ontario, pour les salles de classe de l\u2019Ontario.<\/p>\n\n\n\n<h2 class=\"wp-block-heading\">Cycle d\u2019\u00e9criture structur\u00e9e<\/h2>\n\n\n\n<h3 class=\"wp-block-heading\">Qu\u2019y a-t-il au menu ? Classer les animaux selon ce qu\u2019ils mangent<\/h3>\n\n\n\n<ul class=\"wp-block-list\">\n<li><a href=\"https:\/\/drive.google.com\/drive\/folders\/1gLW9fgeTDb_1dlStZKE4ihqjVoaZKWSE?usp=drive_link\" data-type=\"link\" data-id=\"onlit.org\" target=\"_blank\" rel=\"noreferrer noopener\">Texte mod\u00e8le<\/a> \u2013 Qu\u2019y a-t-il au menu ? Classer les animaux selon ce qu\u2019ils mangent<\/li>\n\n\n\n<li><a href=\"https:\/\/drive.google.com\/drive\/folders\/1ld306iLPqBD76aETkx7djwkAniDInAkk?usp=drive_link\" target=\"_blank\" rel=\"noreferrer noopener\">Fiche de r\u00e9f\u00e9rence<\/a> pour l\u2019\u00e9criture structur\u00e9e\n<ul class=\"wp-block-list\">\n<li><a href=\"https:\/\/drive.google.com\/drive\/folders\/1e8IOyCs8KtPweUfwRz5wiQPk7DUWNfsL?usp=drive_link\" data-type=\"link\" data-id=\"onlit.org\" target=\"_blank\" rel=\"noreferrer noopener\">Diaporama p\u00e9dagogique<\/a> \u2013 l\u2019\u00e9criture structur\u00e9e<\/li>\n\n\n\n<li><a href=\"https:\/\/drive.google.com\/drive\/folders\/18Ww0f71aH2c20zT-yfquz36dbDrN9rdD?usp=drive_link\" data-type=\"link\" data-id=\"onlit.org\" target=\"_blank\" rel=\"noreferrer noopener\">Diaporama p\u00e9dagogique<\/a> \u2013 vocabulaire<\/li>\n\n\n\n<li><a href=\"https:\/\/drive.google.com\/drive\/folders\/1X-DavtUgo4o3MSEV3QQ4hcZTjSx5l-Ca?usp=drive_link\" data-type=\"link\" data-id=\"https:\/\/drive.google.com\/drive\/folders\/1X-DavtUgo4o3MSEV3QQ4hcZTjSx5l-Ca?usp=drive_link\" target=\"_blank\" rel=\"noreferrer noopener\">Exemplaires soulign\u00e9es et copies pour les \u00e9l\u00e8ves<\/a><\/li>\n\n\n\n<li><a href=\"https:\/\/drive.google.com\/drive\/folders\/18Hm1ryqcx1DCTz5-9JK64hcLyb3mErLK?usp=drive_link\" data-type=\"link\" data-id=\"https:\/\/drive.google.com\/drive\/folders\/18Hm1ryqcx1DCTz5-9JK64hcLyb3mErLK?usp=drive_link\" target=\"_blank\" rel=\"noreferrer noopener\">Page d\u2019\u00e9criture pour \u00e9l\u00e8ves<\/a><\/li>\n<\/ul>\n<\/li>\n<\/ul>\n","protected":false},"excerpt":{"rendered":"<p>4e ann\u00e9e &#8211; unit\u00e9 2 Cat\u00e9gories d\u2019animaux Le cycle PORAR Cat\u00e9gories d\u2019animaux aide les \u00e9l\u00e8ves de 4e ann\u00e9e \u00e0 explorer la classification des animaux selon leur alimentation, tout en d\u00e9veloppant&#8230;<\/p>\n","protected":false},"author":32,"featured_media":0,"parent":41761,"menu_order":0,"comment_status":"closed","ping_status":"closed","template":"","meta":{"_acf_changed":false,"_kad_post_transparent":"","_kad_post_title":"","_kad_post_layout":"","_kad_post_sidebar_id":"","_kad_post_content_style":"","_kad_post_vertical_padding":"","_kad_post_feature":"","_kad_post_feature_position":"","_kad_post_header":false,"_kad_post_footer":false,"_kad_post_classname":"","footnotes":""},"content-language":[509],"class_list":["post-42088","page","type-page","status-publish","hentry","content-language-francais"],"acf":[],"_links":{"self":[{"href":"https:\/\/onlit.org\/fr\/wp-json\/wp\/v2\/pages\/42088","targetHints":{"allow":["GET"]}}],"collection":[{"href":"https:\/\/onlit.org\/fr\/wp-json\/wp\/v2\/pages"}],"about":[{"href":"https:\/\/onlit.org\/fr\/wp-json\/wp\/v2\/types\/page"}],"author":[{"embeddable":true,"href":"https:\/\/onlit.org\/fr\/wp-json\/wp\/v2\/users\/32"}],"replies":[{"embeddable":true,"href":"https:\/\/onlit.org\/fr\/wp-json\/wp\/v2\/comments?post=42088"}],"version-history":[{"count":3,"href":"https:\/\/onlit.org\/fr\/wp-json\/wp\/v2\/pages\/42088\/revisions"}],"predecessor-version":[{"id":42091,"href":"https:\/\/onlit.org\/fr\/wp-json\/wp\/v2\/pages\/42088\/revisions\/42091"}],"up":[{"embeddable":true,"href":"https:\/\/onlit.org\/fr\/wp-json\/wp\/v2\/pages\/41761"}],"wp:attachment":[{"href":"https:\/\/onlit.org\/fr\/wp-json\/wp\/v2\/media?parent=42088"}],"wp:term":[{"taxonomy":"content-language","embeddable":true,"href":"https:\/\/onlit.org\/fr\/wp-json\/wp\/v2\/content-language?post=42088"}],"curies":[{"name":"wp","href":"https:\/\/api.w.org\/{rel}","templated":true}]}}