{"id":41767,"date":"2026-02-10T09:43:03","date_gmt":"2026-02-10T14:43:03","guid":{"rendered":"https:\/\/onlit.org\/?page_id=41767"},"modified":"2026-03-04T11:38:16","modified_gmt":"2026-03-04T16:38:16","slug":"faire-de-bons-choix-le-sommeil","status":"publish","type":"page","link":"https:\/\/onlit.org\/fr\/apprendre-lire-et-grandir\/4e-annee\/faire-de-bons-choix-le-sommeil\/","title":{"rendered":"Faire de bons choix : le sommeil"},"content":{"rendered":"\n<h3 class=\"wp-block-heading\">4e ann\u00e9e &#8211; unit\u00e9 1<\/h3>\n\n\n\n<h2 class=\"wp-block-heading\">Cycle d\u2019\u00e9criture structur\u00e9e &#8211; Faire de bons choix : le sommeil<\/h2>\n\n\n\n<p><em>Faire de bons choix : le sommeil<\/em> est un texte informatif qui am\u00e8ne les \u00e9l\u00e8ves \u00e0 r\u00e9fl\u00e9chir aux choix effectu\u00e9s chaque soir et \u00e0 l\u2019impact positif sur la sant\u00e9 mentale. Ce cycle PORAR de 4e ann\u00e9e permet l\u2019exploration de l\u2019importance du sommeil, de choix favorisant une meilleure qualit\u00e9 de sommeil et de l\u2019\u00e9criture intentionnelle, le tout en lien avec le programme-cadre et pr\u00eat \u00e0 l\u2019emploi en salle de classe.<\/p>\n\n\n\n<ul class=\"wp-block-list\">\n<li><a href=\"https:\/\/drive.google.com\/drive\/folders\/1DDObydDfuZpc8uAJiFtBP2OLeHWKibRK?usp=sharing\" data-type=\"link\" data-id=\"onlit.org\" target=\"_blank\" rel=\"noreferrer noopener\">Texte mod\u00e8le<\/a> \u2013 Faire de bons choix : le sommeil<\/li>\n\n\n\n<li><a href=\"https:\/\/drive.google.com\/drive\/folders\/1giPXlub0HKB9dC2AUj2t5VAWF4dAtflL?usp=sharing\" target=\"_blank\" rel=\"noreferrer noopener\">Fiche de r\u00e9f\u00e9rence<\/a> pour l\u2019\u00e9criture structur\u00e9e\n<ul class=\"wp-block-list\">\n<li><a href=\"https:\/\/drive.google.com\/drive\/folders\/1bgfSKW_z-89qODA1YqE30iSWDc6jvyvZ?usp=sharing\" data-type=\"link\" data-id=\"onlit.org\" target=\"_blank\" rel=\"noreferrer noopener\">Diaporama p\u00e9dagogique<\/a> \u2013 l\u2019\u00e9criture structur\u00e9e<\/li>\n\n\n\n<li><a href=\"https:\/\/drive.google.com\/drive\/folders\/1uqHwTfbzxEsf-5s5QpNmRaQQqXDv6EVI?usp=sharing\" data-type=\"link\" data-id=\"onlit.org\" target=\"_blank\" rel=\"noreferrer noopener\">Diaporama p\u00e9dagogique<\/a> \u2013 vocabulaire<\/li>\n\n\n\n<li><a href=\"https:\/\/drive.google.com\/drive\/folders\/1PKu1PEeZs45TpYJL1kp1RKCNunX_iW9Y?usp=sharing\" data-type=\"link\" data-id=\"onlit.org\" target=\"_blank\" rel=\"noreferrer noopener\">Exemplaires soulign\u00e9es et copies pour les \u00e9l\u00e8ves<\/a><\/li>\n\n\n\n<li><a href=\"https:\/\/drive.google.com\/drive\/folders\/1INU9vnxHxGt7Tqeewnk0hBD06kOuboqO?usp=sharing\" data-type=\"link\" data-id=\"onlit.org\" target=\"_blank\" rel=\"noreferrer noopener\">Page d\u2019\u00e9criture pour \u00e9l\u00e8ves<\/a><\/li>\n<\/ul>\n<\/li>\n<\/ul>\n","protected":false},"excerpt":{"rendered":"<p>4e ann\u00e9e &#8211; unit\u00e9 1 Cycle d\u2019\u00e9criture structur\u00e9e &#8211; Faire de bons choix : le sommeil Faire de bons choix : le sommeil est un texte informatif qui am\u00e8ne les&#8230;<\/p>\n","protected":false},"author":32,"featured_media":0,"parent":41761,"menu_order":0,"comment_status":"closed","ping_status":"closed","template":"","meta":{"_acf_changed":false,"_kad_post_transparent":"","_kad_post_title":"","_kad_post_layout":"","_kad_post_sidebar_id":"","_kad_post_content_style":"","_kad_post_vertical_padding":"","_kad_post_feature":"","_kad_post_feature_position":"","_kad_post_header":false,"_kad_post_footer":false,"_kad_post_classname":"","footnotes":""},"content-language":[509],"class_list":["post-41767","page","type-page","status-publish","hentry","content-language-francais"],"acf":[],"_links":{"self":[{"href":"https:\/\/onlit.org\/fr\/wp-json\/wp\/v2\/pages\/41767","targetHints":{"allow":["GET"]}}],"collection":[{"href":"https:\/\/onlit.org\/fr\/wp-json\/wp\/v2\/pages"}],"about":[{"href":"https:\/\/onlit.org\/fr\/wp-json\/wp\/v2\/types\/page"}],"author":[{"embeddable":true,"href":"https:\/\/onlit.org\/fr\/wp-json\/wp\/v2\/users\/32"}],"replies":[{"embeddable":true,"href":"https:\/\/onlit.org\/fr\/wp-json\/wp\/v2\/comments?post=41767"}],"version-history":[{"count":2,"href":"https:\/\/onlit.org\/fr\/wp-json\/wp\/v2\/pages\/41767\/revisions"}],"predecessor-version":[{"id":41771,"href":"https:\/\/onlit.org\/fr\/wp-json\/wp\/v2\/pages\/41767\/revisions\/41771"}],"up":[{"embeddable":true,"href":"https:\/\/onlit.org\/fr\/wp-json\/wp\/v2\/pages\/41761"}],"wp:attachment":[{"href":"https:\/\/onlit.org\/fr\/wp-json\/wp\/v2\/media?parent=41767"}],"wp:term":[{"taxonomy":"content-language","embeddable":true,"href":"https:\/\/onlit.org\/fr\/wp-json\/wp\/v2\/content-language?post=41767"}],"curies":[{"name":"wp","href":"https:\/\/api.w.org\/{rel}","templated":true}]}}