{"id":41309,"date":"2026-01-29T14:31:36","date_gmt":"2026-01-29T19:31:36","guid":{"rendered":"https:\/\/onlit.org\/?page_id=41309"},"modified":"2026-03-04T11:39:19","modified_gmt":"2026-03-04T16:39:19","slug":"transformer-le-stress-en-force","status":"publish","type":"page","link":"https:\/\/onlit.org\/fr\/apprendre-lire-et-grandir\/5e-annee\/transformer-le-stress-en-force\/","title":{"rendered":"Transformer le stress en force"},"content":{"rendered":"\n<h3 class=\"wp-block-heading\">5e ann\u00e9e &#8211; unit\u00e9 1<\/h3>\n\n\n\n<h2 class=\"wp-block-heading\">Transformer le stress en force<\/h2>\n\n\n\n<p>L\u2019unit\u00e9 <em>Transformer le stress en force<\/em> am\u00e8ne les \u00e9l\u00e8ves \u00e0 explorer le stress, la pression et les d\u00e9fis \u00e0 travers un texte mentor narratif clair et accessible. Racont\u00e9e sous forme d\u2019histoire, l\u2019exp\u00e9rience v\u00e9cue par Everly et Faisal permet aux \u00e9l\u00e8ves de reconna\u00eetre les r\u00e9actions physiques et \u00e9motionnelles li\u00e9es au stress, tout en d\u00e9couvrant des strat\u00e9gies concr\u00e8tes pour y faire face de fa\u00e7on saine et positive.<\/p>\n\n\n\n<p>En s\u2019engageant dans la lecture de ce texte, les \u00e9l\u00e8ves analysent comment un r\u00e9cit peut transmettre des id\u00e9es importantes li\u00e9es au bien-\u00eatre, \u00e0 l\u2019autor\u00e9gulation et \u00e0 la r\u00e9silience. L\u2019unit\u00e9 \u00e9tablit des liens explicites avec le programme-cadre d\u2019\u00e9ducation physique et sant\u00e9, en soutenant la compr\u00e9hension des \u00e9l\u00e8ves quant aux facteurs qui influencent la sant\u00e9 mentale, aux strat\u00e9gies de gestion du stress et \u00e0 l\u2019importance d\u2019adapter des habitudes saines pour maintenir l\u2019\u00e9quilibre \u00e9motionnel et physique.<\/p>\n\n\n\n<p>\u00c0 travers des exemples tir\u00e9s de situations scolaires et sportives famili\u00e8res, les \u00e9l\u00e8ves d\u00e9veloppent leur capacit\u00e9 \u00e0 reconna\u00eetre le stress dans leur propre vie et \u00e0 comprendre comment des choix quotidiens peuvent transformer des moments difficiles en occasions de croissance.<\/p>\n\n\n\n<h2 class=\"wp-block-heading\">Cycle d\u2019\u00e9criture structur\u00e9e &#8211; Transformer le stress en force<\/h2>\n\n\n\n<p>La composante d\u2019\u00e9criture structur\u00e9e de cette unit\u00e9 met l\u2019accent sur l\u2019\u00e9criture comme outil pour expliquer des concepts li\u00e9s \u00e0 la sant\u00e9, au bien-\u00eatre et \u00e0 la gestion des \u00e9motions. \u00c0 partir du texte mod\u00e8le Transformer le stress en force, les \u00e9l\u00e8ves analysent la fa\u00e7on dont un r\u00e9cit est organis\u00e9 pour pr\u00e9senter une id\u00e9e centrale, d\u00e9velopper des strat\u00e9gies concr\u00e8tes et expliquer leurs effets \u00e0 l\u2019aide d\u2019exemples pr\u00e9cis.<\/p>\n\n\n\n<p>Tout au long du cycle d\u2019\u00e9criture structur\u00e9e, les \u00e9l\u00e8ves sont accompagn\u00e9s dans la g\u00e9n\u00e9ration d\u2019id\u00e9es, l\u2019organisation de l\u2019information et la r\u00e9daction d\u2019un texte appuy\u00e9 par des exemples tir\u00e9s du texte et de leur propre v\u00e9cu. Gr\u00e2ce aux exemplaires, \u00e0 l\u2019enseignement explicite du vocabulaire et \u00e0 la pratique guid\u00e9e, le personnel enseignant soutient le d\u00e9veloppement de la clart\u00e9, de la coh\u00e9sion et de la voix \u00e0 l\u2019\u00e9crit, tout en renfor\u00e7ant la compr\u00e9hension des \u00e9l\u00e8ves quant aux strat\u00e9gies de gestion du stress, aux habitudes saines et \u00e0 la r\u00e9silience.<\/p>\n\n\n\n<ul class=\"wp-block-list\">\n<li><a href=\"https:\/\/drive.google.com\/drive\/folders\/1Ph4M9wVzPehSdVWNnkosocIVRlCNOzNN?usp=drive_link\" data-type=\"link\" data-id=\"onlit.org\" target=\"_blank\" rel=\"noreferrer noopener\">Texte mod\u00e8le<\/a> \u2013 Transformer le stress en force<\/li>\n\n\n\n<li><a href=\"https:\/\/drive.google.com\/drive\/folders\/1OQ6jKSyOuIwA-SiY59_moYIouQuu_FuZ?usp=drive_link\" target=\"_blank\" rel=\"noreferrer noopener\">Fiche de r\u00e9f\u00e9rence<\/a> pour l\u2019\u00e9criture structur\u00e9e\n<ul class=\"wp-block-list\">\n<li><a href=\"https:\/\/drive.google.com\/drive\/folders\/1V1KAwPIjhcvJE7mi9bKsBKI0Qlnys8em?usp=drive_link\" data-type=\"link\" data-id=\"onlit.org\" target=\"_blank\" rel=\"noreferrer noopener\">Diaporama p\u00e9dagogique<\/a> \u2013 l\u2019\u00e9criture structur\u00e9e<\/li>\n\n\n\n<li><a href=\"https:\/\/drive.google.com\/drive\/folders\/1HpLOhOEbgVxWkc96tKJbMwoA1UUwwh_n?usp=drive_link\" data-type=\"link\" data-id=\"onlit.org\" target=\"_blank\" rel=\"noreferrer noopener\">Diaporama p\u00e9dagogique<\/a> \u2013 vocabulaire<\/li>\n\n\n\n<li><a href=\"https:\/\/drive.google.com\/drive\/folders\/13vZKuS6_lXoi8iRvCCLF3qU71wM22gDj?usp=drive_link\" data-type=\"link\" data-id=\"onlit.org\" target=\"_blank\" rel=\"noreferrer noopener\">Exemplaires soulign\u00e9es et copies pour les \u00e9l\u00e8ves<\/a><\/li>\n\n\n\n<li><a href=\"https:\/\/drive.google.com\/drive\/folders\/1rBY3RVPiWIOHieGHSJWxHjPGB3XL_vBs?usp=drive_link\" data-type=\"link\" data-id=\"onlit.org\" target=\"_blank\" rel=\"noreferrer noopener\">Page d\u2019\u00e9criture pour \u00e9l\u00e8ves<\/a><\/li>\n<\/ul>\n<\/li>\n<\/ul>\n\n\n\n<p><\/p>\n","protected":false},"excerpt":{"rendered":"<p>5e ann\u00e9e &#8211; unit\u00e9 1 Transformer le stress en force L\u2019unit\u00e9 Transformer le stress en force am\u00e8ne les \u00e9l\u00e8ves \u00e0 explorer le stress, la pression et les d\u00e9fis \u00e0 travers&#8230;<\/p>\n","protected":false},"author":32,"featured_media":0,"parent":41306,"menu_order":0,"comment_status":"closed","ping_status":"closed","template":"","meta":{"_acf_changed":false,"_kad_post_transparent":"","_kad_post_title":"","_kad_post_layout":"","_kad_post_sidebar_id":"","_kad_post_content_style":"","_kad_post_vertical_padding":"","_kad_post_feature":"","_kad_post_feature_position":"","_kad_post_header":false,"_kad_post_footer":false,"_kad_post_classname":"","footnotes":""},"content-language":[509],"class_list":["post-41309","page","type-page","status-publish","hentry","content-language-francais"],"acf":[],"_links":{"self":[{"href":"https:\/\/onlit.org\/fr\/wp-json\/wp\/v2\/pages\/41309","targetHints":{"allow":["GET"]}}],"collection":[{"href":"https:\/\/onlit.org\/fr\/wp-json\/wp\/v2\/pages"}],"about":[{"href":"https:\/\/onlit.org\/fr\/wp-json\/wp\/v2\/types\/page"}],"author":[{"embeddable":true,"href":"https:\/\/onlit.org\/fr\/wp-json\/wp\/v2\/users\/32"}],"replies":[{"embeddable":true,"href":"https:\/\/onlit.org\/fr\/wp-json\/wp\/v2\/comments?post=41309"}],"version-history":[{"count":3,"href":"https:\/\/onlit.org\/fr\/wp-json\/wp\/v2\/pages\/41309\/revisions"}],"predecessor-version":[{"id":41318,"href":"https:\/\/onlit.org\/fr\/wp-json\/wp\/v2\/pages\/41309\/revisions\/41318"}],"up":[{"embeddable":true,"href":"https:\/\/onlit.org\/fr\/wp-json\/wp\/v2\/pages\/41306"}],"wp:attachment":[{"href":"https:\/\/onlit.org\/fr\/wp-json\/wp\/v2\/media?parent=41309"}],"wp:term":[{"taxonomy":"content-language","embeddable":true,"href":"https:\/\/onlit.org\/fr\/wp-json\/wp\/v2\/content-language?post=41309"}],"curies":[{"name":"wp","href":"https:\/\/api.w.org\/{rel}","templated":true}]}}