{"id":41306,"date":"2026-01-29T14:04:55","date_gmt":"2026-01-29T19:04:55","guid":{"rendered":"https:\/\/onlit.org\/?page_id=41306"},"modified":"2026-04-19T12:29:55","modified_gmt":"2026-04-19T16:29:55","slug":"5e-annee","status":"publish","type":"page","link":"https:\/\/onlit.org\/fr\/apprendre-lire-et-grandir\/5e-annee\/","title":{"rendered":"5e ann\u00e9e"},"content":{"rendered":"\n<h2 class=\"wp-block-heading\">5e ann\u00e9e &#8211; Apprendre, lire et grandir<\/h2>\n\n\n\n<p><em>Apprendre, lire et grandi<\/em>r &#8211; 5e ann\u00e9e soutient les \u00e9l\u00e8ves dans l&rsquo;approfondissement et le r\u00e9investissement des apprentissages par la lecture, l\u2019\u00e9change et l\u2019\u00e9criture \u00e0 des fins signifiantes. \u00c0 travers une vari\u00e9t\u00e9 de domaines d\u2019apprentissage, les \u00e9l\u00e8ves s\u2019engagent avec des textes riches qui favorisent le d\u00e9veloppement des connaissances de base tout en renfor\u00e7ant la compr\u00e9hension, le vocabulaire et les structures langagi\u00e8res de plus en plus complexes. <\/p>\n\n\n\n<p>Les apprentissages disciplinaires propres aux mati\u00e8res sont intentionnellement int\u00e9gr\u00e9s, permettant aux \u00e9l\u00e8ves d\u2019\u00e9tablir des liens entre les disciplines et d\u2019utiliser la langue pour approfondir leur compr\u00e9hension et communiquer leur apprentissages de fa\u00e7on pertinente et authentique.<\/p>\n\n\n\n<h3 class=\"wp-block-heading\">Aper\u00e7u &#8211; Ressources<\/h3>\n\n\n<style>.kt-accordion-id41761_b00607-7f .kt-accordion-inner-wrap{column-gap:var(--global-kb-gap-md, 2rem);row-gap:10px;}.kt-accordion-id41761_b00607-7f .kt-accordion-panel-inner{border-top:0px solid transparent;border-right:0px solid transparent;border-bottom:0px solid transparent;border-left:0px solid transparent;background:var(--global-palette8, #F7FAFC);padding-top:var(--global-kb-spacing-sm, 1.5rem);padding-right:var(--global-kb-spacing-sm, 1.5rem);padding-bottom:var(--global-kb-spacing-sm, 1.5rem);padding-left:var(--global-kb-spacing-sm, 1.5rem);}.kt-accordion-id41761_b00607-7f > .kt-accordion-inner-wrap > .wp-block-kadence-pane > .kt-accordion-header-wrap > .kt-blocks-accordion-header{border-top:1px solid #001f67;border-right:1px solid #001f67;border-bottom:1px solid #001f67;border-left:1px solid #001f67;border-top-left-radius:30px;border-top-right-radius:30px;border-bottom-right-radius:30px;border-bottom-left-radius:30px;background:#001f67;color:var(--global-palette7, #EDF2F7);padding-top:13px;padding-right:15px;padding-bottom:13px;padding-left:15px;}.kt-accordion-id41761_b00607-7f:not( .kt-accodion-icon-style-basiccircle ):not( .kt-accodion-icon-style-xclosecircle ):not( .kt-accodion-icon-style-arrowcircle )  > .kt-accordion-inner-wrap > .wp-block-kadence-pane > .kt-accordion-header-wrap .kt-blocks-accordion-icon-trigger:after, .kt-accordion-id41761_b00607-7f:not( .kt-accodion-icon-style-basiccircle ):not( .kt-accodion-icon-style-xclosecircle ):not( .kt-accodion-icon-style-arrowcircle )  > .kt-accordion-inner-wrap > .wp-block-kadence-pane > .kt-accordion-header-wrap .kt-blocks-accordion-icon-trigger:before{background:var(--global-palette7, #EDF2F7);}.kt-accordion-id41761_b00607-7f:not( .kt-accodion-icon-style-basic ):not( .kt-accodion-icon-style-xclose ):not( .kt-accodion-icon-style-arrow ) .kt-blocks-accordion-icon-trigger{background:var(--global-palette7, #EDF2F7);}.kt-accordion-id41761_b00607-7f:not( .kt-accodion-icon-style-basic ):not( .kt-accodion-icon-style-xclose ):not( .kt-accodion-icon-style-arrow ) .kt-blocks-accordion-icon-trigger:after, .kt-accordion-id41761_b00607-7f:not( .kt-accodion-icon-style-basic ):not( .kt-accodion-icon-style-xclose ):not( .kt-accodion-icon-style-arrow ) .kt-blocks-accordion-icon-trigger:before{background:#001f67;}.kt-accordion-id41761_b00607-7f > .kt-accordion-inner-wrap > .wp-block-kadence-pane > .kt-accordion-header-wrap > .kt-blocks-accordion-header:hover, \n\t\t\t\tbody:not(.hide-focus-outline) .kt-accordion-id41761_b00607-7f .kt-blocks-accordion-header:focus-visible{color:#001f67;background:var(--global-palette8, #F7FAFC);border-top:1px solid #878787;border-right:1px solid #878787;border-bottom:1px solid #878787;border-left:1px solid #878787;}.kt-accordion-id41761_b00607-7f:not( .kt-accodion-icon-style-basiccircle ):not( .kt-accodion-icon-style-xclosecircle ):not( .kt-accodion-icon-style-arrowcircle ) .kt-accordion-header-wrap .kt-blocks-accordion-header:hover .kt-blocks-accordion-icon-trigger:after, .kt-accordion-id41761_b00607-7f:not( .kt-accodion-icon-style-basiccircle ):not( .kt-accodion-icon-style-xclosecircle ):not( .kt-accodion-icon-style-arrowcircle ) .kt-accordion-header-wrap .kt-blocks-accordion-header:hover .kt-blocks-accordion-icon-trigger:before, body:not(.hide-focus-outline) .kt-accordion-id41761_b00607-7f:not( .kt-accodion-icon-style-basiccircle ):not( .kt-accodion-icon-style-xclosecircle ):not( .kt-accodion-icon-style-arrowcircle ) .kt-blocks-accordion--visible .kt-blocks-accordion-icon-trigger:after, body:not(.hide-focus-outline) .kt-accordion-id41761_b00607-7f:not( .kt-accodion-icon-style-basiccircle ):not( .kt-accodion-icon-style-xclosecircle ):not( .kt-accodion-icon-style-arrowcircle ) .kt-blocks-accordion-header:focus-visible .kt-blocks-accordion-icon-trigger:before{background:#001f67;}.kt-accordion-id41761_b00607-7f:not( .kt-accodion-icon-style-basic ):not( .kt-accodion-icon-style-xclose ):not( .kt-accodion-icon-style-arrow ) .kt-accordion-header-wrap .kt-blocks-accordion-header:hover .kt-blocks-accordion-icon-trigger, body:not(.hide-focus-outline) .kt-accordion-id41761_b00607-7f:not( .kt-accodion-icon-style-basic ):not( .kt-accodion-icon-style-xclose ):not( .kt-accodion-icon-style-arrow ) .kt-accordion-header-wrap .kt-blocks-accordion-header:focus-visible .kt-blocks-accordion-icon-trigger{background:#001f67;}.kt-accordion-id41761_b00607-7f:not( .kt-accodion-icon-style-basic ):not( .kt-accodion-icon-style-xclose ):not( .kt-accodion-icon-style-arrow ) .kt-accordion-header-wrap .kt-blocks-accordion-header:hover .kt-blocks-accordion-icon-trigger:after, .kt-accordion-id41761_b00607-7f:not( .kt-accodion-icon-style-basic ):not( .kt-accodion-icon-style-xclose ):not( .kt-accodion-icon-style-arrow ) .kt-accordion-header-wrap .kt-blocks-accordion-header:hover .kt-blocks-accordion-icon-trigger:before, body:not(.hide-focus-outline) .kt-accordion-id41761_b00607-7f:not( .kt-accodion-icon-style-basic ):not( .kt-accodion-icon-style-xclose ):not( .kt-accodion-icon-style-arrow ) .kt-accordion-header-wrap .kt-blocks-accordion-header:focus-visible .kt-blocks-accordion-icon-trigger:after, body:not(.hide-focus-outline) .kt-accordion-id41761_b00607-7f:not( .kt-accodion-icon-style-basic ):not( .kt-accodion-icon-style-xclose ):not( .kt-accodion-icon-style-arrow ) .kt-accordion-header-wrap .kt-blocks-accordion-header:focus-visible .kt-blocks-accordion-icon-trigger:before{background:var(--global-palette8, #F7FAFC);}.kt-accordion-id41761_b00607-7f .kt-accordion-header-wrap .kt-blocks-accordion-header:focus-visible,\n\t\t\t\t.kt-accordion-id41761_b00607-7f > .kt-accordion-inner-wrap > .wp-block-kadence-pane > .kt-accordion-header-wrap > .kt-blocks-accordion-header.kt-accordion-panel-active{color:#ffffff;background:#001f67;border-top:1px solid var(--global-palette7, #EDF2F7);border-right:1px solid var(--global-palette7, #EDF2F7);border-bottom:1px solid var(--global-palette7, #EDF2F7);border-left:1px solid var(--global-palette7, #EDF2F7);}.kt-accordion-id41761_b00607-7f:not( .kt-accodion-icon-style-basiccircle ):not( .kt-accodion-icon-style-xclosecircle ):not( .kt-accodion-icon-style-arrowcircle )  > .kt-accordion-inner-wrap > .wp-block-kadence-pane > .kt-accordion-header-wrap > .kt-blocks-accordion-header.kt-accordion-panel-active .kt-blocks-accordion-icon-trigger:after, .kt-accordion-id41761_b00607-7f:not( .kt-accodion-icon-style-basiccircle ):not( .kt-accodion-icon-style-xclosecircle ):not( .kt-accodion-icon-style-arrowcircle )  > .kt-accordion-inner-wrap > .wp-block-kadence-pane > .kt-accordion-header-wrap > .kt-blocks-accordion-header.kt-accordion-panel-active .kt-blocks-accordion-icon-trigger:before{background:#ffffff;}.kt-accordion-id41761_b00607-7f:not( .kt-accodion-icon-style-basic ):not( .kt-accodion-icon-style-xclose ):not( .kt-accodion-icon-style-arrow ) .kt-blocks-accordion-header.kt-accordion-panel-active .kt-blocks-accordion-icon-trigger{background:#ffffff;}.kt-accordion-id41761_b00607-7f:not( .kt-accodion-icon-style-basic ):not( .kt-accodion-icon-style-xclose ):not( .kt-accodion-icon-style-arrow ) .kt-blocks-accordion-header.kt-accordion-panel-active .kt-blocks-accordion-icon-trigger:after, .kt-accordion-id41761_b00607-7f:not( .kt-accodion-icon-style-basic ):not( .kt-accodion-icon-style-xclose ):not( .kt-accodion-icon-style-arrow ) .kt-blocks-accordion-header.kt-accordion-panel-active .kt-blocks-accordion-icon-trigger:before{background:#001f67;}@media all and (max-width: 1024px){.kt-accordion-id41761_b00607-7f .kt-accordion-panel-inner{border-top:0px solid transparent;border-right:0px solid transparent;border-bottom:0px solid transparent;border-left:0px solid transparent;}}@media all and (max-width: 1024px){.kt-accordion-id41761_b00607-7f > .kt-accordion-inner-wrap > .wp-block-kadence-pane > .kt-accordion-header-wrap > .kt-blocks-accordion-header{border-top:1px solid #001f67;border-right:1px solid #001f67;border-bottom:1px solid #001f67;border-left:1px solid #001f67;}}@media all and (max-width: 1024px){.kt-accordion-id41761_b00607-7f > .kt-accordion-inner-wrap > .wp-block-kadence-pane > .kt-accordion-header-wrap > .kt-blocks-accordion-header:hover, \n\t\t\t\tbody:not(.hide-focus-outline) .kt-accordion-id41761_b00607-7f .kt-blocks-accordion-header:focus-visible{border-top:1px solid #878787;border-right:1px solid #878787;border-bottom:1px solid #878787;border-left:1px solid #878787;}}@media all and (max-width: 1024px){.kt-accordion-id41761_b00607-7f .kt-accordion-header-wrap .kt-blocks-accordion-header:focus-visible,\n\t\t\t\t.kt-accordion-id41761_b00607-7f > .kt-accordion-inner-wrap > .wp-block-kadence-pane > .kt-accordion-header-wrap > .kt-blocks-accordion-header.kt-accordion-panel-active{border-top:1px solid var(--global-palette7, #EDF2F7);border-right:1px solid var(--global-palette7, #EDF2F7);border-bottom:1px solid var(--global-palette7, #EDF2F7);border-left:1px solid var(--global-palette7, #EDF2F7);}}@media all and (max-width: 767px){.kt-accordion-id41761_b00607-7f .kt-accordion-inner-wrap{display:block;}.kt-accordion-id41761_b00607-7f .kt-accordion-inner-wrap .kt-accordion-pane:not(:first-child){margin-top:10px;}.kt-accordion-id41761_b00607-7f .kt-accordion-panel-inner{border-top:0px solid transparent;border-right:0px solid transparent;border-bottom:0px solid transparent;border-left:0px solid transparent;}.kt-accordion-id41761_b00607-7f > .kt-accordion-inner-wrap > .wp-block-kadence-pane > .kt-accordion-header-wrap > .kt-blocks-accordion-header{border-top:1px solid #001f67;border-right:1px solid #001f67;border-bottom:1px solid #001f67;border-left:1px solid #001f67;}.kt-accordion-id41761_b00607-7f > .kt-accordion-inner-wrap > .wp-block-kadence-pane > .kt-accordion-header-wrap > .kt-blocks-accordion-header:hover, \n\t\t\t\tbody:not(.hide-focus-outline) .kt-accordion-id41761_b00607-7f .kt-blocks-accordion-header:focus-visible{border-top:1px solid #878787;border-right:1px solid #878787;border-bottom:1px solid #878787;border-left:1px solid #878787;}.kt-accordion-id41761_b00607-7f .kt-accordion-header-wrap .kt-blocks-accordion-header:focus-visible,\n\t\t\t\t.kt-accordion-id41761_b00607-7f > .kt-accordion-inner-wrap > .wp-block-kadence-pane > .kt-accordion-header-wrap > .kt-blocks-accordion-header.kt-accordion-panel-active{border-top:1px solid var(--global-palette7, #EDF2F7);border-right:1px solid var(--global-palette7, #EDF2F7);border-bottom:1px solid var(--global-palette7, #EDF2F7);border-left:1px solid var(--global-palette7, #EDF2F7);}}<\/style>\n<div class=\"wp-block-kadence-accordion alignnone\"><div class=\"kt-accordion-wrap kt-accordion-id41761_b00607-7f kt-accordion-has-3-panes kt-active-pane-0 kt-accordion-block kt-pane-header-alignment-left kt-accodion-icon-style-basic kt-accodion-icon-side-right\" style=\"max-width:none\"><div class=\"kt-accordion-inner-wrap\" data-allow-multiple-open=\"true\" data-start-open=\"none\">\n<div class=\"wp-block-kadence-pane kt-accordion-pane kt-accordion-pane-3 kt-pane41761_417c9b-14\"><h2 class=\"kt-accordion-header-wrap\"><button class=\"kt-blocks-accordion-header kt-acccordion-button-label-show\" type=\"button\"><span class=\"kt-blocks-accordion-title-wrap\"><span class=\"kt-blocks-accordion-title\">Guide p\u00e9dagogique pour le cycle moyen<\/span><\/span><span class=\"kt-blocks-accordion-icon-trigger\"><\/span><\/button><\/h2><div class=\"kt-accordion-panel kt-accordion-panel-hidden\"><div class=\"kt-accordion-panel-inner\">\n<ul class=\"wp-block-list\">\n<li><a href=\"https:\/\/drive.google.com\/drive\/folders\/1VweyLtC2Mrei3Y8pbARoDREXet1hxhl3?usp=drive_link\" data-type=\"link\" data-id=\"https:\/\/drive.google.com\/drive\/folders\/1VweyLtC2Mrei3Y8pbARoDREXet1hxhl3?usp=drive_link\" target=\"_blank\" rel=\"noreferrer noopener\">Guide p\u00e9dagogique pour le cycle moyen &#8211;  Apprendre, lire et grandir<\/a><\/li>\n<\/ul>\n<\/div><\/div><\/div>\n\n\n\n<div class=\"wp-block-kadence-pane kt-accordion-pane kt-accordion-pane-2 kt-pane41761_1c328e-b8\"><h2 class=\"kt-accordion-header-wrap\"><button class=\"kt-blocks-accordion-header kt-acccordion-button-label-show\" type=\"button\"><span class=\"kt-blocks-accordion-title-wrap\"><span class=\"kt-blocks-accordion-title\">Oganisateurs &#8211; TIDE-L<\/span><\/span><span class=\"kt-blocks-accordion-icon-trigger\"><\/span><\/button><\/h2><div class=\"kt-accordion-panel kt-accordion-panel-hidden\"><div class=\"kt-accordion-panel-inner\">\n<ul class=\"wp-block-list\">\n<li><a href=\"https:\/\/drive.google.com\/drive\/folders\/1KIwcDI3vmRgBnY53JxRaxsKf0CaojvaK?usp=drive_link\" target=\"_blank\" data-type=\"link\" data-id=\"https:\/\/drive.google.com\/drive\/folders\/1KIwcDI3vmRgBnY53JxRaxsKf0CaojvaK?usp=drive_link\" rel=\"noreferrer noopener\">Organisateurs &#8211; TIDE-L<\/a><\/li>\n<\/ul>\n<\/div><\/div><\/div>\n\n\n\n<div class=\"wp-block-kadence-pane kt-accordion-pane kt-accordion-pane-1 kt-pane41761_19c817-fe\"><h2 class=\"kt-accordion-header-wrap\"><button class=\"kt-blocks-accordion-header kt-acccordion-button-label-show\" type=\"button\"><span class=\"kt-blocks-accordion-title-wrap\"><span class=\"kt-blocks-accordion-title\">Gabarits syntaxique<\/span><\/span><span class=\"kt-blocks-accordion-icon-trigger\"><\/span><\/button><\/h2><div class=\"kt-accordion-panel kt-accordion-panel-hidden\"><div class=\"kt-accordion-panel-inner\">\n<ul class=\"wp-block-list\">\n<li><a href=\"https:\/\/drive.google.com\/drive\/folders\/1W5KZzoHN772GRK9HVKIda9HKYe4IAHOA?usp=drive_link\" target=\"_blank\" data-type=\"link\" data-id=\"https:\/\/drive.google.com\/drive\/folders\/1W5KZzoHN772GRK9HVKIda9HKYe4IAHOA?usp=drive_link\" rel=\"noreferrer noopener\">Gabarits syntaxique<\/a><\/li>\n<\/ul>\n<\/div><\/div><\/div>\n<\/div><\/div><\/div>\n\n\n\n<h3 class=\"wp-block-heading\">L\u2019\u00e9criture structur\u00e9e &#8211; 5e ann\u00e9e<\/h3>\n\n\n\n<p>L\u2019\u00e9criture structur\u00e9e en 5e ann\u00e9e met l\u2019accent sur l\u2019\u00e9criture comme un processus permettant d\u2019organiser les id\u00e9es, d\u2019approfondir la compr\u00e9hension et de communiquer les apprentissages disciplinaires avec clart\u00e9. \u00c0 travers un cycle d\u2019\u00e9criture guid\u00e9, les \u00e9l\u00e8ves analysent des textes mod\u00e8les afin d\u2019explorer la fa\u00e7on dont les auteurs et autrices d\u00e9veloppent et relient leurs id\u00e9es, utilisent diff\u00e9rentes structures textuelles pour soutenir leurs explications et choisissent un langage pr\u00e9cis pour transmettre l\u2019information. <\/p>\n\n\n\n<p>Les \u00e9l\u00e8ves r\u00e9investissent ensuite ces caract\u00e9ristiques dans leur propres productions \u00e9crites gr\u00e2ce \u00e0 un accompagnement soutenu lors de la planification, de la r\u00e9daction et de la r\u00e9vision, appuy\u00e9 par des exemplaires, un enseignement explicite de vocabulaire et des pratiques guid\u00e9es. L\u2019\u00e9criture est mobilis\u00e9e pour consolider les apprentissages issus de la lecture et des domaines disciplinaires, favorisant une compr\u00e9hension approfondie et le d\u00e9veloppement de comp\u00e9tences transf\u00e9rables \u00e0 l\u2019ensemble du programme-cadre.<\/p>\n\n\n\n<h2 class=\"wp-block-heading\">Unit\u00e9s en 5e ann\u00e9e<\/h2>\n\n\n\n<ul class=\"wp-block-list\">\n<li><strong>Unit\u00e9 1<\/strong> : <a href=\"https:\/\/onlit.org\/fr\/apprendre-lire-et-grandir\/5e-annee\/transformer-le-stress-en-force\/\" data-type=\"page\" data-id=\"41309\">Transformer le stress en force<\/a><\/li>\n\n\n\n<li><strong>Unit\u00e9 2<\/strong> : <a href=\"https:\/\/onlit.org\/fr\/apprendre-lire-et-grandir\/5e-annee\/qui-fait-quoi-au-canada-comparer-les-gouvernements\/\" data-type=\"page\" data-id=\"42140\">Qui fait quoi au Canada ? Comparer les gouvernements<\/a><\/li>\n\n\n\n<li><strong>Unit\u00e9 3<\/strong> : <a href=\"https:\/\/onlit.org\/fr\/apprendre-lire-et-grandir\/5e-annee\/des-structures-solides-contre-les-ouragans\/\" data-type=\"page\" data-id=\"42149\">Des structures solides contre les ouragans<\/a><\/li>\n\n\n\n<li><strong>Unit\u00e9 4<\/strong> : <a href=\"https:\/\/onlit.org\/fr\/apprendre-lire-et-grandir\/5e-annee\/leau-douce-au-canada-une-ressource-precieuse\/\" data-type=\"link\" data-id=\"https:\/\/onlit.org\/fr\/apprendre-lire-et-grandir\/5e-annee\/leau-douce-au-canada-une-ressource-precieuse\/\">L\u2019eau douce au Canada : une ressource pr\u00e9cieuse<\/a><\/li>\n\n\n\n<li><strong>Unit\u00e9 5<\/strong> : <a href=\"https:\/\/onlit.org\/fr\/apprendre-lire-et-grandir\/5e-annee\/le-probleme-du-plastique-cinq-amis-passent-a-laction\/\" data-type=\"page\" data-id=\"42161\">Le probl\u00e8me du plastique : cinq amis passent \u00e0 l\u2019action<\/a><\/li>\n<\/ul>\n","protected":false},"excerpt":{"rendered":"<p>5e ann\u00e9e &#8211; Apprendre, lire et grandir Apprendre, lire et grandir &#8211; 5e ann\u00e9e soutient les \u00e9l\u00e8ves dans l&rsquo;approfondissement et le r\u00e9investissement des apprentissages par la lecture, l\u2019\u00e9change et l\u2019\u00e9criture&#8230;<\/p>\n","protected":false},"author":32,"featured_media":0,"parent":40815,"menu_order":0,"comment_status":"closed","ping_status":"closed","template":"","meta":{"_acf_changed":false,"_kad_post_transparent":"","_kad_post_title":"","_kad_post_layout":"","_kad_post_sidebar_id":"","_kad_post_content_style":"","_kad_post_vertical_padding":"","_kad_post_feature":"","_kad_post_feature_position":"","_kad_post_header":false,"_kad_post_footer":false,"_kad_post_classname":"","footnotes":""},"content-language":[508,509],"class_list":["post-41306","page","type-page","status-publish","hentry","content-language-anglais","content-language-francais"],"acf":[],"_links":{"self":[{"href":"https:\/\/onlit.org\/fr\/wp-json\/wp\/v2\/pages\/41306","targetHints":{"allow":["GET"]}}],"collection":[{"href":"https:\/\/onlit.org\/fr\/wp-json\/wp\/v2\/pages"}],"about":[{"href":"https:\/\/onlit.org\/fr\/wp-json\/wp\/v2\/types\/page"}],"author":[{"embeddable":true,"href":"https:\/\/onlit.org\/fr\/wp-json\/wp\/v2\/users\/32"}],"replies":[{"embeddable":true,"href":"https:\/\/onlit.org\/fr\/wp-json\/wp\/v2\/comments?post=41306"}],"version-history":[{"count":14,"href":"https:\/\/onlit.org\/fr\/wp-json\/wp\/v2\/pages\/41306\/revisions"}],"predecessor-version":[{"id":42967,"href":"https:\/\/onlit.org\/fr\/wp-json\/wp\/v2\/pages\/41306\/revisions\/42967"}],"up":[{"embeddable":true,"href":"https:\/\/onlit.org\/fr\/wp-json\/wp\/v2\/pages\/40815"}],"wp:attachment":[{"href":"https:\/\/onlit.org\/fr\/wp-json\/wp\/v2\/media?parent=41306"}],"wp:term":[{"taxonomy":"content-language","embeddable":true,"href":"https:\/\/onlit.org\/fr\/wp-json\/wp\/v2\/content-language?post=41306"}],"curies":[{"name":"wp","href":"https:\/\/api.w.org\/{rel}","templated":true}]}}