{"id":41291,"date":"2026-01-28T13:41:09","date_gmt":"2026-01-28T18:41:09","guid":{"rendered":"https:\/\/onlit.org\/?page_id=41291"},"modified":"2026-04-19T12:30:43","modified_gmt":"2026-04-19T16:30:43","slug":"6e-annee","status":"publish","type":"page","link":"https:\/\/onlit.org\/fr\/apprendre-lire-et-grandir\/6e-annee\/","title":{"rendered":"6e ann\u00e9e"},"content":{"rendered":"\n<h2 class=\"wp-block-heading\">6e ann\u00e9e &#8211; Apprendre, lire et grandir<\/h2>\n\n\n\n<p><em>Apprendre, lire et grandir<\/em> &#8211; 6e ann\u00e9e soutient les \u00e9l\u00e8ves dans le renforcement de la compr\u00e9hension et des apprentissages disciplinaires par des pratiques intentionnelles de lecture, d\u2019\u00e9change et d\u2019\u00e9criture \u00e0 travers les domaines d\u2019apprentissage. \u00c0 mesure que les attentes du programme-cadre gagnent en complexit\u00e9, les \u00e9l\u00e8ves s\u2019engagent avec des textes qui exigent une attention soutenue, un vocabulaire pr\u00e9cis et des structures langagi\u00e8res de plus en plus \u00e9labor\u00e9es. <\/p>\n\n\n\n<p>L\u2019enseignement de la litt\u00e9ratie est int\u00e9gr\u00e9 aux apprentissages disciplinaires afin de soutenir l\u2019analyse, la synth\u00e8se et la communication, permettant aux \u00e9l\u00e8ves de g\u00e9rer des id\u00e9es complexes et de r\u00e9investir leurs apprentissages dans l\u2019ensemble du programme-cadre de l\u2019Ontario.<\/p>\n\n\n\n<p>Bien que la fluidit\u00e9 et l\u2019\u00e9criture structur\u00e9e soient pr\u00e9sent\u00e9es ensemble en 6e ann\u00e9e, le personnel enseignant est encourag\u00e9 \u00e0 utiliser ces ressources de la mani\u00e8re qui soutient le mieux l\u2019enseignement en salle de classe. Les diff\u00e9rentes composantes peuvent \u00eatre utilis\u00e9es de fa\u00e7on autonome ou intentionnellement int\u00e9gr\u00e9es les unes aux autres afin de r\u00e9pondre aux objectifs p\u00e9dagogiques et aux besoins des \u00e9l\u00e8ves.<\/p>\n\n\n\n<h3 class=\"wp-block-heading\">Aper\u00e7u &#8211; Ressources<\/h3>\n\n\n<style>.kt-accordion-id41761_b00607-7f .kt-accordion-inner-wrap{column-gap:var(--global-kb-gap-md, 2rem);row-gap:10px;}.kt-accordion-id41761_b00607-7f .kt-accordion-panel-inner{border-top:0px solid transparent;border-right:0px solid transparent;border-bottom:0px solid transparent;border-left:0px solid transparent;background:var(--global-palette8, #F7FAFC);padding-top:var(--global-kb-spacing-sm, 1.5rem);padding-right:var(--global-kb-spacing-sm, 1.5rem);padding-bottom:var(--global-kb-spacing-sm, 1.5rem);padding-left:var(--global-kb-spacing-sm, 1.5rem);}.kt-accordion-id41761_b00607-7f > .kt-accordion-inner-wrap > .wp-block-kadence-pane > .kt-accordion-header-wrap > .kt-blocks-accordion-header{border-top:1px solid #001f67;border-right:1px solid #001f67;border-bottom:1px solid #001f67;border-left:1px solid #001f67;border-top-left-radius:30px;border-top-right-radius:30px;border-bottom-right-radius:30px;border-bottom-left-radius:30px;background:#001f67;color:var(--global-palette7, #EDF2F7);padding-top:13px;padding-right:15px;padding-bottom:13px;padding-left:15px;}.kt-accordion-id41761_b00607-7f:not( .kt-accodion-icon-style-basiccircle ):not( .kt-accodion-icon-style-xclosecircle ):not( .kt-accodion-icon-style-arrowcircle )  > .kt-accordion-inner-wrap > .wp-block-kadence-pane > .kt-accordion-header-wrap .kt-blocks-accordion-icon-trigger:after, .kt-accordion-id41761_b00607-7f:not( .kt-accodion-icon-style-basiccircle ):not( .kt-accodion-icon-style-xclosecircle ):not( .kt-accodion-icon-style-arrowcircle )  > .kt-accordion-inner-wrap > .wp-block-kadence-pane > .kt-accordion-header-wrap .kt-blocks-accordion-icon-trigger:before{background:var(--global-palette7, #EDF2F7);}.kt-accordion-id41761_b00607-7f:not( .kt-accodion-icon-style-basic ):not( .kt-accodion-icon-style-xclose ):not( .kt-accodion-icon-style-arrow ) .kt-blocks-accordion-icon-trigger{background:var(--global-palette7, #EDF2F7);}.kt-accordion-id41761_b00607-7f:not( .kt-accodion-icon-style-basic ):not( .kt-accodion-icon-style-xclose ):not( .kt-accodion-icon-style-arrow ) .kt-blocks-accordion-icon-trigger:after, .kt-accordion-id41761_b00607-7f:not( .kt-accodion-icon-style-basic ):not( .kt-accodion-icon-style-xclose ):not( .kt-accodion-icon-style-arrow ) .kt-blocks-accordion-icon-trigger:before{background:#001f67;}.kt-accordion-id41761_b00607-7f > .kt-accordion-inner-wrap > .wp-block-kadence-pane > .kt-accordion-header-wrap > .kt-blocks-accordion-header:hover, \n\t\t\t\tbody:not(.hide-focus-outline) .kt-accordion-id41761_b00607-7f .kt-blocks-accordion-header:focus-visible{color:#001f67;background:var(--global-palette8, #F7FAFC);border-top:1px solid #878787;border-right:1px solid #878787;border-bottom:1px solid #878787;border-left:1px solid #878787;}.kt-accordion-id41761_b00607-7f:not( .kt-accodion-icon-style-basiccircle ):not( .kt-accodion-icon-style-xclosecircle ):not( .kt-accodion-icon-style-arrowcircle ) .kt-accordion-header-wrap .kt-blocks-accordion-header:hover .kt-blocks-accordion-icon-trigger:after, .kt-accordion-id41761_b00607-7f:not( .kt-accodion-icon-style-basiccircle ):not( .kt-accodion-icon-style-xclosecircle ):not( .kt-accodion-icon-style-arrowcircle ) .kt-accordion-header-wrap .kt-blocks-accordion-header:hover .kt-blocks-accordion-icon-trigger:before, body:not(.hide-focus-outline) .kt-accordion-id41761_b00607-7f:not( .kt-accodion-icon-style-basiccircle ):not( .kt-accodion-icon-style-xclosecircle ):not( .kt-accodion-icon-style-arrowcircle ) .kt-blocks-accordion--visible .kt-blocks-accordion-icon-trigger:after, body:not(.hide-focus-outline) .kt-accordion-id41761_b00607-7f:not( .kt-accodion-icon-style-basiccircle ):not( .kt-accodion-icon-style-xclosecircle ):not( .kt-accodion-icon-style-arrowcircle ) .kt-blocks-accordion-header:focus-visible .kt-blocks-accordion-icon-trigger:before{background:#001f67;}.kt-accordion-id41761_b00607-7f:not( .kt-accodion-icon-style-basic ):not( .kt-accodion-icon-style-xclose ):not( .kt-accodion-icon-style-arrow ) .kt-accordion-header-wrap .kt-blocks-accordion-header:hover .kt-blocks-accordion-icon-trigger, body:not(.hide-focus-outline) .kt-accordion-id41761_b00607-7f:not( .kt-accodion-icon-style-basic ):not( .kt-accodion-icon-style-xclose ):not( .kt-accodion-icon-style-arrow ) .kt-accordion-header-wrap .kt-blocks-accordion-header:focus-visible .kt-blocks-accordion-icon-trigger{background:#001f67;}.kt-accordion-id41761_b00607-7f:not( .kt-accodion-icon-style-basic ):not( .kt-accodion-icon-style-xclose ):not( .kt-accodion-icon-style-arrow ) .kt-accordion-header-wrap .kt-blocks-accordion-header:hover .kt-blocks-accordion-icon-trigger:after, .kt-accordion-id41761_b00607-7f:not( .kt-accodion-icon-style-basic ):not( .kt-accodion-icon-style-xclose ):not( .kt-accodion-icon-style-arrow ) .kt-accordion-header-wrap .kt-blocks-accordion-header:hover .kt-blocks-accordion-icon-trigger:before, body:not(.hide-focus-outline) .kt-accordion-id41761_b00607-7f:not( .kt-accodion-icon-style-basic ):not( .kt-accodion-icon-style-xclose ):not( .kt-accodion-icon-style-arrow ) .kt-accordion-header-wrap .kt-blocks-accordion-header:focus-visible .kt-blocks-accordion-icon-trigger:after, body:not(.hide-focus-outline) .kt-accordion-id41761_b00607-7f:not( .kt-accodion-icon-style-basic ):not( .kt-accodion-icon-style-xclose ):not( .kt-accodion-icon-style-arrow ) .kt-accordion-header-wrap .kt-blocks-accordion-header:focus-visible .kt-blocks-accordion-icon-trigger:before{background:var(--global-palette8, #F7FAFC);}.kt-accordion-id41761_b00607-7f .kt-accordion-header-wrap .kt-blocks-accordion-header:focus-visible,\n\t\t\t\t.kt-accordion-id41761_b00607-7f > .kt-accordion-inner-wrap > .wp-block-kadence-pane > .kt-accordion-header-wrap > .kt-blocks-accordion-header.kt-accordion-panel-active{color:#ffffff;background:#001f67;border-top:1px solid var(--global-palette7, #EDF2F7);border-right:1px solid var(--global-palette7, #EDF2F7);border-bottom:1px solid var(--global-palette7, #EDF2F7);border-left:1px solid var(--global-palette7, #EDF2F7);}.kt-accordion-id41761_b00607-7f:not( .kt-accodion-icon-style-basiccircle ):not( .kt-accodion-icon-style-xclosecircle ):not( .kt-accodion-icon-style-arrowcircle )  > .kt-accordion-inner-wrap > .wp-block-kadence-pane > .kt-accordion-header-wrap > .kt-blocks-accordion-header.kt-accordion-panel-active .kt-blocks-accordion-icon-trigger:after, .kt-accordion-id41761_b00607-7f:not( .kt-accodion-icon-style-basiccircle ):not( .kt-accodion-icon-style-xclosecircle ):not( .kt-accodion-icon-style-arrowcircle )  > .kt-accordion-inner-wrap > .wp-block-kadence-pane > .kt-accordion-header-wrap > .kt-blocks-accordion-header.kt-accordion-panel-active .kt-blocks-accordion-icon-trigger:before{background:#ffffff;}.kt-accordion-id41761_b00607-7f:not( .kt-accodion-icon-style-basic ):not( .kt-accodion-icon-style-xclose ):not( .kt-accodion-icon-style-arrow ) .kt-blocks-accordion-header.kt-accordion-panel-active .kt-blocks-accordion-icon-trigger{background:#ffffff;}.kt-accordion-id41761_b00607-7f:not( .kt-accodion-icon-style-basic ):not( .kt-accodion-icon-style-xclose ):not( .kt-accodion-icon-style-arrow ) .kt-blocks-accordion-header.kt-accordion-panel-active .kt-blocks-accordion-icon-trigger:after, .kt-accordion-id41761_b00607-7f:not( .kt-accodion-icon-style-basic ):not( .kt-accodion-icon-style-xclose ):not( .kt-accodion-icon-style-arrow ) .kt-blocks-accordion-header.kt-accordion-panel-active .kt-blocks-accordion-icon-trigger:before{background:#001f67;}@media all and (max-width: 1024px){.kt-accordion-id41761_b00607-7f .kt-accordion-panel-inner{border-top:0px solid transparent;border-right:0px solid transparent;border-bottom:0px solid transparent;border-left:0px solid transparent;}}@media all and (max-width: 1024px){.kt-accordion-id41761_b00607-7f > .kt-accordion-inner-wrap > .wp-block-kadence-pane > .kt-accordion-header-wrap > .kt-blocks-accordion-header{border-top:1px solid #001f67;border-right:1px solid #001f67;border-bottom:1px solid #001f67;border-left:1px solid #001f67;}}@media all and (max-width: 1024px){.kt-accordion-id41761_b00607-7f > .kt-accordion-inner-wrap > .wp-block-kadence-pane > .kt-accordion-header-wrap > .kt-blocks-accordion-header:hover, \n\t\t\t\tbody:not(.hide-focus-outline) .kt-accordion-id41761_b00607-7f .kt-blocks-accordion-header:focus-visible{border-top:1px solid #878787;border-right:1px solid #878787;border-bottom:1px solid #878787;border-left:1px solid #878787;}}@media all and (max-width: 1024px){.kt-accordion-id41761_b00607-7f .kt-accordion-header-wrap .kt-blocks-accordion-header:focus-visible,\n\t\t\t\t.kt-accordion-id41761_b00607-7f > .kt-accordion-inner-wrap > .wp-block-kadence-pane > .kt-accordion-header-wrap > .kt-blocks-accordion-header.kt-accordion-panel-active{border-top:1px solid var(--global-palette7, #EDF2F7);border-right:1px solid var(--global-palette7, #EDF2F7);border-bottom:1px solid var(--global-palette7, #EDF2F7);border-left:1px solid var(--global-palette7, #EDF2F7);}}@media all and (max-width: 767px){.kt-accordion-id41761_b00607-7f .kt-accordion-inner-wrap{display:block;}.kt-accordion-id41761_b00607-7f .kt-accordion-inner-wrap .kt-accordion-pane:not(:first-child){margin-top:10px;}.kt-accordion-id41761_b00607-7f .kt-accordion-panel-inner{border-top:0px solid transparent;border-right:0px solid transparent;border-bottom:0px solid transparent;border-left:0px solid transparent;}.kt-accordion-id41761_b00607-7f > .kt-accordion-inner-wrap > .wp-block-kadence-pane > .kt-accordion-header-wrap > .kt-blocks-accordion-header{border-top:1px solid #001f67;border-right:1px solid #001f67;border-bottom:1px solid #001f67;border-left:1px solid #001f67;}.kt-accordion-id41761_b00607-7f > .kt-accordion-inner-wrap > .wp-block-kadence-pane > .kt-accordion-header-wrap > .kt-blocks-accordion-header:hover, \n\t\t\t\tbody:not(.hide-focus-outline) .kt-accordion-id41761_b00607-7f .kt-blocks-accordion-header:focus-visible{border-top:1px solid #878787;border-right:1px solid #878787;border-bottom:1px solid #878787;border-left:1px solid #878787;}.kt-accordion-id41761_b00607-7f .kt-accordion-header-wrap .kt-blocks-accordion-header:focus-visible,\n\t\t\t\t.kt-accordion-id41761_b00607-7f > .kt-accordion-inner-wrap > .wp-block-kadence-pane > .kt-accordion-header-wrap > .kt-blocks-accordion-header.kt-accordion-panel-active{border-top:1px solid var(--global-palette7, #EDF2F7);border-right:1px solid var(--global-palette7, #EDF2F7);border-bottom:1px solid var(--global-palette7, #EDF2F7);border-left:1px solid var(--global-palette7, #EDF2F7);}}<\/style>\n<div class=\"wp-block-kadence-accordion alignnone\"><div class=\"kt-accordion-wrap kt-accordion-id41761_b00607-7f kt-accordion-has-3-panes kt-active-pane-0 kt-accordion-block kt-pane-header-alignment-left kt-accodion-icon-style-basic kt-accodion-icon-side-right\" style=\"max-width:none\"><div class=\"kt-accordion-inner-wrap\" data-allow-multiple-open=\"true\" data-start-open=\"none\">\n<div class=\"wp-block-kadence-pane kt-accordion-pane kt-accordion-pane-3 kt-pane41761_417c9b-14\"><h2 class=\"kt-accordion-header-wrap\"><button class=\"kt-blocks-accordion-header kt-acccordion-button-label-show\" type=\"button\"><span class=\"kt-blocks-accordion-title-wrap\"><span class=\"kt-blocks-accordion-title\">Guide p\u00e9dagogique pour le cycle moyen<\/span><\/span><span class=\"kt-blocks-accordion-icon-trigger\"><\/span><\/button><\/h2><div class=\"kt-accordion-panel kt-accordion-panel-hidden\"><div class=\"kt-accordion-panel-inner\">\n<ul class=\"wp-block-list\">\n<li><a href=\"https:\/\/drive.google.com\/drive\/folders\/1VweyLtC2Mrei3Y8pbARoDREXet1hxhl3?usp=drive_link\" data-type=\"link\" data-id=\"https:\/\/drive.google.com\/drive\/folders\/1VweyLtC2Mrei3Y8pbARoDREXet1hxhl3?usp=drive_link\" target=\"_blank\" rel=\"noreferrer noopener\">Guide p\u00e9dagogique pour le cycle moyen &#8211;  Apprendre, lire et grandir<\/a><\/li>\n<\/ul>\n<\/div><\/div><\/div>\n\n\n\n<div class=\"wp-block-kadence-pane kt-accordion-pane kt-accordion-pane-2 kt-pane41761_1c328e-b8\"><h2 class=\"kt-accordion-header-wrap\"><button class=\"kt-blocks-accordion-header kt-acccordion-button-label-show\" type=\"button\"><span class=\"kt-blocks-accordion-title-wrap\"><span class=\"kt-blocks-accordion-title\">Oganisateurs &#8211; TIDE-L<\/span><\/span><span class=\"kt-blocks-accordion-icon-trigger\"><\/span><\/button><\/h2><div class=\"kt-accordion-panel kt-accordion-panel-hidden\"><div class=\"kt-accordion-panel-inner\">\n<ul class=\"wp-block-list\">\n<li><a href=\"https:\/\/drive.google.com\/drive\/folders\/1KIwcDI3vmRgBnY53JxRaxsKf0CaojvaK?usp=drive_link\" target=\"_blank\" data-type=\"link\" data-id=\"https:\/\/drive.google.com\/drive\/folders\/1KIwcDI3vmRgBnY53JxRaxsKf0CaojvaK?usp=drive_link\" rel=\"noreferrer noopener\">Organisateurs &#8211; TIDE-L<\/a><\/li>\n<\/ul>\n<\/div><\/div><\/div>\n\n\n\n<div class=\"wp-block-kadence-pane kt-accordion-pane kt-accordion-pane-1 kt-pane41761_19c817-fe\"><h2 class=\"kt-accordion-header-wrap\"><button class=\"kt-blocks-accordion-header kt-acccordion-button-label-show\" type=\"button\"><span class=\"kt-blocks-accordion-title-wrap\"><span class=\"kt-blocks-accordion-title\">Gabarits syntaxique<\/span><\/span><span class=\"kt-blocks-accordion-icon-trigger\"><\/span><\/button><\/h2><div class=\"kt-accordion-panel kt-accordion-panel-hidden\"><div class=\"kt-accordion-panel-inner\">\n<ul class=\"wp-block-list\">\n<li><a href=\"https:\/\/drive.google.com\/drive\/folders\/1W5KZzoHN772GRK9HVKIda9HKYe4IAHOA?usp=drive_link\" target=\"_blank\" data-type=\"link\" data-id=\"https:\/\/drive.google.com\/drive\/folders\/1W5KZzoHN772GRK9HVKIda9HKYe4IAHOA?usp=drive_link\" rel=\"noreferrer noopener\">Gabarits syntaxique<\/a><\/li>\n<\/ul>\n<\/div><\/div><\/div>\n<\/div><\/div><\/div>\n\n\n\n<h3 class=\"wp-block-heading\">L\u2019\u00e9criture structur\u00e9e &#8211; 6e ann\u00e9e<\/h3>\n\n\n\n<p>L\u2019\u00e9criture structur\u00e9e en 6e ann\u00e9e met l\u2019accent sur l\u2019utilisation de l\u2019\u00e9criture pour clarifier la pens\u00e9e, int\u00e9grer l\u2019information et communiquer sa compr\u00e9hension avec pr\u00e9cision. \u00c0 travers un cycle d\u2019\u00e9criture guid\u00e9, les \u00e9l\u00e8ves examinent des textes mod\u00e8les afin d\u2019analyser la mani\u00e8re dont les auteurs et autrices d\u00e9veloppent des explications, \u00e9tablissent des liens entre les id\u00e9es d\u2019un paragraphe \u00e0 l\u2019autre et utilisent le langage de fa\u00e7on intentionnelle pour transmettre le sens. <\/p>\n\n\n\n<p>Les \u00e9l\u00e8ves r\u00e9investissent ensuite ces structures dans leur propres productions \u00e9crites gr\u00e2ce \u00e0 un accompagnement lors de la planification, de la r\u00e9daction et de la r\u00e9vision, appuy\u00e9 par des exemplaires, un enseignement explicite de vocabulaire et des pratiques guid\u00e9es. L\u2019\u00e9criture devient ainsi un outil pour consolider les apprentissages, soutenir une compr\u00e9hension approfondie et favoriser une application de plus en plus autonome des connaissances \u00e0 travers les domaines d\u2019apprentissage.<\/p>\n\n\n\n<h3 class=\"wp-block-heading\">La fluidit\u00e9 en perspective \u2013 6e ann\u00e9e<\/h3>\n\n\n\n<p>La fluidit\u00e9 en perspective soutient le d\u00e9veloppement d\u2019une lecture pr\u00e9cise, efficace et expressive. Chaque passage de fluidit\u00e9 est con\u00e7u pour \u00eatre utilis\u00e9 avec la Routine de fluidit\u00e9 rapide et pratiqu\u00e9 de fa\u00e7on r\u00e9p\u00e9t\u00e9e tout au long de la semaine afin de d\u00e9velopper l\u2019automatisation et la confiance en lecture. <\/p>\n\n\n\n<p>\u00c0 mesure que les \u00e9l\u00e8ves abordent des textes de plus en plus complexes \u00e0 travers le programme-cadre, la fluidit\u00e9 joue un r\u00f4le essentiel en lib\u00e9rant des ressources cognitives au service de la compr\u00e9hension et de la construction du sens. Une pratique r\u00e9guli\u00e8re de la fluidit\u00e9 favorise une lecture plus fluide, une meilleure compr\u00e9hension et une plus grande aisance \u00e0 s\u2019engager avec des textes de niveau scolaire dans diff\u00e9rents domaines d\u2019apprentissage.<\/p>\n\n\n\n<h3 class=\"wp-block-heading\">Unit\u00e9s en 6e ann\u00e9e<\/h3>\n\n\n\n<ul class=\"wp-block-list\">\n<li>Unit\u00e9 1 : <a href=\"https:\/\/onlit.org\/fr\/apprendre-lire-et-grandir\/6e-annee\/la-convention-relative-aux-droits-de-lenfant\/\" data-type=\"page\" data-id=\"41739\" target=\"_blank\" rel=\"noreferrer noopener\">La Convention relative aux droits de l\u2019enfant<\/a><\/li>\n\n\n\n<li>Unit\u00e9 2: <a href=\"https:\/\/onlit.org\/fr\/apprendre-lire-et-grandir\/6e-annee\/comment-les-animaux-volent\/\" data-type=\"page\" data-id=\"42169\">Comment les animaux volent<\/a><\/li>\n\n\n\n<li>Unit\u00e9 3: <a href=\"https:\/\/onlit.org\/fr\/apprendre-lire-et-grandir\/6e-annee\/la-declaration-universelle-des-droits-de-lhomme\/\" data-type=\"page\" data-id=\"42174\">La D\u00e9claration universelle des droits de l\u2019homme<\/a><\/li>\n\n\n\n<li>Unit\u00e9 4: <a href=\"https:\/\/onlit.org\/fr\/apprendre-lire-et-grandir\/6e-annee\/les-penuries-alimentaires-mondiales\/\" data-type=\"page\" data-id=\"42179\">Les p\u00e9nuries alimentaires mondiales<\/a><\/li>\n<\/ul>\n\n\n\n<p><\/p>\n","protected":false},"excerpt":{"rendered":"<p>6e ann\u00e9e &#8211; Apprendre, lire et grandir Apprendre, lire et grandir &#8211; 6e ann\u00e9e soutient les \u00e9l\u00e8ves dans le renforcement de la compr\u00e9hension et des apprentissages disciplinaires par des pratiques&#8230;<\/p>\n","protected":false},"author":32,"featured_media":0,"parent":40815,"menu_order":0,"comment_status":"closed","ping_status":"closed","template":"","meta":{"_acf_changed":false,"_kad_post_transparent":"","_kad_post_title":"","_kad_post_layout":"","_kad_post_sidebar_id":"","_kad_post_content_style":"","_kad_post_vertical_padding":"","_kad_post_feature":"","_kad_post_feature_position":"","_kad_post_header":false,"_kad_post_footer":false,"_kad_post_classname":"","footnotes":""},"content-language":[508,509],"class_list":["post-41291","page","type-page","status-publish","hentry","content-language-anglais","content-language-francais"],"acf":[],"_links":{"self":[{"href":"https:\/\/onlit.org\/fr\/wp-json\/wp\/v2\/pages\/41291","targetHints":{"allow":["GET"]}}],"collection":[{"href":"https:\/\/onlit.org\/fr\/wp-json\/wp\/v2\/pages"}],"about":[{"href":"https:\/\/onlit.org\/fr\/wp-json\/wp\/v2\/types\/page"}],"author":[{"embeddable":true,"href":"https:\/\/onlit.org\/fr\/wp-json\/wp\/v2\/users\/32"}],"replies":[{"embeddable":true,"href":"https:\/\/onlit.org\/fr\/wp-json\/wp\/v2\/comments?post=41291"}],"version-history":[{"count":10,"href":"https:\/\/onlit.org\/fr\/wp-json\/wp\/v2\/pages\/41291\/revisions"}],"predecessor-version":[{"id":42968,"href":"https:\/\/onlit.org\/fr\/wp-json\/wp\/v2\/pages\/41291\/revisions\/42968"}],"up":[{"embeddable":true,"href":"https:\/\/onlit.org\/fr\/wp-json\/wp\/v2\/pages\/40815"}],"wp:attachment":[{"href":"https:\/\/onlit.org\/fr\/wp-json\/wp\/v2\/media?parent=41291"}],"wp:term":[{"taxonomy":"content-language","embeddable":true,"href":"https:\/\/onlit.org\/fr\/wp-json\/wp\/v2\/content-language?post=41291"}],"curies":[{"name":"wp","href":"https:\/\/api.w.org\/{rel}","templated":true}]}}