{"id":40824,"date":"2025-12-08T11:22:34","date_gmt":"2025-12-08T16:22:34","guid":{"rendered":"https:\/\/onlit.org\/?page_id=40824"},"modified":"2026-04-17T15:54:01","modified_gmt":"2026-04-17T19:54:01","slug":"9e-annee","status":"publish","type":"page","link":"https:\/\/onlit.org\/fr\/apprendre-lire-et-grandir\/9e-annee\/","title":{"rendered":"9e ann\u00e9e"},"content":{"rendered":"\n<h2 class=\"wp-block-heading\">9e ann\u00e9e &#8211; Apprendre, lire et grandir<\/h2>\n\n\n\n<p>Les textes et les le\u00e7ons propos\u00e9s dans cette ressource constituent des points de d\u00e9part que nous jugeons pertinents dans le contexte actuel en Ontario, pour les \u00e9l\u00e8ves de 9e ann\u00e9e.<\/p>\n\n\n\n<p>La collecte de donn\u00e9es d\u2019\u00e9valuation, tant formelles qu\u2019informelles, est essentielle pour d\u00e9terminer les prochaines \u00e9tapes d\u2019apprentissage et soutenir le d\u00e9veloppement de la pens\u00e9e, de la lecture et de l\u2019\u00e9criture.<\/p>\n\n\n\n<p>Selon le contexte, certaines personnes apprenantes &#8211; voire des groupes entiers &#8211; peuvent ne pas poss\u00e9der des connaissances pr\u00e9alables n\u00e9cessaires pour s\u2019engager pleinement dans les le\u00e7ons propos\u00e9es, notamment en ce qui concerne la syntaxe. Afin de favoriser un engagement optimal dans les diff\u00e9rentes composantes des le\u00e7ons, certaines connaissances de base sont requises, tant chez le personnel enseignant que chez les \u00e9l\u00e8ves. <\/p>\n\n\n\n<p>Le document <em>Aper\u00e7u de la syntaxe et connaissances pr\u00e9alables<\/em> (\u00e0 venir) pr\u00e9sente les connaissances et les comp\u00e9tences n\u00e9cessaires avant la mise en \u0153uvre des le\u00e7ons propos\u00e9es dans cette ressource.<\/p>\n\n\n\n<h3 class=\"wp-block-heading\">Unit\u00e9s en 9e ann\u00e9e<\/h3>\n\n\n\n<ul class=\"wp-block-list\">\n<li><strong>Unit\u00e9 1 :<\/strong> <a href=\"https:\/\/onlit.org\/fr\/apprendre-lire-et-grandir\/9e-annee\/les-recits-personnels-et-le-pouvoir-de-la-memoire\/\" data-type=\"page\" data-id=\"40835\">Les r\u00e9cits personnels et le pouvoir de la m\u00e9moire<\/a><\/li>\n\n\n\n<li><strong>Unit\u00e9 2:<\/strong> Textes informatifs et identit\u00e9 &#8211; \u00c0 venir<\/li>\n\n\n\n<li><strong>Unit\u00e9 3:<\/strong> \u00c0 venir<\/li>\n<\/ul>\n\n\n\n<p><\/p>\n","protected":false},"excerpt":{"rendered":"<p>9e ann\u00e9e &#8211; Apprendre, lire et grandir Les textes et les le\u00e7ons propos\u00e9s dans cette ressource constituent des points de d\u00e9part que nous jugeons pertinents dans le contexte actuel en&#8230;<\/p>\n","protected":false},"author":32,"featured_media":0,"parent":40815,"menu_order":0,"comment_status":"closed","ping_status":"closed","template":"","meta":{"_acf_changed":false,"_kad_post_transparent":"","_kad_post_title":"","_kad_post_layout":"","_kad_post_sidebar_id":"","_kad_post_content_style":"","_kad_post_vertical_padding":"","_kad_post_feature":"","_kad_post_feature_position":"","_kad_post_header":false,"_kad_post_footer":false,"_kad_post_classname":"","footnotes":""},"content-language":[509],"class_list":["post-40824","page","type-page","status-publish","hentry","content-language-francais"],"acf":[],"_links":{"self":[{"href":"https:\/\/onlit.org\/fr\/wp-json\/wp\/v2\/pages\/40824","targetHints":{"allow":["GET"]}}],"collection":[{"href":"https:\/\/onlit.org\/fr\/wp-json\/wp\/v2\/pages"}],"about":[{"href":"https:\/\/onlit.org\/fr\/wp-json\/wp\/v2\/types\/page"}],"author":[{"embeddable":true,"href":"https:\/\/onlit.org\/fr\/wp-json\/wp\/v2\/users\/32"}],"replies":[{"embeddable":true,"href":"https:\/\/onlit.org\/fr\/wp-json\/wp\/v2\/comments?post=40824"}],"version-history":[{"count":13,"href":"https:\/\/onlit.org\/fr\/wp-json\/wp\/v2\/pages\/40824\/revisions"}],"predecessor-version":[{"id":42914,"href":"https:\/\/onlit.org\/fr\/wp-json\/wp\/v2\/pages\/40824\/revisions\/42914"}],"up":[{"embeddable":true,"href":"https:\/\/onlit.org\/fr\/wp-json\/wp\/v2\/pages\/40815"}],"wp:attachment":[{"href":"https:\/\/onlit.org\/fr\/wp-json\/wp\/v2\/media?parent=40824"}],"wp:term":[{"taxonomy":"content-language","embeddable":true,"href":"https:\/\/onlit.org\/fr\/wp-json\/wp\/v2\/content-language?post=40824"}],"curies":[{"name":"wp","href":"https:\/\/api.w.org\/{rel}","templated":true}]}}