{"id":38746,"date":"2025-05-22T11:16:36","date_gmt":"2025-05-22T15:16:36","guid":{"rendered":"https:\/\/onlit.org\/?page_id=38746"},"modified":"2026-04-10T14:00:33","modified_gmt":"2026-04-10T18:00:33","slug":"8e-annee","status":"publish","type":"page","link":"https:\/\/onlit.org\/fr\/ecrire-avec-lapproche-thinksrsd\/8e-annee\/","title":{"rendered":"8e ann\u00e9e"},"content":{"rendered":"\t\t<div data-elementor-type=\"wp-page\" data-elementor-id=\"38746\" class=\"elementor elementor-38746\" data-elementor-post-type=\"page\">\n\t\t\t\t<div class=\"elementor-element elementor-element-6f0ee26 e-flex e-con-boxed e-con e-parent\" data-id=\"6f0ee26\" data-element_type=\"container\" data-e-type=\"container\">\n\t\t\t\t\t<div class=\"e-con-inner\">\n\t\t\t\t<div class=\"elementor-element elementor-element-33828ff elementor-widget elementor-widget-heading\" data-id=\"33828ff\" data-element_type=\"widget\" data-e-type=\"widget\" data-widget_type=\"heading.default\">\n\t\t\t\t<div class=\"elementor-widget-container\">\n\t\t\t\t\t<h2 class=\"elementor-heading-title elementor-size-default\">8e ann\u00e9e<\/h2>\t\t\t\t<\/div>\n\t\t\t\t<\/div>\n\t\t\t\t<div class=\"elementor-element elementor-element-c3930e2 elementor-widget elementor-widget-text-editor\" data-id=\"c3930e2\" data-element_type=\"widget\" data-e-type=\"widget\" data-widget_type=\"text-editor.default\">\n\t\t\t\t<div class=\"elementor-widget-container\">\n\t\t\t\t\t\t\t\t\t<p>En huiti\u00e8me ann\u00e9e, thinkSRSD aide les \u00e9l\u00e8ves \u00e0 perfectionner leurs comp\u00e9tences en \u00e9criture en les guidant dans la structuration de textes plus d\u00e9taill\u00e9s. Les \u00e9l\u00e8ves auront l\u2019occasion de d\u00e9velopper leurs id\u00e9es de mani\u00e8re plus approfondie, en int\u00e9grant des exemples personnels et des recherches sur Malala pour \u00e9tayer leurs arguments. Gr\u00e2ce aux strat\u00e9gies de thinkSRSD, les \u00e9l\u00e8ves structureront des textes plus nuanc\u00e9s, r\u00e9fl\u00e9chis et bien document\u00e9s.\u00a0\u00a0<\/p>\t\t\t\t\t\t\t\t<\/div>\n\t\t\t\t<\/div>\n\t\t\t\t<div class=\"elementor-element elementor-element-2ebd1b9 elementor-widget elementor-widget-heading\" data-id=\"2ebd1b9\" data-element_type=\"widget\" data-e-type=\"widget\" data-widget_type=\"heading.default\">\n\t\t\t\t<div class=\"elementor-widget-container\">\n\t\t\t\t\t<h2 class=\"elementor-heading-title elementor-size-default\">Ressources<\/h2>\t\t\t\t<\/div>\n\t\t\t\t<\/div>\n\t\t\t\t<div class=\"elementor-element elementor-element-e336317 elementor-widget elementor-widget-text-editor\" data-id=\"e336317\" data-element_type=\"widget\" data-e-type=\"widget\" data-widget_type=\"text-editor.default\">\n\t\t\t\t<div class=\"elementor-widget-container\">\n\t\t\t\t\t\t\t\t\t<ul><li style=\"list-style-type: none;\"><ul><li>\u00c9crire avec thinkSRSD &#8211; 8e ann\u00e9e &#8211; Guide compl\u00e8t &#8211; temporairement indisponible<\/li><li><a href=\"https:\/\/drive.google.com\/drive\/folders\/1hFXMuAJhfGAd4ynNRmsQvfpDKe60bTqQ?usp=drive_link\" target=\"_blank\" rel=\"noopener\">Ressources transversales<\/a><\/li><li><a href=\"https:\/\/drive.google.com\/file\/d\/1t6FeqTfSy_u0JoaXvZ829RxvsRLlQNQW\/view?usp=drive_link\" target=\"_blank\" rel=\"noopener\">Mat\u00e9riels pour le personnel enseignant &#8211; Malala<\/a><\/li><li>Texte mod\u00e8le &#8211; Une fois victime d&rsquo;une balle &#8211; temporairement indisponible<\/li><li><a href=\"https:\/\/drive.google.com\/file\/d\/1Gu0RJwUWUxNy9NWN91py4IS2sVidKArU\/view?usp=drive_link\" target=\"_blank\" rel=\"noopener\">Texte mod\u00e8le &#8211; Extraits de l&rsquo;autobiographie Moi, Malala<\/a><\/li><li><a href=\"https:\/\/docs.google.com\/document\/d\/1lh7VL59sTHWSaxJwoUCgoyTTQCmS6ucBdm8vJBqU3Ls\/edit?usp=drive_link\" target=\"_blank\" rel=\"noopener\">Exemplaires &#8211; Malala<\/a>\u00a0<\/li><li><a href=\"https:\/\/docs.google.com\/document\/d\/1EDiSAZ5QdGuwcgtGmP2I8PK_Pl9Pf7MZqysx8Wlkdog\/edit?usp=drive_link\" target=\"_blank\" rel=\"noopener\">Pr\u00e9\u00e9valuation<\/a><\/li><li><a href=\"https:\/\/drive.google.com\/file\/d\/1Di8URcsr8krzApK-BsT1EHxWx3B7m-wp\/view?usp=drive_link\" target=\"_blank\" rel=\"noopener\">Grille d\u2019\u00e9valuation<\/a>\u00a0<\/li><li><a href=\"https:\/\/docs.google.com\/document\/d\/1UeWpvwJ0ethqpuwPT6Mk9ahbtKHBvTvz0C2A5dHACcg\/edit?usp=drive_link\" target=\"_blank\" rel=\"noopener\">R\u00e9flexion sur mon \u00e9criture<\/a><\/li><\/ul><\/li><\/ul>\t\t\t\t\t\t\t\t<\/div>\n\t\t\t\t<\/div>\n\t\t\t\t\t<\/div>\n\t\t\t\t<\/div>\n\t\t\t\t<\/div>\n\t\t","protected":false},"excerpt":{"rendered":"<p>8e ann\u00e9e En huiti\u00e8me ann\u00e9e, thinkSRSD aide les \u00e9l\u00e8ves \u00e0 perfectionner leurs comp\u00e9tences en \u00e9criture en les guidant dans la structuration de textes plus d\u00e9taill\u00e9s. Les \u00e9l\u00e8ves auront l\u2019occasion de&#8230;<\/p>\n","protected":false},"author":32,"featured_media":38725,"parent":38724,"menu_order":0,"comment_status":"closed","ping_status":"closed","template":"","meta":{"_acf_changed":false,"_kad_post_transparent":"","_kad_post_title":"hide","_kad_post_layout":"fullwidth","_kad_post_sidebar_id":"","_kad_post_content_style":"unboxed","_kad_post_vertical_padding":"hide","_kad_post_feature":"hide","_kad_post_feature_position":"","_kad_post_header":false,"_kad_post_footer":false,"_kad_post_classname":"","footnotes":""},"content-language":[509],"class_list":["post-38746","page","type-page","status-publish","has-post-thumbnail","hentry","content-language-francais"],"acf":[],"_links":{"self":[{"href":"https:\/\/onlit.org\/fr\/wp-json\/wp\/v2\/pages\/38746","targetHints":{"allow":["GET"]}}],"collection":[{"href":"https:\/\/onlit.org\/fr\/wp-json\/wp\/v2\/pages"}],"about":[{"href":"https:\/\/onlit.org\/fr\/wp-json\/wp\/v2\/types\/page"}],"author":[{"embeddable":true,"href":"https:\/\/onlit.org\/fr\/wp-json\/wp\/v2\/users\/32"}],"replies":[{"embeddable":true,"href":"https:\/\/onlit.org\/fr\/wp-json\/wp\/v2\/comments?post=38746"}],"version-history":[{"count":13,"href":"https:\/\/onlit.org\/fr\/wp-json\/wp\/v2\/pages\/38746\/revisions"}],"predecessor-version":[{"id":42757,"href":"https:\/\/onlit.org\/fr\/wp-json\/wp\/v2\/pages\/38746\/revisions\/42757"}],"up":[{"embeddable":true,"href":"https:\/\/onlit.org\/fr\/wp-json\/wp\/v2\/pages\/38724"}],"wp:featuredmedia":[{"embeddable":true,"href":"https:\/\/onlit.org\/fr\/wp-json\/wp\/v2\/media\/38725"}],"wp:attachment":[{"href":"https:\/\/onlit.org\/fr\/wp-json\/wp\/v2\/media?parent=38746"}],"wp:term":[{"taxonomy":"content-language","embeddable":true,"href":"https:\/\/onlit.org\/fr\/wp-json\/wp\/v2\/content-language?post=38746"}],"curies":[{"name":"wp","href":"https:\/\/api.w.org\/{rel}","templated":true}]}}