{"id":38744,"date":"2025-05-22T11:16:01","date_gmt":"2025-05-22T15:16:01","guid":{"rendered":"https:\/\/onlit.org\/?page_id=38744"},"modified":"2026-04-10T13:59:37","modified_gmt":"2026-04-10T17:59:37","slug":"7e-annee","status":"publish","type":"page","link":"https:\/\/onlit.org\/fr\/ecrire-avec-lapproche-thinksrsd\/7e-annee\/","title":{"rendered":"7e ann\u00e9e"},"content":{"rendered":"\t\t<div data-elementor-type=\"wp-page\" data-elementor-id=\"38744\" class=\"elementor elementor-38744\" data-elementor-post-type=\"page\">\n\t\t\t\t<div class=\"elementor-element elementor-element-304abc2 e-flex e-con-boxed e-con e-parent\" data-id=\"304abc2\" data-element_type=\"container\" data-e-type=\"container\">\n\t\t\t\t\t<div class=\"e-con-inner\">\n\t\t\t\t<div class=\"elementor-element elementor-element-af87450 elementor-widget elementor-widget-heading\" data-id=\"af87450\" data-element_type=\"widget\" data-e-type=\"widget\" data-widget_type=\"heading.default\">\n\t\t\t\t<div class=\"elementor-widget-container\">\n\t\t\t\t\t<h2 class=\"elementor-heading-title elementor-size-default\">7e ann\u00e9e<\/h2>\t\t\t\t<\/div>\n\t\t\t\t<\/div>\n\t\t\t\t<div class=\"elementor-element elementor-element-fc40798 elementor-widget elementor-widget-text-editor\" data-id=\"fc40798\" data-element_type=\"widget\" data-e-type=\"widget\" data-widget_type=\"text-editor.default\">\n\t\t\t\t<div class=\"elementor-widget-container\">\n\t\t\t\t\t\t\t\t\t<p>En septi\u00e8me ann\u00e9e, thinkSRSD aide les \u00e9l\u00e8ves \u00e0 approfondir leurs comp\u00e9tences en \u00e9criture en les guidant dans l\u2019organisation et le d\u00e9veloppement d\u2019id\u00e9es complexes. Nous examinerons comment les \u00e9l\u00e8ves de 7e peuvent d\u00e9velopper leurs id\u00e9es en s\u2019appuyant sur des exemples concrets tir\u00e9s des actions de Malala. \u00c0 travers ce mod\u00e8le, les \u00e9l\u00e8ves apprendront \u00e0 structurer leur r\u00e9flexion, \u00e0 r\u00e9diger un texte coh\u00e9rent et \u00e0 exprimer leur point de vue sur l\u2019impact de Malala dans la lutte pour l\u2019\u00e9ducation.<\/p>\t\t\t\t\t\t\t\t<\/div>\n\t\t\t\t<\/div>\n\t\t\t\t<div class=\"elementor-element elementor-element-7a2e75a elementor-widget elementor-widget-heading\" data-id=\"7a2e75a\" data-element_type=\"widget\" data-e-type=\"widget\" data-widget_type=\"heading.default\">\n\t\t\t\t<div class=\"elementor-widget-container\">\n\t\t\t\t\t<h2 class=\"elementor-heading-title elementor-size-default\">Ressources<\/h2>\t\t\t\t<\/div>\n\t\t\t\t<\/div>\n\t\t\t\t<div class=\"elementor-element elementor-element-e2fdb6e elementor-widget elementor-widget-text-editor\" data-id=\"e2fdb6e\" data-element_type=\"widget\" data-e-type=\"widget\" data-widget_type=\"text-editor.default\">\n\t\t\t\t<div class=\"elementor-widget-container\">\n\t\t\t\t\t\t\t\t\t<ul><li style=\"list-style-type: none;\"><ul><li>\u00c9crire avec thinkSRSD &#8211; 7e ann\u00e9e &#8211; Guide compl\u00e8t &#8211; temporairement indisponible<\/li><li><a href=\"https:\/\/drive.google.com\/drive\/folders\/1hFXMuAJhfGAd4ynNRmsQvfpDKe60bTqQ?usp=drive_link\" target=\"_blank\" rel=\"noopener\">Ressources transversales<\/a><\/li><li><a href=\"https:\/\/drive.google.com\/file\/d\/1kuVSMC1HN2io3Hx8sdHUyafWckxEYLBU\/view?usp=drive_link\" target=\"_blank\" rel=\"noopener\">Mat\u00e9riels pour le personnel enseignant &#8211; Malala<\/a><\/li><li>Texte mod\u00e8le &#8211; Une fois victime d&rsquo;une balle &#8211; temporairement indisponible<\/li><li><a href=\"https:\/\/drive.google.com\/file\/d\/1kDi0r3C4627b5FBX7Yt0G9_IQK9V05MC\/view?usp=drive_link\" target=\"_blank\" rel=\"noopener\">Texte mod\u00e8le &#8211; Extraits de l&rsquo;autobiographie Moi, Malala<\/a><\/li><li><a href=\"https:\/\/docs.google.com\/document\/d\/121jZ6Lx91726Xh9OWgKuU5_hhsqNFr8MkyESQfntVIU\/edit?usp=drive_link\" target=\"_blank\" rel=\"noopener\">Exemplaires &#8211; Malala<\/a>\u00a0<\/li><li><a href=\"https:\/\/docs.google.com\/document\/d\/1Wafw4A8vyLSyqSSk6ccHxei6azqB60e_7X_mjt5I2CM\/edit?usp=drive_link\" target=\"_blank\" rel=\"noopener\">Pr\u00e9\u00e9valuation<\/a><\/li><li><a href=\"https:\/\/drive.google.com\/file\/d\/1Uh4MMm-wOp2TMtrABtP7Z9UYTJsg31vx\/view?usp=drive_link\" target=\"_blank\" rel=\"noopener\">Grille d\u2019\u00e9valuation<\/a>\u00a0<\/li><li><a href=\"https:\/\/docs.google.com\/document\/d\/1-CDPgaYJLKD54IIRlBM1bp0PLfBjaG6Gxmn6d3F8JOc\/edit?usp=drive_link\" target=\"_blank\" rel=\"noopener\">R\u00e9flexion sur mon \u00e9criture<\/a><\/li><\/ul><\/li><\/ul>\t\t\t\t\t\t\t\t<\/div>\n\t\t\t\t<\/div>\n\t\t\t\t\t<\/div>\n\t\t\t\t<\/div>\n\t\t\t\t<\/div>\n\t\t","protected":false},"excerpt":{"rendered":"<p>7e ann\u00e9e En septi\u00e8me ann\u00e9e, thinkSRSD aide les \u00e9l\u00e8ves \u00e0 approfondir leurs comp\u00e9tences en \u00e9criture en les guidant dans l\u2019organisation et le d\u00e9veloppement d\u2019id\u00e9es complexes. Nous examinerons comment les \u00e9l\u00e8ves&#8230;<\/p>\n","protected":false},"author":32,"featured_media":38725,"parent":38724,"menu_order":0,"comment_status":"closed","ping_status":"closed","template":"","meta":{"_acf_changed":false,"_kad_post_transparent":"","_kad_post_title":"hide","_kad_post_layout":"fullwidth","_kad_post_sidebar_id":"","_kad_post_content_style":"unboxed","_kad_post_vertical_padding":"hide","_kad_post_feature":"hide","_kad_post_feature_position":"","_kad_post_header":false,"_kad_post_footer":false,"_kad_post_classname":"","footnotes":""},"content-language":[509],"class_list":["post-38744","page","type-page","status-publish","has-post-thumbnail","hentry","content-language-francais"],"acf":[],"_links":{"self":[{"href":"https:\/\/onlit.org\/fr\/wp-json\/wp\/v2\/pages\/38744","targetHints":{"allow":["GET"]}}],"collection":[{"href":"https:\/\/onlit.org\/fr\/wp-json\/wp\/v2\/pages"}],"about":[{"href":"https:\/\/onlit.org\/fr\/wp-json\/wp\/v2\/types\/page"}],"author":[{"embeddable":true,"href":"https:\/\/onlit.org\/fr\/wp-json\/wp\/v2\/users\/32"}],"replies":[{"embeddable":true,"href":"https:\/\/onlit.org\/fr\/wp-json\/wp\/v2\/comments?post=38744"}],"version-history":[{"count":13,"href":"https:\/\/onlit.org\/fr\/wp-json\/wp\/v2\/pages\/38744\/revisions"}],"predecessor-version":[{"id":42754,"href":"https:\/\/onlit.org\/fr\/wp-json\/wp\/v2\/pages\/38744\/revisions\/42754"}],"up":[{"embeddable":true,"href":"https:\/\/onlit.org\/fr\/wp-json\/wp\/v2\/pages\/38724"}],"wp:featuredmedia":[{"embeddable":true,"href":"https:\/\/onlit.org\/fr\/wp-json\/wp\/v2\/media\/38725"}],"wp:attachment":[{"href":"https:\/\/onlit.org\/fr\/wp-json\/wp\/v2\/media?parent=38744"}],"wp:term":[{"taxonomy":"content-language","embeddable":true,"href":"https:\/\/onlit.org\/fr\/wp-json\/wp\/v2\/content-language?post=38744"}],"curies":[{"name":"wp","href":"https:\/\/api.w.org\/{rel}","templated":true}]}}