{"id":38742,"date":"2025-05-22T11:15:29","date_gmt":"2025-05-22T15:15:29","guid":{"rendered":"https:\/\/onlit.org\/?page_id=38742"},"modified":"2026-04-10T13:58:54","modified_gmt":"2026-04-10T17:58:54","slug":"6e-annee","status":"publish","type":"page","link":"https:\/\/onlit.org\/fr\/ecrire-avec-lapproche-thinksrsd\/6e-annee\/","title":{"rendered":"6e ann\u00e9e"},"content":{"rendered":"\t\t<div data-elementor-type=\"wp-page\" data-elementor-id=\"38742\" class=\"elementor elementor-38742\" data-elementor-post-type=\"page\">\n\t\t\t\t<div class=\"elementor-element elementor-element-f2f124f e-flex e-con-boxed e-con e-parent\" data-id=\"f2f124f\" data-element_type=\"container\" data-e-type=\"container\">\n\t\t\t\t\t<div class=\"e-con-inner\">\n\t\t\t\t<div class=\"elementor-element elementor-element-baf9036 elementor-widget elementor-widget-heading\" data-id=\"baf9036\" data-element_type=\"widget\" data-e-type=\"widget\" data-widget_type=\"heading.default\">\n\t\t\t\t<div class=\"elementor-widget-container\">\n\t\t\t\t\t<h2 class=\"elementor-heading-title elementor-size-default\">6e ann\u00e9e<\/h2>\t\t\t\t<\/div>\n\t\t\t\t<\/div>\n\t\t\t\t<div class=\"elementor-element elementor-element-f19562d elementor-widget elementor-widget-text-editor\" data-id=\"f19562d\" data-element_type=\"widget\" data-e-type=\"widget\" data-widget_type=\"text-editor.default\">\n\t\t\t\t<div class=\"elementor-widget-container\">\n\t\t\t\t\t\t\t\t\t<p>En sixi\u00e8me ann\u00e9e, thinkSRSD aide les \u00e9l\u00e8ves \u00e0 renforcer leurs comp\u00e9tences en \u00e9criture en leur offrant des strat\u00e9gies pour organiser et d\u00e9velopper des id\u00e9es complexes de mani\u00e8re coh\u00e9rente et convaincante. En utilisant un mod\u00e8le de texte, les \u00e9l\u00e8ves exploreront l\u2019impact de Malala, son combat pour l\u2019\u00e9galit\u00e9 des droits, et son r\u00f4le de militante pour l\u2019\u00e9ducation. Gr\u00e2ce aux \u00e9tapes de thinkSRSD, les \u00e9l\u00e8ves apprendront \u00e0 organiser leurs id\u00e9es de mani\u00e8re logique et \u00e0 r\u00e9diger un texte sur l\u2019influence de Malala, tout en d\u00e9veloppant une r\u00e9flexion personnelle sur l\u2019importance de l\u2019\u00e9ducation et de l\u2019\u00e9galit\u00e9. Pr\u00e9parez-vous \u00e0 d\u00e9couvrir l\u2019inspiration que repr\u00e9sente Malala et \u00e0 \u00e9crire un texte poignant et structur\u00e9 !<\/p>\t\t\t\t\t\t\t\t<\/div>\n\t\t\t\t<\/div>\n\t\t\t\t<div class=\"elementor-element elementor-element-32c5db9 elementor-widget elementor-widget-heading\" data-id=\"32c5db9\" data-element_type=\"widget\" data-e-type=\"widget\" data-widget_type=\"heading.default\">\n\t\t\t\t<div class=\"elementor-widget-container\">\n\t\t\t\t\t<h2 class=\"elementor-heading-title elementor-size-default\">Ressources<\/h2>\t\t\t\t<\/div>\n\t\t\t\t<\/div>\n\t\t\t\t<div class=\"elementor-element elementor-element-7160bfc elementor-widget elementor-widget-text-editor\" data-id=\"7160bfc\" data-element_type=\"widget\" data-e-type=\"widget\" data-widget_type=\"text-editor.default\">\n\t\t\t\t<div class=\"elementor-widget-container\">\n\t\t\t\t\t\t\t\t\t<ul><li style=\"list-style-type: none;\"><ul><li>\u00c9crire avec thinkSRSD &#8211; 6e ann\u00e9e &#8211; Guide compl\u00e8t &#8211; temporairement indisponible<\/li><li><a href=\"https:\/\/drive.google.com\/drive\/folders\/1hFXMuAJhfGAd4ynNRmsQvfpDKe60bTqQ?usp=drive_link\" target=\"_blank\" rel=\"noopener\">Ressources transversales<\/a><\/li><li><a href=\"https:\/\/drive.google.com\/file\/d\/1ID_v65RP-_F81q6FCLCWLS2WXz_5zrnt\/view?usp=drive_link\" target=\"_blank\" rel=\"noopener\">Mat\u00e9riels pour le personnel enseignant &#8211; Malala<\/a><\/li><li>Texte mod\u00e8le &#8211; Une fois victime d&rsquo;une balle &#8211; temporairement indisponible<\/li><li><a href=\"https:\/\/drive.google.com\/file\/d\/1o5POXVrU8REvli_96C_LDPCFwhymavlY\/view?usp=drive_link\" target=\"_blank\" rel=\"noopener\">Texte mod\u00e8le &#8211; Extraits de l&rsquo;autobiographie Moi, Malala<\/a><\/li><li><a href=\"https:\/\/docs.google.com\/document\/d\/1gJlXQqXU7CYQlTxIhCwa4FBVImvCYHfBRiVqjynuSUQ\/edit?usp=drive_link\" target=\"_blank\" rel=\"noopener\">Exemplaires &#8211; Malala<\/a>\u00a0<\/li><li><a href=\"https:\/\/docs.google.com\/document\/d\/1gdOfmpKCZrOvDgQ58grBPK52_syj_1HNBCsS7SPJeb0\/edit?usp=drive_link\" target=\"_blank\" rel=\"noopener\">Pr\u00e9\u00e9valuation<\/a><\/li><li><a href=\"https:\/\/drive.google.com\/file\/d\/1dsW8coufS4AVYBK2zPR3e_5NPLXdOaHW\/view?usp=drive_link\" target=\"_blank\" rel=\"noopener\">Grille d\u2019\u00e9valuation<\/a>\u00a0<\/li><li><a href=\"https:\/\/docs.google.com\/document\/d\/11cfXqedOjQ_qQJHZQaacQvs3-55lpn5bT273UbGC5Lk\/edit?usp=drive_link\" target=\"_blank\" rel=\"noopener\">R\u00e9flexion sur mon \u00e9criture<\/a><\/li><\/ul><\/li><\/ul>\t\t\t\t\t\t\t\t<\/div>\n\t\t\t\t<\/div>\n\t\t\t\t\t<\/div>\n\t\t\t\t<\/div>\n\t\t\t\t<\/div>\n\t\t","protected":false},"excerpt":{"rendered":"<p>6e ann\u00e9e En sixi\u00e8me ann\u00e9e, thinkSRSD aide les \u00e9l\u00e8ves \u00e0 renforcer leurs comp\u00e9tences en \u00e9criture en leur offrant des strat\u00e9gies pour organiser et d\u00e9velopper des id\u00e9es complexes de mani\u00e8re coh\u00e9rente&#8230;<\/p>\n","protected":false},"author":32,"featured_media":38725,"parent":38724,"menu_order":0,"comment_status":"closed","ping_status":"closed","template":"","meta":{"_acf_changed":false,"_kad_post_transparent":"","_kad_post_title":"hide","_kad_post_layout":"fullwidth","_kad_post_sidebar_id":"","_kad_post_content_style":"unboxed","_kad_post_vertical_padding":"hide","_kad_post_feature":"hide","_kad_post_feature_position":"","_kad_post_header":false,"_kad_post_footer":false,"_kad_post_classname":"","footnotes":""},"content-language":[509],"class_list":["post-38742","page","type-page","status-publish","has-post-thumbnail","hentry","content-language-francais"],"acf":[],"_links":{"self":[{"href":"https:\/\/onlit.org\/fr\/wp-json\/wp\/v2\/pages\/38742","targetHints":{"allow":["GET"]}}],"collection":[{"href":"https:\/\/onlit.org\/fr\/wp-json\/wp\/v2\/pages"}],"about":[{"href":"https:\/\/onlit.org\/fr\/wp-json\/wp\/v2\/types\/page"}],"author":[{"embeddable":true,"href":"https:\/\/onlit.org\/fr\/wp-json\/wp\/v2\/users\/32"}],"replies":[{"embeddable":true,"href":"https:\/\/onlit.org\/fr\/wp-json\/wp\/v2\/comments?post=38742"}],"version-history":[{"count":13,"href":"https:\/\/onlit.org\/fr\/wp-json\/wp\/v2\/pages\/38742\/revisions"}],"predecessor-version":[{"id":42751,"href":"https:\/\/onlit.org\/fr\/wp-json\/wp\/v2\/pages\/38742\/revisions\/42751"}],"up":[{"embeddable":true,"href":"https:\/\/onlit.org\/fr\/wp-json\/wp\/v2\/pages\/38724"}],"wp:featuredmedia":[{"embeddable":true,"href":"https:\/\/onlit.org\/fr\/wp-json\/wp\/v2\/media\/38725"}],"wp:attachment":[{"href":"https:\/\/onlit.org\/fr\/wp-json\/wp\/v2\/media?parent=38742"}],"wp:term":[{"taxonomy":"content-language","embeddable":true,"href":"https:\/\/onlit.org\/fr\/wp-json\/wp\/v2\/content-language?post=38742"}],"curies":[{"name":"wp","href":"https:\/\/api.w.org\/{rel}","templated":true}]}}