{"id":38740,"date":"2025-05-22T11:14:51","date_gmt":"2025-05-22T15:14:51","guid":{"rendered":"https:\/\/onlit.org\/?page_id=38740"},"modified":"2026-04-10T13:58:05","modified_gmt":"2026-04-10T17:58:05","slug":"5e-annee","status":"publish","type":"page","link":"https:\/\/onlit.org\/fr\/ecrire-avec-lapproche-thinksrsd\/5e-annee\/","title":{"rendered":"5e ann\u00e9e"},"content":{"rendered":"\t\t<div data-elementor-type=\"wp-page\" data-elementor-id=\"38740\" class=\"elementor elementor-38740\" data-elementor-post-type=\"page\">\n\t\t\t\t<div class=\"elementor-element elementor-element-062e670 e-flex e-con-boxed e-con e-parent\" data-id=\"062e670\" data-element_type=\"container\" data-e-type=\"container\">\n\t\t\t\t\t<div class=\"e-con-inner\">\n\t\t\t\t<div class=\"elementor-element elementor-element-1437517 elementor-widget elementor-widget-heading\" data-id=\"1437517\" data-element_type=\"widget\" data-e-type=\"widget\" data-widget_type=\"heading.default\">\n\t\t\t\t<div class=\"elementor-widget-container\">\n\t\t\t\t\t<h2 class=\"elementor-heading-title elementor-size-default\">5e ann\u00e9e<\/h2>\t\t\t\t<\/div>\n\t\t\t\t<\/div>\n\t\t\t\t<div class=\"elementor-element elementor-element-8e7ce47 elementor-widget elementor-widget-text-editor\" data-id=\"8e7ce47\" data-element_type=\"widget\" data-e-type=\"widget\" data-widget_type=\"text-editor.default\">\n\t\t\t\t<div class=\"elementor-widget-container\">\n\t\t\t\t\t\t\t\t\t<p>En cinqui\u00e8me ann\u00e9e, thinkSRSD aide les \u00e9l\u00e8ves \u00e0 d\u00e9velopper des comp\u00e9tences en \u00e9criture plus avanc\u00e9es en leur offrant des strat\u00e9gies pour organiser, exprimer et r\u00e9viser leurs id\u00e9es avec clart\u00e9. En utilisant un mod\u00e8le de texte, les \u00e9l\u00e8ves apprendront \u00e0 d\u00e9crire les menaces auxquelles les manchots du cap font face. Gr\u00e2ce aux strat\u00e9gies de thinkSRSD, les \u00e9l\u00e8ves structureront leurs id\u00e9es pour r\u00e9diger un texte informatif et conscientis\u00e9 sur les manchots du Cap et l\u2019importance de prot\u00e9ger nos oc\u00e9ans. Pr\u00e9parez-vous \u00e0 explorer ce sujet important et \u00e0 \u00e9crire un texte r\u00e9fl\u00e9chi et bien organis\u00e9 !<\/p>\t\t\t\t\t\t\t\t<\/div>\n\t\t\t\t<\/div>\n\t\t\t\t<div class=\"elementor-element elementor-element-7c66394 elementor-widget elementor-widget-heading\" data-id=\"7c66394\" data-element_type=\"widget\" data-e-type=\"widget\" data-widget_type=\"heading.default\">\n\t\t\t\t<div class=\"elementor-widget-container\">\n\t\t\t\t\t<h2 class=\"elementor-heading-title elementor-size-default\">Ressources<\/h2>\t\t\t\t<\/div>\n\t\t\t\t<\/div>\n\t\t\t\t<div class=\"elementor-element elementor-element-5d10a83 elementor-widget elementor-widget-text-editor\" data-id=\"5d10a83\" data-element_type=\"widget\" data-e-type=\"widget\" data-widget_type=\"text-editor.default\">\n\t\t\t\t<div class=\"elementor-widget-container\">\n\t\t\t\t\t\t\t\t\t<ul><li style=\"list-style-type: none;\"><ul><li><a href=\"https:\/\/drive.google.com\/file\/d\/100OvWywUe5-0iSdVxhE8Hnl4pBa5_Sxz\/view?usp=drive_link\" target=\"_blank\" rel=\"noopener\">\u00c9crire avec thinkSRSD &#8211; 5e ann\u00e9e &#8211; Guide compl\u00e8t<\/a><\/li><li><a href=\"https:\/\/drive.google.com\/drive\/folders\/1hFXMuAJhfGAd4ynNRmsQvfpDKe60bTqQ?usp=drive_link\" target=\"_blank\" rel=\"noopener\">Ressources transversales<\/a><\/li><li><a href=\"https:\/\/drive.google.com\/file\/d\/1RS3LsGuuS8_F0es1VHx-IhZ4ymu1equY\/view?usp=drive_link\" target=\"_blank\" rel=\"noopener\">Mat\u00e9riels pour le personnel enseignant &#8211; Les animaux nocturnes<\/a><\/li><li><a href=\"https:\/\/drive.google.com\/file\/d\/1y9t_jmQcvgv4_YPPEotZe0Kiimg_IQ0m\/view?usp=drive_link\" target=\"_blank\" rel=\"noopener\">Texte mod\u00e8le &#8211; Sauver autant de manchots que possible<\/a><\/li><li><a href=\"https:\/\/drive.google.com\/file\/d\/1yYrHgDfPItvAENcOw-XRSATwnsVTxoXJ\/view?usp=drive_link\" target=\"_blank\" rel=\"noopener\">Texte mod\u00e8le &#8211; Les manchots menanc\u00e9s<\/a><\/li><li><a href=\"https:\/\/docs.google.com\/document\/d\/1x6QXrwNbxLmDxp8HdI1uc_INV2Mi-yQWYqfJHSZl6uE\/edit?usp=drive_link\" target=\"_blank\" rel=\"noopener\">Exemplaires &#8211; Les manchots<\/a>\u00a0<\/li><li><a href=\"https:\/\/docs.google.com\/document\/d\/1hJG3hWyjDdfhNUczY55MN6NS1tSrc6LLY1BMmmuaRsw\/edit?usp=drive_link\" target=\"_blank\" rel=\"noopener\">Pr\u00e9\u00e9valuation<\/a><\/li><li><a href=\"https:\/\/drive.google.com\/file\/d\/1T2gy6HBhPLPWHUD9DaSfDkOQ2PnhJ4y5\/view?usp=drive_link\" target=\"_blank\" rel=\"noopener\">Grille d\u2019\u00e9valuation<\/a>\u00a0<\/li><li><a href=\"https:\/\/docs.google.com\/document\/d\/1dt6poTRwJA6c_r91-TyEBr4LjWz3v-Q6BRjWApU6Who\/edit?usp=drive_link\" target=\"_blank\" rel=\"noopener\">R\u00e9flexion sur mon \u00e9criture<\/a><\/li><\/ul><\/li><\/ul>\t\t\t\t\t\t\t\t<\/div>\n\t\t\t\t<\/div>\n\t\t\t\t\t<\/div>\n\t\t\t\t<\/div>\n\t\t\t\t<\/div>\n\t\t","protected":false},"excerpt":{"rendered":"<p>5e ann\u00e9e En cinqui\u00e8me ann\u00e9e, thinkSRSD aide les \u00e9l\u00e8ves \u00e0 d\u00e9velopper des comp\u00e9tences en \u00e9criture plus avanc\u00e9es en leur offrant des strat\u00e9gies pour organiser, exprimer et r\u00e9viser leurs id\u00e9es avec&#8230;<\/p>\n","protected":false},"author":32,"featured_media":38725,"parent":38724,"menu_order":0,"comment_status":"closed","ping_status":"closed","template":"","meta":{"_acf_changed":false,"_kad_post_transparent":"","_kad_post_title":"hide","_kad_post_layout":"fullwidth","_kad_post_sidebar_id":"","_kad_post_content_style":"unboxed","_kad_post_vertical_padding":"hide","_kad_post_feature":"hide","_kad_post_feature_position":"","_kad_post_header":false,"_kad_post_footer":false,"_kad_post_classname":"","footnotes":""},"content-language":[509],"class_list":["post-38740","page","type-page","status-publish","has-post-thumbnail","hentry","content-language-francais"],"acf":[],"_links":{"self":[{"href":"https:\/\/onlit.org\/fr\/wp-json\/wp\/v2\/pages\/38740","targetHints":{"allow":["GET"]}}],"collection":[{"href":"https:\/\/onlit.org\/fr\/wp-json\/wp\/v2\/pages"}],"about":[{"href":"https:\/\/onlit.org\/fr\/wp-json\/wp\/v2\/types\/page"}],"author":[{"embeddable":true,"href":"https:\/\/onlit.org\/fr\/wp-json\/wp\/v2\/users\/32"}],"replies":[{"embeddable":true,"href":"https:\/\/onlit.org\/fr\/wp-json\/wp\/v2\/comments?post=38740"}],"version-history":[{"count":13,"href":"https:\/\/onlit.org\/fr\/wp-json\/wp\/v2\/pages\/38740\/revisions"}],"predecessor-version":[{"id":42748,"href":"https:\/\/onlit.org\/fr\/wp-json\/wp\/v2\/pages\/38740\/revisions\/42748"}],"up":[{"embeddable":true,"href":"https:\/\/onlit.org\/fr\/wp-json\/wp\/v2\/pages\/38724"}],"wp:featuredmedia":[{"embeddable":true,"href":"https:\/\/onlit.org\/fr\/wp-json\/wp\/v2\/media\/38725"}],"wp:attachment":[{"href":"https:\/\/onlit.org\/fr\/wp-json\/wp\/v2\/media?parent=38740"}],"wp:term":[{"taxonomy":"content-language","embeddable":true,"href":"https:\/\/onlit.org\/fr\/wp-json\/wp\/v2\/content-language?post=38740"}],"curies":[{"name":"wp","href":"https:\/\/api.w.org\/{rel}","templated":true}]}}