{"id":38738,"date":"2025-05-22T11:14:14","date_gmt":"2025-05-22T15:14:14","guid":{"rendered":"https:\/\/onlit.org\/?page_id=38738"},"modified":"2026-04-10T13:57:21","modified_gmt":"2026-04-10T17:57:21","slug":"4e-annee","status":"publish","type":"page","link":"https:\/\/onlit.org\/fr\/ecrire-avec-lapproche-thinksrsd\/4e-annee\/","title":{"rendered":"4e ann\u00e9e"},"content":{"rendered":"\t\t<div data-elementor-type=\"wp-page\" data-elementor-id=\"38738\" class=\"elementor elementor-38738\" data-elementor-post-type=\"page\">\n\t\t\t\t<div class=\"elementor-element elementor-element-0dad58b e-flex e-con-boxed e-con e-parent\" data-id=\"0dad58b\" data-element_type=\"container\" data-e-type=\"container\">\n\t\t\t\t\t<div class=\"e-con-inner\">\n\t\t\t\t<div class=\"elementor-element elementor-element-5269159 elementor-widget elementor-widget-heading\" data-id=\"5269159\" data-element_type=\"widget\" data-e-type=\"widget\" data-widget_type=\"heading.default\">\n\t\t\t\t<div class=\"elementor-widget-container\">\n\t\t\t\t\t<h2 class=\"elementor-heading-title elementor-size-default\">4e ann\u00e9e<\/h2>\t\t\t\t<\/div>\n\t\t\t\t<\/div>\n\t\t\t\t<div class=\"elementor-element elementor-element-4d4f1fe elementor-widget elementor-widget-text-editor\" data-id=\"4d4f1fe\" data-element_type=\"widget\" data-e-type=\"widget\" data-widget_type=\"text-editor.default\">\n\t\t\t\t<div class=\"elementor-widget-container\">\n\t\t\t\t\t\t\t\t\t<p>En quatri\u00e8me ann\u00e9e, thinkSRSD continue d\u2019aider les \u00e9l\u00e8ves \u00e0 affiner leurs comp\u00e9tences en \u00e9criture en les guidant \u00e0 travers des strat\u00e9gies de planification et de r\u00e9vision. En utilisant un mod\u00e8le de texte, les \u00e9l\u00e8ves d\u00e9couvriront des animaux fascinants, tels que les opossums, les chauves-souris et les hiboux, qui ont des comportements uniques pour s\u2019adapter \u00e0 la nuit. En appliquant les \u00e9tapes de thinkSRSD, les \u00e9l\u00e8ves organiseront leurs id\u00e9es et apprendront \u00e0 r\u00e9diger un texte informatif tout en mettant en avant les particularit\u00e9s des ces animaux extraordinaires. Pr\u00e9parez-vous \u00e0 explorer la vie nocturne des animaux et \u00e0 \u00e9crire sur eux de mani\u00e8re claire et captivante !<\/p>\t\t\t\t\t\t\t\t<\/div>\n\t\t\t\t<\/div>\n\t\t\t\t<div class=\"elementor-element elementor-element-17c9bf6 elementor-widget elementor-widget-heading\" data-id=\"17c9bf6\" data-element_type=\"widget\" data-e-type=\"widget\" data-widget_type=\"heading.default\">\n\t\t\t\t<div class=\"elementor-widget-container\">\n\t\t\t\t\t<h2 class=\"elementor-heading-title elementor-size-default\">Ressources<\/h2>\t\t\t\t<\/div>\n\t\t\t\t<\/div>\n\t\t\t\t<div class=\"elementor-element elementor-element-b0c907c elementor-widget elementor-widget-text-editor\" data-id=\"b0c907c\" data-element_type=\"widget\" data-e-type=\"widget\" data-widget_type=\"text-editor.default\">\n\t\t\t\t<div class=\"elementor-widget-container\">\n\t\t\t\t\t\t\t\t\t<ul><li style=\"list-style-type: none;\"><ul><li><a href=\"https:\/\/drive.google.com\/file\/d\/1mJSRWe1vvTcbqe6_fC49fKB4OoznzRky\/view?usp=drive_link\" target=\"_blank\" rel=\"noopener\">\u00c9crire avec thinkSRSD &#8211; 4e ann\u00e9e &#8211; Guide compl\u00e8t<\/a><\/li><li><a href=\"https:\/\/drive.google.com\/drive\/folders\/1hFXMuAJhfGAd4ynNRmsQvfpDKe60bTqQ?usp=drive_link\" target=\"_blank\" rel=\"noopener\">Ressources transversales<\/a><\/li><li><a href=\"https:\/\/drive.google.com\/file\/d\/153HCuXjuLW2SNu9NxCPqVEJfoa6UlekB\/view?usp=drive_link\" target=\"_blank\" rel=\"noopener\">Mat\u00e9riels pour le personnel enseignant &#8211; Les animaux nocturnes<\/a><\/li><li><a href=\"https:\/\/drive.google.com\/file\/d\/1Mll2J7gyum3Dg9NuQzxu9_EiJy1nm8A-\/view?usp=drive_link\" target=\"_blank\" rel=\"noopener\">Texte mod\u00e8le &#8211; Le ma\u00eetre de la nuit<\/a><\/li><li><a href=\"https:\/\/drive.google.com\/file\/d\/1G8QFlRVlGTPMkV9BhEzk2funelDhLhG-\/view?usp=drive_link\" target=\"_blank\" rel=\"noopener\">Texte mod\u00e8le &#8211; Les h\u00e9ros de la nuit<\/a><\/li><li><a href=\"https:\/\/docs.google.com\/document\/d\/1xhCy2VAQWyM53M1Auv7OGC0ZZRV9ZblDbhxtMAq6eYM\/edit?usp=drive_link\" target=\"_blank\" rel=\"noopener\">Exemplaires &#8211; Les animaux nocturnes<\/a>\u00a0<\/li><li><a href=\"https:\/\/docs.google.com\/document\/d\/1KYThb5he0oDODZRhKXQvV4DDRbu43Dezf0KuxkucMJY\/edit?usp=drive_link\" target=\"_blank\" rel=\"noopener\">Pr\u00e9\u00e9valuation<\/a><\/li><li><a href=\"https:\/\/drive.google.com\/file\/d\/1f8LHT5Xpl6arfbMsl2CJFamRpvz9fT7X\/view?usp=drive_link\" target=\"_blank\" rel=\"noopener\">Grille d\u2019\u00e9valuation<\/a>\u00a0<\/li><li><a href=\"https:\/\/docs.google.com\/document\/d\/1_sBwcKV7kyZhW6eIw9YPyqLU-KoDFnaKpwLpWKBJ7dg\/edit?usp=drive_link\" target=\"_blank\" rel=\"noopener\">R\u00e9flexion sur mon \u00e9criture<\/a><\/li><\/ul><\/li><\/ul>\t\t\t\t\t\t\t\t<\/div>\n\t\t\t\t<\/div>\n\t\t\t\t\t<\/div>\n\t\t\t\t<\/div>\n\t\t\t\t<\/div>\n\t\t","protected":false},"excerpt":{"rendered":"<p>4e ann\u00e9e En quatri\u00e8me ann\u00e9e, thinkSRSD continue d\u2019aider les \u00e9l\u00e8ves \u00e0 affiner leurs comp\u00e9tences en \u00e9criture en les guidant \u00e0 travers des strat\u00e9gies de planification et de r\u00e9vision. En utilisant&#8230;<\/p>\n","protected":false},"author":32,"featured_media":38725,"parent":38724,"menu_order":0,"comment_status":"closed","ping_status":"closed","template":"","meta":{"_acf_changed":false,"_kad_post_transparent":"","_kad_post_title":"hide","_kad_post_layout":"fullwidth","_kad_post_sidebar_id":"","_kad_post_content_style":"unboxed","_kad_post_vertical_padding":"hide","_kad_post_feature":"hide","_kad_post_feature_position":"","_kad_post_header":false,"_kad_post_footer":false,"_kad_post_classname":"","footnotes":""},"content-language":[509],"class_list":["post-38738","page","type-page","status-publish","has-post-thumbnail","hentry","content-language-francais"],"acf":[],"_links":{"self":[{"href":"https:\/\/onlit.org\/fr\/wp-json\/wp\/v2\/pages\/38738","targetHints":{"allow":["GET"]}}],"collection":[{"href":"https:\/\/onlit.org\/fr\/wp-json\/wp\/v2\/pages"}],"about":[{"href":"https:\/\/onlit.org\/fr\/wp-json\/wp\/v2\/types\/page"}],"author":[{"embeddable":true,"href":"https:\/\/onlit.org\/fr\/wp-json\/wp\/v2\/users\/32"}],"replies":[{"embeddable":true,"href":"https:\/\/onlit.org\/fr\/wp-json\/wp\/v2\/comments?post=38738"}],"version-history":[{"count":7,"href":"https:\/\/onlit.org\/fr\/wp-json\/wp\/v2\/pages\/38738\/revisions"}],"predecessor-version":[{"id":42745,"href":"https:\/\/onlit.org\/fr\/wp-json\/wp\/v2\/pages\/38738\/revisions\/42745"}],"up":[{"embeddable":true,"href":"https:\/\/onlit.org\/fr\/wp-json\/wp\/v2\/pages\/38724"}],"wp:featuredmedia":[{"embeddable":true,"href":"https:\/\/onlit.org\/fr\/wp-json\/wp\/v2\/media\/38725"}],"wp:attachment":[{"href":"https:\/\/onlit.org\/fr\/wp-json\/wp\/v2\/media?parent=38738"}],"wp:term":[{"taxonomy":"content-language","embeddable":true,"href":"https:\/\/onlit.org\/fr\/wp-json\/wp\/v2\/content-language?post=38738"}],"curies":[{"name":"wp","href":"https:\/\/api.w.org\/{rel}","templated":true}]}}