{"id":38736,"date":"2025-05-22T11:13:42","date_gmt":"2025-05-22T15:13:42","guid":{"rendered":"https:\/\/onlit.org\/?page_id=38736"},"modified":"2026-04-10T13:56:34","modified_gmt":"2026-04-10T17:56:34","slug":"3e-annee","status":"publish","type":"page","link":"https:\/\/onlit.org\/fr\/ecrire-avec-lapproche-thinksrsd\/3e-annee\/","title":{"rendered":"3e ann\u00e9e"},"content":{"rendered":"\t\t<div data-elementor-type=\"wp-page\" data-elementor-id=\"38736\" class=\"elementor elementor-38736\" data-elementor-post-type=\"page\">\n\t\t\t\t<div class=\"elementor-element elementor-element-5c4fcfb e-flex e-con-boxed e-con e-parent\" data-id=\"5c4fcfb\" data-element_type=\"container\" data-e-type=\"container\">\n\t\t\t\t\t<div class=\"e-con-inner\">\n\t\t\t\t<div class=\"elementor-element elementor-element-197e850 elementor-widget elementor-widget-heading\" data-id=\"197e850\" data-element_type=\"widget\" data-e-type=\"widget\" data-widget_type=\"heading.default\">\n\t\t\t\t<div class=\"elementor-widget-container\">\n\t\t\t\t\t<h2 class=\"elementor-heading-title elementor-size-default\">3e ann\u00e9e<\/h2>\t\t\t\t<\/div>\n\t\t\t\t<\/div>\n\t\t\t\t<div class=\"elementor-element elementor-element-d7ef9e6 elementor-widget elementor-widget-text-editor\" data-id=\"d7ef9e6\" data-element_type=\"widget\" data-e-type=\"widget\" data-widget_type=\"text-editor.default\">\n\t\t\t\t<div class=\"elementor-widget-container\">\n\t\t\t\t\t\t\t\t\t<p>En troisi\u00e8me ann\u00e9e, thinkSRSD continue d\u2019aider les \u00e9l\u00e8ves \u00e0 structurer leurs \u00e9crits en leur offrant des strat\u00e9gies adapt\u00e9es pour mieux organiser leurs id\u00e9es et exprimer leur cr\u00e9ativit\u00e9. En utilisant un mod\u00e8le de texte, les \u00e9l\u00e8ves exploreront le monde fascinant des fourmis, en apprenant comment elles construisent leurs nids, cherchent leur nourriture et collaborent au sein de leur colonie. Gr\u00e2ce \u00e0 thinkSRSD, les \u00e9l\u00e8ves organiseront leurs id\u00e9es de mani\u00e8re logique et r\u00e9digeront un texte captivant pour partager leurs apprentissages sur ces insectes extraordinaires. Pr\u00e9parez-vous \u00e0 plonger dans l\u2019univers des fourmis et \u00e0 \u00e9crire sur elles avec pr\u00e9cision et imagination !<\/p>\t\t\t\t\t\t\t\t<\/div>\n\t\t\t\t<\/div>\n\t\t\t\t<div class=\"elementor-element elementor-element-2a5129e elementor-widget elementor-widget-heading\" data-id=\"2a5129e\" data-element_type=\"widget\" data-e-type=\"widget\" data-widget_type=\"heading.default\">\n\t\t\t\t<div class=\"elementor-widget-container\">\n\t\t\t\t\t<h2 class=\"elementor-heading-title elementor-size-default\">Ressources<\/h2>\t\t\t\t<\/div>\n\t\t\t\t<\/div>\n\t\t\t\t<div class=\"elementor-element elementor-element-dce69c4 elementor-widget elementor-widget-text-editor\" data-id=\"dce69c4\" data-element_type=\"widget\" data-e-type=\"widget\" data-widget_type=\"text-editor.default\">\n\t\t\t\t<div class=\"elementor-widget-container\">\n\t\t\t\t\t\t\t\t\t<ul><li style=\"list-style-type: none;\"><ul><li><a href=\"https:\/\/drive.google.com\/file\/d\/145YazYTy5FypsTDObK8U5WfNe-e9zfjz\/view?usp=sharing\" target=\"_blank\" rel=\"noopener\">\u00c9crire avec thinkSRSD &#8211; 3e ann\u00e9e &#8211; Guide compl\u00e8t<\/a><\/li><li><a href=\"https:\/\/drive.google.com\/drive\/folders\/1hFXMuAJhfGAd4ynNRmsQvfpDKe60bTqQ?usp=drive_link\" target=\"_blank\" rel=\"noopener\">Ressources transversales<\/a><\/li><li><a href=\"https:\/\/drive.google.com\/file\/d\/1hdhAVYWLRrfwM68eXAkTepMmyNZySGsQ\/view?usp=drive_link\" target=\"_blank\" rel=\"noopener\">Mat\u00e9riels pour le personnel enseignant &#8211; Les fourmis<\/a><\/li><li><a href=\"https:\/\/drive.google.com\/file\/d\/1vAvIr8cBcVhVeiur0BQVf8OGpwmE3AuG\/view?usp=drive_link\" target=\"_blank\" rel=\"noopener\">Texte mod\u00e8le &#8211; Les royaumes souterrains<\/a><\/li><li><a href=\"https:\/\/drive.google.com\/file\/d\/1X8ng1XnHTyu2J0VVp5is26sTkt66DoiW\/view?usp=drive_link\" target=\"_blank\" rel=\"noopener\">Texte mod\u00e8le &#8211; Les fourmis &#8211; un aper\u00e7cu plus approfondi<\/a><\/li><li><a href=\"https:\/\/docs.google.com\/document\/d\/1WSS0lP2xAW2BZSN3tw4u0UUNgHKU3eMDijjAnAnp33E\/edit?usp=drive_link\" target=\"_blank\" rel=\"noopener\">Exemplaires &#8211; Les fourmis<\/a>\u00a0<\/li><li><a href=\"https:\/\/docs.google.com\/document\/d\/1b94EGBDqf0QynhKZjKBO9-7QLzXBeEy5WJJMcCR9WjM\/edit?usp=drive_link\" target=\"_blank\" rel=\"noopener\">Pr\u00e9\u00e9valuation<\/a><\/li><li><a href=\"https:\/\/drive.google.com\/file\/d\/1rrPX7WiMlRhyddt42g5VYFwdQ6odD-Km\/view?usp=drive_link\" target=\"_blank\" rel=\"noopener\">Grille d\u2019\u00e9valuation<\/a>\u00a0<\/li><li><a href=\"https:\/\/docs.google.com\/document\/d\/1gn1hFbI4jghZr7HxfeA9LHvO6Dsb1IPxJ3GanKwmfds\/edit?usp=drive_link\" target=\"_blank\" rel=\"noopener\">R\u00e9flexion sur mon \u00e9criture<\/a><\/li><\/ul><\/li><\/ul>\t\t\t\t\t\t\t\t<\/div>\n\t\t\t\t<\/div>\n\t\t\t\t\t<\/div>\n\t\t\t\t<\/div>\n\t\t\t\t<\/div>\n\t\t","protected":false},"excerpt":{"rendered":"<p>3e ann\u00e9e En troisi\u00e8me ann\u00e9e, thinkSRSD continue d\u2019aider les \u00e9l\u00e8ves \u00e0 structurer leurs \u00e9crits en leur offrant des strat\u00e9gies adapt\u00e9es pour mieux organiser leurs id\u00e9es et exprimer leur cr\u00e9ativit\u00e9. En&#8230;<\/p>\n","protected":false},"author":32,"featured_media":38725,"parent":38724,"menu_order":0,"comment_status":"closed","ping_status":"closed","template":"","meta":{"_acf_changed":false,"_kad_post_transparent":"","_kad_post_title":"hide","_kad_post_layout":"fullwidth","_kad_post_sidebar_id":"","_kad_post_content_style":"unboxed","_kad_post_vertical_padding":"hide","_kad_post_feature":"hide","_kad_post_feature_position":"","_kad_post_header":false,"_kad_post_footer":false,"_kad_post_classname":"","footnotes":""},"content-language":[509],"class_list":["post-38736","page","type-page","status-publish","has-post-thumbnail","hentry","content-language-francais"],"acf":[],"_links":{"self":[{"href":"https:\/\/onlit.org\/fr\/wp-json\/wp\/v2\/pages\/38736","targetHints":{"allow":["GET"]}}],"collection":[{"href":"https:\/\/onlit.org\/fr\/wp-json\/wp\/v2\/pages"}],"about":[{"href":"https:\/\/onlit.org\/fr\/wp-json\/wp\/v2\/types\/page"}],"author":[{"embeddable":true,"href":"https:\/\/onlit.org\/fr\/wp-json\/wp\/v2\/users\/32"}],"replies":[{"embeddable":true,"href":"https:\/\/onlit.org\/fr\/wp-json\/wp\/v2\/comments?post=38736"}],"version-history":[{"count":16,"href":"https:\/\/onlit.org\/fr\/wp-json\/wp\/v2\/pages\/38736\/revisions"}],"predecessor-version":[{"id":42742,"href":"https:\/\/onlit.org\/fr\/wp-json\/wp\/v2\/pages\/38736\/revisions\/42742"}],"up":[{"embeddable":true,"href":"https:\/\/onlit.org\/fr\/wp-json\/wp\/v2\/pages\/38724"}],"wp:featuredmedia":[{"embeddable":true,"href":"https:\/\/onlit.org\/fr\/wp-json\/wp\/v2\/media\/38725"}],"wp:attachment":[{"href":"https:\/\/onlit.org\/fr\/wp-json\/wp\/v2\/media?parent=38736"}],"wp:term":[{"taxonomy":"content-language","embeddable":true,"href":"https:\/\/onlit.org\/fr\/wp-json\/wp\/v2\/content-language?post=38736"}],"curies":[{"name":"wp","href":"https:\/\/api.w.org\/{rel}","templated":true}]}}