{"id":38732,"date":"2025-05-22T11:12:22","date_gmt":"2025-05-22T15:12:22","guid":{"rendered":"https:\/\/onlit.org\/?page_id=38732"},"modified":"2025-06-02T13:09:31","modified_gmt":"2025-06-02T17:09:31","slug":"1re-annee","status":"publish","type":"page","link":"https:\/\/onlit.org\/fr\/ecrire-avec-lapproche-thinksrsd\/1re-annee\/","title":{"rendered":"1re ann\u00e9e"},"content":{"rendered":"\t\t<div data-elementor-type=\"wp-page\" data-elementor-id=\"38732\" class=\"elementor elementor-38732\" data-elementor-post-type=\"page\">\n\t\t\t\t<div class=\"elementor-element elementor-element-410058d e-flex e-con-boxed e-con e-parent\" data-id=\"410058d\" data-element_type=\"container\" data-e-type=\"container\">\n\t\t\t\t\t<div class=\"e-con-inner\">\n\t\t\t\t<div class=\"elementor-element elementor-element-de2825c elementor-widget elementor-widget-heading\" data-id=\"de2825c\" data-element_type=\"widget\" data-e-type=\"widget\" data-widget_type=\"heading.default\">\n\t\t\t\t<div class=\"elementor-widget-container\">\n\t\t\t\t\t<h2 class=\"elementor-heading-title elementor-size-default\">1re ann\u00e9e<\/h2>\t\t\t\t<\/div>\n\t\t\t\t<\/div>\n\t\t\t\t<div class=\"elementor-element elementor-element-414f0fd elementor-widget elementor-widget-text-editor\" data-id=\"414f0fd\" data-element_type=\"widget\" data-e-type=\"widget\" data-widget_type=\"text-editor.default\">\n\t\t\t\t<div class=\"elementor-widget-container\">\n\t\t\t\t\t\t\t\t\t<p>En premi\u00e8re ann\u00e9e, thinkSRSD aide les \u00e9l\u00e8ves \u00e0 d\u00e9velopper des comp\u00e9tences solides en \u00e9criture gr\u00e2ce \u00e0 des strat\u00e9gies structur\u00e9es et un apprentissage interactif. En utilisant le mod\u00e8le de texte Les koalas, les \u00e9l\u00e8ves mettront en pratique leurs techniques d\u2019\u00e9criture tout en d\u00e9couvrant l\u2019habitat, l\u2019alimentation et les comportements uniques des koalas, tout en appliquant les \u00e9tapes de thinkSRSD pour r\u00e9diger leurs propres histoires. Plongeons dans l\u2019univers des koalas et voyons comment \u00e9crire \u00e0 leur sujet avec confiance !<\/p>\t\t\t\t\t\t\t\t<\/div>\n\t\t\t\t<\/div>\n\t\t\t\t<div class=\"elementor-element elementor-element-368fae6 elementor-widget elementor-widget-heading\" data-id=\"368fae6\" data-element_type=\"widget\" data-e-type=\"widget\" data-widget_type=\"heading.default\">\n\t\t\t\t<div class=\"elementor-widget-container\">\n\t\t\t\t\t<h2 class=\"elementor-heading-title elementor-size-default\">Ressources<\/h2>\t\t\t\t<\/div>\n\t\t\t\t<\/div>\n\t\t\t\t<div class=\"elementor-element elementor-element-48b7d18 elementor-widget elementor-widget-text-editor\" data-id=\"48b7d18\" data-element_type=\"widget\" data-e-type=\"widget\" data-widget_type=\"text-editor.default\">\n\t\t\t\t<div class=\"elementor-widget-container\">\n\t\t\t\t\t\t\t\t\t<ul><li><a href=\"https:\/\/drive.google.com\/file\/d\/128QXAM-iL29eq39SfhTDjVOZpFMvhzeb\/view?usp=drive_link\" target=\"_blank\" rel=\"noopener\">\u00c9crire avec thinkSRSD &#8211; 1re ann\u00e9e &#8211; Guide compl\u00e8t<\/a><\/li><li><a href=\"https:\/\/drive.google.com\/drive\/folders\/1hFXMuAJhfGAd4ynNRmsQvfpDKe60bTqQ\" target=\"_blank\" rel=\"noopener\">Ressources transversales<\/a><\/li><li><a href=\"https:\/\/drive.google.com\/file\/d\/1u3UqgIe6kyn_9AKhngYRGKyDo9o5QGlX\/view?usp=drive_link\" target=\"_blank\" rel=\"noopener\">Mat\u00e9riels pour le personnel enseignant &#8211; Les koalas<\/a><\/li><li><a href=\"https:\/\/drive.google.com\/file\/d\/1T29x-3vQoVv_4x_bjxInvDUEd2jsV4cH\/view?usp=drive_link\" target=\"_blank\" rel=\"noopener\">Texte mod\u00e8le &#8211; Les koalas<\/a><\/li><li><a href=\"https:\/\/docs.google.com\/document\/d\/1dtNgDazHlMJvsKhmZMu802WMGvDZ_b0NnlU9C-q8NnQ\/edit?usp=drive_link\" target=\"_blank\" rel=\"noopener\">Exemplaires &#8211; Les koalas<\/a>\u00a0<\/li><li><a href=\"https:\/\/drive.google.com\/file\/d\/1y7Pcb_nh1uxPyM8mRXgijKtiZ3Lo1sfA\/view?usp=drive_link\" target=\"_blank\" rel=\"noopener\">Grille d\u2019\u00e9valuation<\/a>\u00a0<\/li><\/ul>\t\t\t\t\t\t\t\t<\/div>\n\t\t\t\t<\/div>\n\t\t\t\t\t<\/div>\n\t\t\t\t<\/div>\n\t\t\t\t<\/div>\n\t\t","protected":false},"excerpt":{"rendered":"<p>1re ann\u00e9e En premi\u00e8re ann\u00e9e, thinkSRSD aide les \u00e9l\u00e8ves \u00e0 d\u00e9velopper des comp\u00e9tences solides en \u00e9criture gr\u00e2ce \u00e0 des strat\u00e9gies structur\u00e9es et un apprentissage interactif. En utilisant le mod\u00e8le de&#8230;<\/p>\n","protected":false},"author":32,"featured_media":38725,"parent":38724,"menu_order":0,"comment_status":"closed","ping_status":"closed","template":"","meta":{"_acf_changed":false,"_kad_post_transparent":"","_kad_post_title":"hide","_kad_post_layout":"fullwidth","_kad_post_sidebar_id":"","_kad_post_content_style":"unboxed","_kad_post_vertical_padding":"hide","_kad_post_feature":"hide","_kad_post_feature_position":"","_kad_post_header":false,"_kad_post_footer":false,"_kad_post_classname":"","footnotes":""},"content-language":[509],"class_list":["post-38732","page","type-page","status-publish","has-post-thumbnail","hentry","content-language-francais"],"acf":[],"_links":{"self":[{"href":"https:\/\/onlit.org\/fr\/wp-json\/wp\/v2\/pages\/38732","targetHints":{"allow":["GET"]}}],"collection":[{"href":"https:\/\/onlit.org\/fr\/wp-json\/wp\/v2\/pages"}],"about":[{"href":"https:\/\/onlit.org\/fr\/wp-json\/wp\/v2\/types\/page"}],"author":[{"embeddable":true,"href":"https:\/\/onlit.org\/fr\/wp-json\/wp\/v2\/users\/32"}],"replies":[{"embeddable":true,"href":"https:\/\/onlit.org\/fr\/wp-json\/wp\/v2\/comments?post=38732"}],"version-history":[{"count":20,"href":"https:\/\/onlit.org\/fr\/wp-json\/wp\/v2\/pages\/38732\/revisions"}],"predecessor-version":[{"id":40163,"href":"https:\/\/onlit.org\/fr\/wp-json\/wp\/v2\/pages\/38732\/revisions\/40163"}],"up":[{"embeddable":true,"href":"https:\/\/onlit.org\/fr\/wp-json\/wp\/v2\/pages\/38724"}],"wp:featuredmedia":[{"embeddable":true,"href":"https:\/\/onlit.org\/fr\/wp-json\/wp\/v2\/media\/38725"}],"wp:attachment":[{"href":"https:\/\/onlit.org\/fr\/wp-json\/wp\/v2\/media?parent=38732"}],"wp:term":[{"taxonomy":"content-language","embeddable":true,"href":"https:\/\/onlit.org\/fr\/wp-json\/wp\/v2\/content-language?post=38732"}],"curies":[{"name":"wp","href":"https:\/\/api.w.org\/{rel}","templated":true}]}}