{"id":38730,"date":"2025-05-22T11:11:41","date_gmt":"2025-05-22T15:11:41","guid":{"rendered":"https:\/\/onlit.org\/?page_id=38730"},"modified":"2025-06-02T13:09:32","modified_gmt":"2025-06-02T17:09:32","slug":"maternelle-jardin-denfants","status":"publish","type":"page","link":"https:\/\/onlit.org\/fr\/ecrire-avec-lapproche-thinksrsd\/maternelle-jardin-denfants\/","title":{"rendered":"Maternelle \/ Jardin d\u2019enfants"},"content":{"rendered":"\t\t<div data-elementor-type=\"wp-page\" data-elementor-id=\"38730\" class=\"elementor elementor-38730\" data-elementor-post-type=\"page\">\n\t\t\t\t<div class=\"elementor-element elementor-element-de17700 e-flex e-con-boxed e-con e-parent\" data-id=\"de17700\" data-element_type=\"container\" data-e-type=\"container\">\n\t\t\t\t\t<div class=\"e-con-inner\">\n\t\t\t\t<div class=\"elementor-element elementor-element-3e192df elementor-widget elementor-widget-heading\" data-id=\"3e192df\" data-element_type=\"widget\" data-e-type=\"widget\" data-widget_type=\"heading.default\">\n\t\t\t\t<div class=\"elementor-widget-container\">\n\t\t\t\t\t<h2 class=\"elementor-heading-title elementor-size-default\">Maternelle \/ Jardin d\u2019enfants<\/h2>\t\t\t\t<\/div>\n\t\t\t\t<\/div>\n\t\t\t\t<div class=\"elementor-element elementor-element-e1eb44e elementor-widget elementor-widget-text-editor\" data-id=\"e1eb44e\" data-element_type=\"widget\" data-e-type=\"widget\" data-widget_type=\"text-editor.default\">\n\t\t\t\t<div class=\"elementor-widget-container\">\n\t\t\t\t\t\t\t\t\t<p>En maternelle et dans le jardin d\u2019enfants, les \u00e9l\u00e8ves apprennent \u00e0 exprimer leurs id\u00e9es de mani\u00e8re structur\u00e9e, tout en s\u2019amusant. Gr\u00e2ce \u00e0 des strat\u00e9gies simples et visuelles, thinkSRSD aide les jeunes \u00e9l\u00e8ves \u00e0 organiser leurs pens\u00e9es et \u00e0 d\u00e9velopper de la confiance. Avec un texte mod\u00e8le sur un sujet familier et amusant, la r\u00e9cr\u00e9ation, les \u00e9l\u00e8ves apprendront comment d\u00e9crire une exp\u00e9rience, ajouter des d\u00e9tails et partager leurs id\u00e9es avec clart\u00e9.<\/p>\t\t\t\t\t\t\t\t<\/div>\n\t\t\t\t<\/div>\n\t\t\t\t<div class=\"elementor-element elementor-element-c5b5c0f elementor-widget elementor-widget-heading\" data-id=\"c5b5c0f\" data-element_type=\"widget\" data-e-type=\"widget\" data-widget_type=\"heading.default\">\n\t\t\t\t<div class=\"elementor-widget-container\">\n\t\t\t\t\t<h2 class=\"elementor-heading-title elementor-size-default\">Ressources<\/h2>\t\t\t\t<\/div>\n\t\t\t\t<\/div>\n\t\t\t\t<div class=\"elementor-element elementor-element-fedd0aa elementor-widget elementor-widget-text-editor\" data-id=\"fedd0aa\" data-element_type=\"widget\" data-e-type=\"widget\" data-widget_type=\"text-editor.default\">\n\t\t\t\t<div class=\"elementor-widget-container\">\n\t\t\t\t\t\t\t\t\t<ul><li><a href=\"https:\/\/drive.google.com\/file\/d\/1-1e-Fqzx_veElODLIRA86YbeiwMu042l\/view?usp=drive_link\" target=\"_blank\" rel=\"noopener\">\u00c9crire avec thinkSRSD &#8211; M\/J &#8211; Guide compl\u00e8te<\/a><\/li><li><a href=\"https:\/\/drive.google.com\/drive\/folders\/1hFXMuAJhfGAd4ynNRmsQvfpDKe60bTqQ\" target=\"_blank\" rel=\"noopener\">Ressources transversales<\/a><\/li><li><a href=\"https:\/\/drive.google.com\/file\/d\/1SXrfzdvrCos_x1VmI6Bnm-2cEL80GIKO\/view?usp=drive_link\" target=\"_blank\" rel=\"noopener\">Mat\u00e9riels pour le personnel enseignant &#8211; R\u00e9cr\u00e9ation<\/a><\/li><li><a href=\"https:\/\/drive.google.com\/file\/d\/1FHuLvA9PNn6dUQSFluiesb7GNIVB7LQY\/view?usp=drive_link\" target=\"_blank\" rel=\"noopener\">Texte mod\u00e8le &#8211; R\u00e9cr\u00e9ation<\/a><\/li><li><a href=\"https:\/\/docs.google.com\/document\/d\/1K7begMMpVs-8Oo0F9KqZ9ghWpDWEGVleYJrrRiki1CI\/edit?usp=drive_link\" target=\"_blank\" rel=\"noopener\">Exemplaires &#8211; R\u00e9cr\u00e9ation<\/a>\u00a0<\/li><\/ul>\t\t\t\t\t\t\t\t<\/div>\n\t\t\t\t<\/div>\n\t\t\t\t\t<\/div>\n\t\t\t\t<\/div>\n\t\t\t\t<\/div>\n\t\t","protected":false},"excerpt":{"rendered":"<p>Maternelle \/ Jardin d\u2019enfants En maternelle et dans le jardin d\u2019enfants, les \u00e9l\u00e8ves apprennent \u00e0 exprimer leurs id\u00e9es de mani\u00e8re structur\u00e9e, tout en s\u2019amusant. Gr\u00e2ce \u00e0 des strat\u00e9gies simples et&#8230;<\/p>\n","protected":false},"author":32,"featured_media":38725,"parent":38724,"menu_order":0,"comment_status":"closed","ping_status":"closed","template":"","meta":{"_acf_changed":false,"_kad_post_transparent":"","_kad_post_title":"hide","_kad_post_layout":"fullwidth","_kad_post_sidebar_id":"","_kad_post_content_style":"unboxed","_kad_post_vertical_padding":"hide","_kad_post_feature":"hide","_kad_post_feature_position":"","_kad_post_header":false,"_kad_post_footer":false,"_kad_post_classname":"","footnotes":""},"content-language":[509],"class_list":["post-38730","page","type-page","status-publish","has-post-thumbnail","hentry","content-language-francais"],"acf":[],"_links":{"self":[{"href":"https:\/\/onlit.org\/fr\/wp-json\/wp\/v2\/pages\/38730","targetHints":{"allow":["GET"]}}],"collection":[{"href":"https:\/\/onlit.org\/fr\/wp-json\/wp\/v2\/pages"}],"about":[{"href":"https:\/\/onlit.org\/fr\/wp-json\/wp\/v2\/types\/page"}],"author":[{"embeddable":true,"href":"https:\/\/onlit.org\/fr\/wp-json\/wp\/v2\/users\/32"}],"replies":[{"embeddable":true,"href":"https:\/\/onlit.org\/fr\/wp-json\/wp\/v2\/comments?post=38730"}],"version-history":[{"count":5,"href":"https:\/\/onlit.org\/fr\/wp-json\/wp\/v2\/pages\/38730\/revisions"}],"predecessor-version":[{"id":38794,"href":"https:\/\/onlit.org\/fr\/wp-json\/wp\/v2\/pages\/38730\/revisions\/38794"}],"up":[{"embeddable":true,"href":"https:\/\/onlit.org\/fr\/wp-json\/wp\/v2\/pages\/38724"}],"wp:featuredmedia":[{"embeddable":true,"href":"https:\/\/onlit.org\/fr\/wp-json\/wp\/v2\/media\/38725"}],"wp:attachment":[{"href":"https:\/\/onlit.org\/fr\/wp-json\/wp\/v2\/media?parent=38730"}],"wp:term":[{"taxonomy":"content-language","embeddable":true,"href":"https:\/\/onlit.org\/fr\/wp-json\/wp\/v2\/content-language?post=38730"}],"curies":[{"name":"wp","href":"https:\/\/api.w.org\/{rel}","templated":true}]}}