{"id":38728,"date":"2025-05-22T11:10:46","date_gmt":"2025-05-22T15:10:46","guid":{"rendered":"https:\/\/onlit.org\/?page_id=38728"},"modified":"2025-06-02T13:09:32","modified_gmt":"2025-06-02T17:09:32","slug":"introduction","status":"publish","type":"page","link":"https:\/\/onlit.org\/fr\/ecrire-avec-lapproche-thinksrsd\/introduction\/","title":{"rendered":"Introduction"},"content":{"rendered":"\t\t<div data-elementor-type=\"wp-page\" data-elementor-id=\"38728\" class=\"elementor elementor-38728\" data-elementor-post-type=\"page\">\n\t\t\t\t<div class=\"elementor-element elementor-element-c10603f e-flex e-con-boxed e-con e-parent\" data-id=\"c10603f\" data-element_type=\"container\" data-e-type=\"container\">\n\t\t\t\t\t<div class=\"e-con-inner\">\n\t\t\t\t<div class=\"elementor-element elementor-element-fbab6e9 elementor-widget elementor-widget-heading\" data-id=\"fbab6e9\" data-element_type=\"widget\" data-e-type=\"widget\" data-widget_type=\"heading.default\">\n\t\t\t\t<div class=\"elementor-widget-container\">\n\t\t\t\t\t<h2 class=\"elementor-heading-title elementor-size-default\">Introduction<\/h2>\t\t\t\t<\/div>\n\t\t\t\t<\/div>\n\t\t\t\t<div class=\"elementor-element elementor-element-c421f85 elementor-widget elementor-widget-text-editor\" data-id=\"c421f85\" data-element_type=\"widget\" data-e-type=\"widget\" data-widget_type=\"text-editor.default\">\n\t\t\t\t<div class=\"elementor-widget-container\">\n\t\t\t\t\t\t\t\t\t<p>Le mod\u00e8le SRSD (Self-Regulated Strategy Development) est une approche p\u00e9dagogique structur\u00e9e et explicite con\u00e7ue pour aider les \u00e9l\u00e8ves \u00e0 am\u00e9liorer leurs comp\u00e9tences en \u00e9criture en leur enseignant \u00e0 la fois des strat\u00e9gies d\u2019\u00e9criture et des comp\u00e9tences d\u2019autor\u00e9gulation. Le mod\u00e8le SRSD vise \u00e0 fournir aux \u00e9l\u00e8ves des strat\u00e9gies claires et simples pour les aider \u00e0 \u00e9crire, tout en leur enseignant comment planifier, suivre et \u00e9valuer la progression de leur \u00e9criture.\u00a0<\/p><p><i>thinkSRSD <\/i>est une marque et une ressource p\u00e9dagogique qui applique le mod\u00e8le SRSD pour aider les \u00e9l\u00e8ves \u00e0 am\u00e9liorer leurs comp\u00e9tences en \u00e9criture. <i>thinkSRSD <\/i>transforme la recherche en pratique et vise \u00e0 fournir au personnel enseignant des outils, des strat\u00e9gies et un soutien pour mettre en \u0153uvre efficacement le mod\u00e8le SRSD. Consulter le site Web <a href=\"https:\/\/thinksrsd.com\/\" target=\"_blank\" rel=\"noopener\">thinkSRSD<\/a> et la <a href=\"https:\/\/onlit.org\/fr\/bibliotheque-de-ressources\/\" target=\"_blank\" rel=\"noopener\">biblioth\u00e8que de ressources d&rsquo;ONlit<\/a> pour d\u00e9couvrir les ressources gratuites et les vid\u00e9os p\u00e9dagogiques.\u00a0<\/p>\t\t\t\t\t\t\t\t<\/div>\n\t\t\t\t<\/div>\n\t\t\t\t<div class=\"elementor-element elementor-element-5fe4e95 elementor-widget elementor-widget-text-editor\" data-id=\"5fe4e95\" data-element_type=\"widget\" data-e-type=\"widget\" data-widget_type=\"text-editor.default\">\n\t\t\t\t<div class=\"elementor-widget-container\">\n\t\t\t\t\t\t\t\t\t<h2 style=\"text-align: center;\">Consultez les pages pour chaque niveau scolaire pour trouver toutes les ressources dont vous avez besoin pour utiliser thinkSRSD dans votre classe.<\/h2>\t\t\t\t\t\t\t\t<\/div>\n\t\t\t\t<\/div>\n\t\t\t\t<div class=\"elementor-element elementor-element-fe5d6fc elementor-widget elementor-widget-video\" data-id=\"fe5d6fc\" data-element_type=\"widget\" data-e-type=\"widget\" data-settings=\"{&quot;youtube_url&quot;:&quot;https:\\\/\\\/www.youtube.com\\\/watch?v=_5gfhytEU78&quot;,&quot;video_type&quot;:&quot;youtube&quot;,&quot;controls&quot;:&quot;yes&quot;}\" data-widget_type=\"video.default\">\n\t\t\t\t<div class=\"elementor-widget-container\">\n\t\t\t\t\t\t\t<div class=\"elementor-wrapper elementor-open-inline\">\n\t\t\t<div class=\"elementor-video\"><\/div>\t\t<\/div>\n\t\t\t\t\t\t<\/div>\n\t\t\t\t<\/div>\n\t\t\t\t\t<\/div>\n\t\t\t\t<\/div>\n\t\t\t\t<\/div>\n\t\t","protected":false},"excerpt":{"rendered":"<p>Introduction Le mod\u00e8le SRSD (Self-Regulated Strategy Development) est une approche p\u00e9dagogique structur\u00e9e et explicite con\u00e7ue pour aider les \u00e9l\u00e8ves \u00e0 am\u00e9liorer leurs comp\u00e9tences en \u00e9criture en leur enseignant \u00e0 la&#8230;<\/p>\n","protected":false},"author":32,"featured_media":38725,"parent":38724,"menu_order":0,"comment_status":"closed","ping_status":"closed","template":"","meta":{"_acf_changed":false,"_kad_post_transparent":"","_kad_post_title":"hide","_kad_post_layout":"fullwidth","_kad_post_sidebar_id":"","_kad_post_content_style":"unboxed","_kad_post_vertical_padding":"hide","_kad_post_feature":"hide","_kad_post_feature_position":"","_kad_post_header":false,"_kad_post_footer":false,"_kad_post_classname":"","footnotes":""},"content-language":[509],"class_list":["post-38728","page","type-page","status-publish","has-post-thumbnail","hentry","content-language-francais"],"acf":[],"_links":{"self":[{"href":"https:\/\/onlit.org\/fr\/wp-json\/wp\/v2\/pages\/38728","targetHints":{"allow":["GET"]}}],"collection":[{"href":"https:\/\/onlit.org\/fr\/wp-json\/wp\/v2\/pages"}],"about":[{"href":"https:\/\/onlit.org\/fr\/wp-json\/wp\/v2\/types\/page"}],"author":[{"embeddable":true,"href":"https:\/\/onlit.org\/fr\/wp-json\/wp\/v2\/users\/32"}],"replies":[{"embeddable":true,"href":"https:\/\/onlit.org\/fr\/wp-json\/wp\/v2\/comments?post=38728"}],"version-history":[{"count":10,"href":"https:\/\/onlit.org\/fr\/wp-json\/wp\/v2\/pages\/38728\/revisions"}],"predecessor-version":[{"id":38861,"href":"https:\/\/onlit.org\/fr\/wp-json\/wp\/v2\/pages\/38728\/revisions\/38861"}],"up":[{"embeddable":true,"href":"https:\/\/onlit.org\/fr\/wp-json\/wp\/v2\/pages\/38724"}],"wp:featuredmedia":[{"embeddable":true,"href":"https:\/\/onlit.org\/fr\/wp-json\/wp\/v2\/media\/38725"}],"wp:attachment":[{"href":"https:\/\/onlit.org\/fr\/wp-json\/wp\/v2\/media?parent=38728"}],"wp:term":[{"taxonomy":"content-language","embeddable":true,"href":"https:\/\/onlit.org\/fr\/wp-json\/wp\/v2\/content-language?post=38728"}],"curies":[{"name":"wp","href":"https:\/\/api.w.org\/{rel}","templated":true}]}}