{"id":37830,"date":"2025-05-06T15:37:00","date_gmt":"2025-05-06T19:37:00","guid":{"rendered":"https:\/\/onlit.org\/?page_id=37830"},"modified":"2025-08-27T14:32:27","modified_gmt":"2025-08-27T18:32:27","slug":"resolutions-de-problemes-au-service-de-leleve","status":"publish","type":"page","link":"https:\/\/onlit.org\/fr\/survol-de-la-litteratie\/3e-annee\/resolutions-de-problemes-au-service-de-leleve\/","title":{"rendered":"R\u00e9solutions de probl\u00e8mes au service de l\u2019\u00e9l\u00e8ve"},"content":{"rendered":"\t\t<div data-elementor-type=\"wp-page\" data-elementor-id=\"37830\" class=\"elementor elementor-37830 elementor-37716\" data-elementor-post-type=\"page\">\n\t\t\t\t<div class=\"elementor-element elementor-element-6510b011 e-con-full e-flex e-con e-parent\" data-id=\"6510b011\" data-element_type=\"container\" data-e-type=\"container\">\n\t\t\t\t<div class=\"elementor-element elementor-element-4fdd394 elementor-widget elementor-widget-heading\" data-id=\"4fdd394\" data-element_type=\"widget\" data-e-type=\"widget\" data-widget_type=\"heading.default\">\n\t\t\t\t<div class=\"elementor-widget-container\">\n\t\t\t\t\t<h1 class=\"elementor-heading-title elementor-size-default\">R\u00e9solutions de probl\u00e8mes au service de l\u2019\u00e9l\u00e8ve<\/h1>\t\t\t\t<\/div>\n\t\t\t\t<\/div>\n\t\t\t\t<div class=\"elementor-element elementor-element-56bf1bb elementor-widget elementor-widget-text-editor\" data-id=\"56bf1bb\" data-element_type=\"widget\" data-e-type=\"widget\" data-widget_type=\"text-editor.default\">\n\t\t\t\t<div class=\"elementor-widget-container\">\n\t\t\t\t\t\t\t\t\t<p>Lorsque nous analysons les donn\u00e9es des \u00e9l\u00e8ves, nous pouvons facilement nous sentir d\u00e9pass\u00e9s. C&rsquo;est pourquoi il est si important de disposer d&rsquo;un processus structur\u00e9 pour analyser les donn\u00e9es et les utiliser pour guider l&rsquo;enseignement ! En suivant ce processus en quatre \u00e9tapes, les enseignantes et enseignants peuvent travailler ensemble pour mieux comprendre les besoins des \u00e9l\u00e8ves et prendre des d\u00e9cisions claires et cibl\u00e9es qui favorisent l&rsquo;apprentissage pour toutes et tous.<\/p><p>Nous avons pr\u00e9sent\u00e9 les \u00e9tapes ci-dessous et ce <a href=\"https:\/\/onlit.org\/fr\/ressource\/formulaire-de-resolutions-de-problemes-structures-et-collaboratives-au-service-de-leleve\/\" target=\"_blank\" rel=\"noopener\">formulaire de r\u00e9solutions de probl\u00e8mes structur\u00e9es et collaboratives : au service de l\u2019\u00e9l\u00e8ve<\/a> pourra vous guider dans ce processus.<\/p>\t\t\t\t\t\t\t\t<\/div>\n\t\t\t\t<\/div>\n\t\t\t\t<div class=\"elementor-element elementor-element-809470d elementor-widget elementor-widget-heading\" data-id=\"809470d\" data-element_type=\"widget\" data-e-type=\"widget\" data-widget_type=\"heading.default\">\n\t\t\t\t<div class=\"elementor-widget-container\">\n\t\t\t\t\t<h2 class=\"elementor-heading-title elementor-size-default\">\u00c9tape 1 : Identification du probl\u00e8me<\/h2>\t\t\t\t<\/div>\n\t\t\t\t<\/div>\n\t\t\t\t<div class=\"elementor-element elementor-element-77ae312 elementor-widget elementor-widget-text-editor\" data-id=\"77ae312\" data-element_type=\"widget\" data-e-type=\"widget\" data-widget_type=\"text-editor.default\">\n\t\t\t\t<div class=\"elementor-widget-container\">\n\t\t\t\t\t\t\t\t\t<p>Pour commencer, il faut identifier clairement l&rsquo;\u00e9cart entre les comp\u00e9tences actuelles de l&rsquo;\u00e9l\u00e8ve et les comp\u00e9tences attendues. Les donn\u00e9es de d\u00e9pistage, les \u00e9valuations en classe et les observations du personnel enseignant nous aident \u00e0 d\u00e9finir le probl\u00e8me. La contribution de la famille est \u00e9galement essentielle \u00e0 ce stade. Une d\u00e9finition claire du probl\u00e8me aide l&rsquo;\u00e9quipe \u00e0 se concentrer sur les prochaines \u00e9tapes p\u00e9dagogiques appropri\u00e9es.<\/p>\t\t\t\t\t\t\t\t<\/div>\n\t\t\t\t<\/div>\n\t\t\t\t<div class=\"elementor-element elementor-element-3177b66 elementor-widget elementor-widget-global elementor-global-38236 elementor-widget-text-editor\" data-id=\"3177b66\" data-element_type=\"widget\" data-e-type=\"widget\" data-widget_type=\"text-editor.default\">\n\t\t\t\t<div class=\"elementor-widget-container\">\n\t\t\t\t\t\t\t\t\tL\u2019outil de d\u00e9pistage d\u2019Acadience Reading Fran\u00e7ais est disponible du jardin d&rsquo;enfants \u00e0 la 2<sup>e<\/sup> ann\u00e9e. La phase de recherche pour la 3<sup>e<\/sup> ann\u00e9e et les ann\u00e9es sup\u00e9rieures est en cours. Pour en savoir plus sur cette phase de recherche ou pour y participer, veuillez contacter info@acadiencelearning.org.\t\t\t\t\t\t\t\t<\/div>\n\t\t\t\t<\/div>\n\t\t\t\t<div class=\"elementor-element elementor-element-84da0b0 elementor-widget elementor-widget-heading\" data-id=\"84da0b0\" data-element_type=\"widget\" data-e-type=\"widget\" data-widget_type=\"heading.default\">\n\t\t\t\t<div class=\"elementor-widget-container\">\n\t\t\t\t\t<h2 class=\"elementor-heading-title elementor-size-default\">\u00c9tape 2 : Analyse du probl\u00e8me\n<\/h2>\t\t\t\t<\/div>\n\t\t\t\t<\/div>\n\t\t\t\t<div class=\"elementor-element elementor-element-3467cff elementor-widget elementor-widget-text-editor\" data-id=\"3467cff\" data-element_type=\"widget\" data-e-type=\"widget\" data-widget_type=\"text-editor.default\">\n\t\t\t\t<div class=\"elementor-widget-container\">\n\t\t\t\t\t\t\t\t\t<p>Nous approfondissons ensuite notre analyse pour comprendre pourquoi le probl\u00e8me se produit. \u00c0 l&rsquo;aide des donn\u00e9es recueillies lors de l&rsquo;\u00e9valuation diagnostique, nous analysons les facteurs li\u00e9s \u00e0 l&rsquo;enseignement, aux ressources, \u00e0 l&rsquo;environnement et \u00e0 l&rsquo;\u00e9l\u00e8ve. Ces facteurs sont class\u00e9s selon leur facilit\u00e9 de modification, ce qui nous aide \u00e0 nous concentrer d&rsquo;abord sur les solutions p\u00e9dagogiques. En identifiant l&rsquo;origine du probl\u00e8me, nous pouvons formuler une hypoth\u00e8se et choisir la bonne approche p\u00e9dagogique pour soutenir l&rsquo;\u00e9l\u00e8ve.<\/p>\t\t\t\t\t\t\t\t<\/div>\n\t\t\t\t<\/div>\n\t\t\t\t<div class=\"elementor-element elementor-element-c8fa1ff elementor-widget elementor-widget-heading\" data-id=\"c8fa1ff\" data-element_type=\"widget\" data-e-type=\"widget\" data-widget_type=\"heading.default\">\n\t\t\t\t<div class=\"elementor-widget-container\">\n\t\t\t\t\t<h2 class=\"elementor-heading-title elementor-size-default\">\u00c9tape 3 : \u00c9laboration du plan<\/h2>\t\t\t\t<\/div>\n\t\t\t\t<\/div>\n\t\t\t\t<div class=\"elementor-element elementor-element-0ec6763 elementor-widget elementor-widget-text-editor\" data-id=\"0ec6763\" data-element_type=\"widget\" data-e-type=\"widget\" data-widget_type=\"text-editor.default\">\n\t\t\t\t<div class=\"elementor-widget-container\">\n\t\t\t\t\t\t\t\t\t<p>Une fois le probl\u00e8me clairement d\u00e9fini et la cause identifi\u00e9e, l&rsquo;\u00e9quipe \u00e9labore un plan de soutien cibl\u00e9. Ce plan pr\u00e9cise les comp\u00e9tences \u00e0 enseigner, les personnes charg\u00e9es de l&rsquo;accompagnement et la fr\u00e9quence des interventions. Nous fixons \u00e9galement un objectif sp\u00e9cifique et d\u00e9cidons de la mani\u00e8re de contr\u00f4ler \u00e0 la fois la fid\u00e9lit\u00e9 de l&rsquo;enseignement et les progr\u00e8s des \u00e9l\u00e8ves.<\/p>\t\t\t\t\t\t\t\t<\/div>\n\t\t\t\t<\/div>\n\t\t\t\t<div class=\"elementor-element elementor-element-d879710 elementor-widget elementor-widget-heading\" data-id=\"d879710\" data-element_type=\"widget\" data-e-type=\"widget\" data-widget_type=\"heading.default\">\n\t\t\t\t<div class=\"elementor-widget-container\">\n\t\t\t\t\t<h2 class=\"elementor-heading-title elementor-size-default\">\u00c9tape 4 : Mise en \u0153uvre et \u00e9valuation du plan<\/h2>\t\t\t\t<\/div>\n\t\t\t\t<\/div>\n\t\t\t\t<div class=\"elementor-element elementor-element-b8aebee elementor-widget elementor-widget-text-editor\" data-id=\"b8aebee\" data-element_type=\"widget\" data-e-type=\"widget\" data-widget_type=\"text-editor.default\">\n\t\t\t\t<div class=\"elementor-widget-container\">\n\t\t\t\t\t\t\t\t\t<p>Ce processus nous fournit les informations n\u00e9cessaires pour <strong>mettre en \u0153uvre le plan et suivre les progr\u00e8s au fil du temps<\/strong>. Nous utilisons les donn\u00e9es de fid\u00e9lit\u00e9 pour nous assurer que le plan est mis en \u0153uvre comme pr\u00e9vu, et les donn\u00e9es de suivi des progr\u00e8s pour v\u00e9rifier si l&rsquo;\u00e9l\u00e8ve r\u00e9pond \u00e0 l&rsquo;enseignement. Gr\u00e2ce \u00e0 ces donn\u00e9es, nous pouvons d\u00e9cider s&rsquo;il est n\u00e9cessaire de changer d&rsquo;approche, d&rsquo;intensifier l&rsquo;enseignement ou de r\u00e9duire le soutien. Cette <a href=\"https:\/\/onlit.org\/fr\/ressource\/strategie-dintensification-des-interventions\/\" target=\"_blank\" rel=\"noopener\">liste de contr\u00f4le<\/a> comprend des \u00e9l\u00e9ments \u00e0 consid\u00e9rer lors de l&rsquo;adaptation de l&rsquo;enseignement aux \u00e9l\u00e8ves.<\/p>\t\t\t\t\t\t\t\t<\/div>\n\t\t\t\t<\/div>\n\t\t\t\t<div class=\"elementor-element elementor-element-ea29333 elementor-widget elementor-widget-global elementor-global-38240 elementor-widget-text-editor\" data-id=\"ea29333\" data-element_type=\"widget\" data-e-type=\"widget\" data-widget_type=\"text-editor.default\">\n\t\t\t\t<div class=\"elementor-widget-container\">\n\t\t\t\t\t\t\t\t\tDe nombreux programmes de litt\u00e9ratie structur\u00e9e int\u00e8grent un suivi des progr\u00e8s. Acadience Reading Fran\u00e7ais offre du mat\u00e9riel de suivi des progr\u00e8s pour le jardin d&rsquo;enfants et la 1<sup>re<\/sup> ann\u00e9e. Le mat\u00e9riel d\u2019Acadience Reading Fran\u00e7ais pour les ann\u00e9es sup\u00e9rieures est maintenant en phase de recherche.\t\t\t\t\t\t\t\t<\/div>\n\t\t\t\t<\/div>\n\t\t<div class=\"elementor-element elementor-element-79bb6d30 e-con-full e-flex e-con e-child\" data-id=\"79bb6d30\" data-element_type=\"container\" data-e-type=\"container\">\n\t\t\t\t<div class=\"elementor-element elementor-element-24a91c00 elementor-align-left elementor-widget__width-initial elementor-mobile-align-center elementor-widget elementor-widget-button\" data-id=\"24a91c00\" data-element_type=\"widget\" data-e-type=\"widget\" data-widget_type=\"button.default\">\n\t\t\t\t<div class=\"elementor-widget-container\">\n\t\t\t\t\t\t\t\t\t<div class=\"elementor-button-wrapper\">\n\t\t\t\t\t<a class=\"elementor-button elementor-button-link elementor-size-sm\" href=\"https:\/\/onlit.org\/fr\/survol-de-la-litteratie\/3e-annee\/sources-de-donnees-en-3e-annee\/\">\n\t\t\t\t\t\t<span class=\"elementor-button-content-wrapper\">\n\t\t\t\t\t\t\t\t\t<span class=\"elementor-button-text\">&lt;&lt; Retour<\/span>\n\t\t\t\t\t<\/span>\n\t\t\t\t\t<\/a>\n\t\t\t\t<\/div>\n\t\t\t\t\t\t\t\t<\/div>\n\t\t\t\t<\/div>\n\t\t\t\t<div class=\"elementor-element elementor-element-63db02a2 elementor-align-right elementor-widget__width-initial elementor-mobile-align-center elementor-widget elementor-widget-button\" data-id=\"63db02a2\" data-element_type=\"widget\" data-e-type=\"widget\" data-widget_type=\"button.default\">\n\t\t\t\t<div class=\"elementor-widget-container\">\n\t\t\t\t\t\t\t\t\t<div class=\"elementor-button-wrapper\">\n\t\t\t\t\t<a class=\"elementor-button elementor-button-link elementor-size-sm\" href=\"https:\/\/onlit.org\/fr\/survol-de-la-litteratie\/3e-annee\/resolutions-de-problemes-au-niveau-de-la-classe-ou-de-lannee-scolaire\/\">\n\t\t\t\t\t\t<span class=\"elementor-button-content-wrapper\">\n\t\t\t\t\t\t\t\t\t<span class=\"elementor-button-text\">Suivant &gt;&gt;<\/span>\n\t\t\t\t\t<\/span>\n\t\t\t\t\t<\/a>\n\t\t\t\t<\/div>\n\t\t\t\t\t\t\t\t<\/div>\n\t\t\t\t<\/div>\n\t\t\t\t<\/div>\n\t\t\t\t<\/div>\n\t\t\t\t<\/div>\n\t\t","protected":false},"excerpt":{"rendered":"<p>R\u00e9solutions de probl\u00e8mes au service de l\u2019\u00e9l\u00e8ve Lorsque nous analysons les donn\u00e9es des \u00e9l\u00e8ves, nous pouvons facilement nous sentir d\u00e9pass\u00e9s. C&rsquo;est pourquoi il est si important de disposer d&rsquo;un processus&#8230;<\/p>\n","protected":false},"author":32,"featured_media":37661,"parent":37726,"menu_order":0,"comment_status":"closed","ping_status":"closed","template":"","meta":{"_acf_changed":false,"_kad_post_transparent":"","_kad_post_title":"hide","_kad_post_layout":"fullwidth","_kad_post_sidebar_id":"","_kad_post_content_style":"unboxed","_kad_post_vertical_padding":"hide","_kad_post_feature":"hide","_kad_post_feature_position":"","_kad_post_header":false,"_kad_post_footer":false,"_kad_post_classname":"","footnotes":""},"content-language":[509],"class_list":["post-37830","page","type-page","status-publish","has-post-thumbnail","hentry","content-language-francais"],"acf":[],"_links":{"self":[{"href":"https:\/\/onlit.org\/fr\/wp-json\/wp\/v2\/pages\/37830","targetHints":{"allow":["GET"]}}],"collection":[{"href":"https:\/\/onlit.org\/fr\/wp-json\/wp\/v2\/pages"}],"about":[{"href":"https:\/\/onlit.org\/fr\/wp-json\/wp\/v2\/types\/page"}],"author":[{"embeddable":true,"href":"https:\/\/onlit.org\/fr\/wp-json\/wp\/v2\/users\/32"}],"replies":[{"embeddable":true,"href":"https:\/\/onlit.org\/fr\/wp-json\/wp\/v2\/comments?post=37830"}],"version-history":[{"count":5,"href":"https:\/\/onlit.org\/fr\/wp-json\/wp\/v2\/pages\/37830\/revisions"}],"predecessor-version":[{"id":38252,"href":"https:\/\/onlit.org\/fr\/wp-json\/wp\/v2\/pages\/37830\/revisions\/38252"}],"up":[{"embeddable":true,"href":"https:\/\/onlit.org\/fr\/wp-json\/wp\/v2\/pages\/37726"}],"wp:featuredmedia":[{"embeddable":true,"href":"https:\/\/onlit.org\/fr\/wp-json\/wp\/v2\/media\/37661"}],"wp:attachment":[{"href":"https:\/\/onlit.org\/fr\/wp-json\/wp\/v2\/media?parent=37830"}],"wp:term":[{"taxonomy":"content-language","embeddable":true,"href":"https:\/\/onlit.org\/fr\/wp-json\/wp\/v2\/content-language?post=37830"}],"curies":[{"name":"wp","href":"https:\/\/api.w.org\/{rel}","templated":true}]}}