{"id":37828,"date":"2025-05-06T15:35:59","date_gmt":"2025-05-06T19:35:59","guid":{"rendered":"https:\/\/onlit.org\/?page_id=37828"},"modified":"2025-08-27T14:32:39","modified_gmt":"2025-08-27T18:32:39","slug":"sources-de-donnees-en-3e-annee","status":"publish","type":"page","link":"https:\/\/onlit.org\/fr\/survol-de-la-litteratie\/3e-annee\/sources-de-donnees-en-3e-annee\/","title":{"rendered":"Sources de donn\u00e9es en 3e ann\u00e9e"},"content":{"rendered":"\t\t<div data-elementor-type=\"wp-page\" data-elementor-id=\"37828\" class=\"elementor elementor-37828 elementor-37714\" data-elementor-post-type=\"page\">\n\t\t\t\t<div class=\"elementor-element elementor-element-78ed6cef e-con-full e-flex e-con e-parent\" data-id=\"78ed6cef\" data-element_type=\"container\" data-e-type=\"container\">\n\t\t\t\t<div class=\"elementor-element elementor-element-12cde589 elementor-widget elementor-widget-heading\" data-id=\"12cde589\" data-element_type=\"widget\" data-e-type=\"widget\" data-widget_type=\"heading.default\">\n\t\t\t\t<div class=\"elementor-widget-container\">\n\t\t\t\t\t<h1 class=\"elementor-heading-title elementor-size-default\">Sources de donn\u00e9es en 3<sup>e<\/sup> ann\u00e9e<\/h1>\t\t\t\t<\/div>\n\t\t\t\t<\/div>\n\t\t\t\t<div class=\"elementor-element elementor-element-b2ab63c elementor-widget elementor-widget-text-editor\" data-id=\"b2ab63c\" data-element_type=\"widget\" data-e-type=\"widget\" data-widget_type=\"text-editor.default\">\n\t\t\t\t<div class=\"elementor-widget-container\">\n\t\t\t\t\t\t\t\t\t<p>Dans une approche de litt\u00e9ratie structur\u00e9e, nous nous appuyons sur diff\u00e9rents types d&rsquo;\u00e9valuations pour r\u00e9pondre aux questions sur les r\u00e9sultats des \u00e9l\u00e8ves. Les outils de d\u00e9pistage nous aident \u00e0 identifier rapidement les risques, les \u00e9valuations diagnostiques nous aident dans l&rsquo;analyse approfondie de comp\u00e9tences sp\u00e9cifiques, et le suivi des progr\u00e8s nous permet de d\u00e9terminer l&rsquo;efficacit\u00e9 de notre enseignement au fil du temps. Chaque outil a une fonction unique, mais ensemble, ils fournissent une image compl\u00e8te et guident nos d\u00e9cisions p\u00e9dagogiques.<\/p>\t\t\t\t\t\t\t\t<\/div>\n\t\t\t\t<\/div>\n\t\t\t\t<div class=\"elementor-element elementor-element-ab47689 elementor-widget elementor-widget-heading\" data-id=\"ab47689\" data-element_type=\"widget\" data-e-type=\"widget\" data-widget_type=\"heading.default\">\n\t\t\t\t<div class=\"elementor-widget-container\">\n\t\t\t\t\t<h2 class=\"elementor-heading-title elementor-size-default\">Le d\u00e9pistage<\/h2>\t\t\t\t<\/div>\n\t\t\t\t<\/div>\n\t\t\t\t<div class=\"elementor-element elementor-element-90baf09 elementor-widget elementor-widget-text-editor\" data-id=\"90baf09\" data-element_type=\"widget\" data-e-type=\"widget\" data-widget_type=\"text-editor.default\">\n\t\t\t\t<div class=\"elementor-widget-container\">\n\t\t\t\t\t\t\t\t\tLe d\u00e9pistage universel est obligatoire en Ontario pour les \u00e9l\u00e8ves du jardin d\u2019enfants jusqu\u2019\u00e0 la fin de la 2<sup>e<\/sup> ann\u00e9e avec Acadience Reading Fran\u00e7ais. Bien que le d\u00e9pistage universel ne soit pas obligatoire \u00e0 partir de la 3<sup>e<\/sup> ann\u00e9e, ces outils sont fiables, valides et favorisent l\u2019enseignement, l\u2019apprentissage et l\u2019intervention.\t\t\t\t\t\t\t\t<\/div>\n\t\t\t\t<\/div>\n\t\t\t\t<div class=\"elementor-element elementor-element-3b25c78 elementor-widget elementor-widget-global elementor-global-38236 elementor-widget-text-editor\" data-id=\"3b25c78\" data-element_type=\"widget\" data-e-type=\"widget\" data-widget_type=\"text-editor.default\">\n\t\t\t\t<div class=\"elementor-widget-container\">\n\t\t\t\t\t\t\t\t\tL\u2019outil de d\u00e9pistage d\u2019Acadience Reading Fran\u00e7ais est disponible du jardin d&rsquo;enfants \u00e0 la 2<sup>e<\/sup> ann\u00e9e. La phase de recherche pour la 3<sup>e<\/sup> ann\u00e9e et les ann\u00e9es sup\u00e9rieures est en cours. Pour en savoir plus sur cette phase de recherche ou pour y participer, veuillez contacter info@acadiencelearning.org.\t\t\t\t\t\t\t\t<\/div>\n\t\t\t\t<\/div>\n\t\t\t\t<div class=\"elementor-element elementor-element-cc10b50 elementor-widget elementor-widget-heading\" data-id=\"cc10b50\" data-element_type=\"widget\" data-e-type=\"widget\" data-widget_type=\"heading.default\">\n\t\t\t\t<div class=\"elementor-widget-container\">\n\t\t\t\t\t<h2 class=\"elementor-heading-title elementor-size-default\">L\u2019\u00e9valuation diagnostique<\/h2>\t\t\t\t<\/div>\n\t\t\t\t<\/div>\n\t\t\t\t<div class=\"elementor-element elementor-element-a2b2b8f elementor-widget elementor-widget-text-editor\" data-id=\"a2b2b8f\" data-element_type=\"widget\" data-e-type=\"widget\" data-widget_type=\"text-editor.default\">\n\t\t\t\t<div class=\"elementor-widget-container\">\n\t\t\t\t\t\t\t\t\t<p>Selon les comp\u00e9tences de vos \u00e9l\u00e8ves et de leurs r\u00e9sultats \u00e0 votre outil de d\u00e9pistage universel, il peut \u00eatre n\u00e9cessaire d&rsquo;approfondir l&rsquo;\u00e9valuation de leurs comp\u00e9tences. Les \u00e9valuations diagnostiques varient d&rsquo;un conseil scolaire \u00e0 l&rsquo;autre, mais peuvent inclure des \u00e9valuations de :<\/p><ul><li>comp\u00e9tences en langue orale<\/li><li>conscience phon\u00e9mique<br \/>phon\u00e9tique<\/li><li>d\u00e9codage<\/li><li>orthographe<\/li><li>morphologie<\/li><li>fluidit\u00e9<\/li><li>compr\u00e9hension de lecture<\/li><li>\u00e9criture<\/li><\/ul><p>Pour plus d&rsquo;informations, contactez l&rsquo;\u00e9quipe de direction de votre \u00e9cole et\/ou la ou le responsable des programmes de votre conseil scolaire.<\/p>\t\t\t\t\t\t\t\t<\/div>\n\t\t\t\t<\/div>\n\t\t\t\t<div class=\"elementor-element elementor-element-0a62c4f elementor-widget elementor-widget-heading\" data-id=\"0a62c4f\" data-element_type=\"widget\" data-e-type=\"widget\" data-widget_type=\"heading.default\">\n\t\t\t\t<div class=\"elementor-widget-container\">\n\t\t\t\t\t<h2 class=\"elementor-heading-title elementor-size-default\">Le suivi des progr\u00e8s<\/h2>\t\t\t\t<\/div>\n\t\t\t\t<\/div>\n\t\t\t\t<div class=\"elementor-element elementor-element-ff8e5ec elementor-widget elementor-widget-text-editor\" data-id=\"ff8e5ec\" data-element_type=\"widget\" data-e-type=\"widget\" data-widget_type=\"text-editor.default\">\n\t\t\t\t<div class=\"elementor-widget-container\">\n\t\t\t\t\t\t\t\t\t<p>Le suivi des progr\u00e8s permet au personnel enseignant d&rsquo;\u00e9valuer et de suivre la progression des \u00e9l\u00e8ves au fil du temps, ce qui facilite la prise de d\u00e9cision rapide concernant l&rsquo;efficacit\u00e9 de l&rsquo;enseignement.<\/p>\t\t\t\t\t\t\t\t<\/div>\n\t\t\t\t<\/div>\n\t\t\t\t<div class=\"elementor-element elementor-element-4a04978 elementor-widget elementor-widget-global elementor-global-38240 elementor-widget-text-editor\" data-id=\"4a04978\" data-element_type=\"widget\" data-e-type=\"widget\" data-widget_type=\"text-editor.default\">\n\t\t\t\t<div class=\"elementor-widget-container\">\n\t\t\t\t\t\t\t\t\tDe nombreux programmes de litt\u00e9ratie structur\u00e9e int\u00e8grent un suivi des progr\u00e8s. Acadience Reading Fran\u00e7ais offre du mat\u00e9riel de suivi des progr\u00e8s pour le jardin d&rsquo;enfants et la 1<sup>re<\/sup> ann\u00e9e. Le mat\u00e9riel d\u2019Acadience Reading Fran\u00e7ais pour les ann\u00e9es sup\u00e9rieures est maintenant en phase de recherche.\t\t\t\t\t\t\t\t<\/div>\n\t\t\t\t<\/div>\n\t\t\t\t<div class=\"elementor-element elementor-element-352f229 elementor-widget elementor-widget-text-editor\" data-id=\"352f229\" data-element_type=\"widget\" data-e-type=\"widget\" data-widget_type=\"text-editor.default\">\n\t\t\t\t<div class=\"elementor-widget-container\">\n\t\t\t\t\t\t\t\t\t<p>Le suivi des progr\u00e8s ne devrait pas porter sur plus de deux comp\u00e9tences \u00e0 la fois et devrait \u00eatre principalement ax\u00e9 sur la comp\u00e9tence qui fait l&rsquo;objet de l&rsquo;intervention la plus intensive. Pour visualiser les progr\u00e8s des \u00e9l\u00e8ves au fil du temps, vous pouvez cr\u00e9er <a href=\"https:\/\/www.youtube.com\/watch?v=cKcUIyaTzUs&amp;t=0s\" target=\"_blank\" rel=\"noopener\">un graphique sur papier<\/a>.<\/p>\t\t\t\t\t\t\t\t<\/div>\n\t\t\t\t<\/div>\n\t\t<div class=\"elementor-element elementor-element-298e2146 e-con-full e-flex e-con e-child\" data-id=\"298e2146\" data-element_type=\"container\" data-e-type=\"container\">\n\t\t\t\t<div class=\"elementor-element elementor-element-4137c13 elementor-align-left elementor-widget__width-initial elementor-mobile-align-center elementor-widget elementor-widget-button\" data-id=\"4137c13\" data-element_type=\"widget\" data-e-type=\"widget\" data-widget_type=\"button.default\">\n\t\t\t\t<div class=\"elementor-widget-container\">\n\t\t\t\t\t\t\t\t\t<div class=\"elementor-button-wrapper\">\n\t\t\t\t\t<a class=\"elementor-button elementor-button-link elementor-size-sm\" href=\"https:\/\/onlit.org\/fr\/survol-de-la-litteratie\/3e-annee\/axe-sur-les-donnees-probantes\/\">\n\t\t\t\t\t\t<span class=\"elementor-button-content-wrapper\">\n\t\t\t\t\t\t\t\t\t<span class=\"elementor-button-text\">&lt;&lt; Retour<\/span>\n\t\t\t\t\t<\/span>\n\t\t\t\t\t<\/a>\n\t\t\t\t<\/div>\n\t\t\t\t\t\t\t\t<\/div>\n\t\t\t\t<\/div>\n\t\t\t\t<div class=\"elementor-element elementor-element-7340bf92 elementor-align-right elementor-widget__width-initial elementor-mobile-align-center elementor-widget elementor-widget-button\" data-id=\"7340bf92\" data-element_type=\"widget\" data-e-type=\"widget\" data-widget_type=\"button.default\">\n\t\t\t\t<div class=\"elementor-widget-container\">\n\t\t\t\t\t\t\t\t\t<div class=\"elementor-button-wrapper\">\n\t\t\t\t\t<a class=\"elementor-button elementor-button-link elementor-size-sm\" href=\"https:\/\/onlit.org\/fr\/survol-de-la-litteratie\/3e-annee\/resolutions-de-problemes-au-service-de-leleve\/\">\n\t\t\t\t\t\t<span class=\"elementor-button-content-wrapper\">\n\t\t\t\t\t\t\t\t\t<span class=\"elementor-button-text\">Suivant &gt;&gt;<\/span>\n\t\t\t\t\t<\/span>\n\t\t\t\t\t<\/a>\n\t\t\t\t<\/div>\n\t\t\t\t\t\t\t\t<\/div>\n\t\t\t\t<\/div>\n\t\t\t\t<\/div>\n\t\t\t\t<\/div>\n\t\t\t\t<\/div>\n\t\t","protected":false},"excerpt":{"rendered":"<p>Sources de donn\u00e9es en 3e ann\u00e9e Dans une approche de litt\u00e9ratie structur\u00e9e, nous nous appuyons sur diff\u00e9rents types d&rsquo;\u00e9valuations pour r\u00e9pondre aux questions sur les r\u00e9sultats des \u00e9l\u00e8ves. Les outils&#8230;<\/p>\n","protected":false},"author":32,"featured_media":37661,"parent":37726,"menu_order":0,"comment_status":"closed","ping_status":"closed","template":"","meta":{"_acf_changed":false,"_kad_post_transparent":"","_kad_post_title":"hide","_kad_post_layout":"fullwidth","_kad_post_sidebar_id":"","_kad_post_content_style":"unboxed","_kad_post_vertical_padding":"hide","_kad_post_feature":"hide","_kad_post_feature_position":"","_kad_post_header":false,"_kad_post_footer":false,"_kad_post_classname":"","footnotes":""},"content-language":[509],"class_list":["post-37828","page","type-page","status-publish","has-post-thumbnail","hentry","content-language-francais"],"acf":[],"_links":{"self":[{"href":"https:\/\/onlit.org\/fr\/wp-json\/wp\/v2\/pages\/37828","targetHints":{"allow":["GET"]}}],"collection":[{"href":"https:\/\/onlit.org\/fr\/wp-json\/wp\/v2\/pages"}],"about":[{"href":"https:\/\/onlit.org\/fr\/wp-json\/wp\/v2\/types\/page"}],"author":[{"embeddable":true,"href":"https:\/\/onlit.org\/fr\/wp-json\/wp\/v2\/users\/32"}],"replies":[{"embeddable":true,"href":"https:\/\/onlit.org\/fr\/wp-json\/wp\/v2\/comments?post=37828"}],"version-history":[{"count":10,"href":"https:\/\/onlit.org\/fr\/wp-json\/wp\/v2\/pages\/37828\/revisions"}],"predecessor-version":[{"id":39456,"href":"https:\/\/onlit.org\/fr\/wp-json\/wp\/v2\/pages\/37828\/revisions\/39456"}],"up":[{"embeddable":true,"href":"https:\/\/onlit.org\/fr\/wp-json\/wp\/v2\/pages\/37726"}],"wp:featuredmedia":[{"embeddable":true,"href":"https:\/\/onlit.org\/fr\/wp-json\/wp\/v2\/media\/37661"}],"wp:attachment":[{"href":"https:\/\/onlit.org\/fr\/wp-json\/wp\/v2\/media?parent=37828"}],"wp:term":[{"taxonomy":"content-language","embeddable":true,"href":"https:\/\/onlit.org\/fr\/wp-json\/wp\/v2\/content-language?post=37828"}],"curies":[{"name":"wp","href":"https:\/\/api.w.org\/{rel}","templated":true}]}}