{"id":37824,"date":"2025-05-06T15:34:53","date_gmt":"2025-05-06T19:34:53","guid":{"rendered":"https:\/\/onlit.org\/?page_id=37824"},"modified":"2025-08-27T14:31:35","modified_gmt":"2025-08-27T18:31:35","slug":"d3-publication-presentation-et-reflexion","status":"publish","type":"page","link":"https:\/\/onlit.org\/fr\/survol-de-la-litteratie\/3e-annee\/d3-publication-presentation-et-reflexion\/","title":{"rendered":"D3. Publication, pr\u00e9sentation et r\u00e9flexion"},"content":{"rendered":"\t\t<div data-elementor-type=\"wp-page\" data-elementor-id=\"37824\" class=\"elementor elementor-37824 elementor-37710\" data-elementor-post-type=\"page\">\n\t\t\t\t<div class=\"elementor-element elementor-element-60bded15 e-flex e-con-boxed e-con e-parent\" data-id=\"60bded15\" data-element_type=\"container\" data-e-type=\"container\">\n\t\t\t\t\t<div class=\"e-con-inner\">\n\t\t\t\t<div class=\"elementor-element elementor-element-9e94c2a elementor-widget elementor-widget-heading\" data-id=\"9e94c2a\" data-element_type=\"widget\" data-e-type=\"widget\" data-widget_type=\"heading.default\">\n\t\t\t\t<div class=\"elementor-widget-container\">\n\t\t\t\t\t<h1 class=\"elementor-heading-title elementor-size-default\">D3. Publication, pr\u00e9sentation et r\u00e9flexion<\/h1>\t\t\t\t<\/div>\n\t\t\t\t<\/div>\n\t\t\t\t<div class=\"elementor-element elementor-element-558ca63 elementor-widget elementor-widget-text-editor\" data-id=\"558ca63\" data-element_type=\"widget\" data-e-type=\"widget\" data-widget_type=\"text-editor.default\">\n\t\t\t\t<div class=\"elementor-widget-container\">\n\t\t\t\t\t\t\t\t\t<p>Les \u00e9l\u00e8ves choisiront des m\u00e9dias, des techniques et des outils appropri\u00e9s et efficaces pour publier et pr\u00e9senter les textes finaux, et analyseront de mani\u00e8re critique la mani\u00e8re dont les textes traitent de divers sujets.<\/p>\t\t\t\t\t\t\t\t<\/div>\n\t\t\t\t<\/div>\n\t\t<div class=\"elementor-element elementor-element-d5c4a39 e-con-full e-flex e-con e-child\" data-id=\"d5c4a39\" data-element_type=\"container\" data-e-type=\"container\">\n\t\t<div class=\"elementor-element elementor-element-83f33e3 e-con-full e-flex e-con e-child\" data-id=\"83f33e3\" data-element_type=\"container\" data-e-type=\"container\">\n\t\t\t\t<div class=\"elementor-element elementor-element-02ae594 elementor-widget elementor-widget-heading\" data-id=\"02ae594\" data-element_type=\"widget\" data-e-type=\"widget\" data-widget_type=\"heading.default\">\n\t\t\t\t<div class=\"elementor-widget-container\">\n\t\t\t\t\t<h4 class=\"elementor-heading-title elementor-size-default\">En 2<sup>e<\/sup> ann\u00e9e, l\u2019accent a \u00e9t\u00e9 mis sur :<\/h4>\t\t\t\t<\/div>\n\t\t\t\t<\/div>\n\t\t\t\t<div class=\"elementor-element elementor-element-3d71ba3 elementor-widget elementor-widget-text-editor\" data-id=\"3d71ba3\" data-element_type=\"widget\" data-e-type=\"widget\" data-widget_type=\"text-editor.default\">\n\t\t\t\t<div class=\"elementor-widget-container\">\n\t\t\t\t\t\t\t\t\t<p><em><strong>Approfondissement continu des comp\u00e9tences acquises au cours de la premi\u00e8re ann\u00e9e, plus : <\/strong><\/em><\/p><ul><li>Produire des versions finales de textes en utilisant des techniques simples, pour obtenir l\u2019effet recherch\u00e9<\/li><li>Pr\u00e9senter des textes de sa propre cr\u00e9ation en utilisant les strat\u00e9gies appropri\u00e9es, y compris la lecture \u00e0 haute voix, avec expression<\/li><li>D\u00e9terminer quelques strat\u00e9gie qui se sont av\u00e9r\u00e9es utiles lors de la pr\u00e9sentation de ses textes<\/li><\/ul>\t\t\t\t\t\t\t\t<\/div>\n\t\t\t\t<\/div>\n\t\t\t\t<\/div>\n\t\t<div class=\"elementor-element elementor-element-730ed7c e-con-full e-flex e-con e-child\" data-id=\"730ed7c\" data-element_type=\"container\" data-e-type=\"container\">\n\t\t\t\t<div class=\"elementor-element elementor-element-a40b417 elementor-widget elementor-widget-heading\" data-id=\"a40b417\" data-element_type=\"widget\" data-e-type=\"widget\" data-widget_type=\"heading.default\">\n\t\t\t\t<div class=\"elementor-widget-container\">\n\t\t\t\t\t<h4 class=\"elementor-heading-title elementor-size-default\">Nouveau pour  la 3<sup>e<\/sup> ann\u00e9e :<\/h4>\t\t\t\t<\/div>\n\t\t\t\t<\/div>\n\t\t\t\t<div class=\"elementor-element elementor-element-9927e3d elementor-widget elementor-widget-text-editor\" data-id=\"9927e3d\" data-element_type=\"widget\" data-e-type=\"widget\" data-widget_type=\"text-editor.default\">\n\t\t\t\t<div class=\"elementor-widget-container\">\n\t\t\t\t\t\t\t\t\t<em><strong>Approfondissement continu des comp\u00e9tences acquises au cours de la 2<sup>e<\/sup> ann\u00e9e, plus :<\/strong><\/em>\n<ul>\n \t<li>D\u00e9terminer les strat\u00e9gies qui se sont av\u00e9r\u00e9es utiles pour communiquer son message et expliquer les fa\u00e7ons pour am\u00e9liorer ses textes<\/li>\n<\/ul>\t\t\t\t\t\t\t\t<\/div>\n\t\t\t\t<\/div>\n\t\t\t\t<\/div>\n\t\t\t\t<\/div>\n\t\t\t\t<div class=\"elementor-element elementor-element-82c78d9 elementor-widget elementor-widget-global elementor-global-36380 elementor-widget-text-editor\" data-id=\"82c78d9\" data-element_type=\"widget\" data-e-type=\"widget\" data-widget_type=\"text-editor.default\">\n\t\t\t\t<div class=\"elementor-widget-container\">\n\t\t\t\t\t\t\t\t\t<p>Il ne s&rsquo;agit pas d&rsquo;une liste exhaustive de toutes les attentes dans ce domaine. Veuillez consulter le <a href=\"https:\/\/www.dcp.edu.gov.on.ca\/fr\/curriculum\/elementaire-francais\" target=\"_blank\" rel=\"noopener\">programme-cadre de fran\u00e7ais<\/a> pour plus de d\u00e9tails.<\/p>\t\t\t\t\t\t\t\t<\/div>\n\t\t\t\t<\/div>\n\t\t\t\t<div class=\"elementor-element elementor-element-6d0e3e9 elementor-widget elementor-widget-heading\" data-id=\"6d0e3e9\" data-element_type=\"widget\" data-e-type=\"widget\" data-widget_type=\"heading.default\">\n\t\t\t\t<div class=\"elementor-widget-container\">\n\t\t\t\t\t<h2 class=\"elementor-heading-title elementor-size-default\">Une note au sujet de l\u2019attente D3 : Publication et pr\u00e9sentation<\/h2>\t\t\t\t<\/div>\n\t\t\t\t<\/div>\n\t\t\t\t<div class=\"elementor-element elementor-element-1264c0f elementor-widget elementor-widget-text-editor\" data-id=\"1264c0f\" data-element_type=\"widget\" data-e-type=\"widget\" data-widget_type=\"text-editor.default\">\n\t\t\t\t<div class=\"elementor-widget-container\">\n\t\t\t\t\t\t\t\t\t<p>Chaque texte \u00e9crit ne n\u00e9cessite pas obligatoirement d&rsquo;\u00eatre men\u00e9 jusqu&rsquo;\u00e0 la publication. Bien qu&rsquo;il soit utile d&rsquo;accompagner quelques textes tout au long du processus d&rsquo;\u00e9criture pendant l&rsquo;ann\u00e9e, il est important de r\u00e9fl\u00e9chir \u00e0 ce qui constitue l&rsquo;essentiel de l&rsquo;apprentissage. La planification, la r\u00e9daction, la correction et la r\u00e9vision sont des \u00e9tapes importantes qui exigent des \u00e9l\u00e8ves une r\u00e9flexion approfondie et critique sur leurs \u00e9crits. Les \u00e9l\u00e8ves peuvent planifier un texte (domaine D1) et le travail peut s&rsquo;arr\u00eater l\u00e0. De m\u00eame, les \u00e9l\u00e8ves peuvent aller jusqu&rsquo;\u00e0 l&rsquo;\u00e9tape de la r\u00e9vision et de la relecture (domaine D2), mais s&rsquo;arr\u00eater l\u00e0 (adapt\u00e9 de Hochman &amp; Wexlar, 2017).<\/p><p>Consid\u00e9rez la cr\u00e9ation d&rsquo;un portfolio d&rsquo;\u00e9criture pour chaque \u00e9l\u00e8ve. Dans ce portfolio, les \u00e9l\u00e8ves peuvent conserver les textes r\u00e9alis\u00e9s au stade de la planification ou de la r\u00e9vision. Cette collection de textes permet aux \u00e9l\u00e8ves de choisir ceux qui seront transform\u00e9s en une copie finale et soign\u00e9e pouvant \u00eatre publi\u00e9e et pr\u00e9sent\u00e9e \u00e0 un public (domaine D3). Cette approche de choix contr\u00f4l\u00e9 contribue \u00e0 renforcer l&rsquo;autonomie des \u00e9l\u00e8ves et \u00e0 accro\u00eetre leur engagement et leur enthousiasme \u00e0 l&rsquo;\u00e9gard de l&rsquo;\u00e9criture.<\/p>\t\t\t\t\t\t\t\t<\/div>\n\t\t\t\t<\/div>\n\t\t<div class=\"elementor-element elementor-element-6f510a38 e-con-full e-flex e-con e-child\" data-id=\"6f510a38\" data-element_type=\"container\" data-e-type=\"container\">\n\t\t\t\t<div class=\"elementor-element elementor-element-5da3d1b2 elementor-align-left elementor-widget__width-initial elementor-mobile-align-center elementor-widget elementor-widget-button\" data-id=\"5da3d1b2\" data-element_type=\"widget\" data-e-type=\"widget\" data-widget_type=\"button.default\">\n\t\t\t\t<div class=\"elementor-widget-container\">\n\t\t\t\t\t\t\t\t\t<div class=\"elementor-button-wrapper\">\n\t\t\t\t\t<a class=\"elementor-button elementor-button-link elementor-size-sm\" href=\"https:\/\/onlit.org\/fr\/survol-de-la-litteratie\/3e-annee\/d2-creation-des-textes\/\">\n\t\t\t\t\t\t<span class=\"elementor-button-content-wrapper\">\n\t\t\t\t\t\t\t\t\t<span class=\"elementor-button-text\">&lt;&lt; Back<\/span>\n\t\t\t\t\t<\/span>\n\t\t\t\t\t<\/a>\n\t\t\t\t<\/div>\n\t\t\t\t\t\t\t\t<\/div>\n\t\t\t\t<\/div>\n\t\t\t\t<div class=\"elementor-element elementor-element-5f465c34 elementor-align-right elementor-widget__width-initial elementor-mobile-align-center elementor-widget elementor-widget-button\" data-id=\"5f465c34\" data-element_type=\"widget\" data-e-type=\"widget\" data-widget_type=\"button.default\">\n\t\t\t\t<div class=\"elementor-widget-container\">\n\t\t\t\t\t\t\t\t\t<div class=\"elementor-button-wrapper\">\n\t\t\t\t\t<a class=\"elementor-button elementor-button-link elementor-size-sm\" href=\"https:\/\/onlit.org\/fr\/survol-de-la-litteratie\/3e-annee\/axe-sur-les-donnees-probantes\/\">\n\t\t\t\t\t\t<span class=\"elementor-button-content-wrapper\">\n\t\t\t\t\t\t\t\t\t<span class=\"elementor-button-text\">Next &gt;&gt;<\/span>\n\t\t\t\t\t<\/span>\n\t\t\t\t\t<\/a>\n\t\t\t\t<\/div>\n\t\t\t\t\t\t\t\t<\/div>\n\t\t\t\t<\/div>\n\t\t\t\t<\/div>\n\t\t\t\t\t<\/div>\n\t\t\t\t<\/div>\n\t\t\t\t<\/div>\n\t\t","protected":false},"excerpt":{"rendered":"<p>D3. Publication, pr\u00e9sentation et r\u00e9flexion Les \u00e9l\u00e8ves choisiront des m\u00e9dias, des techniques et des outils appropri\u00e9s et efficaces pour publier et pr\u00e9senter les textes finaux, et analyseront de mani\u00e8re critique&#8230;<\/p>\n","protected":false},"author":32,"featured_media":37661,"parent":37726,"menu_order":0,"comment_status":"closed","ping_status":"closed","template":"","meta":{"_acf_changed":false,"_kad_post_transparent":"","_kad_post_title":"hide","_kad_post_layout":"fullwidth","_kad_post_sidebar_id":"","_kad_post_content_style":"unboxed","_kad_post_vertical_padding":"hide","_kad_post_feature":"hide","_kad_post_feature_position":"","_kad_post_header":false,"_kad_post_footer":false,"_kad_post_classname":"","footnotes":""},"content-language":[509],"class_list":["post-37824","page","type-page","status-publish","has-post-thumbnail","hentry","content-language-francais"],"acf":[],"_links":{"self":[{"href":"https:\/\/onlit.org\/fr\/wp-json\/wp\/v2\/pages\/37824","targetHints":{"allow":["GET"]}}],"collection":[{"href":"https:\/\/onlit.org\/fr\/wp-json\/wp\/v2\/pages"}],"about":[{"href":"https:\/\/onlit.org\/fr\/wp-json\/wp\/v2\/types\/page"}],"author":[{"embeddable":true,"href":"https:\/\/onlit.org\/fr\/wp-json\/wp\/v2\/users\/32"}],"replies":[{"embeddable":true,"href":"https:\/\/onlit.org\/fr\/wp-json\/wp\/v2\/comments?post=37824"}],"version-history":[{"count":7,"href":"https:\/\/onlit.org\/fr\/wp-json\/wp\/v2\/pages\/37824\/revisions"}],"predecessor-version":[{"id":39449,"href":"https:\/\/onlit.org\/fr\/wp-json\/wp\/v2\/pages\/37824\/revisions\/39449"}],"up":[{"embeddable":true,"href":"https:\/\/onlit.org\/fr\/wp-json\/wp\/v2\/pages\/37726"}],"wp:featuredmedia":[{"embeddable":true,"href":"https:\/\/onlit.org\/fr\/wp-json\/wp\/v2\/media\/37661"}],"wp:attachment":[{"href":"https:\/\/onlit.org\/fr\/wp-json\/wp\/v2\/media?parent=37824"}],"wp:term":[{"taxonomy":"content-language","embeddable":true,"href":"https:\/\/onlit.org\/fr\/wp-json\/wp\/v2\/content-language?post=37824"}],"curies":[{"name":"wp","href":"https:\/\/api.w.org\/{rel}","templated":true}]}}