{"id":36885,"date":"2025-04-14T13:49:48","date_gmt":"2025-04-14T17:49:48","guid":{"rendered":"https:\/\/onlit.org\/?page_id=36885"},"modified":"2025-08-27T14:09:53","modified_gmt":"2025-08-27T18:09:53","slug":"resolution-de-problemes-au-service-de-leleve","status":"publish","type":"page","link":"https:\/\/onlit.org\/fr\/survol-de-la-litteratie\/1re-annee\/resolution-de-problemes-au-service-de-leleve\/","title":{"rendered":"R\u00e9solution de probl\u00e8mes au service de l\u2019\u00e9l\u00e8ve"},"content":{"rendered":"\t\t<div data-elementor-type=\"wp-page\" data-elementor-id=\"36885\" class=\"elementor elementor-36885 elementor-36817\" data-elementor-post-type=\"page\">\n\t\t\t\t<div class=\"elementor-element elementor-element-57100a34 e-con-full e-flex e-con e-parent\" data-id=\"57100a34\" data-element_type=\"container\" data-e-type=\"container\">\n\t\t\t\t<div class=\"elementor-element elementor-element-1c9771c elementor-widget elementor-widget-heading\" data-id=\"1c9771c\" data-element_type=\"widget\" data-e-type=\"widget\" data-widget_type=\"heading.default\">\n\t\t\t\t<div class=\"elementor-widget-container\">\n\t\t\t\t\t<h1 class=\"elementor-heading-title elementor-size-default\">R\u00e9solutions de probl\u00e8mes au service de l\u2019\u00e9l\u00e8ve<\/h1>\t\t\t\t<\/div>\n\t\t\t\t<\/div>\n\t\t\t\t<div class=\"elementor-element elementor-element-fba0de2 elementor-widget elementor-widget-text-editor\" data-id=\"fba0de2\" data-element_type=\"widget\" data-e-type=\"widget\" data-widget_type=\"text-editor.default\">\n\t\t\t\t<div class=\"elementor-widget-container\">\n\t\t\t\t\t\t\t\t\t<p>Lorsque nous analysons les donn\u00e9es des \u00e9l\u00e8ves, nous pouvons facilement nous sentir d\u00e9pass\u00e9s. C&rsquo;est pourquoi il est si important de disposer d&rsquo;un processus structur\u00e9 pour analyser les donn\u00e9es et les utiliser pour guider l&rsquo;enseignement ! En suivant ce processus en quatre \u00e9tapes, les enseignantes et enseignants peuvent travailler ensemble pour mieux comprendre les besoins des \u00e9l\u00e8ves et prendre des d\u00e9cisions claires et cibl\u00e9es qui favorisent l&rsquo;apprentissage pour toutes et tous.<\/p><p>Nous avons pr\u00e9sent\u00e9 les \u00e9tapes ci-dessous et ce <a href=\"https:\/\/onlit.org\/fr\/ressource\/formulaire-de-resolutions-de-problemes-structures-et-collaboratives-au-service-de-leleve\/\" target=\"_blank\" rel=\"noopener\">formulaire de r\u00e9solutions de probl\u00e8mes structur\u00e9es et collaboratives : au service de l\u2019\u00e9l\u00e8ve<\/a> pourra vous guider dans ce processus.<\/p>\t\t\t\t\t\t\t\t<\/div>\n\t\t\t\t<\/div>\n\t\t\t\t<div class=\"elementor-element elementor-element-4e1544a elementor-widget elementor-widget-heading\" data-id=\"4e1544a\" data-element_type=\"widget\" data-e-type=\"widget\" data-widget_type=\"heading.default\">\n\t\t\t\t<div class=\"elementor-widget-container\">\n\t\t\t\t\t<h2 class=\"elementor-heading-title elementor-size-default\">\u00c9tape 1 : Identification du probl\u00e8me<\/h2>\t\t\t\t<\/div>\n\t\t\t\t<\/div>\n\t\t\t\t<div class=\"elementor-element elementor-element-9866f8b elementor-widget elementor-widget-text-editor\" data-id=\"9866f8b\" data-element_type=\"widget\" data-e-type=\"widget\" data-widget_type=\"text-editor.default\">\n\t\t\t\t<div class=\"elementor-widget-container\">\n\t\t\t\t\t\t\t\t\t<p>Pour commencer, il faut identifier clairement l&rsquo;\u00e9cart entre les comp\u00e9tences actuelles de l&rsquo;\u00e9l\u00e8ve et les comp\u00e9tences attendues. Les donn\u00e9es de d\u00e9pistage, les \u00e9valuations en classe et les observations du personnel enseignant nous aident \u00e0 d\u00e9finir le probl\u00e8me. La contribution de la famille est \u00e9galement essentielle \u00e0 ce stade. Une d\u00e9finition claire du probl\u00e8me aide l&rsquo;\u00e9quipe \u00e0 se concentrer sur les prochaines \u00e9tapes p\u00e9dagogiques appropri\u00e9es.<\/p><p>Un exemple d&rsquo;\u00e9nonc\u00e9 de probl\u00e8me pourrait \u00eatre : \u00ab Le score de Marc \u00e0 l\u2019\u00e9preuve de Facilit\u00e9 \u00e0 lire des non-mots, nombre de sons de lettres corrects est de 15, alors que le but rep\u00e8re pour cette p\u00e9riode de l\u2019ann\u00e9e est de 27 \u00bb.<\/p>\t\t\t\t\t\t\t\t<\/div>\n\t\t\t\t<\/div>\n\t\t\t\t<div class=\"elementor-element elementor-element-c15740a elementor-widget elementor-widget-heading\" data-id=\"c15740a\" data-element_type=\"widget\" data-e-type=\"widget\" data-widget_type=\"heading.default\">\n\t\t\t\t<div class=\"elementor-widget-container\">\n\t\t\t\t\t<h2 class=\"elementor-heading-title elementor-size-default\">\u00c9tape 2 : Analyse du probl\u00e8me\n<\/h2>\t\t\t\t<\/div>\n\t\t\t\t<\/div>\n\t\t\t\t<div class=\"elementor-element elementor-element-ddf6ede elementor-widget elementor-widget-text-editor\" data-id=\"ddf6ede\" data-element_type=\"widget\" data-e-type=\"widget\" data-widget_type=\"text-editor.default\">\n\t\t\t\t<div class=\"elementor-widget-container\">\n\t\t\t\t\t\t\t\t\t<p>Nous approfondissons ensuite notre analyse pour comprendre pourquoi le probl\u00e8me se produit. \u00c0 l&rsquo;aide des donn\u00e9es recueillies lors de l&rsquo;\u00e9valuation diagnostique, nous analysons les facteurs li\u00e9s \u00e0 l&rsquo;enseignement, aux ressources, \u00e0 l&rsquo;environnement et \u00e0 l&rsquo;\u00e9l\u00e8ve. Ces facteurs sont class\u00e9s selon leur facilit\u00e9 de modification, ce qui nous aide \u00e0 nous concentrer d&rsquo;abord sur les solutions p\u00e9dagogiques. En identifiant l&rsquo;origine du probl\u00e8me, nous pouvons formuler une hypoth\u00e8se et choisir la bonne approche p\u00e9dagogique pour soutenir l&rsquo;\u00e9l\u00e8ve.<\/p><p>Pour Marc, cette d\u00e9marche pourrait consister \u00e0 effectuer une \u00e9valuation diagnostique de la phon\u00e9tique ou de l\u2019orthographe pour comprendre ses connaissances en phon\u00e9tique, ou \u00e0 revoir ses scores sur l\u2019\u00e9preuve de Facilit\u00e9 \u00e0 segmenter des phon\u00e8mes pour comprendre ses scores de conscience phon\u00e9mique. Une hypoth\u00e8se de probl\u00e8me pourrait indiquer que \u00ab Marc a des difficult\u00e9s avec le d\u00e9codage de nouveaux mots parce qu&rsquo;il n\u2019a pas encore appris suffisamment de correspondances entre les lettres et les sons \u00bb.<\/p>\t\t\t\t\t\t\t\t<\/div>\n\t\t\t\t<\/div>\n\t\t\t\t<div class=\"elementor-element elementor-element-3c58a22 elementor-widget elementor-widget-heading\" data-id=\"3c58a22\" data-element_type=\"widget\" data-e-type=\"widget\" data-widget_type=\"heading.default\">\n\t\t\t\t<div class=\"elementor-widget-container\">\n\t\t\t\t\t<h2 class=\"elementor-heading-title elementor-size-default\">\u00c9tape 3 : \u00c9laboration du plan<\/h2>\t\t\t\t<\/div>\n\t\t\t\t<\/div>\n\t\t\t\t<div class=\"elementor-element elementor-element-17e4c17 elementor-widget elementor-widget-text-editor\" data-id=\"17e4c17\" data-element_type=\"widget\" data-e-type=\"widget\" data-widget_type=\"text-editor.default\">\n\t\t\t\t<div class=\"elementor-widget-container\">\n\t\t\t\t\t\t\t\t\t<p>Une fois le probl\u00e8me clairement d\u00e9fini et la cause identifi\u00e9e, l&rsquo;\u00e9quipe \u00e9labore un plan de soutien cibl\u00e9. Ce plan pr\u00e9cise les comp\u00e9tences \u00e0 enseigner, les personnes charg\u00e9es de l&rsquo;accompagnement et la fr\u00e9quence des interventions. Nous fixons \u00e9galement un objectif sp\u00e9cifique et d\u00e9cidons de la mani\u00e8re de contr\u00f4ler \u00e0 la fois la fid\u00e9lit\u00e9 de l&rsquo;enseignement et les progr\u00e8s des \u00e9l\u00e8ves.<\/p><p>Pour Marc, un plan pourrait inclure un enseignement suppl\u00e9mentaire en petits groupes ciblant le d\u00e9codage, dispens\u00e9 par le personnel enseignant \u00e0 l&rsquo;arriv\u00e9e trois fois par semaine. Les progr\u00e8s de Marc peuvent \u00eatre suivis chaque semaine gr\u00e2ce \u00e0 une \u00e9preuve de suivi des progr\u00e8s de la Facilit\u00e9 \u00e0 lire des non-mots, l&rsquo;objectif \u00e9tant qu&rsquo;il arrive \u00e0 reconna\u00eetre 27 sons de lettres en 4 semaines.<\/p>\t\t\t\t\t\t\t\t<\/div>\n\t\t\t\t<\/div>\n\t\t\t\t<div class=\"elementor-element elementor-element-54f5b96 elementor-widget elementor-widget-heading\" data-id=\"54f5b96\" data-element_type=\"widget\" data-e-type=\"widget\" data-widget_type=\"heading.default\">\n\t\t\t\t<div class=\"elementor-widget-container\">\n\t\t\t\t\t<h2 class=\"elementor-heading-title elementor-size-default\">\u00c9tape 4 : Mise en \u0153uvre et \u00e9valuation du plan<\/h2>\t\t\t\t<\/div>\n\t\t\t\t<\/div>\n\t\t\t\t<div class=\"elementor-element elementor-element-35ed883 elementor-widget elementor-widget-text-editor\" data-id=\"35ed883\" data-element_type=\"widget\" data-e-type=\"widget\" data-widget_type=\"text-editor.default\">\n\t\t\t\t<div class=\"elementor-widget-container\">\n\t\t\t\t\t\t\t\t\t<p>Ce processus nous fournit les informations n\u00e9cessaires pour <strong>mettre en \u0153uvre le plan et suivre les progr\u00e8s au fil du temps<\/strong>. Nous utilisons les donn\u00e9es de fid\u00e9lit\u00e9 pour nous assurer que le plan est mis en \u0153uvre comme pr\u00e9vu, et les donn\u00e9es de suivi des progr\u00e8s pour v\u00e9rifier si l&rsquo;\u00e9l\u00e8ve r\u00e9pond \u00e0 l&rsquo;enseignement. Gr\u00e2ce \u00e0 ces donn\u00e9es, nous pouvons d\u00e9cider s&rsquo;il est n\u00e9cessaire de changer d&rsquo;approche, d&rsquo;intensifier l&rsquo;enseignement ou de r\u00e9duire le soutien. Cette <a href=\"https:\/\/onlit.org\/fr\/ressource\/strategie-dintensification-des-interventions\/\" target=\"_blank\" rel=\"noopener\">liste de contr\u00f4le<\/a> comprend des \u00e9l\u00e9ments \u00e0 consid\u00e9rer lors de l&rsquo;adaptation de l&rsquo;enseignement aux \u00e9l\u00e8ves.<\/p>\t\t\t\t\t\t\t\t<\/div>\n\t\t\t\t<\/div>\n\t\t<div class=\"elementor-element elementor-element-16330123 e-con-full e-flex e-con e-child\" data-id=\"16330123\" data-element_type=\"container\" data-e-type=\"container\">\n\t\t\t\t<div class=\"elementor-element elementor-element-1a0ee111 elementor-align-left elementor-widget__width-initial elementor-mobile-align-center elementor-widget elementor-widget-button\" data-id=\"1a0ee111\" data-element_type=\"widget\" data-e-type=\"widget\" data-widget_type=\"button.default\">\n\t\t\t\t<div class=\"elementor-widget-container\">\n\t\t\t\t\t\t\t\t\t<div class=\"elementor-button-wrapper\">\n\t\t\t\t\t<a class=\"elementor-button elementor-button-link elementor-size-sm\" href=\"https:\/\/onlit.org\/fr\/survol-de-la-litteratie\/1re-annee\/sources-de-donnees-en-1re-annee\/\">\n\t\t\t\t\t\t<span class=\"elementor-button-content-wrapper\">\n\t\t\t\t\t\t\t\t\t<span class=\"elementor-button-text\">&lt;&lt; Retour<\/span>\n\t\t\t\t\t<\/span>\n\t\t\t\t\t<\/a>\n\t\t\t\t<\/div>\n\t\t\t\t\t\t\t\t<\/div>\n\t\t\t\t<\/div>\n\t\t\t\t<div class=\"elementor-element elementor-element-3ded73e9 elementor-align-right elementor-widget__width-initial elementor-mobile-align-center elementor-widget elementor-widget-button\" data-id=\"3ded73e9\" data-element_type=\"widget\" data-e-type=\"widget\" data-widget_type=\"button.default\">\n\t\t\t\t<div class=\"elementor-widget-container\">\n\t\t\t\t\t\t\t\t\t<div class=\"elementor-button-wrapper\">\n\t\t\t\t\t<a class=\"elementor-button elementor-button-link elementor-size-sm\" href=\"https:\/\/onlit.org\/fr\/survol-de-la-litteratie\/1re-annee\/resolutions-de-problemes-au-niveau-de-la-classe-ou-de-lannee-scolaire\/\">\n\t\t\t\t\t\t<span class=\"elementor-button-content-wrapper\">\n\t\t\t\t\t\t\t\t\t<span class=\"elementor-button-text\">Suivant &gt;&gt;<\/span>\n\t\t\t\t\t<\/span>\n\t\t\t\t\t<\/a>\n\t\t\t\t<\/div>\n\t\t\t\t\t\t\t\t<\/div>\n\t\t\t\t<\/div>\n\t\t\t\t<\/div>\n\t\t\t\t<\/div>\n\t\t\t\t<\/div>\n\t\t","protected":false},"excerpt":{"rendered":"<p>R\u00e9solutions de probl\u00e8mes au service de l\u2019\u00e9l\u00e8ve Lorsque nous analysons les donn\u00e9es des \u00e9l\u00e8ves, nous pouvons facilement nous sentir d\u00e9pass\u00e9s. C&rsquo;est pourquoi il est si important de disposer d&rsquo;un processus&#8230;<\/p>\n","protected":false},"author":32,"featured_media":36876,"parent":36757,"menu_order":0,"comment_status":"closed","ping_status":"closed","template":"","meta":{"_acf_changed":false,"_kad_post_transparent":"","_kad_post_title":"hide","_kad_post_layout":"fullwidth","_kad_post_sidebar_id":"","_kad_post_content_style":"unboxed","_kad_post_vertical_padding":"hide","_kad_post_feature":"hide","_kad_post_feature_position":"","_kad_post_header":false,"_kad_post_footer":false,"_kad_post_classname":"","footnotes":""},"content-language":[509],"class_list":["post-36885","page","type-page","status-publish","has-post-thumbnail","hentry","content-language-francais"],"acf":[],"_links":{"self":[{"href":"https:\/\/onlit.org\/fr\/wp-json\/wp\/v2\/pages\/36885","targetHints":{"allow":["GET"]}}],"collection":[{"href":"https:\/\/onlit.org\/fr\/wp-json\/wp\/v2\/pages"}],"about":[{"href":"https:\/\/onlit.org\/fr\/wp-json\/wp\/v2\/types\/page"}],"author":[{"embeddable":true,"href":"https:\/\/onlit.org\/fr\/wp-json\/wp\/v2\/users\/32"}],"replies":[{"embeddable":true,"href":"https:\/\/onlit.org\/fr\/wp-json\/wp\/v2\/comments?post=36885"}],"version-history":[{"count":5,"href":"https:\/\/onlit.org\/fr\/wp-json\/wp\/v2\/pages\/36885\/revisions"}],"predecessor-version":[{"id":37497,"href":"https:\/\/onlit.org\/fr\/wp-json\/wp\/v2\/pages\/36885\/revisions\/37497"}],"up":[{"embeddable":true,"href":"https:\/\/onlit.org\/fr\/wp-json\/wp\/v2\/pages\/36757"}],"wp:featuredmedia":[{"embeddable":true,"href":"https:\/\/onlit.org\/fr\/wp-json\/wp\/v2\/media\/36876"}],"wp:attachment":[{"href":"https:\/\/onlit.org\/fr\/wp-json\/wp\/v2\/media?parent=36885"}],"wp:term":[{"taxonomy":"content-language","embeddable":true,"href":"https:\/\/onlit.org\/fr\/wp-json\/wp\/v2\/content-language?post=36885"}],"curies":[{"name":"wp","href":"https:\/\/api.w.org\/{rel}","templated":true}]}}