{"id":36883,"date":"2025-04-14T13:49:05","date_gmt":"2025-04-14T17:49:05","guid":{"rendered":"https:\/\/onlit.org\/?page_id=36883"},"modified":"2026-04-24T13:51:02","modified_gmt":"2026-04-24T17:51:02","slug":"sources-de-donnees-en-1re-annee","status":"publish","type":"page","link":"https:\/\/onlit.org\/fr\/survol-de-la-litteratie\/1re-annee\/sources-de-donnees-en-1re-annee\/","title":{"rendered":"Sources de donn\u00e9es en 1re ann\u00e9e"},"content":{"rendered":"\t\t<div data-elementor-type=\"wp-page\" data-elementor-id=\"36883\" class=\"elementor elementor-36883 elementor-36815\" data-elementor-post-type=\"page\">\n\t\t\t\t<div class=\"elementor-element elementor-element-4fb309f1 e-con-full e-flex e-con e-parent\" data-id=\"4fb309f1\" data-element_type=\"container\" data-e-type=\"container\">\n\t\t\t\t<div class=\"elementor-element elementor-element-39edb16c elementor-widget elementor-widget-heading\" data-id=\"39edb16c\" data-element_type=\"widget\" data-e-type=\"widget\" data-widget_type=\"heading.default\">\n\t\t\t\t<div class=\"elementor-widget-container\">\n\t\t\t\t\t<h1 class=\"elementor-heading-title elementor-size-default\">Sources de donn\u00e9es en 1<sup>re<\/sup> ann\u00e9e<\/h1>\t\t\t\t<\/div>\n\t\t\t\t<\/div>\n\t\t\t\t<div class=\"elementor-element elementor-element-85c5ef4 elementor-widget elementor-widget-text-editor\" data-id=\"85c5ef4\" data-element_type=\"widget\" data-e-type=\"widget\" data-widget_type=\"text-editor.default\">\n\t\t\t\t<div class=\"elementor-widget-container\">\n\t\t\t\t\t\t\t\t\t<p>Dans une approche de litt\u00e9ratie structur\u00e9e, nous nous appuyons sur diff\u00e9rents types d&rsquo;\u00e9valuations pour r\u00e9pondre aux questions sur les r\u00e9sultats des \u00e9l\u00e8ves. Les outils de d\u00e9pistage nous aident \u00e0 identifier rapidement les risques, les \u00e9valuations diagnostiques nous aident dans l&rsquo;analyse approfondie de comp\u00e9tences sp\u00e9cifiques, et le suivi des progr\u00e8s nous permet de d\u00e9terminer l&rsquo;efficacit\u00e9 de notre enseignement au fil du temps. Chaque outil a une fonction unique, mais ensemble, ils fournissent une image compl\u00e8te et guident nos d\u00e9cisions p\u00e9dagogiques.<\/p>\t\t\t\t\t\t\t\t<\/div>\n\t\t\t\t<\/div>\n\t\t\t\t<div class=\"elementor-element elementor-element-ad5cd3a elementor-widget elementor-widget-heading\" data-id=\"ad5cd3a\" data-element_type=\"widget\" data-e-type=\"widget\" data-widget_type=\"heading.default\">\n\t\t\t\t<div class=\"elementor-widget-container\">\n\t\t\t\t\t<h2 class=\"elementor-heading-title elementor-size-default\">Le d\u00e9pistage<\/h2>\t\t\t\t<\/div>\n\t\t\t\t<\/div>\n\t\t\t\t<div class=\"elementor-element elementor-element-fc6d7da elementor-widget elementor-widget-n-accordion\" data-id=\"fc6d7da\" data-element_type=\"widget\" data-e-type=\"widget\" data-settings=\"{&quot;max_items_expended&quot;:&quot;multiple&quot;,&quot;default_state&quot;:&quot;all_collapsed&quot;,&quot;n_accordion_animation_duration&quot;:{&quot;unit&quot;:&quot;ms&quot;,&quot;size&quot;:400,&quot;sizes&quot;:[]}}\" data-widget_type=\"nested-accordion.default\">\n\t\t\t\t<div class=\"elementor-widget-container\">\n\t\t\t\t\t\t\t<div class=\"e-n-accordion\" aria-label=\"Accordion. Open links with Enter or Space, close with Escape, and navigate with Arrow Keys\">\n\t\t\t\t\t\t<details id=\"e-n-accordion-item-2640\" class=\"e-n-accordion-item\" >\n\t\t\t\t<summary class=\"e-n-accordion-item-title\" data-accordion-index=\"1\" tabindex=\"0\" aria-expanded=\"false\" aria-controls=\"e-n-accordion-item-2640\" >\n\t\t\t\t\t<span class='e-n-accordion-item-title-header'><h3 class=\"e-n-accordion-item-title-text\"> Facilit\u00e9 \u00e0 d\u00e9nommer des lettres (FDL) <\/h3><\/span>\n\t\t\t\t\t\t\t<span class='e-n-accordion-item-title-icon'>\n\t\t\t<span class='e-opened' ><i aria-hidden=\"true\" class=\"fas fa-minus\"><\/i><\/span>\n\t\t\t<span class='e-closed'><i aria-hidden=\"true\" class=\"fas fa-plus\"><\/i><\/span>\n\t\t<\/span>\n\n\t\t\t\t\t\t<\/summary>\n\t\t\t\t<div role=\"region\" aria-labelledby=\"e-n-accordion-item-2640\" class=\"elementor-element elementor-element-b5fc197 e-flex e-con-boxed e-con e-child\" data-id=\"b5fc197\" data-element_type=\"container\" data-e-type=\"container\">\n\t\t\t\t\t<div class=\"e-con-inner\">\n\t\t<div role=\"region\" aria-labelledby=\"e-n-accordion-item-2640\" class=\"elementor-element elementor-element-19b6365 e-con-full e-flex e-con e-child\" data-id=\"19b6365\" data-element_type=\"container\" data-e-type=\"container\">\n\t\t\t\t<div class=\"elementor-element elementor-element-ae7ef67 elementor-widget elementor-widget-text-editor\" data-id=\"ae7ef67\" data-element_type=\"widget\" data-e-type=\"widget\" data-widget_type=\"text-editor.default\">\n\t\t\t\t<div class=\"elementor-widget-container\">\n\t\t\t\t\t\t\t\t\t<p><strong>Comp\u00e9tences \u00e9valu\u00e9es<\/strong> : <em>La capacit\u00e9 de l\u2019\u00e9l\u00e8ve \u00e0 reconna\u00eetre des lettres individuelles et \u00e0 dire leur nom<\/em><\/p><p>Facilit\u00e9 \u00e0 d\u00e9nommer des lettres (FDL) est une mesure br\u00e8ve et directe de l\u2019aisance de l\u2019\u00e9l\u00e8ve \u00e0 nommer des lettres. La FDL \u00e9value la capacit\u00e9 de l\u2019\u00e9l\u00e8ve \u00e0 reconna\u00eetre des lettres individuelles et \u00e0 dire leur nom. L\u2019objectif de la FDL est de mesurer l\u2019automaticit\u00e9 des \u00e9l\u00e8ves dans la d\u00e9nomination des lettres.<\/p><p>Lors de l\u2019\u00e9valuation FDL, l\u2019\u00e9l\u00e8ve est pr\u00e9sent\u00e9(e) avec une feuille sur laquelle se trouvent des lettres majuscules et minuscules plac\u00e9es dans un ordre al\u00e9atoire. L\u2019\u00e9l\u00e8ve est invit\u00e9(e) \u00e0 nommer autant de lettres que possible dans un temps donn\u00e9, souvent une minute. L\u2019\u00e9valuation porte sur l\u2019automaticit\u00e9 et la pr\u00e9cision avec lesquelles l\u2019\u00e9l\u00e8ve peut identifier et nommer chaque lettre.<\/p><p>La connaissance du nom des lettres en maternelle est un pr\u00e9dicteur fort et robuste des performances ult\u00e9rieures en lecture (Adams, 1990) et a une relation persistante avec la conscience phonologique (Kaminski &amp; Good, 1996; Scarborough, 1998; Stahl &amp; Murray, 1994; Wagner, Torgesen, &amp; Rashotte, 1994).<\/p><p>(<em>Acadience Reading K-6 Assessment Manual, 2011<\/em>)<\/p><p><strong>Du d\u00e9but du jardin d\u2019enfants au d\u00e9but de la 1<sup>re<\/sup> ann\u00e9e\u00a0 &#8211; requis<\/strong><\/p>\t\t\t\t\t\t\t\t<\/div>\n\t\t\t\t<\/div>\n\t\t\t\t<\/div>\n\t\t\t\t\t<\/div>\n\t\t\t\t<\/div>\n\t\t\t\t\t<\/details>\n\t\t\t\t\t\t<details id=\"e-n-accordion-item-2641\" class=\"e-n-accordion-item\" >\n\t\t\t\t<summary class=\"e-n-accordion-item-title\" data-accordion-index=\"2\" tabindex=\"-1\" aria-expanded=\"false\" aria-controls=\"e-n-accordion-item-2641\" >\n\t\t\t\t\t<span class='e-n-accordion-item-title-header'><h3 class=\"e-n-accordion-item-title-text\"> Facilit\u00e9 \u00e0 segmenter des phon\u00e8mes (FSP) <\/h3><\/span>\n\t\t\t\t\t\t\t<span class='e-n-accordion-item-title-icon'>\n\t\t\t<span class='e-opened' ><i aria-hidden=\"true\" class=\"fas fa-minus\"><\/i><\/span>\n\t\t\t<span class='e-closed'><i aria-hidden=\"true\" class=\"fas fa-plus\"><\/i><\/span>\n\t\t<\/span>\n\n\t\t\t\t\t\t<\/summary>\n\t\t\t\t<div role=\"region\" aria-labelledby=\"e-n-accordion-item-2641\" class=\"elementor-element elementor-element-762af0f e-flex e-con-boxed e-con e-child\" data-id=\"762af0f\" data-element_type=\"container\" data-e-type=\"container\">\n\t\t\t\t\t<div class=\"e-con-inner\">\n\t\t<div role=\"region\" aria-labelledby=\"e-n-accordion-item-2641\" class=\"elementor-element elementor-element-61918a9 e-con-full e-flex e-con e-child\" data-id=\"61918a9\" data-element_type=\"container\" data-e-type=\"container\">\n\t\t\t\t<div class=\"elementor-element elementor-element-522020c elementor-widget elementor-widget-text-editor\" data-id=\"522020c\" data-element_type=\"widget\" data-e-type=\"widget\" data-widget_type=\"text-editor.default\">\n\t\t\t\t<div class=\"elementor-widget-container\">\n\t\t\t\t\t\t\t\t\t<p><strong>Comp\u00e9tences \u00e9valu\u00e9es<\/strong> : <em>Conscience phon\u00e9mique<\/em><\/p><p>Facilit\u00e9 \u00e0 segmenter des phon\u00e8mes (FSP) est une mesure br\u00e8ve et directe de la conscience phon\u00e9mique. La FSP \u00e9value la fluidit\u00e9 de l\u2019\u00e9l\u00e8ve \u00e0 segmenter un mot parl\u00e9 en ses \u00e9l\u00e9ments constitutifs ou segments sonores.<\/p><p>Lors de l\u2019\u00e9valuation FSP, on pr\u00e9sente \u00e0 l\u2019\u00e9l\u00e8ve une s\u00e9rie de mots et on lui demande de segmenter chaque mot en ses phon\u00e8mes constitutifs. Par exemple, l\u2019\u00e9valuateur ou l\u2019\u00e9valuatrice dit le mot \u00ab sac \u00bb, l\u2019\u00e9l\u00e8ve doit identifier et dire correctement les sons qui le composent : \/s\/ \/a\/ \/k\/. L\u2019\u00e9valuation est chronom\u00e9tr\u00e9e et le nombre de segments de phon\u00e8mes corrects dans le temps imparti est enregistr\u00e9.<\/p><p>La conscience phon\u00e9mique est un facteur pr\u00e9dictif important de r\u00e9ussite dans l\u2019apprentissage de la lecture (Gillon, 2004; Stahl &amp; Murray, 2006). En outre, un enseignement efficace de la conscience phon\u00e9mique entra\u00eene des diff\u00e9rences significatives dans les r\u00e9sultats en lecture (Ehri, 2004; National Reading Panel, 2000). La plupart des chercheurs et chercheuses en lecture pr\u00e9conisent que la conscience phon\u00e9mique soit enseign\u00e9e de mani\u00e8re cibl\u00e9e et explicite dans le cadre d\u2019un programme d\u2019enseignement complet de la lecture et de l\u2019\u00e9criture.\u00a0 (<em>Acadience Reading K-6 Assessment Manual, 2011<\/em>)<\/p><p><strong>Du milieu du jardin d\u2019enfants au d\u00e9but de la 1<sup>re<\/sup> ann\u00e9e &#8211; requis<\/strong><\/p>\t\t\t\t\t\t\t\t<\/div>\n\t\t\t\t<\/div>\n\t\t\t\t<\/div>\n\t\t\t\t\t<\/div>\n\t\t\t\t<\/div>\n\t\t\t\t\t<\/details>\n\t\t\t\t\t\t<details id=\"e-n-accordion-item-2642\" class=\"e-n-accordion-item\" >\n\t\t\t\t<summary class=\"e-n-accordion-item-title\" data-accordion-index=\"3\" tabindex=\"-1\" aria-expanded=\"false\" aria-controls=\"e-n-accordion-item-2642\" >\n\t\t\t\t\t<span class='e-n-accordion-item-title-header'><h3 class=\"e-n-accordion-item-title-text\"> Facilit\u00e9 \u00e0 lire des non-mots (FNM) <\/h3><\/span>\n\t\t\t\t\t\t\t<span class='e-n-accordion-item-title-icon'>\n\t\t\t<span class='e-opened' ><i aria-hidden=\"true\" class=\"fas fa-minus\"><\/i><\/span>\n\t\t\t<span class='e-closed'><i aria-hidden=\"true\" class=\"fas fa-plus\"><\/i><\/span>\n\t\t<\/span>\n\n\t\t\t\t\t\t<\/summary>\n\t\t\t\t<div role=\"region\" aria-labelledby=\"e-n-accordion-item-2642\" class=\"elementor-element elementor-element-6202343 e-flex e-con-boxed e-con e-child\" data-id=\"6202343\" data-element_type=\"container\" data-e-type=\"container\">\n\t\t\t\t\t<div class=\"e-con-inner\">\n\t\t<div role=\"region\" aria-labelledby=\"e-n-accordion-item-2642\" class=\"elementor-element elementor-element-3c2ce34 e-flex e-con-boxed e-con e-child\" data-id=\"3c2ce34\" data-element_type=\"container\" data-e-type=\"container\">\n\t\t\t\t\t<div class=\"e-con-inner\">\n\t\t\t\t<div class=\"elementor-element elementor-element-b915d9c elementor-widget elementor-widget-text-editor\" data-id=\"b915d9c\" data-element_type=\"widget\" data-e-type=\"widget\" data-widget_type=\"text-editor.default\">\n\t\t\t\t<div class=\"elementor-widget-container\">\n\t\t\t\t\t\t\t\t\t<p><strong>Comp\u00e9tences \u00e9valu\u00e9es<\/strong> : <em>Principe alphab\u00e9tique et la phon\u00e9tique<\/em><\/p><p>Facilit\u00e9 \u00e0 lire des non-mots (FNM) est une mesure br\u00e8ve et directe du principe alphab\u00e9tique et de la phon\u00e9tique de base. Les \u00e9preuves de non-mots sont consid\u00e9r\u00e9es comme un bon indicateur du principe alphab\u00e9tique, car les non-mots n\u2019ont pas d\u2019entr\u00e9e lexicale, et donc la lecture des non-mots fournit une \u00e9valuation relativement pure de la capacit\u00e9 des \u00e9l\u00e8ves \u00e0 appliquer leurs connaissances des graph\u00e8mes-phon\u00e8mes dans le d\u00e9codage (Rathvon, 2004).<\/p><p>Lors de l\u2019\u00e9valuation FNM, on pr\u00e9sente \u00e0 l\u2019\u00e9l\u00e8ve une liste de non-mots, c\u2019est-\u00e0-dire des mots invent\u00e9s qui suivent des r\u00e8gles phon\u00e9tiques et sont phon\u00e9tiquement r\u00e9guliers, par exemple \u00ab jib \u00bb ou \u00ab vop \u00bb. On invite l\u2019\u00e9l\u00e8ve \u00e0 lire \u00e0 haute voix autant de non-mots que possible dans un temps donn\u00e9, g\u00e9n\u00e9ralement une minute. L\u2019\u00e9valuation porte sur la pr\u00e9cision et l\u2019automaticit\u00e9 avec lesquels l\u2019\u00e9l\u00e8ve peut d\u00e9coder et lire ces non-mots.<\/p><p>Le d\u00e9veloppement du principe alphab\u00e9tique et de la phon\u00e9tique de base est essentiel pour d\u00e9coder les mots inconnus (Adams, 1990; Ehri, 2002) et pour reconna\u00eetre automatiquement les mots courants n\u00e9cessaires \u00e0 une lecture fluide (Share, 1995; Share &amp; Stanovich, 1995). Bien que la lecture fluide des non-mots soit un moyen rapide d\u2019\u00e9valuer la capacit\u00e9 de d\u00e9codage d\u2019une ou d&rsquo;un \u00e9l\u00e8ve, il n\u2019est pas n\u00e9cessaire d\u2019enseigner le d\u00e9codage des non-mots. Lorsque les donn\u00e9es de d\u00e9pistage indiquent un risque dans ce domaine, il convient d\u2019approfondir et d\u2019\u00e9valuer la conscience phon\u00e9mique et la phon\u00e9tique afin d\u2019orienter l\u2019enseignement. (Acadience Reading K-6 Assessment Manual, 2011)<\/p><p><strong>Du milieu du jardin d\u2019enfants au d\u00e9but de la 2<sup>e<\/sup> ann\u00e9e\u00a0 &#8211; requis<\/strong><\/p>\t\t\t\t\t\t\t\t<\/div>\n\t\t\t\t<\/div>\n\t\t\t\t\t<\/div>\n\t\t\t\t<\/div>\n\t\t\t\t\t<\/div>\n\t\t\t\t<\/div>\n\t\t\t\t\t<\/details>\n\t\t\t\t\t\t<details id=\"e-n-accordion-item-2643\" class=\"e-n-accordion-item\" >\n\t\t\t\t<summary class=\"e-n-accordion-item-title\" data-accordion-index=\"4\" tabindex=\"-1\" aria-expanded=\"false\" aria-controls=\"e-n-accordion-item-2643\" >\n\t\t\t\t\t<span class='e-n-accordion-item-title-header'><h3 class=\"e-n-accordion-item-title-text\"> Facilit\u00e9 en lecture orale (FLO) et le r\u00e9cit oral <\/h3><\/span>\n\t\t\t\t\t\t\t<span class='e-n-accordion-item-title-icon'>\n\t\t\t<span class='e-opened' ><i aria-hidden=\"true\" class=\"fas fa-minus\"><\/i><\/span>\n\t\t\t<span class='e-closed'><i aria-hidden=\"true\" class=\"fas fa-plus\"><\/i><\/span>\n\t\t<\/span>\n\n\t\t\t\t\t\t<\/summary>\n\t\t\t\t<div role=\"region\" aria-labelledby=\"e-n-accordion-item-2643\" class=\"elementor-element elementor-element-2816895 e-flex e-con-boxed e-con e-child\" data-id=\"2816895\" data-element_type=\"container\" data-e-type=\"container\">\n\t\t\t\t\t<div class=\"e-con-inner\">\n\t\t<div role=\"region\" aria-labelledby=\"e-n-accordion-item-2643\" class=\"elementor-element elementor-element-98109e1 e-flex e-con-boxed e-con e-child\" data-id=\"98109e1\" data-element_type=\"container\" data-e-type=\"container\">\n\t\t\t\t\t<div class=\"e-con-inner\">\n\t\t\t\t<div class=\"elementor-element elementor-element-fb0e709 elementor-widget elementor-widget-text-editor\" data-id=\"fb0e709\" data-element_type=\"widget\" data-e-type=\"widget\" data-widget_type=\"text-editor.default\">\n\t\t\t\t<div class=\"elementor-widget-container\">\n\t\t\t\t\t\t\t\t\t<p><strong>Comp\u00e9tences \u00e9valu\u00e9es : <\/strong><em>Phon\u00e9tique avanc\u00e9e et le d\u00e9codage; Lecture pr\u00e9cise et fluide de textes connect\u00e9s; Compr\u00e9hension de la lecture<\/em><\/p><p>Facilit\u00e9 en lecture orale (FLO) est une mesure des comp\u00e9tences avanc\u00e9es en phon\u00e9tique, du d\u00e9codage des mots, de la pr\u00e9cision, de la fluidit\u00e9 de la lecture d\u2019un texte connect\u00e9 et de la compr\u00e9hension de la lecture.<\/p><p>Lors de l&rsquo;\u00e9valuation FLO, l&rsquo;\u00e9l\u00e8ve re\u00e7oit trois passages de textes non familiers du niveau scolaire et doit les lire \u00e0 haute voix pendant une minute. L&rsquo;\u00e9l\u00e8ve lit le plus pr\u00e9cis\u00e9ment et le plus fluidement possible, en mettant l&rsquo;accent sur la pr\u00e9cision et l\u2019automatisation. Apr\u00e8s la lecture de chaque passage, il est possible que l&rsquo;on demande \u00e0 l&rsquo;\u00e9l\u00e8ve de fournir un r\u00e9cit afin d&rsquo;\u00e9valuer sa compr\u00e9hension du texte.<\/p><p>La fluidit\u00e9 de la lecture orale d&rsquo;un texte coh\u00e9rent va au-del\u00e0 de la lecture pr\u00e9cise de mots dans des listes et n&rsquo;est pas de la lecture rapide. La FLO peut \u00eatre d\u00e9crite comme le pont entre le d\u00e9codage pr\u00e9cis, automatique et au niveau des mots et la compr\u00e9hension de la lecture.<br \/>(Acadience Reading K-6 Assessment Manual, 2011)<\/p><p>Bien que les passages de textes puissent sembler difficiles, il est important de se rappeler qu&rsquo;il s&rsquo;agit d&rsquo;outils fond\u00e9s sur la recherche qui ont \u00e9t\u00e9 soigneusement cr\u00e9\u00e9s et \u00e9valu\u00e9s. Il est important de les utiliser comme ils ont \u00e9t\u00e9 \u00e9tudi\u00e9s (en utilisant du mat\u00e9riel de niveau scolaire avec les consignes standardis\u00e9es fournies). La recherche montre que ces outils sont plus fiables et plus pr\u00e9cis que ceux utilis\u00e9s pr\u00e9c\u00e9demment. Nous pouvons faire davantage confiance \u00e0 ces donn\u00e9es et les utiliser pour prendre de meilleures d\u00e9cisions concernant les \u00e9l\u00e8ves, les \u00e9coles et les conseils scolaires<\/p><p><strong>Du milieu de la premi\u00e8re ann\u00e9e \u00e0 la fin de la deuxi\u00e8me ann\u00e9e &#8211; r\u00e9quis<\/strong><\/p>\t\t\t\t\t\t\t\t<\/div>\n\t\t\t\t<\/div>\n\t\t\t\t\t<\/div>\n\t\t\t\t<\/div>\n\t\t\t\t\t<\/div>\n\t\t\t\t<\/div>\n\t\t\t\t\t<\/details>\n\t\t\t\t\t<\/div>\n\t\t\t\t\t\t<\/div>\n\t\t\t\t<\/div>\n\t\t\t\t<div class=\"elementor-element elementor-element-263388b elementor-widget elementor-widget-heading\" data-id=\"263388b\" data-element_type=\"widget\" data-e-type=\"widget\" data-widget_type=\"heading.default\">\n\t\t\t\t<div class=\"elementor-widget-container\">\n\t\t\t\t\t<h2 class=\"elementor-heading-title elementor-size-default\">L\u2019\u00e9valuation diagnostique<\/h2>\t\t\t\t<\/div>\n\t\t\t\t<\/div>\n\t\t\t\t<div class=\"elementor-element elementor-element-5891c34 elementor-widget elementor-widget-text-editor\" data-id=\"5891c34\" data-element_type=\"widget\" data-e-type=\"widget\" data-widget_type=\"text-editor.default\">\n\t\t\t\t<div class=\"elementor-widget-container\">\n\t\t\t\t\t\t\t\t\t<p>Selon les comp\u00e9tences de vos \u00e9l\u00e8ves et de leurs r\u00e9sultats \u00e0 votre outil de d\u00e9pistage universel, il peut \u00eatre n\u00e9cessaire d&rsquo;approfondir l&rsquo;\u00e9valuation de leurs comp\u00e9tences. Les \u00e9valuations diagnostiques varient d&rsquo;un conseil scolaire \u00e0 l&rsquo;autre, mais peuvent inclure des \u00e9valuations de :<\/p><ul><li>comp\u00e9tences en langue orale<\/li><li>conscience phon\u00e9mique<br \/>phon\u00e9tique<\/li><li>d\u00e9codage<\/li><li>orthographe<\/li><li>morphologie<\/li><li>fluidit\u00e9<\/li><li>compr\u00e9hension de lecture<\/li><li>\u00e9criture<\/li><\/ul><p>Pour plus d&rsquo;informations, contactez l&rsquo;\u00e9quipe de direction de votre \u00e9cole et\/ou la ou le responsable des programmes de votre conseil scolaire.<\/p>\t\t\t\t\t\t\t\t<\/div>\n\t\t\t\t<\/div>\n\t\t\t\t<div class=\"elementor-element elementor-element-a9d4427 elementor-widget elementor-widget-heading\" data-id=\"a9d4427\" data-element_type=\"widget\" data-e-type=\"widget\" data-widget_type=\"heading.default\">\n\t\t\t\t<div class=\"elementor-widget-container\">\n\t\t\t\t\t<h2 class=\"elementor-heading-title elementor-size-default\">Le suivi des progr\u00e8s<\/h2>\t\t\t\t<\/div>\n\t\t\t\t<\/div>\n\t\t\t\t<div class=\"elementor-element elementor-element-d6822f8 elementor-widget elementor-widget-text-editor\" data-id=\"d6822f8\" data-element_type=\"widget\" data-e-type=\"widget\" data-widget_type=\"text-editor.default\">\n\t\t\t\t<div class=\"elementor-widget-container\">\n\t\t\t\t\t\t\t\t\t<p>Le suivi des progr\u00e8s permet au personnel enseignant d&rsquo;\u00e9valuer et de suivre la progression des \u00e9l\u00e8ves au fil du temps, ce qui facilite la prise de d\u00e9cision rapide concernant l&rsquo;efficacit\u00e9 de l&rsquo;enseignement.<\/p><p>Acadience Reading Fran\u00e7ais dispose de mat\u00e9riel de suivi des progr\u00e8s qui peut \u00eatre utilis\u00e9 pour suivre et \u00e9valuer la r\u00e9ponse d&rsquo;une ou d\u2019un \u00e9l\u00e8ve \u00e0 l&rsquo;intervention. Le suivi des progr\u00e8s ne devrait pas porter sur plus de deux comp\u00e9tences \u00e0 la fois et devrait \u00eatre principalement ax\u00e9 sur la comp\u00e9tence qui fait l&rsquo;objet de l&rsquo;intervention la plus intensive.<\/p><p>Selon le choix de votre conseil scolaire, vous aurez peut-\u00eatre acc\u00e8s \u00e0 un syst\u00e8me num\u00e9rique qui suit les progr\u00e8s des \u00e9l\u00e8ves au fil du temps, ou vous devrez peut-\u00eatre <a href=\"https:\/\/www.youtube.com\/watch?v=cKcUIyaTzUs&amp;t=0s\" target=\"_blank\" rel=\"noopener\">cr\u00e9er un graphique sur papier<\/a> pour visualiser les progr\u00e8s.<\/p>\t\t\t\t\t\t\t\t<\/div>\n\t\t\t\t<\/div>\n\t\t<div class=\"elementor-element elementor-element-5020b887 e-con-full buttons e-flex e-con e-child\" data-id=\"5020b887\" data-element_type=\"container\" data-e-type=\"container\">\n\t\t\t\t<div class=\"elementor-element elementor-element-17706c61 elementor-mobile-align-center elementor-widget elementor-widget-button\" data-id=\"17706c61\" data-element_type=\"widget\" data-e-type=\"widget\" data-widget_type=\"button.default\">\n\t\t\t\t<div class=\"elementor-widget-container\">\n\t\t\t\t\t\t\t\t\t<div class=\"elementor-button-wrapper\">\n\t\t\t\t\t<a class=\"elementor-button elementor-button-link elementor-size-sm\" href=\"https:\/\/onlit.org\/fr\/survol-de-la-litteratie\/1re-annee\/axe-sur-les-donnees-probantes\/\">\n\t\t\t\t\t\t<span class=\"elementor-button-content-wrapper\">\n\t\t\t\t\t\t\t\t\t<span class=\"elementor-button-text\">&lt;&lt; Retour<\/span>\n\t\t\t\t\t<\/span>\n\t\t\t\t\t<\/a>\n\t\t\t\t<\/div>\n\t\t\t\t\t\t\t\t<\/div>\n\t\t\t\t<\/div>\n\t\t\t\t<div class=\"elementor-element elementor-element-18cf2ee6 elementor-mobile-align-center elementor-widget elementor-widget-button\" data-id=\"18cf2ee6\" data-element_type=\"widget\" data-e-type=\"widget\" data-widget_type=\"button.default\">\n\t\t\t\t<div class=\"elementor-widget-container\">\n\t\t\t\t\t\t\t\t\t<div class=\"elementor-button-wrapper\">\n\t\t\t\t\t<a class=\"elementor-button elementor-button-link elementor-size-sm\" href=\"https:\/\/onlit.org\/fr\/survol-de-la-litteratie\/1re-annee\/resolution-de-problemes-au-service-de-leleve\/\">\n\t\t\t\t\t\t<span class=\"elementor-button-content-wrapper\">\n\t\t\t\t\t\t\t\t\t<span class=\"elementor-button-text\">Suivant &gt;&gt;<\/span>\n\t\t\t\t\t<\/span>\n\t\t\t\t\t<\/a>\n\t\t\t\t<\/div>\n\t\t\t\t\t\t\t\t<\/div>\n\t\t\t\t<\/div>\n\t\t\t\t<\/div>\n\t\t\t\t<\/div>\n\t\t\t\t<\/div>\n\t\t","protected":false},"excerpt":{"rendered":"<p>Sources de donn\u00e9es en 1re ann\u00e9e Dans une approche de litt\u00e9ratie structur\u00e9e, nous nous appuyons sur diff\u00e9rents types d&rsquo;\u00e9valuations pour r\u00e9pondre aux questions sur les r\u00e9sultats des \u00e9l\u00e8ves. Les outils&#8230;<\/p>\n","protected":false},"author":32,"featured_media":36876,"parent":36757,"menu_order":0,"comment_status":"closed","ping_status":"closed","template":"","meta":{"_acf_changed":false,"_kad_post_transparent":"","_kad_post_title":"hide","_kad_post_layout":"fullwidth","_kad_post_sidebar_id":"","_kad_post_content_style":"unboxed","_kad_post_vertical_padding":"hide","_kad_post_feature":"hide","_kad_post_feature_position":"","_kad_post_header":false,"_kad_post_footer":false,"_kad_post_classname":"","footnotes":""},"content-language":[508,509],"class_list":["post-36883","page","type-page","status-publish","has-post-thumbnail","hentry","content-language-anglais","content-language-francais"],"acf":[],"_links":{"self":[{"href":"https:\/\/onlit.org\/fr\/wp-json\/wp\/v2\/pages\/36883","targetHints":{"allow":["GET"]}}],"collection":[{"href":"https:\/\/onlit.org\/fr\/wp-json\/wp\/v2\/pages"}],"about":[{"href":"https:\/\/onlit.org\/fr\/wp-json\/wp\/v2\/types\/page"}],"author":[{"embeddable":true,"href":"https:\/\/onlit.org\/fr\/wp-json\/wp\/v2\/users\/32"}],"replies":[{"embeddable":true,"href":"https:\/\/onlit.org\/fr\/wp-json\/wp\/v2\/comments?post=36883"}],"version-history":[{"count":19,"href":"https:\/\/onlit.org\/fr\/wp-json\/wp\/v2\/pages\/36883\/revisions"}],"predecessor-version":[{"id":43141,"href":"https:\/\/onlit.org\/fr\/wp-json\/wp\/v2\/pages\/36883\/revisions\/43141"}],"up":[{"embeddable":true,"href":"https:\/\/onlit.org\/fr\/wp-json\/wp\/v2\/pages\/36757"}],"wp:featuredmedia":[{"embeddable":true,"href":"https:\/\/onlit.org\/fr\/wp-json\/wp\/v2\/media\/36876"}],"wp:attachment":[{"href":"https:\/\/onlit.org\/fr\/wp-json\/wp\/v2\/media?parent=36883"}],"wp:term":[{"taxonomy":"content-language","embeddable":true,"href":"https:\/\/onlit.org\/fr\/wp-json\/wp\/v2\/content-language?post=36883"}],"curies":[{"name":"wp","href":"https:\/\/api.w.org\/{rel}","templated":true}]}}