{"id":36863,"date":"2025-04-14T13:44:09","date_gmt":"2025-04-14T17:44:09","guid":{"rendered":"https:\/\/onlit.org\/?page_id=36863"},"modified":"2025-12-04T10:08:25","modified_gmt":"2025-12-04T15:08:25","slug":"c-comprehension","status":"publish","type":"page","link":"https:\/\/onlit.org\/fr\/survol-de-la-litteratie\/1re-annee\/c-comprehension\/","title":{"rendered":"C. Compr\u00e9hension"},"content":{"rendered":"\t\t<div data-elementor-type=\"wp-page\" data-elementor-id=\"36863\" class=\"elementor elementor-36863 elementor-36797\" data-elementor-post-type=\"page\">\n\t\t\t\t<div class=\"elementor-element elementor-element-6ccf1ad3 e-con-full e-flex e-con e-parent\" data-id=\"6ccf1ad3\" data-element_type=\"container\" data-e-type=\"container\">\n\t\t\t\t<div class=\"elementor-element elementor-element-2b8ab76b elementor-widget elementor-widget-heading\" data-id=\"2b8ab76b\" data-element_type=\"widget\" data-e-type=\"widget\" data-widget_type=\"heading.default\">\n\t\t\t\t<div class=\"elementor-widget-container\">\n\t\t\t\t\t<h1 class=\"elementor-heading-title elementor-size-default\">C. Compr\u00e9hension<\/h1>\t\t\t\t<\/div>\n\t\t\t\t<\/div>\n\t\t\t\t<div class=\"elementor-element elementor-element-c166811 elementor-widget elementor-widget-text-editor\" data-id=\"c166811\" data-element_type=\"widget\" data-e-type=\"widget\" data-widget_type=\"text-editor.default\">\n\t\t\t\t<div class=\"elementor-widget-container\">\n\t\t\t\t\t\t\t\t\t<p>La compr\u00e9hension de la lecture est la capacit\u00e9 \u00e0 comprendre et \u00e0 interpr\u00e9ter un texte \u00e9crit. Elle implique de d\u00e9coder les mots, de reconna\u00eetre le vocabulaire, de comprendre la grammaire et la syntaxe et de saisir les significations et les id\u00e9es transmises dans le texte. Cette comp\u00e9tence n\u00e9cessite de faire des d\u00e9ductions, de relier les nouvelles informations aux connaissances ant\u00e9rieures et de faire la synth\u00e8se des id\u00e9es afin d&rsquo;acqu\u00e9rir une compr\u00e9hension plus profonde. La compr\u00e9hension de la lecture est essentielle pour apprendre, acqu\u00e9rir des connaissances, appr\u00e9cier divers textes et utiliser efficacement les informations \u00e9crites dans divers contextes.<\/p><p>La compr\u00e9hension est une comp\u00e9tence incroyablement complexe qui peut varier d&rsquo;un jour \u00e0 l&rsquo;autre et d&rsquo;un texte \u00e0 l&rsquo;autre. Le lecteur apporte \u00e0 la lecture un ensemble de capacit\u00e9s cognitives (telles que l&rsquo;attention, la m\u00e9moire et le raisonnement), de connaissances et de comp\u00e9tences linguistiques, de motivations et d&rsquo;int\u00e9r\u00eats, et de connaissances de base. Ces facteurs varient consid\u00e9rablement d&rsquo;une lectrice ou d\u2019un lecteur \u00e0 l&rsquo;autre, et cette variabilit\u00e9 a un impact sur leur compr\u00e9hension. (<a href=\"https:\/\/www.aft.org\/ae\/winter2021-2022\/catts\" target=\"_blank\" rel=\"noopener\">Catts<\/a>, 2022) La compr\u00e9hension ne peut \u00eatre r\u00e9duite \u00e0 un score, un \u00ab niveau \u00bb ou une note unique, car il ne s&rsquo;agit pas d&rsquo;une chose unique.<\/p>\t\t\t\t\t\t\t\t<\/div>\n\t\t\t\t<\/div>\n\t\t\t\t<div class=\"elementor-element elementor-element-5558fa14 elementor-widget elementor-widget-heading\" data-id=\"5558fa14\" data-element_type=\"widget\" data-e-type=\"widget\" data-widget_type=\"heading.default\">\n\t\t\t\t<div class=\"elementor-widget-container\">\n\t\t\t\t\t<h4 class=\"elementor-heading-title elementor-size-default\">Ressources<\/h4>\t\t\t\t<\/div>\n\t\t\t\t<\/div>\n\t\t\t\t<div class=\"elementor-element elementor-element-64ce65c elementor-widget elementor-widget-text-editor\" data-id=\"64ce65c\" data-element_type=\"widget\" data-e-type=\"widget\" data-widget_type=\"text-editor.default\">\n\t\t\t\t<div class=\"elementor-widget-container\">\n\t\t\t\t\t\t\t\t\t<ul><li><p><a href=\"https:\/\/onlit.org\/fr\/ressource\/routine-de-lecture-a-haute-voix-pour-ameliorer-le-vocabulaire-et-la-comprehension\/\" target=\"_blank\" rel=\"noopener\">Routine de lecture \u00e0 haute voix pour am\u00e9liorer le vocabulaire et la compr\u00e9hension<\/a><\/p><\/li><li><p><a href=\"https:\/\/onlit.org\/fr\/ressource\/ensembles-de-textes\/\" target=\"_blank\" rel=\"noopener\">Ensemble de textes<\/a><\/p><\/li><li><p><a href=\"https:\/\/onlit.org\/fr\/ressource\/criteres-de-selection-de-texte\/\" target=\"_blank\" rel=\"noopener\"><span style=\"font-family: var(--global-body-font-family);\">Crit\u00e8res de s\u00e9lection de texte<\/span><\/a><\/p><\/li><\/ul>\t\t\t\t\t\t\t\t<\/div>\n\t\t\t\t<\/div>\n\t\t<div class=\"elementor-element elementor-element-52b3a608 e-con-full e-flex e-con e-child\" data-id=\"52b3a608\" data-element_type=\"container\" data-e-type=\"container\">\n\t\t\t\t<div class=\"elementor-element elementor-element-5f3f7829 elementor-align-left elementor-widget__width-initial elementor-mobile-align-center elementor-widget elementor-widget-button\" data-id=\"5f3f7829\" data-element_type=\"widget\" data-e-type=\"widget\" data-widget_type=\"button.default\">\n\t\t\t\t<div class=\"elementor-widget-container\">\n\t\t\t\t\t\t\t\t\t<div class=\"elementor-button-wrapper\">\n\t\t\t\t\t<a class=\"elementor-button elementor-button-link elementor-size-sm\" href=\"https:\/\/onlit.org\/fr\/survol-de-la-litteratie\/1re-annee\/b3-3-ponctuation-et-majuscules\/\">\n\t\t\t\t\t\t<span class=\"elementor-button-content-wrapper\">\n\t\t\t\t\t\t\t\t\t<span class=\"elementor-button-text\">&lt;&lt; Retour<\/span>\n\t\t\t\t\t<\/span>\n\t\t\t\t\t<\/a>\n\t\t\t\t<\/div>\n\t\t\t\t\t\t\t\t<\/div>\n\t\t\t\t<\/div>\n\t\t\t\t<div class=\"elementor-element elementor-element-691d42ae elementor-align-right elementor-widget__width-initial elementor-mobile-align-center elementor-widget elementor-widget-button\" data-id=\"691d42ae\" data-element_type=\"widget\" data-e-type=\"widget\" data-widget_type=\"button.default\">\n\t\t\t\t<div class=\"elementor-widget-container\">\n\t\t\t\t\t\t\t\t\t<div class=\"elementor-button-wrapper\">\n\t\t\t\t\t<a class=\"elementor-button elementor-button-link elementor-size-sm\" href=\"https:\/\/onlit.org\/fr\/survol-de-la-litteratie\/1re-annee\/c1-connaissances-des-textes\/\">\n\t\t\t\t\t\t<span class=\"elementor-button-content-wrapper\">\n\t\t\t\t\t\t\t\t\t<span class=\"elementor-button-text\">Suivant &gt;&gt;<\/span>\n\t\t\t\t\t<\/span>\n\t\t\t\t\t<\/a>\n\t\t\t\t<\/div>\n\t\t\t\t\t\t\t\t<\/div>\n\t\t\t\t<\/div>\n\t\t\t\t<\/div>\n\t\t\t\t<\/div>\n\t\t\t\t<\/div>\n\t\t","protected":false},"excerpt":{"rendered":"<p>C. Compr\u00e9hension La compr\u00e9hension de la lecture est la capacit\u00e9 \u00e0 comprendre et \u00e0 interpr\u00e9ter un texte \u00e9crit. Elle implique de d\u00e9coder les mots, de reconna\u00eetre le vocabulaire, de comprendre&#8230;<\/p>\n","protected":false},"author":32,"featured_media":36876,"parent":36757,"menu_order":0,"comment_status":"closed","ping_status":"closed","template":"","meta":{"_acf_changed":false,"_kad_post_transparent":"","_kad_post_title":"hide","_kad_post_layout":"fullwidth","_kad_post_sidebar_id":"","_kad_post_content_style":"unboxed","_kad_post_vertical_padding":"hide","_kad_post_feature":"hide","_kad_post_feature_position":"","_kad_post_header":false,"_kad_post_footer":false,"_kad_post_classname":"","footnotes":""},"content-language":[509],"class_list":["post-36863","page","type-page","status-publish","has-post-thumbnail","hentry","content-language-francais"],"acf":[],"_links":{"self":[{"href":"https:\/\/onlit.org\/fr\/wp-json\/wp\/v2\/pages\/36863","targetHints":{"allow":["GET"]}}],"collection":[{"href":"https:\/\/onlit.org\/fr\/wp-json\/wp\/v2\/pages"}],"about":[{"href":"https:\/\/onlit.org\/fr\/wp-json\/wp\/v2\/types\/page"}],"author":[{"embeddable":true,"href":"https:\/\/onlit.org\/fr\/wp-json\/wp\/v2\/users\/32"}],"replies":[{"embeddable":true,"href":"https:\/\/onlit.org\/fr\/wp-json\/wp\/v2\/comments?post=36863"}],"version-history":[{"count":8,"href":"https:\/\/onlit.org\/fr\/wp-json\/wp\/v2\/pages\/36863\/revisions"}],"predecessor-version":[{"id":37335,"href":"https:\/\/onlit.org\/fr\/wp-json\/wp\/v2\/pages\/36863\/revisions\/37335"}],"up":[{"embeddable":true,"href":"https:\/\/onlit.org\/fr\/wp-json\/wp\/v2\/pages\/36757"}],"wp:featuredmedia":[{"embeddable":true,"href":"https:\/\/onlit.org\/fr\/wp-json\/wp\/v2\/media\/36876"}],"wp:attachment":[{"href":"https:\/\/onlit.org\/fr\/wp-json\/wp\/v2\/media?parent=36863"}],"wp:term":[{"taxonomy":"content-language","embeddable":true,"href":"https:\/\/onlit.org\/fr\/wp-json\/wp\/v2\/content-language?post=36863"}],"curies":[{"name":"wp","href":"https:\/\/api.w.org\/{rel}","templated":true}]}}