{"id":36840,"date":"2025-04-14T13:35:55","date_gmt":"2025-04-14T17:35:55","guid":{"rendered":"https:\/\/onlit.org\/?page_id=36840"},"modified":"2025-08-27T13:28:16","modified_gmt":"2025-08-27T17:28:16","slug":"b2-3-phonetique-correspondances-graphemes-phonemes","status":"publish","type":"page","link":"https:\/\/onlit.org\/fr\/survol-de-la-litteratie\/1re-annee\/b2-3-phonetique-correspondances-graphemes-phonemes\/","title":{"rendered":"B2.3. Phon\u00e9tique : Correspondances graph\u00e8mes-phon\u00e8mes"},"content":{"rendered":"\t\t<div data-elementor-type=\"wp-page\" data-elementor-id=\"36840\" class=\"elementor elementor-36840 elementor-36774\" data-elementor-post-type=\"page\">\n\t\t\t\t<div class=\"elementor-element elementor-element-16e6f4b1 e-con-full e-flex e-con e-parent\" data-id=\"16e6f4b1\" data-element_type=\"container\" data-e-type=\"container\">\n\t\t\t\t<div class=\"elementor-element elementor-element-3738e16f elementor-widget elementor-widget-heading\" data-id=\"3738e16f\" data-element_type=\"widget\" data-e-type=\"widget\" data-widget_type=\"heading.default\">\n\t\t\t\t<div class=\"elementor-widget-container\">\n\t\t\t\t\t<h1 class=\"elementor-heading-title elementor-size-default\">B2.3. Phon\u00e9tique : Correspondances graph\u00e8mes-phon\u00e8mes<\/h1>\t\t\t\t<\/div>\n\t\t\t\t<\/div>\n\t\t\t\t<div class=\"elementor-element elementor-element-18e92573 elementor-widget elementor-widget-text-editor\" data-id=\"18e92573\" data-element_type=\"widget\" data-e-type=\"widget\" data-widget_type=\"text-editor.default\">\n\t\t\t\t<div class=\"elementor-widget-container\">\n\t\t\t\t\t\t\t\t\t<p>La correspondance graph\u00e8me-phon\u00e8mes (CGP) signifie l\u2019association entre un graph\u00e8me (lettre ou groupe de lettres) et le phon\u00e8me correspondant. Elle peut \u00e9galement \u00eatre appel\u00e9e correspondance lettre-son. Le d\u00e9veloppement de cette habilet\u00e9 permet aux \u00e9l\u00e8ves de lire des mots, en associant les graph\u00e8mes aux phon\u00e8mes. La compr\u00e9hension de cette relation permet \u00e9galement aux \u00e9l\u00e8ves d\u2019orthographier des mots en pronon\u00e7ant les mots, en les d\u00e9composant en phon\u00e8mes et en repr\u00e9sentant chaque phon\u00e8me par un graph\u00e8me correspondant.<\/p>\t\t\t\t\t\t\t\t<\/div>\n\t\t\t\t<\/div>\n\t\t<div class=\"elementor-element elementor-element-24426217 e-con-full e-flex e-con e-child\" data-id=\"24426217\" data-element_type=\"container\" data-e-type=\"container\">\n\t\t<div class=\"elementor-element elementor-element-5c599b39 e-con-full e-flex e-con e-child\" data-id=\"5c599b39\" data-element_type=\"container\" data-e-type=\"container\">\n\t\t\t\t<div class=\"elementor-element elementor-element-546e345 elementor-widget elementor-widget-heading\" data-id=\"546e345\" data-element_type=\"widget\" data-e-type=\"widget\" data-widget_type=\"heading.default\">\n\t\t\t\t<div class=\"elementor-widget-container\">\n\t\t\t\t\t<h4 class=\"elementor-heading-title elementor-size-default\">En maternelle\/jardin, l\u2019accent a \u00e9t\u00e9 mis sur:<\/h4>\t\t\t\t<\/div>\n\t\t\t\t<\/div>\n\t\t\t\t<div class=\"elementor-element elementor-element-8ee80b5 elementor-widget elementor-widget-text-editor\" data-id=\"8ee80b5\" data-element_type=\"widget\" data-e-type=\"widget\" data-widget_type=\"text-editor.default\">\n\t\t\t\t<div class=\"elementor-widget-container\">\n\t\t\t\t\t\t\t\t\t<ul><li>Comprendre que plusieurs lettres peuvent correspondre \u00e0 un m\u00eame phon\u00e8me<\/li><li>Comprendre qu\u2019un ou plusieurs sons peuvent \u00eatre repr\u00e9sent\u00e9s par le m\u00eame graph\u00e8me<\/li><\/ul>\t\t\t\t\t\t\t\t<\/div>\n\t\t\t\t<\/div>\n\t\t\t\t<\/div>\n\t\t<div class=\"elementor-element elementor-element-478f82a7 e-con-full e-flex e-con e-child\" data-id=\"478f82a7\" data-element_type=\"container\" data-e-type=\"container\">\n\t\t\t\t<div class=\"elementor-element elementor-element-8a33155 elementor-widget elementor-widget-heading\" data-id=\"8a33155\" data-element_type=\"widget\" data-e-type=\"widget\" data-widget_type=\"heading.default\">\n\t\t\t\t<div class=\"elementor-widget-container\">\n\t\t\t\t\t<h4 class=\"elementor-heading-title elementor-size-default\">Nouveau pour  la 1<sup>re<\/sup> ann\u00e9e :<\/h4>\t\t\t\t<\/div>\n\t\t\t\t<\/div>\n\t\t\t\t<div class=\"elementor-element elementor-element-7e0323d5 elementor-widget elementor-widget-text-editor\" data-id=\"7e0323d5\" data-element_type=\"widget\" data-e-type=\"widget\" data-widget_type=\"text-editor.default\">\n\t\t\t\t<div class=\"elementor-widget-container\">\n\t\t\t\t\t\t\t\t\t<ul><li>Initiation aux correspondances graph\u00e8mes-phon\u00e8mes (CGP) simples pour lire avec pr\u00e9cision des mots pr\u00e9sent\u00e9s de mani\u00e8re isol\u00e9e ou dans des textes simples qui contiennent les CGP enseign\u00e9es<\/li><li>Pour la lecture, choisissez des mots qui peuvent \u00eatre facilement d\u00e9cod\u00e9s par l\u2019\u00e9l\u00e8ves : <br \/><ul><li>Graph\u00e8mes simples, consistants<\/li><li>Mots ne contenant pas de graph\u00e8mes contextuels \u00e0 moins qu\u2019ils aient \u00e9t\u00e9 enseign\u00e9s de mani\u00e8re explicite<\/li><li>Structures syllabique vari\u00e9es qui contiennent peu de r\u00e8gles ou d\u2019exceptions \u00e0 expliciter<\/li><\/ul><\/li><li>\u00c9tude syst\u00e9matique des correspondances entre des graph\u00e8mes complexes et des sons vocaliques et consonantiques courants constants : <br \/><ul><li>au, eau = \/o\/<\/li><li>ou = \/ou\/<\/li><li>eu = \/\u0153\/ \/ou\/ \/\u00f8\/<\/li><li>ai, ei = \/\u03b5\/<\/li><li>er = \/e\/<\/li><li>oi = \/wa\/<\/li><li>ch = \/\u222b\/<\/li><li>qu = \/k\/<\/li><li>gu = \/g\/ devant e, i et y<\/li><li>gn = \/\u0272\/<\/li><li>an, en = \/\u00e3\/<\/li><li>in = \/\u1ebd\/<\/li><li>on = \/\u0254\u0303\/<\/li><li>un = \/\u0153\u0303\/<\/li><li>ain, ein = \/\u1ebd\/<\/li><\/ul><\/li><li>Initiation aux autres CGP complexes :<br \/><ul><li>Qui figurent dans les mots \u00e0 fr\u00e9quence \u00e9lev\u00e9e que l\u2019\u00e9l\u00e8ve sera appel\u00e9 \u00e0 lire : es, et = \/\u03b5\/, ez = \/e\/, ill, ille = \/ij\/<\/li><li>Qui contiennent des sons semi-consonantiques :oin = \/w\u1ebd\/ (oi + in = \/w\u1ebd\/, ion = \/j\u0254\u0303\/ (ionn(e) = \/j\u0254\u0303n\/) (i + o = j\u0254\u0303), ien = \/j\u1ebd\/ (ienne = \/j\u1ebdn\/) (\/i\/ + \/\u1ebd\/ = \/j\u1ebd\/), ail, aille = \/aj\/ (ouil, ouille = \/uj\/) (eil, eille = \/\u03b5j\/) (euil, euille = \/\u0153j\/)<\/li><li>Les lettres doubles peuvent \u00eatre utilis\u00e9es pour repr\u00e9senter certains sons consonantiques<\/li><\/ul><\/li><li>Initiation, en lecture <br \/><ul><li>associer le phon\u00e8me correspondant \u00e0 un graph\u00e8me contextuel<\/li><li>associer les phon\u00e8mes correspondants au graph\u00e8me &lt;x&gt;<\/li><li>oraliser le son consonantique qui pr\u00e9c\u00e8de le &lt;e&gt; muet en position finale <\/li><li>reconna\u00eetre qu\u2019en fran\u00e7ais, la majorit\u00e9 des consonnes en fin de mot sont muettes<\/li><li>reconna\u00eetre que les phon\u00e8mes nasaux doivent s\u2019\u00e9crire avec &lt;m&gt; devant &lt;m&gt;, &lt;p&gt; et &lt;b&gt;<\/li><\/ul><\/li><\/ul>\t\t\t\t\t\t\t\t<\/div>\n\t\t\t\t<\/div>\n\t\t\t\t<\/div>\n\t\t\t\t<\/div>\n\t\t\t\t<div class=\"elementor-element elementor-element-69cc1fb elementor-widget elementor-widget-global elementor-global-36380 elementor-widget-text-editor\" data-id=\"69cc1fb\" data-element_type=\"widget\" data-e-type=\"widget\" data-widget_type=\"text-editor.default\">\n\t\t\t\t<div class=\"elementor-widget-container\">\n\t\t\t\t\t\t\t\t\t<p>Il ne s&rsquo;agit pas d&rsquo;une liste exhaustive de toutes les attentes dans ce domaine. Veuillez consulter le <a href=\"https:\/\/www.dcp.edu.gov.on.ca\/fr\/curriculum\/elementaire-francais\" target=\"_blank\" rel=\"noopener\">programme-cadre de fran\u00e7ais<\/a> pour plus de d\u00e9tails.<\/p>\t\t\t\t\t\t\t\t<\/div>\n\t\t\t\t<\/div>\n\t\t\t\t<div class=\"elementor-element elementor-element-658ee8f elementor-widget elementor-widget-heading\" data-id=\"658ee8f\" data-element_type=\"widget\" data-e-type=\"widget\" data-widget_type=\"heading.default\">\n\t\t\t\t<div class=\"elementor-widget-container\">\n\t\t\t\t\t<h4 class=\"elementor-heading-title elementor-size-default\">Liens vers des recherches<\/h4>\t\t\t\t<\/div>\n\t\t\t\t<\/div>\n\t\t\t\t<div class=\"elementor-element elementor-element-32e7f6d elementor-widget elementor-widget-text-editor\" data-id=\"32e7f6d\" data-element_type=\"widget\" data-e-type=\"widget\" data-widget_type=\"text-editor.default\">\n\t\t\t\t<div class=\"elementor-widget-container\">\n\t\t\t\t\t\t\t\t\t<ul><li><a href=\"https:\/\/onlit.org\/fr\/phonetique-correspondances-phonemes-graphemes\/\" target=\"_blank\" rel=\"noopener\">Phon\u00e9tique : correspondances phon\u00e8mes-graph\u00e8mes &#8211; Exploration du programme-cadre<\/a>, ONlit<\/li><\/ul>\t\t\t\t\t\t\t\t<\/div>\n\t\t\t\t<\/div>\n\t\t\t\t<div class=\"elementor-element elementor-element-cb2ae98 elementor-widget elementor-widget-heading\" data-id=\"cb2ae98\" data-element_type=\"widget\" data-e-type=\"widget\" data-widget_type=\"heading.default\">\n\t\t\t\t<div class=\"elementor-widget-container\">\n\t\t\t\t\t<h4 class=\"elementor-heading-title elementor-size-default\">Ressources<\/h4>\t\t\t\t<\/div>\n\t\t\t\t<\/div>\n\t\t\t\t<div class=\"elementor-element elementor-element-1fe2c12 elementor-widget elementor-widget-text-editor\" data-id=\"1fe2c12\" data-element_type=\"widget\" data-e-type=\"widget\" data-widget_type=\"text-editor.default\">\n\t\t\t\t<div class=\"elementor-widget-container\">\n\t\t\t\t\t\t\t\t\t<ul><li><a href=\"https:\/\/onlit.org\/fr\/ressource\/la-phonetique-modelage-dune-lecon\/\" target=\"_blank\" rel=\"noopener\">La phon\u00e9tique : Modelage d\u2019une le\u00e7on<\/a><\/li><li>Recherchez \u00ab phon\u00e9tique \u00bb sur la<a href=\"https:\/\/onlit.org\/fr\/bibliotheque-de-ressources\/\" target=\"_blank\" rel=\"noopener\"> Biblioth\u00e8que de ressources<\/a> pour trouver d&rsquo;autres ressources !<\/li><\/ul>\t\t\t\t\t\t\t\t<\/div>\n\t\t\t\t<\/div>\n\t\t<div class=\"elementor-element elementor-element-696d5dc2 e-con-full e-flex e-con e-child\" data-id=\"696d5dc2\" data-element_type=\"container\" data-e-type=\"container\">\n\t\t\t\t<div class=\"elementor-element elementor-element-78b4b724 elementor-align-left elementor-widget__width-initial elementor-mobile-align-center elementor-widget elementor-widget-button\" data-id=\"78b4b724\" data-element_type=\"widget\" data-e-type=\"widget\" data-widget_type=\"button.default\">\n\t\t\t\t<div class=\"elementor-widget-container\">\n\t\t\t\t\t\t\t\t\t<div class=\"elementor-button-wrapper\">\n\t\t\t\t\t<a class=\"elementor-button elementor-button-link elementor-size-sm\" href=\"https:\/\/onlit.org\/fr\/survol-de-la-litteratie\/1re-annee\/b2-2-connaissance-des-lettres\/\">\n\t\t\t\t\t\t<span class=\"elementor-button-content-wrapper\">\n\t\t\t\t\t\t\t\t\t<span class=\"elementor-button-text\">&lt;&lt; Retour<\/span>\n\t\t\t\t\t<\/span>\n\t\t\t\t\t<\/a>\n\t\t\t\t<\/div>\n\t\t\t\t\t\t\t\t<\/div>\n\t\t\t\t<\/div>\n\t\t\t\t<div class=\"elementor-element elementor-element-129b3e0 elementor-align-right elementor-widget__width-initial elementor-mobile-align-center elementor-widget elementor-widget-button\" data-id=\"129b3e0\" data-element_type=\"widget\" data-e-type=\"widget\" data-widget_type=\"button.default\">\n\t\t\t\t<div class=\"elementor-widget-container\">\n\t\t\t\t\t\t\t\t\t<div class=\"elementor-button-wrapper\">\n\t\t\t\t\t<a class=\"elementor-button elementor-button-link elementor-size-sm\" href=\"https:\/\/onlit.org\/fr\/survol-de-la-litteratie\/1re-annee\/b2-4-lecture-et-orthographe-au-niveau-des-mots\/\">\n\t\t\t\t\t\t<span class=\"elementor-button-content-wrapper\">\n\t\t\t\t\t\t\t\t\t<span class=\"elementor-button-text\">Suivant &gt;&gt;<\/span>\n\t\t\t\t\t<\/span>\n\t\t\t\t\t<\/a>\n\t\t\t\t<\/div>\n\t\t\t\t\t\t\t\t<\/div>\n\t\t\t\t<\/div>\n\t\t\t\t<\/div>\n\t\t\t\t<\/div>\n\t\t<div class=\"elementor-element elementor-element-242ad02 e-flex e-con-boxed e-con e-parent\" data-id=\"242ad02\" data-element_type=\"container\" data-e-type=\"container\">\n\t\t\t\t\t<div class=\"e-con-inner\">\n\t\t\t\t\t<\/div>\n\t\t\t\t<\/div>\n\t\t\t\t<\/div>\n\t\t","protected":false},"excerpt":{"rendered":"<p>B2.3. Phon\u00e9tique : Correspondances graph\u00e8mes-phon\u00e8mes La correspondance graph\u00e8me-phon\u00e8mes (CGP) signifie l\u2019association entre un graph\u00e8me (lettre ou groupe de lettres) et le phon\u00e8me correspondant. Elle peut \u00e9galement \u00eatre appel\u00e9e correspondance lettre-son&#8230;.<\/p>\n","protected":false},"author":32,"featured_media":36876,"parent":36757,"menu_order":0,"comment_status":"closed","ping_status":"closed","template":"","meta":{"_acf_changed":false,"_kad_post_transparent":"","_kad_post_title":"hide","_kad_post_layout":"fullwidth","_kad_post_sidebar_id":"","_kad_post_content_style":"unboxed","_kad_post_vertical_padding":"hide","_kad_post_feature":"hide","_kad_post_feature_position":"","_kad_post_header":false,"_kad_post_footer":false,"_kad_post_classname":"","footnotes":""},"content-language":[509],"class_list":["post-36840","page","type-page","status-publish","has-post-thumbnail","hentry","content-language-francais"],"acf":[],"_links":{"self":[{"href":"https:\/\/onlit.org\/fr\/wp-json\/wp\/v2\/pages\/36840","targetHints":{"allow":["GET"]}}],"collection":[{"href":"https:\/\/onlit.org\/fr\/wp-json\/wp\/v2\/pages"}],"about":[{"href":"https:\/\/onlit.org\/fr\/wp-json\/wp\/v2\/types\/page"}],"author":[{"embeddable":true,"href":"https:\/\/onlit.org\/fr\/wp-json\/wp\/v2\/users\/32"}],"replies":[{"embeddable":true,"href":"https:\/\/onlit.org\/fr\/wp-json\/wp\/v2\/comments?post=36840"}],"version-history":[{"count":13,"href":"https:\/\/onlit.org\/fr\/wp-json\/wp\/v2\/pages\/36840\/revisions"}],"predecessor-version":[{"id":39266,"href":"https:\/\/onlit.org\/fr\/wp-json\/wp\/v2\/pages\/36840\/revisions\/39266"}],"up":[{"embeddable":true,"href":"https:\/\/onlit.org\/fr\/wp-json\/wp\/v2\/pages\/36757"}],"wp:featuredmedia":[{"embeddable":true,"href":"https:\/\/onlit.org\/fr\/wp-json\/wp\/v2\/media\/36876"}],"wp:attachment":[{"href":"https:\/\/onlit.org\/fr\/wp-json\/wp\/v2\/media?parent=36840"}],"wp:term":[{"taxonomy":"content-language","embeddable":true,"href":"https:\/\/onlit.org\/fr\/wp-json\/wp\/v2\/content-language?post=36840"}],"curies":[{"name":"wp","href":"https:\/\/api.w.org\/{rel}","templated":true}]}}