{"id":36823,"date":"2025-04-14T13:22:56","date_gmt":"2025-04-14T17:22:56","guid":{"rendered":"https:\/\/onlit.org\/?page_id=36823"},"modified":"2025-08-27T14:09:27","modified_gmt":"2025-08-27T18:09:27","slug":"introduction-a-la-1re-annee","status":"publish","type":"page","link":"https:\/\/onlit.org\/fr\/survol-de-la-litteratie\/1re-annee\/introduction-a-la-1re-annee\/","title":{"rendered":"Introduction \u00e0 la premi\u00e8re ann\u00e9e"},"content":{"rendered":"\t\t<div data-elementor-type=\"wp-page\" data-elementor-id=\"36823\" class=\"elementor elementor-36823 elementor-36760\" data-elementor-post-type=\"page\">\n\t\t\t\t<div class=\"elementor-element elementor-element-5a505ba7 e-flex e-con-boxed e-con e-parent\" data-id=\"5a505ba7\" data-element_type=\"container\" data-e-type=\"container\">\n\t\t\t\t\t<div class=\"e-con-inner\">\n\t\t\t\t<div class=\"elementor-element elementor-element-6a216178 elementor-widget elementor-widget-heading\" data-id=\"6a216178\" data-element_type=\"widget\" data-e-type=\"widget\" data-widget_type=\"heading.default\">\n\t\t\t\t<div class=\"elementor-widget-container\">\n\t\t\t\t\t<h1 class=\"elementor-heading-title elementor-size-default\">Introduction \u00e0 la premi\u00e8re ann\u00e9e<\/h1>\t\t\t\t<\/div>\n\t\t\t\t<\/div>\n\t\t\t\t<div class=\"elementor-element elementor-element-276bed7a elementor-widget elementor-widget-text-editor\" data-id=\"276bed7a\" data-element_type=\"widget\" data-e-type=\"widget\" data-widget_type=\"text-editor.default\">\n\t\t\t\t<div class=\"elementor-widget-container\">\n\t\t\t\t\t\t\t\t\t<p>L&rsquo;ann\u00e9e de la premi\u00e8re ann\u00e9e promet d&rsquo;\u00eatre remplie de croissance, d&rsquo;exploration et de nouvelles aventures d&rsquo;apprentissage ! En tant qu&rsquo;enseignant de 1<sup>re<\/sup> ann\u00e9e (personnel enseignant), vous jouez un r\u00f4le essentiel en aidant \u00e0 guider les jeunes apprenants tout au long d&rsquo;une ann\u00e9e transformatrice en lecture et en \u00e9criture, fond\u00e9e sur les principes de la science de la lecture et align\u00e9e sur le programme-cadre de fran\u00e7ais de l\u2019Ontario de 2023. Au cours de leur ann\u00e9e de 1<sup>re<\/sup> ann\u00e9e, les \u00e9l\u00e8ves font des progr\u00e8s consid\u00e9rables dans leurs comp\u00e9tences en lecture et en \u00e9criture, jetant ainsi les bases solides d&rsquo;un amour de l&rsquo;apprentissage qui durera toute leur vie.<\/p><p>En premi\u00e8re ann\u00e9e, les \u00e9l\u00e8ves continueront \u00e0 d\u00e9velopper des comp\u00e9tences fondamentales essentielles, notamment la conscience phon\u00e9mique, la phon\u00e9tique et la morphologie, qui leur permettront de d\u00e9coder les mots et d&rsquo;enrichir leur vocabulaire. Ils liront des textes vari\u00e9s qui favorisent la compr\u00e9hension et la pens\u00e9e critique, tout en s&rsquo;engageant dans leur propre parcours d&rsquo;\u00e9criture, en r\u00e9digeant des phrases et en exprimant leurs id\u00e9es avec clart\u00e9.<\/p><p>Ce guide a pour but de donner un aper\u00e7u des attentes du programme-cadre pour la premi\u00e8re ann\u00e9e, de mettre en \u00e9vidence certaines ressources utiles et de fournir des suggestions amicales de strat\u00e9gies d&rsquo;enseignement fond\u00e9es sur la recherche que les membres de l&rsquo;\u00e9quipe ONlit ont trouv\u00e9es utiles dans leurs propres classes. Il se peut que votre conseil scolaire ait d&rsquo;autres conseils et suggestions \u00e0 vous donner.<\/p><p>Comme toujours, faites appel \u00e0 votre jugement professionnel pour planifier et dispenser un enseignement qui r\u00e9ponde aux besoins de vos \u00e9l\u00e8ves, et sachez que l&rsquo;\u00e9quipe d&rsquo;assistance aux programmes ONlit est l\u00e0 pour vous aider \u00e0 chaque \u00e9tape du processus. Il <a href=\"https:\/\/onlit.org\/fr\/contacter-lequipe-de-soutien-au-curriculum\/\" target=\"_blank\" rel=\"noopener\">vous suffit d&rsquo;utiliser ce formulaire pour nous envoyer vos questions<\/a>, et l&rsquo;un des membres de notre \u00e9quipe vous r\u00e9pondra en vous proposant des suggestions et un soutien personnalis\u00e9s.<\/p><p>Et n&rsquo;oubliez pas qu&rsquo;en guidant vos \u00e9l\u00e8ves tout au long de cette ann\u00e9e de transformation, chaque le\u00e7on, chaque livre et chaque activit\u00e9 d&rsquo;\u00e9criture est un pas vers l&rsquo;acquisition des comp\u00e9tences essentielles dont ils ont besoin pour r\u00e9ussir. Pr\u00e9parez-vous \u00e0 une ann\u00e9e pleine d&rsquo;\u00e9merveillement, de croissance et de joie de r\u00e9ussir !<\/p>\t\t\t\t\t\t\t\t<\/div>\n\t\t\t\t<\/div>\n\t\t<div class=\"elementor-element elementor-element-4b500a34 e-con-full e-flex e-con e-child\" data-id=\"4b500a34\" data-element_type=\"container\" data-e-type=\"container\">\n\t\t\t\t<div class=\"elementor-element elementor-element-10b0a8d8 elementor-align-left elementor-widget__width-initial elementor-mobile-align-center elementor-hidden-desktop elementor-hidden-tablet elementor-hidden-mobile elementor-widget elementor-widget-button\" data-id=\"10b0a8d8\" data-element_type=\"widget\" data-e-type=\"widget\" data-widget_type=\"button.default\">\n\t\t\t\t<div class=\"elementor-widget-container\">\n\t\t\t\t\t\t\t\t\t<div class=\"elementor-button-wrapper\">\n\t\t\t\t\t<a class=\"elementor-button elementor-button-link elementor-size-sm\" href=\"#\">\n\t\t\t\t\t\t<span class=\"elementor-button-content-wrapper\">\n\t\t\t\t\t\t\t\t\t<span class=\"elementor-button-text\">&lt;&lt;  Retour<\/span>\n\t\t\t\t\t<\/span>\n\t\t\t\t\t<\/a>\n\t\t\t\t<\/div>\n\t\t\t\t\t\t\t\t<\/div>\n\t\t\t\t<\/div>\n\t\t\t\t<div class=\"elementor-element elementor-element-70c7b7ca elementor-align-right elementor-widget__width-initial elementor-mobile-align-center elementor-widget elementor-widget-button\" data-id=\"70c7b7ca\" data-element_type=\"widget\" data-e-type=\"widget\" data-widget_type=\"button.default\">\n\t\t\t\t<div class=\"elementor-widget-container\">\n\t\t\t\t\t\t\t\t\t<div class=\"elementor-button-wrapper\">\n\t\t\t\t\t<a class=\"elementor-button elementor-button-link elementor-size-sm\" href=\"https:\/\/onlit.org\/fr\/survol-de-la-litteratie\/1re-annee\/apercu-du-programme-cadre\/\">\n\t\t\t\t\t\t<span class=\"elementor-button-content-wrapper\">\n\t\t\t\t\t\t\t\t\t<span class=\"elementor-button-text\">Prochaine &gt;&gt;<\/span>\n\t\t\t\t\t<\/span>\n\t\t\t\t\t<\/a>\n\t\t\t\t<\/div>\n\t\t\t\t\t\t\t\t<\/div>\n\t\t\t\t<\/div>\n\t\t\t\t<\/div>\n\t\t\t\t\t<\/div>\n\t\t\t\t<\/div>\n\t\t\t\t<\/div>\n\t\t","protected":false},"excerpt":{"rendered":"<p>Introduction \u00e0 la premi\u00e8re ann\u00e9e L&rsquo;ann\u00e9e de la premi\u00e8re ann\u00e9e promet d&rsquo;\u00eatre remplie de croissance, d&rsquo;exploration et de nouvelles aventures d&rsquo;apprentissage ! En tant qu&rsquo;enseignant de 1re ann\u00e9e (personnel enseignant),&#8230;<\/p>\n","protected":false},"author":32,"featured_media":36876,"parent":36757,"menu_order":0,"comment_status":"closed","ping_status":"closed","template":"","meta":{"_acf_changed":false,"_kad_post_transparent":"","_kad_post_title":"hide","_kad_post_layout":"fullwidth","_kad_post_sidebar_id":"","_kad_post_content_style":"unboxed","_kad_post_vertical_padding":"hide","_kad_post_feature":"hide","_kad_post_feature_position":"","_kad_post_header":false,"_kad_post_footer":false,"_kad_post_classname":"","footnotes":""},"content-language":[509],"class_list":["post-36823","page","type-page","status-publish","has-post-thumbnail","hentry","content-language-francais"],"acf":[],"_links":{"self":[{"href":"https:\/\/onlit.org\/fr\/wp-json\/wp\/v2\/pages\/36823","targetHints":{"allow":["GET"]}}],"collection":[{"href":"https:\/\/onlit.org\/fr\/wp-json\/wp\/v2\/pages"}],"about":[{"href":"https:\/\/onlit.org\/fr\/wp-json\/wp\/v2\/types\/page"}],"author":[{"embeddable":true,"href":"https:\/\/onlit.org\/fr\/wp-json\/wp\/v2\/users\/32"}],"replies":[{"embeddable":true,"href":"https:\/\/onlit.org\/fr\/wp-json\/wp\/v2\/comments?post=36823"}],"version-history":[{"count":12,"href":"https:\/\/onlit.org\/fr\/wp-json\/wp\/v2\/pages\/36823\/revisions"}],"predecessor-version":[{"id":39207,"href":"https:\/\/onlit.org\/fr\/wp-json\/wp\/v2\/pages\/36823\/revisions\/39207"}],"up":[{"embeddable":true,"href":"https:\/\/onlit.org\/fr\/wp-json\/wp\/v2\/pages\/36757"}],"wp:featuredmedia":[{"embeddable":true,"href":"https:\/\/onlit.org\/fr\/wp-json\/wp\/v2\/media\/36876"}],"wp:attachment":[{"href":"https:\/\/onlit.org\/fr\/wp-json\/wp\/v2\/media?parent=36823"}],"wp:term":[{"taxonomy":"content-language","embeddable":true,"href":"https:\/\/onlit.org\/fr\/wp-json\/wp\/v2\/content-language?post=36823"}],"curies":[{"name":"wp","href":"https:\/\/api.w.org\/{rel}","templated":true}]}}