{"id":36088,"date":"2025-04-01T09:29:10","date_gmt":"2025-04-01T13:29:10","guid":{"rendered":"https:\/\/onlit.org\/survol-de-2e-annee\/"},"modified":"2026-03-24T11:22:06","modified_gmt":"2026-03-24T15:22:06","slug":"survol-de-la-litteratie","status":"publish","type":"page","link":"https:\/\/onlit.org\/fr\/survol-de-la-litteratie\/","title":{"rendered":"Survol de la litt\u00e9ratie"},"content":{"rendered":"\t\t<div data-elementor-type=\"wp-page\" data-elementor-id=\"36088\" class=\"elementor elementor-36088 elementor-35893\" data-elementor-post-type=\"page\">\n\t\t\t\t<div class=\"elementor-element elementor-element-6afb9289 e-flex e-con-boxed e-con e-parent\" data-id=\"6afb9289\" data-element_type=\"container\" data-e-type=\"container\" data-settings=\"{&quot;background_background&quot;:&quot;classic&quot;}\">\n\t\t\t\t\t<div class=\"e-con-inner\">\n\t\t\t\t<div class=\"elementor-element elementor-element-1a16a87d elementor-widget elementor-widget-heading\" data-id=\"1a16a87d\" data-element_type=\"widget\" data-e-type=\"widget\" data-widget_type=\"heading.default\">\n\t\t\t\t<div class=\"elementor-widget-container\">\n\t\t\t\t\t<h1 class=\"elementor-heading-title elementor-size-default\">Survol de la litt\u00e9ratie<\/h1>\t\t\t\t<\/div>\n\t\t\t\t<\/div>\n\t\t\t\t\t<\/div>\n\t\t\t\t<\/div>\n\t\t<div class=\"elementor-element elementor-element-5b6441c e-flex e-con-boxed e-con e-parent\" data-id=\"5b6441c\" data-element_type=\"container\" data-e-type=\"container\">\n\t\t\t\t\t<div class=\"e-con-inner\">\n\t\t<div class=\"elementor-element elementor-element-19f01146 e-flex e-con-boxed e-con e-child\" data-id=\"19f01146\" data-element_type=\"container\" data-e-type=\"container\">\n\t\t\t\t\t<div class=\"e-con-inner\">\n\t\t\t\t<div class=\"elementor-element elementor-element-7808be0f elementor-widget elementor-widget-text-editor\" data-id=\"7808be0f\" data-element_type=\"widget\" data-e-type=\"widget\" data-widget_type=\"text-editor.default\">\n\t\t\t\t<div class=\"elementor-widget-container\">\n\t\t\t\t\t\t\t\t\t<p>Vous vous demandez ce que le programme-cadre de fran\u00e7ais (2023) signifie r\u00e9ellement pour votre ann\u00e9e scolaire ? <\/p><p>Notre s\u00e9rie<strong> Survol de la litt\u00e9ratie<\/strong> est con\u00e7ue pour expliquer tous <strong>les \u00e9l\u00e9ments cl\u00e9s du programme-cadre<\/strong> de votre ann\u00e9e scolaire, montrer comment ils s\u2019appliquent dans votre classe, et proposer des conseils pratiques pour une mise en \u0153uvre r\u00e9ussie. <\/p><p>\u00c0 la fin de chaque guide, vous trouverez une section d\u00e9di\u00e9e \u00e0 l\u2019utilisation des donn\u00e9es probantes provenant du d\u00e9pistage. Cette section explique l\u2019importance de ces donn\u00e9es, vous pr\u00e9sente les \u00e9preuves de d\u00e9pistage pour votre ann\u00e9e scolaire, et vous montre <strong>comment utiliser les r\u00e9sultats pour identifier et r\u00e9soudre des probl\u00e8mes au niveau de l&rsquo;\u00e9l\u00e8ve et de la classe.<\/strong> <\/p>\t\t\t\t\t\t\t\t<\/div>\n\t\t\t\t<\/div>\n\t\t<div class=\"elementor-element elementor-element-7c140cc e-con-full e-grid e-con e-child\" data-id=\"7c140cc\" data-element_type=\"container\" data-e-type=\"container\">\n\t\t<div class=\"elementor-element elementor-element-3fff9b0 e-con-full e-flex e-con e-child\" data-id=\"3fff9b0\" data-element_type=\"container\" data-e-type=\"container\">\n\t\t\t\t<div class=\"elementor-element elementor-element-32f163b elementor-widget elementor-widget-image\" data-id=\"32f163b\" data-element_type=\"widget\" data-e-type=\"widget\" data-widget_type=\"image.default\">\n\t\t\t\t<div class=\"elementor-widget-container\">\n\t\t\t\t\t\t\t\t\t\t\t\t\t\t\t\t<a href=\"https:\/\/onlit.org\/grade-guides\/grade-1\/introduction-to-grade-1\/\">\n\t\t\t\t\t\t\t<img fetchpriority=\"high\" decoding=\"async\" width=\"819\" height=\"1024\" src=\"https:\/\/onlit.org\/wp-content\/uploads\/2025\/04\/Survol-de-la-litteratie-1re-annee-2-819x1024.png\" class=\"attachment-large size-large wp-image-36314\" alt=\"Survol de la litt\u00e9ratie en 1re ann\u00e9e\" srcset=\"https:\/\/onlit.org\/wp-content\/uploads\/2025\/04\/Survol-de-la-litteratie-1re-annee-2-819x1024.png 819w, https:\/\/onlit.org\/wp-content\/uploads\/2025\/04\/Survol-de-la-litteratie-1re-annee-2-240x300.png 240w, https:\/\/onlit.org\/wp-content\/uploads\/2025\/04\/Survol-de-la-litteratie-1re-annee-2-768x960.png 768w, https:\/\/onlit.org\/wp-content\/uploads\/2025\/04\/Survol-de-la-litteratie-1re-annee-2.png 1080w\" sizes=\"(max-width: 819px) 100vw, 819px\" title=\"\">\t\t\t\t\t\t\t\t<\/a>\n\t\t\t\t\t\t\t\t\t\t\t\t\t\t\t<\/div>\n\t\t\t\t<\/div>\n\t\t\t\t<\/div>\n\t\t<div class=\"elementor-element elementor-element-06e7445 e-con-full e-flex e-con e-child\" data-id=\"06e7445\" data-element_type=\"container\" data-e-type=\"container\">\n\t\t\t\t<div class=\"elementor-element elementor-element-887017d elementor-widget elementor-widget-image\" data-id=\"887017d\" data-element_type=\"widget\" data-e-type=\"widget\" data-widget_type=\"image.default\">\n\t\t\t\t<div class=\"elementor-widget-container\">\n\t\t\t\t\t\t\t\t\t\t\t\t\t\t\t\t<a href=\"https:\/\/onlit.org\/grade-guides\/grade-2\/grade-2-introduction\/\">\n\t\t\t\t\t\t\t<img decoding=\"async\" width=\"819\" height=\"1024\" src=\"https:\/\/onlit.org\/wp-content\/uploads\/2025\/04\/Survole-de-la-litteratie-2e-annee-1-819x1024.png\" class=\"attachment-large size-large wp-image-36316\" alt=\"Grade 2 Guide\" srcset=\"https:\/\/onlit.org\/wp-content\/uploads\/2025\/04\/Survole-de-la-litteratie-2e-annee-1-819x1024.png 819w, https:\/\/onlit.org\/wp-content\/uploads\/2025\/04\/Survole-de-la-litteratie-2e-annee-1-240x300.png 240w, https:\/\/onlit.org\/wp-content\/uploads\/2025\/04\/Survole-de-la-litteratie-2e-annee-1-768x960.png 768w, https:\/\/onlit.org\/wp-content\/uploads\/2025\/04\/Survole-de-la-litteratie-2e-annee-1.png 1080w\" sizes=\"(max-width: 819px) 100vw, 819px\" title=\"\">\t\t\t\t\t\t\t\t<\/a>\n\t\t\t\t\t\t\t\t\t\t\t\t\t\t\t<\/div>\n\t\t\t\t<\/div>\n\t\t\t\t<\/div>\n\t\t<div class=\"elementor-element elementor-element-143aeb4 e-con-full e-flex e-con e-child\" data-id=\"143aeb4\" data-element_type=\"container\" data-e-type=\"container\">\n\t\t\t\t<div class=\"elementor-element elementor-element-9d7f408 elementor-widget elementor-widget-image\" data-id=\"9d7f408\" data-element_type=\"widget\" data-e-type=\"widget\" data-widget_type=\"image.default\">\n\t\t\t\t<div class=\"elementor-widget-container\">\n\t\t\t\t\t\t\t\t\t\t\t\t\t\t\t\t<a href=\"https:\/\/onlit.org\/grade-guides\/grade-3\/introduction-to-grade-3\/\">\n\t\t\t\t\t\t\t<img decoding=\"async\" width=\"819\" height=\"1024\" src=\"https:\/\/onlit.org\/wp-content\/uploads\/2025\/04\/Survol-de-la-litteratie-3e-annee-1-819x1024.png\" class=\"attachment-large size-large wp-image-36318\" alt=\"Grade 3 Guide\" srcset=\"https:\/\/onlit.org\/wp-content\/uploads\/2025\/04\/Survol-de-la-litteratie-3e-annee-1-819x1024.png 819w, https:\/\/onlit.org\/wp-content\/uploads\/2025\/04\/Survol-de-la-litteratie-3e-annee-1-240x300.png 240w, https:\/\/onlit.org\/wp-content\/uploads\/2025\/04\/Survol-de-la-litteratie-3e-annee-1-768x960.png 768w, https:\/\/onlit.org\/wp-content\/uploads\/2025\/04\/Survol-de-la-litteratie-3e-annee-1.png 1080w\" sizes=\"(max-width: 819px) 100vw, 819px\" title=\"\">\t\t\t\t\t\t\t\t<\/a>\n\t\t\t\t\t\t\t\t\t\t\t\t\t\t\t<\/div>\n\t\t\t\t<\/div>\n\t\t\t\t<\/div>\n\t\t\t\t<\/div>\n\t\t\t\t\t<\/div>\n\t\t\t\t<\/div>\n\t\t\t\t\t<\/div>\n\t\t\t\t<\/div>\n\t\t\t\t<\/div>\n\t\t","protected":false},"excerpt":{"rendered":"<p>Survol de la litt\u00e9ratie Vous vous demandez ce que le programme-cadre de fran\u00e7ais (2023) signifie r\u00e9ellement pour votre ann\u00e9e scolaire ? Notre s\u00e9rie Survol de la litt\u00e9ratie est con\u00e7ue pour&#8230;<\/p>\n","protected":false},"author":32,"featured_media":0,"parent":0,"menu_order":0,"comment_status":"closed","ping_status":"closed","template":"elementor_header_footer","meta":{"_acf_changed":false,"_kad_post_transparent":"","_kad_post_title":"","_kad_post_layout":"","_kad_post_sidebar_id":"","_kad_post_content_style":"","_kad_post_vertical_padding":"","_kad_post_feature":"","_kad_post_feature_position":"","_kad_post_header":false,"_kad_post_footer":false,"_kad_post_classname":"","footnotes":""},"content-language":[509],"class_list":["post-36088","page","type-page","status-publish","hentry","content-language-francais"],"acf":[],"_links":{"self":[{"href":"https:\/\/onlit.org\/fr\/wp-json\/wp\/v2\/pages\/36088","targetHints":{"allow":["GET"]}}],"collection":[{"href":"https:\/\/onlit.org\/fr\/wp-json\/wp\/v2\/pages"}],"about":[{"href":"https:\/\/onlit.org\/fr\/wp-json\/wp\/v2\/types\/page"}],"author":[{"embeddable":true,"href":"https:\/\/onlit.org\/fr\/wp-json\/wp\/v2\/users\/32"}],"replies":[{"embeddable":true,"href":"https:\/\/onlit.org\/fr\/wp-json\/wp\/v2\/comments?post=36088"}],"version-history":[{"count":35,"href":"https:\/\/onlit.org\/fr\/wp-json\/wp\/v2\/pages\/36088\/revisions"}],"predecessor-version":[{"id":42344,"href":"https:\/\/onlit.org\/fr\/wp-json\/wp\/v2\/pages\/36088\/revisions\/42344"}],"wp:attachment":[{"href":"https:\/\/onlit.org\/fr\/wp-json\/wp\/v2\/media?parent=36088"}],"wp:term":[{"taxonomy":"content-language","embeddable":true,"href":"https:\/\/onlit.org\/fr\/wp-json\/wp\/v2\/content-language?post=36088"}],"curies":[{"name":"wp","href":"https:\/\/api.w.org\/{rel}","templated":true}]}}