{"id":35769,"date":"2025-01-02T08:21:25","date_gmt":"2025-01-02T13:21:25","guid":{"rendered":"https:\/\/onlit.org\/?page_id=35769"},"modified":"2025-08-27T14:21:33","modified_gmt":"2025-08-27T18:21:33","slug":"d2-creation-de-textes","status":"publish","type":"page","link":"https:\/\/onlit.org\/fr\/survol-de-la-litteratie\/2e-annee\/d2-creation-de-textes\/","title":{"rendered":"D2. Cr\u00e9ation de textes"},"content":{"rendered":"\t\t<div data-elementor-type=\"wp-page\" data-elementor-id=\"35769\" class=\"elementor elementor-35769 elementor-32609\" data-elementor-post-type=\"page\">\n\t\t\t\t<div class=\"elementor-element elementor-element-20eee69f e-con-full e-flex e-con e-parent\" data-id=\"20eee69f\" data-element_type=\"container\" data-e-type=\"container\">\n\t\t\t\t<div class=\"elementor-element elementor-element-1cca7d3 elementor-widget elementor-widget-heading\" data-id=\"1cca7d3\" data-element_type=\"widget\" data-e-type=\"widget\" data-widget_type=\"heading.default\">\n\t\t\t\t<div class=\"elementor-widget-container\">\n\t\t\t\t\t<h1 class=\"elementor-heading-title elementor-size-default\">D2. Cr\u00e9ation de textes<\/h1>\t\t\t\t<\/div>\n\t\t\t\t<\/div>\n\t\t\t\t<div class=\"elementor-element elementor-element-91d97b6 elementor-widget elementor-widget-heading\" data-id=\"91d97b6\" data-element_type=\"widget\" data-e-type=\"widget\" data-widget_type=\"heading.default\">\n\t\t\t\t<div class=\"elementor-widget-container\">\n\t\t\t\t\t<h2 class=\"elementor-heading-title elementor-size-default\">lien avec l\u2019attente A3<\/h2>\t\t\t\t<\/div>\n\t\t\t\t<\/div>\n\t\t\t\t<div class=\"elementor-element elementor-element-50bf1cb3 elementor-widget elementor-widget-text-editor\" data-id=\"50bf1cb3\" data-element_type=\"widget\" data-e-type=\"widget\" data-widget_type=\"text-editor.default\">\n\t\t\t\t<div class=\"elementor-widget-container\">\n\t\t\t\t\t\t\t\t\t<p>Tout au long du processus de r\u00e9daction de textes, les \u00e9l\u00e8ves appliquent des comp\u00e9tences transf\u00e9rables et une culture des m\u00e9dias num\u00e9riques, demandent l&rsquo;avis des autres, analysent de mani\u00e8re critique leurs propres textes, r\u00e9fl\u00e9chissent \u00e0 leur utilisation des techniques, des outils et de la technologie, et r\u00e9fl\u00e9chissent \u00e0 la mani\u00e8re de s&rsquo;am\u00e9liorer en tant que cr\u00e9ateurs et cr\u00e9atrices de textes. Ils et elles acqui\u00e8rent les comp\u00e9tences et la confiance n\u00e9cessaires pour exprimer leurs id\u00e9es et communiquer clairement et efficacement \u00e0 l&rsquo;aide de la langue \u00e9crite.<\/p><p>La pratique quotidienne de l&rsquo;\u00e9criture scripte est essentielle pour d\u00e9velopper la fluidit\u00e9, qui joue un r\u00f4le essentiel dans la composition \u00e9crite. Lorsque les \u00e9l\u00e8ves s&rsquo;exercent r\u00e9guli\u00e8rement \u00e0 \u00e9crire en lettres moul\u00e9es, elles et ils deviennent plus comp\u00e9tents dans la formation des lettres et des mots, ce qui r\u00e9duit la charge cognitive associ\u00e9e \u00e0 l&rsquo;\u00e9criture. Cette aisance leur permet de se concentrer davantage sur le contenu de leur \u00e9crit que sur la m\u00e9canique, ce qui donne des compositions plus claires et plus coh\u00e9rentes.<\/p><p>Si certains et certaines consid\u00e8rent que l&rsquo;enseignement de l&rsquo;\u00e9criture est d\u00e9mod\u00e9 dans le monde num\u00e9rique d&rsquo;aujourd&rsquo;hui, les recherches montrent que l&rsquo;enseignement de l&rsquo;\u00e9criture scripte n&rsquo;am\u00e9liore pas seulement la qualit\u00e9 de l&rsquo;\u00e9criture des \u00e9l\u00e8ves. L&rsquo;enseignement de l&rsquo;\u00e9criture scripte am\u00e9liore la qualit\u00e9, la longueur et la fluidit\u00e9 des compositions des \u00e9l\u00e8ves (Santangelo &amp; Graham, 2016). En consacrant du temps chaque jour \u00e0 cette comp\u00e9tence fondamentale, nous posons les jalons qui permettront \u00e0 nos \u00e9l\u00e8ves de devenir des \u00e9crivaines et \u00e9crivains confiants et comp\u00e9tents.<\/p>\t\t\t\t\t\t\t\t<\/div>\n\t\t\t\t<\/div>\n\t\t<div class=\"elementor-element elementor-element-554ffd e-con-full e-flex e-con e-child\" data-id=\"554ffd\" data-element_type=\"container\" data-e-type=\"container\">\n\t\t<div class=\"elementor-element elementor-element-7b8745d7 e-con-full e-flex e-con e-child\" data-id=\"7b8745d7\" data-element_type=\"container\" data-e-type=\"container\">\n\t\t\t\t<div class=\"elementor-element elementor-element-6b88fa96 elementor-widget elementor-widget-heading\" data-id=\"6b88fa96\" data-element_type=\"widget\" data-e-type=\"widget\" data-widget_type=\"heading.default\">\n\t\t\t\t<div class=\"elementor-widget-container\">\n\t\t\t\t\t<h4 class=\"elementor-heading-title elementor-size-default\">En 1<sup>re<\/sup> ann\u00e9e, l\u2019accent a \u00e9t\u00e9 mis sur :<\/h4>\t\t\t\t<\/div>\n\t\t\t\t<\/div>\n\t\t\t\t<div class=\"elementor-element elementor-element-1d7d0f06 elementor-widget elementor-widget-text-editor\" data-id=\"1d7d0f06\" data-element_type=\"widget\" data-e-type=\"widget\" data-widget_type=\"text-editor.default\">\n\t\t\t\t<div class=\"elementor-widget-container\">\n\t\t\t\t\t\t\t\t\t<ul><li>R\u00e9diger des \u00e9bauches de textes simples et courts, incluant des textes narratifs, descriptifs et incitatifs, en utilisant une gamme de m\u00e9dias, de strat\u00e9gies et d\u2019outils<\/li><li>\u00c9crire des lettres et des mots en \u00e9criture scripte, avec une forme, une taille, un emplacement et en espacement appropri\u00e9s<\/li><li>D\u00e9montrer l\u2019utilisation d\u2019une voix personnelle dans ses textes, en mettant l\u2019accent sur l\u2019emploi des mots qui expriment ses pens\u00e9es, ses sentiments et ses opinions sur le sujet<\/li><li>D\u00e9terminer le point de vue de ses textes, incluant la premi\u00e8re personne<\/li><li>Apporter des modifications simples aux \u00e9bauches de textes en portant attention aux erreurs relatives aux majuscules, \u00e0 la ponctuation et \u00e0 l\u2019orthographe<\/li><\/ul>\t\t\t\t\t\t\t\t<\/div>\n\t\t\t\t<\/div>\n\t\t\t\t<\/div>\n\t\t<div class=\"elementor-element elementor-element-11922715 e-con-full e-flex e-con e-child\" data-id=\"11922715\" data-element_type=\"container\" data-e-type=\"container\">\n\t\t\t\t<div class=\"elementor-element elementor-element-1d3754d6 elementor-widget elementor-widget-heading\" data-id=\"1d3754d6\" data-element_type=\"widget\" data-e-type=\"widget\" data-widget_type=\"heading.default\">\n\t\t\t\t<div class=\"elementor-widget-container\">\n\t\t\t\t\t<h4 class=\"elementor-heading-title elementor-size-default\">Nouveau pour  la 2<sup>e<\/sup> ann\u00e9e :<\/h4>\t\t\t\t<\/div>\n\t\t\t\t<\/div>\n\t\t\t\t<div class=\"elementor-element elementor-element-6e8e9816 elementor-widget elementor-widget-text-editor\" data-id=\"6e8e9816\" data-element_type=\"widget\" data-e-type=\"widget\" data-widget_type=\"text-editor.default\">\n\t\t\t\t<div class=\"elementor-widget-container\">\n\t\t\t\t\t\t\t\t\t<ul><li>R\u00e9diger des \u00e9bauches de texte courts et simples, incluant des textes narratifs et incitatifs, en utilisant une gamme de m\u00e9dias, d\u2019outils et de strat\u00e9gies<\/li><li>\u00c9crire des textes en \u00e9criture scripte<strong> de fa\u00e7on lisible avec fluidit\u00e9<\/strong>, avec une forme, une taille, un emplacement et un espacement appropri\u00e9s<\/li><li>D\u00e9montrer l\u2019utilisation d\u2019une voix personnelle dans ses textes en utilisant des mots descriptifs pour exprimer ses pens\u00e9es, ses sentiments et ses opinions sur le sujet<\/li><li>D\u00e9terminer le point de vue de ses textes, notamment la premi\u00e8re personne<\/li><li><strong>Apporter des r\u00e9visions \u00e0 des textes, comme ajouter ou effacer des phrases, en utilisant la r\u00e9troaction re\u00e7ue<\/strong><\/li><li>Apporter des modifications simples aux \u00e9bauches de textes en portant attention aux erreurs relatives aux majuscules, \u00e0 la ponctuation et \u00e0 l\u2019orthographe<\/li><\/ul>\t\t\t\t\t\t\t\t<\/div>\n\t\t\t\t<\/div>\n\t\t\t\t<\/div>\n\t\t\t\t<\/div>\n\t\t\t\t<div class=\"elementor-element elementor-element-0853f2e elementor-widget elementor-widget-global elementor-global-36380 elementor-widget-text-editor\" data-id=\"0853f2e\" data-element_type=\"widget\" data-e-type=\"widget\" data-widget_type=\"text-editor.default\">\n\t\t\t\t<div class=\"elementor-widget-container\">\n\t\t\t\t\t\t\t\t\t<p>Il ne s&rsquo;agit pas d&rsquo;une liste exhaustive de toutes les attentes dans ce domaine. Veuillez consulter le <a href=\"https:\/\/www.dcp.edu.gov.on.ca\/fr\/curriculum\/elementaire-francais\" target=\"_blank\" rel=\"noopener\">programme-cadre de fran\u00e7ais<\/a> pour plus de d\u00e9tails.<\/p>\t\t\t\t\t\t\t\t<\/div>\n\t\t\t\t<\/div>\n\t\t\t\t<div class=\"elementor-element elementor-element-fcf3bae elementor-widget elementor-widget-text-editor\" data-id=\"fcf3bae\" data-element_type=\"widget\" data-e-type=\"widget\" data-widget_type=\"text-editor.default\">\n\t\t\t\t<div class=\"elementor-widget-container\">\n\t\t\t\t\t\t\t\t\t<p>\u00c0 ce stade, l&rsquo;\u00e9criture est un outil puissant qui permet aux \u00e9l\u00e8ves d&rsquo;exprimer leurs pens\u00e9es, leur cr\u00e9ativit\u00e9 et leur singularit\u00e9 tout en d\u00e9veloppant des comp\u00e9tences essentielles, telles que l&rsquo;organisation des id\u00e9es, l&rsquo;utilisation d&rsquo;une grammaire correcte et la compr\u00e9hension d&rsquo;une vari\u00e9t\u00e9 de structures de texte. En int\u00e9grant le d\u00e9veloppement du vocabulaire, la formation des phrases, la coh\u00e9rence et la m\u00e9canique de l&rsquo;\u00e9criture scripte, la capacit\u00e9 de l&rsquo;\u00e9l\u00e8ve \u00e0 penser de mani\u00e8re critique et \u00e0 articuler ses id\u00e9es devient plus raffin\u00e9e et permanente.<\/p><p>Pour r\u00e9diger des textes courts, les \u00e9l\u00e8ves doivent savoir et comprendre que les auteures et auteurs choisissent diff\u00e9rentes structures en fonction de leur objectif, de leur public et de leur contenu. Les \u00e9l\u00e8ves doivent \u00e9galement comprendre qu&rsquo;un grand nombre de ces structures sont accompagn\u00e9es de mots et d&rsquo;expressions pr\u00e9visibles qui aident \u00e0 guider la lectrice ou le lecteur. Le personnel enseignant peut commencer \u00e0 d\u00e9construire ces structures courantes et les mots et phrases signal\u00e9tiques associ\u00e9s aux \u00e9l\u00e8ves, afin de leur permettre d&rsquo;organiser leurs id\u00e9es. Parmi les structures les plus courantes : la description, la relation de cause \u00e0 effet, le probl\u00e8me et la solution, la comparaison et le contraste, la chronologie et la s\u00e9quence.<\/p>\t\t\t\t\t\t\t\t<\/div>\n\t\t\t\t<\/div>\n\t\t<div class=\"elementor-element elementor-element-4580f611 e-con-full e-flex e-con e-child\" data-id=\"4580f611\" data-element_type=\"container\" data-e-type=\"container\">\n\t\t\t\t<div class=\"elementor-element elementor-element-9ac34b4 elementor-align-left elementor-widget__width-initial elementor-mobile-align-center elementor-widget elementor-widget-button\" data-id=\"9ac34b4\" data-element_type=\"widget\" data-e-type=\"widget\" data-widget_type=\"button.default\">\n\t\t\t\t<div class=\"elementor-widget-container\">\n\t\t\t\t\t\t\t\t\t<div class=\"elementor-button-wrapper\">\n\t\t\t\t\t<a class=\"elementor-button elementor-button-link elementor-size-sm\" href=\"https:\/\/onlit.org\/fr\/survol-de-la-litteratie\/2e-annee\/d1-developpement-didees-et-organisation-de-contenu\/\">\n\t\t\t\t\t\t<span class=\"elementor-button-content-wrapper\">\n\t\t\t\t\t\t\t\t\t<span class=\"elementor-button-text\">&lt;&lt; Retour<\/span>\n\t\t\t\t\t<\/span>\n\t\t\t\t\t<\/a>\n\t\t\t\t<\/div>\n\t\t\t\t\t\t\t\t<\/div>\n\t\t\t\t<\/div>\n\t\t\t\t<div class=\"elementor-element elementor-element-740ac313 elementor-align-right elementor-widget__width-initial elementor-mobile-align-center elementor-widget elementor-widget-button\" data-id=\"740ac313\" data-element_type=\"widget\" data-e-type=\"widget\" data-widget_type=\"button.default\">\n\t\t\t\t<div class=\"elementor-widget-container\">\n\t\t\t\t\t\t\t\t\t<div class=\"elementor-button-wrapper\">\n\t\t\t\t\t<a class=\"elementor-button elementor-button-link elementor-size-sm\" href=\"https:\/\/onlit.org\/fr\/survol-de-la-litteratie\/2e-annee\/d3-publication-presentation-et-reflexion\/\">\n\t\t\t\t\t\t<span class=\"elementor-button-content-wrapper\">\n\t\t\t\t\t\t\t\t\t<span class=\"elementor-button-text\">Suivant &gt;&gt;<\/span>\n\t\t\t\t\t<\/span>\n\t\t\t\t\t<\/a>\n\t\t\t\t<\/div>\n\t\t\t\t\t\t\t\t<\/div>\n\t\t\t\t<\/div>\n\t\t\t\t<\/div>\n\t\t\t\t<\/div>\n\t\t\t\t<\/div>\n\t\t","protected":false},"excerpt":{"rendered":"<p>D2. Cr\u00e9ation de textes lien avec l\u2019attente A3 Tout au long du processus de r\u00e9daction de textes, les \u00e9l\u00e8ves appliquent des comp\u00e9tences transf\u00e9rables et une culture des m\u00e9dias num\u00e9riques, demandent&#8230;<\/p>\n","protected":false},"author":32,"featured_media":38450,"parent":36106,"menu_order":0,"comment_status":"closed","ping_status":"closed","template":"","meta":{"_acf_changed":false,"_kad_post_transparent":"","_kad_post_title":"hide","_kad_post_layout":"fullwidth","_kad_post_sidebar_id":"","_kad_post_content_style":"unboxed","_kad_post_vertical_padding":"hide","_kad_post_feature":"hide","_kad_post_feature_position":"","_kad_post_header":false,"_kad_post_footer":false,"_kad_post_classname":"","footnotes":""},"content-language":[509],"class_list":["post-35769","page","type-page","status-publish","has-post-thumbnail","hentry","content-language-francais"],"acf":[],"_links":{"self":[{"href":"https:\/\/onlit.org\/fr\/wp-json\/wp\/v2\/pages\/35769","targetHints":{"allow":["GET"]}}],"collection":[{"href":"https:\/\/onlit.org\/fr\/wp-json\/wp\/v2\/pages"}],"about":[{"href":"https:\/\/onlit.org\/fr\/wp-json\/wp\/v2\/types\/page"}],"author":[{"embeddable":true,"href":"https:\/\/onlit.org\/fr\/wp-json\/wp\/v2\/users\/32"}],"replies":[{"embeddable":true,"href":"https:\/\/onlit.org\/fr\/wp-json\/wp\/v2\/comments?post=35769"}],"version-history":[{"count":11,"href":"https:\/\/onlit.org\/fr\/wp-json\/wp\/v2\/pages\/35769\/revisions"}],"predecessor-version":[{"id":39376,"href":"https:\/\/onlit.org\/fr\/wp-json\/wp\/v2\/pages\/35769\/revisions\/39376"}],"up":[{"embeddable":true,"href":"https:\/\/onlit.org\/fr\/wp-json\/wp\/v2\/pages\/36106"}],"wp:featuredmedia":[{"embeddable":true,"href":"https:\/\/onlit.org\/fr\/wp-json\/wp\/v2\/media\/38450"}],"wp:attachment":[{"href":"https:\/\/onlit.org\/fr\/wp-json\/wp\/v2\/media?parent=35769"}],"wp:term":[{"taxonomy":"content-language","embeddable":true,"href":"https:\/\/onlit.org\/fr\/wp-json\/wp\/v2\/content-language?post=35769"}],"curies":[{"name":"wp","href":"https:\/\/api.w.org\/{rel}","templated":true}]}}