{"id":35767,"date":"2025-01-02T08:21:03","date_gmt":"2025-01-02T13:21:03","guid":{"rendered":"https:\/\/onlit.org\/?page_id=35767"},"modified":"2025-08-27T14:21:05","modified_gmt":"2025-08-27T18:21:05","slug":"d1-developpement-didees-et-organisation-de-contenu","status":"publish","type":"page","link":"https:\/\/onlit.org\/fr\/survol-de-la-litteratie\/2e-annee\/d1-developpement-didees-et-organisation-de-contenu\/","title":{"rendered":"D1. D\u00e9veloppement d\u2019id\u00e9es et organisation de contenu"},"content":{"rendered":"\t\t<div data-elementor-type=\"wp-page\" data-elementor-id=\"35767\" class=\"elementor elementor-35767 elementor-32607\" data-elementor-post-type=\"page\">\n\t\t\t\t<div class=\"elementor-element elementor-element-2baa4182 e-con-full e-flex e-con e-parent\" data-id=\"2baa4182\" data-element_type=\"container\" data-e-type=\"container\">\n\t\t\t\t<div class=\"elementor-element elementor-element-26233634 elementor-widget elementor-widget-heading\" data-id=\"26233634\" data-element_type=\"widget\" data-e-type=\"widget\" data-widget_type=\"heading.default\">\n\t\t\t\t<div class=\"elementor-widget-container\">\n\t\t\t\t\t<h1 class=\"elementor-heading-title elementor-size-default\">D1. D\u00e9veloppement d\u2019id\u00e9es et organisation de contenu<\/h1>\t\t\t\t<\/div>\n\t\t\t\t<\/div>\n\t\t\t\t<div class=\"elementor-element elementor-element-1b6559d elementor-widget elementor-widget-text-editor\" data-id=\"1b6559d\" data-element_type=\"widget\" data-e-type=\"widget\" data-widget_type=\"text-editor.default\">\n\t\t\t\t<div class=\"elementor-widget-container\">\n\t\t\t\t\t\t\t\t\tEn 2<sup>e<\/sup> ann\u00e9e, les \u00e9l\u00e8ves continueront \u00e0 renforcer et \u00e0 d\u00e9velopper leur capacit\u00e9 \u00e0 proposer des id\u00e9es d\u2019\u00e9criture, \u00e0 devenir plus habiles \u00e0 rassembler des informations et \u00e0 organiser leurs id\u00e9es, et ils et elles continueront \u00e0 comprendre pourquoi on \u00e9crit et comment prendre en compte le public auquel on s&rsquo;adresse.\n\nLes \u00e9l\u00e8ves devraient avoir de nombreuses occasions d&rsquo;\u00e9crire tout au long de la journ\u00e9e. Ces occasions doivent \u00eatre vari\u00e9es et inclure des sujets choisis par les \u00e9l\u00e8ves, mais aussi les sujets abord\u00e9s au cours de leur apprentissage (par exemple, les sciences, les \u00e9tudes sociales, etc.). Il convient d&rsquo;enseigner explicitement aux \u00e9l\u00e8ves les strat\u00e9gies de remue-m\u00e9ninges et de collecte d&rsquo;informations \u00e0 partir de diverses sources, y compris l&rsquo;utilisation d&rsquo;organisateurs graphiques et de techniques de prise de notes.\n\nLes attentes des programmes-cadres entre la 1<sup>re<\/sup> et la 2<sup>e<\/sup> ann\u00e9e dans ce domaine ne diff\u00e8rent pas de mani\u00e8re significative, bien que nous ayons not\u00e9 des sp\u00e9cificit\u00e9s qui apparaissent pour la premi\u00e8re fois en 2<sup>e<\/sup> ann\u00e9e.\t\t\t\t\t\t\t\t<\/div>\n\t\t\t\t<\/div>\n\t\t<div class=\"elementor-element elementor-element-7fc49e8c e-con-full e-flex e-con e-child\" data-id=\"7fc49e8c\" data-element_type=\"container\" data-e-type=\"container\">\n\t\t<div class=\"elementor-element elementor-element-7d8d0aa9 e-con-full e-flex e-con e-child\" data-id=\"7d8d0aa9\" data-element_type=\"container\" data-e-type=\"container\">\n\t\t\t\t<div class=\"elementor-element elementor-element-13349595 elementor-widget elementor-widget-heading\" data-id=\"13349595\" data-element_type=\"widget\" data-e-type=\"widget\" data-widget_type=\"heading.default\">\n\t\t\t\t<div class=\"elementor-widget-container\">\n\t\t\t\t\t<h4 class=\"elementor-heading-title elementor-size-default\">En 1<sup>re<\/sup> ann\u00e9e, l\u2019accent a \u00e9t\u00e9 mis sur :<\/h4>\t\t\t\t<\/div>\n\t\t\t\t<\/div>\n\t\t\t\t<div class=\"elementor-element elementor-element-51ba0b5c elementor-widget elementor-widget-text-editor\" data-id=\"51ba0b5c\" data-element_type=\"widget\" data-e-type=\"widget\" data-widget_type=\"text-editor.default\">\n\t\t\t\t<div class=\"elementor-widget-container\">\n\t\t\t\t\t\t\t\t\t<ul><li>D\u00e9terminer le sujet, l\u2019intention et les destinataires de divers textes simples qu\u2019elle ou il planifie de r\u00e9diger<\/li><li>G\u00e9n\u00e9rer des id\u00e9es concernant des sujets donn\u00e9s ou de son choix, en utilisant des strat\u00e9gies simples et en ayant recours \u00e0 diverses ressources, y compris ses exp\u00e9riences v\u00e9cues et ses apprentissages dans d\u2019autres mati\u00e8res<\/li><li>Rassembler l\u2019information et le contenu pertinents sur un sujet en utilisant une source unique<\/li><li>Trier et ordonner ses id\u00e9es et l\u2019information recueillie, en tenant compte de la forme de discours et du genre de texte \u00e0 utiliser<\/li><li>D\u00e9terminer les strat\u00e9gies qu\u2019il ou elle a utilis\u00e9es pour d\u00e9velopper ses id\u00e9es de cr\u00e9ation de textes<\/li><\/ul>\t\t\t\t\t\t\t\t<\/div>\n\t\t\t\t<\/div>\n\t\t\t\t<\/div>\n\t\t<div class=\"elementor-element elementor-element-7173be03 e-con-full e-flex e-con e-child\" data-id=\"7173be03\" data-element_type=\"container\" data-e-type=\"container\">\n\t\t\t\t<div class=\"elementor-element elementor-element-1db9ae3a elementor-widget elementor-widget-heading\" data-id=\"1db9ae3a\" data-element_type=\"widget\" data-e-type=\"widget\" data-widget_type=\"heading.default\">\n\t\t\t\t<div class=\"elementor-widget-container\">\n\t\t\t\t\t<h4 class=\"elementor-heading-title elementor-size-default\">Nouveau pour  la 2<sup>e<\/sup> ann\u00e9e :<\/h4>\t\t\t\t<\/div>\n\t\t\t\t<\/div>\n\t\t\t\t<div class=\"elementor-element elementor-element-5777abcd elementor-widget elementor-widget-text-editor\" data-id=\"5777abcd\" data-element_type=\"widget\" data-e-type=\"widget\" data-widget_type=\"text-editor.default\">\n\t\t\t\t<div class=\"elementor-widget-container\">\n\t\t\t\t\t\t\t\t\t<ul><li>D\u00e9terminer le sujet, l\u2019intention et les destinataires d\u2019une vari\u00e9t\u00e9 de textes qu\u2019elle ou il planifie d\u2019\u00e9crire<\/li><li>G\u00e9n\u00e9rer et d\u00e9velopper des id\u00e9es concernant des sujets donn\u00e9s ou au choix, en utilisant des strat\u00e9gies simples et en ayant recours \u00e0 diverses ressources, y compris ses exp\u00e9riences v\u00e9cues et ses apprentissages dans d\u2019autres mati\u00e8res<\/li><li>Rassembler de l\u2019information et du contenu pertinents sur un sujet en utilisant <strong>au moins trois sources<\/strong><\/li><li>Trier et ordonner ses id\u00e9es et l&rsquo;information, en tenant compte de la forme de discours et du genre de texte \u00e0 utiliser<\/li><li>D\u00e9terminer les strat\u00e9gies qui l\u2019ont aid\u00e9 \u00e0 d\u00e9velopper ses id\u00e9es pour la r\u00e9daction de textes<\/li><\/ul>\t\t\t\t\t\t\t\t<\/div>\n\t\t\t\t<\/div>\n\t\t\t\t<\/div>\n\t\t\t\t<\/div>\n\t\t\t\t<div class=\"elementor-element elementor-element-f674f16 elementor-widget elementor-widget-global elementor-global-36380 elementor-widget-text-editor\" data-id=\"f674f16\" data-element_type=\"widget\" data-e-type=\"widget\" data-widget_type=\"text-editor.default\">\n\t\t\t\t<div class=\"elementor-widget-container\">\n\t\t\t\t\t\t\t\t\t<p>Il ne s&rsquo;agit pas d&rsquo;une liste exhaustive de toutes les attentes dans ce domaine. Veuillez consulter le <a href=\"https:\/\/www.dcp.edu.gov.on.ca\/fr\/curriculum\/elementaire-francais\" target=\"_blank\" rel=\"noopener\">programme-cadre de fran\u00e7ais<\/a> pour plus de d\u00e9tails.<\/p>\t\t\t\t\t\t\t\t<\/div>\n\t\t\t\t<\/div>\n\t\t<div class=\"elementor-element elementor-element-57eebef3 e-con-full e-flex e-con e-child\" data-id=\"57eebef3\" data-element_type=\"container\" data-e-type=\"container\">\n\t\t\t\t<div class=\"elementor-element elementor-element-19d1ccb8 elementor-align-left elementor-widget__width-initial elementor-mobile-align-center elementor-widget elementor-widget-button\" data-id=\"19d1ccb8\" data-element_type=\"widget\" data-e-type=\"widget\" data-widget_type=\"button.default\">\n\t\t\t\t<div class=\"elementor-widget-container\">\n\t\t\t\t\t\t\t\t\t<div class=\"elementor-button-wrapper\">\n\t\t\t\t\t<a class=\"elementor-button elementor-button-link elementor-size-sm\" href=\"https:\/\/onlit.org\/fr\/survol-de-la-litteratie\/2e-annee\/d-redaction\/\">\n\t\t\t\t\t\t<span class=\"elementor-button-content-wrapper\">\n\t\t\t\t\t\t\t\t\t<span class=\"elementor-button-text\">&lt;&lt; Retour<\/span>\n\t\t\t\t\t<\/span>\n\t\t\t\t\t<\/a>\n\t\t\t\t<\/div>\n\t\t\t\t\t\t\t\t<\/div>\n\t\t\t\t<\/div>\n\t\t\t\t<div class=\"elementor-element elementor-element-22ce6ec2 elementor-align-right elementor-widget__width-initial elementor-mobile-align-center elementor-widget elementor-widget-button\" data-id=\"22ce6ec2\" data-element_type=\"widget\" data-e-type=\"widget\" data-widget_type=\"button.default\">\n\t\t\t\t<div class=\"elementor-widget-container\">\n\t\t\t\t\t\t\t\t\t<div class=\"elementor-button-wrapper\">\n\t\t\t\t\t<a class=\"elementor-button elementor-button-link elementor-size-sm\" href=\"https:\/\/onlit.org\/fr\/survol-de-la-litteratie\/2e-annee\/d2-creation-de-textes\/\">\n\t\t\t\t\t\t<span class=\"elementor-button-content-wrapper\">\n\t\t\t\t\t\t\t\t\t<span class=\"elementor-button-text\">Suivant &gt;&gt;<\/span>\n\t\t\t\t\t<\/span>\n\t\t\t\t\t<\/a>\n\t\t\t\t<\/div>\n\t\t\t\t\t\t\t\t<\/div>\n\t\t\t\t<\/div>\n\t\t\t\t<\/div>\n\t\t\t\t<\/div>\n\t\t\t\t<\/div>\n\t\t","protected":false},"excerpt":{"rendered":"<p>D1. D\u00e9veloppement d\u2019id\u00e9es et organisation de contenu En 2e ann\u00e9e, les \u00e9l\u00e8ves continueront \u00e0 renforcer et \u00e0 d\u00e9velopper leur capacit\u00e9 \u00e0 proposer des id\u00e9es d\u2019\u00e9criture, \u00e0 devenir plus habiles \u00e0&#8230;<\/p>\n","protected":false},"author":32,"featured_media":38450,"parent":36106,"menu_order":0,"comment_status":"closed","ping_status":"closed","template":"","meta":{"_acf_changed":false,"_kad_post_transparent":"","_kad_post_title":"hide","_kad_post_layout":"fullwidth","_kad_post_sidebar_id":"","_kad_post_content_style":"unboxed","_kad_post_vertical_padding":"hide","_kad_post_feature":"hide","_kad_post_feature_position":"","_kad_post_header":false,"_kad_post_footer":false,"_kad_post_classname":"","footnotes":""},"content-language":[509],"class_list":["post-35767","page","type-page","status-publish","has-post-thumbnail","hentry","content-language-francais"],"acf":[],"_links":{"self":[{"href":"https:\/\/onlit.org\/fr\/wp-json\/wp\/v2\/pages\/35767","targetHints":{"allow":["GET"]}}],"collection":[{"href":"https:\/\/onlit.org\/fr\/wp-json\/wp\/v2\/pages"}],"about":[{"href":"https:\/\/onlit.org\/fr\/wp-json\/wp\/v2\/types\/page"}],"author":[{"embeddable":true,"href":"https:\/\/onlit.org\/fr\/wp-json\/wp\/v2\/users\/32"}],"replies":[{"embeddable":true,"href":"https:\/\/onlit.org\/fr\/wp-json\/wp\/v2\/comments?post=35767"}],"version-history":[{"count":14,"href":"https:\/\/onlit.org\/fr\/wp-json\/wp\/v2\/pages\/35767\/revisions"}],"predecessor-version":[{"id":39373,"href":"https:\/\/onlit.org\/fr\/wp-json\/wp\/v2\/pages\/35767\/revisions\/39373"}],"up":[{"embeddable":true,"href":"https:\/\/onlit.org\/fr\/wp-json\/wp\/v2\/pages\/36106"}],"wp:featuredmedia":[{"embeddable":true,"href":"https:\/\/onlit.org\/fr\/wp-json\/wp\/v2\/media\/38450"}],"wp:attachment":[{"href":"https:\/\/onlit.org\/fr\/wp-json\/wp\/v2\/media?parent=35767"}],"wp:term":[{"taxonomy":"content-language","embeddable":true,"href":"https:\/\/onlit.org\/fr\/wp-json\/wp\/v2\/content-language?post=35767"}],"curies":[{"name":"wp","href":"https:\/\/api.w.org\/{rel}","templated":true}]}}