{"id":35765,"date":"2025-01-02T08:20:38","date_gmt":"2025-01-02T13:20:38","guid":{"rendered":"https:\/\/onlit.org\/?page_id=35765"},"modified":"2025-12-03T11:03:11","modified_gmt":"2025-12-03T16:03:11","slug":"d-redaction","status":"publish","type":"page","link":"https:\/\/onlit.org\/fr\/survol-de-la-litteratie\/2e-annee\/d-redaction\/","title":{"rendered":"D. R\u00e9daction"},"content":{"rendered":"\t\t<div data-elementor-type=\"wp-page\" data-elementor-id=\"35765\" class=\"elementor elementor-35765 elementor-32605\" data-elementor-post-type=\"page\">\n\t\t\t\t<div class=\"elementor-element elementor-element-3bd952a6 e-con-full e-flex e-con e-parent\" data-id=\"3bd952a6\" data-element_type=\"container\" data-e-type=\"container\">\n\t\t\t\t<div class=\"elementor-element elementor-element-72abb4f elementor-widget elementor-widget-heading\" data-id=\"72abb4f\" data-element_type=\"widget\" data-e-type=\"widget\" data-widget_type=\"heading.default\">\n\t\t\t\t<div class=\"elementor-widget-container\">\n\t\t\t\t\t<h1 class=\"elementor-heading-title elementor-size-default\">D. R\u00e9daction<\/h1>\t\t\t\t<\/div>\n\t\t\t\t<\/div>\n\t\t\t\t<div class=\"elementor-element elementor-element-124b8848 elementor-widget elementor-widget-text-editor\" data-id=\"124b8848\" data-element_type=\"widget\" data-e-type=\"widget\" data-widget_type=\"text-editor.default\">\n\t\t\t\t<div class=\"elementor-widget-container\">\n\t\t\t\t\t\t\t\t\tL&rsquo;\u00e9criture est un processus complexe qui implique un \u00e9ventail de comp\u00e9tences et de t\u00e2ches. Les \u00e9l\u00e8ves apprennent \u00e0 exprimer et \u00e0 communiquer leurs id\u00e9es de mani\u00e8re claire et efficace. Ils et elles appliquent leur connaissance de la langue orale pour cr\u00e9er des textes dans divers m\u00e9dias, formes et genres, d\u00e9veloppant ainsi leur capacit\u00e9 \u00e0 articuler leurs pens\u00e9es et leurs id\u00e9es de mani\u00e8re efficace. Les \u00e9l\u00e8ves acqui\u00e8rent les comp\u00e9tences n\u00e9cessaires pour utiliser le processus d&rsquo;\u00e9criture afin de planifier, rechercher, r\u00e9diger, r\u00e9viser, relire, publier et partager leurs textes. Ils et elles apprennent \u00e0 tenir compte de leur objectif et de leur destinataire lorsqu&rsquo;ils et elles cr\u00e9ent un travail original, coh\u00e9rent et int\u00e9ressant, qui refl\u00e8te une pens\u00e9e critique ind\u00e9pendante, y compris sur des sujets li\u00e9s \u00e0 leurs exp\u00e9riences v\u00e9cues.\n\nEn 2<sup>e<\/sup> ann\u00e9e, si les comp\u00e9tences fondamentales que sont le principe alphab\u00e9tique, la phon\u00e9tique et l&rsquo;orthographe ont \u00e9t\u00e9 enseign\u00e9es, les \u00e9l\u00e8ves sont souvent enthousiastes \u00e0 l&rsquo;id\u00e9e d&rsquo;\u00e9crire et de partager leurs id\u00e9es sous forme \u00e9crite.\t\t\t\t\t\t\t\t<\/div>\n\t\t\t\t<\/div>\n\t\t\t\t<div class=\"elementor-element elementor-element-8b0f302 elementor-widget elementor-widget-heading\" data-id=\"8b0f302\" data-element_type=\"widget\" data-e-type=\"widget\" data-widget_type=\"heading.default\">\n\t\t\t\t<div class=\"elementor-widget-container\">\n\t\t\t\t\t<h2 class=\"elementor-heading-title elementor-size-default\">L\u2019enseignement de l\u2019\u00e9criture<\/h2>\t\t\t\t<\/div>\n\t\t\t\t<\/div>\n\t\t\t\t<div class=\"elementor-element elementor-element-2a968f7 elementor-widget elementor-widget-text-editor\" data-id=\"2a968f7\" data-element_type=\"widget\" data-e-type=\"widget\" data-widget_type=\"text-editor.default\">\n\t\t\t\t<div class=\"elementor-widget-container\">\n\t\t\t\t\t\t\t\t\t<p>Self-Regulated Strategy Development (SRSD) est une approche tr\u00e8s \u00e9tudi\u00e9e de l\u2019enseignement de l\u2019\u00e9criture par l\u2019apprentissage, l\u2019utilisation et l\u2019adoption des strat\u00e9gies utilis\u00e9es par les \u00e9crivains comp\u00e9tents. Il s\u2019agit d\u2019une approche explicite et structur\u00e9e qui fournit aux \u00e9l\u00e8ves des strat\u00e9gies et une pratique d\u00e9lib\u00e9r\u00e9e des comp\u00e9tences, tout en ajoutant l\u2019\u00e9l\u00e9ment d\u2019autor\u00e9gulation \u00e0 l\u2019enseignement des strat\u00e9gies d\u2019\u00e9criture. Elle encourage les \u00e9l\u00e8ves \u00e0 contr\u00f4ler, \u00e9valuer et r\u00e9viser leurs \u00e9crits, ce qui renforce les comp\u00e9tences d\u2019autor\u00e9gulation et d&rsquo;apprentissage autonome. Le SRSD est explicite, direct et guid\u00e9 de mani\u00e8re \u00e0 ce que les strat\u00e9gies soient int\u00e9gr\u00e9es dans le processus d\u2019apprentissage global et que les \u00e9l\u00e8ves aient la possibilit\u00e9 de s\u2019autodiriger. <\/p>\t\t\t\t\t\t\t\t<\/div>\n\t\t\t\t<\/div>\n\t\t\t\t<div class=\"elementor-element elementor-element-33fa160 elementor-widget elementor-widget-heading\" data-id=\"33fa160\" data-element_type=\"widget\" data-e-type=\"widget\" data-widget_type=\"heading.default\">\n\t\t\t\t<div class=\"elementor-widget-container\">\n\t\t\t\t\t<h4 class=\"elementor-heading-title elementor-size-default\">Liens vers des recherches<\/h4>\t\t\t\t<\/div>\n\t\t\t\t<\/div>\n\t\t\t\t<div class=\"elementor-element elementor-element-a53a551 elementor-widget elementor-widget-text-editor\" data-id=\"a53a551\" data-element_type=\"widget\" data-e-type=\"widget\" data-widget_type=\"text-editor.default\">\n\t\t\t\t<div class=\"elementor-widget-container\">\n\t\t\t\t\t\t\t\t\t<ul><li><p><a href=\"https:\/\/www.taalecole.ca\/ecriture-manuscrite\/\" target=\"_blank\" rel=\"noopener\">L\u2019\u00e9criture manuscrite \u00e0 tous les \u00e2ges<\/a>, TA \u00e0 l&rsquo;\u00e9cole<\/p><\/li><li><p><a href=\"https:\/\/onlit.org\/fr\/ressource\/strategies-pour-lecriture-manuscrite-et-ameliorer-les-habiletes-en-litteratie\/\" target=\"_blank\" rel=\"noopener\">Strat\u00e9gies pour l\u2019\u00e9criture manuscrite et am\u00e9liorer les habilet\u00e9s en litt\u00e9ratie<\/a>, TA \u00e0 l\u2019\u00e9cole<\/p><\/li><li><a href=\"https:\/\/onlit.org\/fr\/ressource\/pour-un-enseignement-efficace-de-la-lecture-et-de-lecriture\/\" target=\"_blank\" rel=\"noopener\">Pour un enseignement efficace de la lecture et de l\u2019\u00e9criture<\/a><\/li><\/ul>\t\t\t\t\t\t\t\t<\/div>\n\t\t\t\t<\/div>\n\t\t\t\t<div class=\"elementor-element elementor-element-205c49cf elementor-widget elementor-widget-heading\" data-id=\"205c49cf\" data-element_type=\"widget\" data-e-type=\"widget\" data-widget_type=\"heading.default\">\n\t\t\t\t<div class=\"elementor-widget-container\">\n\t\t\t\t\t<h4 class=\"elementor-heading-title elementor-size-default\">Ressources<\/h4>\t\t\t\t<\/div>\n\t\t\t\t<\/div>\n\t\t\t\t<div class=\"elementor-element elementor-element-6ca0fc40 elementor-widget elementor-widget-text-editor\" data-id=\"6ca0fc40\" data-element_type=\"widget\" data-e-type=\"widget\" data-widget_type=\"text-editor.default\">\n\t\t\t\t<div class=\"elementor-widget-container\">\n\t\t\t\t\t\t\t\t\t<ul><li><p><a href=\"https:\/\/onlit.org\/fr\/ressource\/revue-quotidienne-en-stylo\/\" target=\"_blank\" rel=\"noopener\">Revue quotidienne en stylo !<\/a><\/p><\/li><li><p><a href=\"https:\/\/onlit.org\/fr\/ressource\/ecrire-les-lettres-capitales-ou-les-majuscules-dimprimerie\/\" target=\"_blank\" rel=\"noopener\">\u00c9crire les lettres capitales et \u00c9crire les lettres minuscules<\/a>\u00a0<\/p><\/li><li><p><a href=\"https:\/\/onlit.org\/fr\/ressource\/affiches-pour-la-formation-des-lettres\/\" target=\"_blank\" rel=\"noopener\">Former les lettres<\/a><\/p><\/li><li><p><a href=\"https:\/\/onlit.org\/fr\/ressource\/ecrire-comme-un-pro\/\" target=\"_blank\" rel=\"noopener\">\u00c9crire comme un pro !<\/a><\/p><\/li><li><a href=\"https:\/\/onlit.org\/fr\/ressource\/lapproche-srsd-pour-ameliorer-lecriture\/\" target=\"_blank\" rel=\"noopener\">L\u2019approche SRSD pour am\u00e9liorer l\u2019\u00e9criture<\/a><\/li><li><a href=\"https:\/\/onlit.org\/fr\/ressource\/ecrire-avec-thinksrsd\/\" target=\"_blank\" rel=\"noopener\">\u00c9crire avec thinkSRSD<\/a><\/li><\/ul>\t\t\t\t\t\t\t\t<\/div>\n\t\t\t\t<\/div>\n\t\t<div class=\"elementor-element elementor-element-56869cc0 e-con-full e-flex e-con e-child\" data-id=\"56869cc0\" data-element_type=\"container\" data-e-type=\"container\">\n\t\t\t\t<div class=\"elementor-element elementor-element-364f90e2 elementor-align-left elementor-widget__width-initial elementor-mobile-align-center elementor-widget elementor-widget-button\" data-id=\"364f90e2\" data-element_type=\"widget\" data-e-type=\"widget\" data-widget_type=\"button.default\">\n\t\t\t\t<div class=\"elementor-widget-container\">\n\t\t\t\t\t\t\t\t\t<div class=\"elementor-button-wrapper\">\n\t\t\t\t\t<a class=\"elementor-button elementor-button-link elementor-size-sm\" href=\"https:\/\/onlit.org\/fr\/survol-de-la-litteratie\/2e-annee\/c3-pensee-critique-en-litteratie\/\">\n\t\t\t\t\t\t<span class=\"elementor-button-content-wrapper\">\n\t\t\t\t\t\t\t\t\t<span class=\"elementor-button-text\">&lt;&lt; Retour<\/span>\n\t\t\t\t\t<\/span>\n\t\t\t\t\t<\/a>\n\t\t\t\t<\/div>\n\t\t\t\t\t\t\t\t<\/div>\n\t\t\t\t<\/div>\n\t\t\t\t<div class=\"elementor-element elementor-element-eccfe23 elementor-align-right elementor-widget__width-initial elementor-mobile-align-center elementor-widget elementor-widget-button\" data-id=\"eccfe23\" data-element_type=\"widget\" data-e-type=\"widget\" data-widget_type=\"button.default\">\n\t\t\t\t<div class=\"elementor-widget-container\">\n\t\t\t\t\t\t\t\t\t<div class=\"elementor-button-wrapper\">\n\t\t\t\t\t<a class=\"elementor-button elementor-button-link elementor-size-sm\" href=\"https:\/\/onlit.org\/fr\/survol-de-la-litteratie\/2e-annee\/d1-developpement-didees-et-organisation-de-contenu\/\">\n\t\t\t\t\t\t<span class=\"elementor-button-content-wrapper\">\n\t\t\t\t\t\t\t\t\t<span class=\"elementor-button-text\">Suivant &gt;&gt;<\/span>\n\t\t\t\t\t<\/span>\n\t\t\t\t\t<\/a>\n\t\t\t\t<\/div>\n\t\t\t\t\t\t\t\t<\/div>\n\t\t\t\t<\/div>\n\t\t\t\t<\/div>\n\t\t\t\t<\/div>\n\t\t\t\t<\/div>\n\t\t","protected":false},"excerpt":{"rendered":"<p>D. R\u00e9daction L&rsquo;\u00e9criture est un processus complexe qui implique un \u00e9ventail de comp\u00e9tences et de t\u00e2ches. Les \u00e9l\u00e8ves apprennent \u00e0 exprimer et \u00e0 communiquer leurs id\u00e9es de mani\u00e8re claire et&#8230;<\/p>\n","protected":false},"author":32,"featured_media":38450,"parent":36106,"menu_order":0,"comment_status":"closed","ping_status":"closed","template":"","meta":{"_acf_changed":false,"_kad_post_transparent":"","_kad_post_title":"hide","_kad_post_layout":"fullwidth","_kad_post_sidebar_id":"","_kad_post_content_style":"unboxed","_kad_post_vertical_padding":"hide","_kad_post_feature":"hide","_kad_post_feature_position":"","_kad_post_header":false,"_kad_post_footer":false,"_kad_post_classname":"","footnotes":""},"content-language":[509],"class_list":["post-35765","page","type-page","status-publish","has-post-thumbnail","hentry","content-language-francais"],"acf":[],"_links":{"self":[{"href":"https:\/\/onlit.org\/fr\/wp-json\/wp\/v2\/pages\/35765","targetHints":{"allow":["GET"]}}],"collection":[{"href":"https:\/\/onlit.org\/fr\/wp-json\/wp\/v2\/pages"}],"about":[{"href":"https:\/\/onlit.org\/fr\/wp-json\/wp\/v2\/types\/page"}],"author":[{"embeddable":true,"href":"https:\/\/onlit.org\/fr\/wp-json\/wp\/v2\/users\/32"}],"replies":[{"embeddable":true,"href":"https:\/\/onlit.org\/fr\/wp-json\/wp\/v2\/comments?post=35765"}],"version-history":[{"count":11,"href":"https:\/\/onlit.org\/fr\/wp-json\/wp\/v2\/pages\/35765\/revisions"}],"predecessor-version":[{"id":39370,"href":"https:\/\/onlit.org\/fr\/wp-json\/wp\/v2\/pages\/35765\/revisions\/39370"}],"up":[{"embeddable":true,"href":"https:\/\/onlit.org\/fr\/wp-json\/wp\/v2\/pages\/36106"}],"wp:featuredmedia":[{"embeddable":true,"href":"https:\/\/onlit.org\/fr\/wp-json\/wp\/v2\/media\/38450"}],"wp:attachment":[{"href":"https:\/\/onlit.org\/fr\/wp-json\/wp\/v2\/media?parent=35765"}],"wp:term":[{"taxonomy":"content-language","embeddable":true,"href":"https:\/\/onlit.org\/fr\/wp-json\/wp\/v2\/content-language?post=35765"}],"curies":[{"name":"wp","href":"https:\/\/api.w.org\/{rel}","templated":true}]}}