{"id":35735,"date":"2025-01-02T08:09:42","date_gmt":"2025-01-02T13:09:42","guid":{"rendered":"https:\/\/onlit.org\/?page_id=35735"},"modified":"2025-08-27T14:12:52","modified_gmt":"2025-08-27T18:12:52","slug":"b2-lecture-et-orthographe-au-niveau-des-mots","status":"publish","type":"page","link":"https:\/\/onlit.org\/fr\/survol-de-la-litteratie\/2e-annee\/b2-lecture-et-orthographe-au-niveau-des-mots\/","title":{"rendered":"B2. Lecture et orthographe au niveau des mots"},"content":{"rendered":"\t\t<div data-elementor-type=\"wp-page\" data-elementor-id=\"35735\" class=\"elementor elementor-35735 elementor-32573\" data-elementor-post-type=\"page\">\n\t\t\t\t<div class=\"elementor-element elementor-element-1848100d e-con-full e-flex e-con e-parent\" data-id=\"1848100d\" data-element_type=\"container\" data-e-type=\"container\">\n\t\t\t\t<div class=\"elementor-element elementor-element-74b0ac7d elementor-widget elementor-widget-heading\" data-id=\"74b0ac7d\" data-element_type=\"widget\" data-e-type=\"widget\" data-widget_type=\"heading.default\">\n\t\t\t\t<div class=\"elementor-widget-container\">\n\t\t\t\t\t<h1 class=\"elementor-heading-title elementor-size-default\">B2. Lecture et orthographe au niveau des mots<\/h1>\t\t\t\t<\/div>\n\t\t\t\t<\/div>\n\t\t\t\t<div class=\"elementor-element elementor-element-2e302a2b elementor-widget elementor-widget-text-editor\" data-id=\"2e302a2b\" data-element_type=\"widget\" data-e-type=\"widget\" data-widget_type=\"text-editor.default\">\n\t\t\t\t<div class=\"elementor-widget-container\">\n\t\t\t\t\t\t\t\t\t<p>Le d\u00e9codage et l\u2019encodage sont des comp\u00e9tences interconnect\u00e9es qui se renforcent mutuellement. Les \u00e9l\u00e8ves utilisent les comp\u00e9tences fondamentales de la conscience phon\u00e9mique et de la connaissance du principe alphab\u00e9tique pour commencer \u00e0 d\u00e9velopper leurs comp\u00e9tences de d\u00e9codage (lecture) et d\u2019encodage (\u00e9criture). <\/p>\t\t\t\t\t\t\t\t<\/div>\n\t\t\t\t<\/div>\n\t\t\t\t<div class=\"elementor-element elementor-element-d761239 elementor-widget elementor-widget-heading\" data-id=\"d761239\" data-element_type=\"widget\" data-e-type=\"widget\" data-widget_type=\"heading.default\">\n\t\t\t\t<div class=\"elementor-widget-container\">\n\t\t\t\t\t<h2 class=\"elementor-heading-title elementor-size-default\">Lecture<\/h2>\t\t\t\t<\/div>\n\t\t\t\t<\/div>\n\t\t\t\t<div class=\"elementor-element elementor-element-e424a24 elementor-widget elementor-widget-text-editor\" data-id=\"e424a24\" data-element_type=\"widget\" data-e-type=\"widget\" data-widget_type=\"text-editor.default\">\n\t\t\t\t<div class=\"elementor-widget-container\">\n\t\t\t\t\t\t\t\t\t<p>Les lectrices et lecteurs d\u00e9butants pratiquent le fusionnement des sons pour lire et \u00e9crire les mots et commencent progressivement \u00e0 reconna\u00eetre les mots courants de mani\u00e8re automatique. Il ne s\u2019agit pas d\u2019une simple m\u00e9morisation, mais plut\u00f4t de <strong>mapping orthographique<\/strong> &#8211; le processus par lequel le cerveau relie les sons de la langue parl\u00e9e \u00e0 leurs formes \u00e9crites et au sens du mot, en stockant ces mots dans la m\u00e9moire \u00e0 long terme.<\/p><p>Quand un ou une \u00e9l\u00e8ve entend un mot, voit sa forme \u00e9crite et l&rsquo;associe au sens du mot \u00e0 plusieurs reprises, son cerveau commence \u00e0 relier les sons (phon\u00e8mes) aux formes de lettres sp\u00e9cifiques (graph\u00e8mes) qui les repr\u00e9sentent. Au fil du temps, cela permet \u00e0 l&rsquo;\u00e9l\u00e8ve de reconna\u00eetre et d&rsquo;\u00e9peler les mots rapidement et avec pr\u00e9cision sans avoir \u00e0 les prononcer \u00e0 chaque fois. Le mapping orthographique aide les enfants \u00e0 devenir des lecteurs et lectrices fluides en rendant la reconnaissance des mots automatique et sans effort. Le nombre d&rsquo;expositions pour que ce mapping orthographique se produise dans le cerveau diff\u00e8re d&rsquo;un et d\u2019une \u00e9l\u00e8ve \u00e0 l&rsquo;autre.<\/p>\t\t\t\t\t\t\t\t<\/div>\n\t\t\t\t<\/div>\n\t\t\t\t<div class=\"elementor-element elementor-element-968c077 elementor-widget elementor-widget-image\" data-id=\"968c077\" data-element_type=\"widget\" data-e-type=\"widget\" data-widget_type=\"image.default\">\n\t\t\t\t<div class=\"elementor-widget-container\">\n\t\t\t\t\t\t\t\t\t\t\t\t\t\t\t<img fetchpriority=\"high\" decoding=\"async\" width=\"960\" height=\"540\" src=\"https:\/\/onlit.org\/wp-content\/uploads\/2025\/04\/LectureEtOrthographeAuNiveauDesMots.png\" class=\"attachment-large size-large wp-image-36425\" alt=\"Son, sens, orthographe\" srcset=\"https:\/\/onlit.org\/wp-content\/uploads\/2025\/04\/LectureEtOrthographeAuNiveauDesMots.png 960w, https:\/\/onlit.org\/wp-content\/uploads\/2025\/04\/LectureEtOrthographeAuNiveauDesMots-300x169.png 300w, https:\/\/onlit.org\/wp-content\/uploads\/2025\/04\/LectureEtOrthographeAuNiveauDesMots-768x432.png 768w\" sizes=\"(max-width: 960px) 100vw, 960px\" title=\"\">\t\t\t\t\t\t\t\t\t\t\t\t\t\t\t<\/div>\n\t\t\t\t<\/div>\n\t\t\t\t<div class=\"elementor-element elementor-element-5dced43 elementor-widget elementor-widget-heading\" data-id=\"5dced43\" data-element_type=\"widget\" data-e-type=\"widget\" data-widget_type=\"heading.default\">\n\t\t\t\t<div class=\"elementor-widget-container\">\n\t\t\t\t\t<h2 class=\"elementor-heading-title elementor-size-default\">Orthographe<\/h2>\t\t\t\t<\/div>\n\t\t\t\t<\/div>\n\t\t\t\t<div class=\"elementor-element elementor-element-4541028 elementor-widget elementor-widget-text-editor\" data-id=\"4541028\" data-element_type=\"widget\" data-e-type=\"widget\" data-widget_type=\"text-editor.default\">\n\t\t\t\t<div class=\"elementor-widget-container\">\n\t\t\t\t\t\t\t\t\t<p>L&rsquo;orthographe fran\u00e7aise est complexe et repose sur diff\u00e9rents \u00e9l\u00e9ments de notre langue. Le fran\u00e7ais est une langue \u00ab morphophon\u00e9mique \u00bb, ce qui signifie que les mots sont orthographi\u00e9s non seulement en fonction de leur sonorit\u00e9, mais aussi en fonction de leur signification. Pour bien orthographier, les \u00e9l\u00e8ves doivent ma\u00eetriser plusieurs aspects de la langue et les int\u00e9grer.\u00a0<\/p><ul><li>La <strong>phon\u00e9tique<\/strong> est la base, o\u00f9 les \u00e9l\u00e8ves apprennent la relation entre les sons et les lettres, par exemple la lettre &lt;p&gt; \u00e9crit le son \/p\/.<\/li><li>Notre syst\u00e8me d\u2019\u00e9criture contient des r\u00e9gularit\u00e9s orthographiques contextuelles. Par exemple, nous enseignons que le phon\u00e8me \/g\/ devant &lt;e&gt;, &lt;i&gt; ou &lt;y&gt; s\u2019\u00e9crit toujours &lt;gu&gt; comme dans le mot guimauve.<\/li><li>Les \u00e9l\u00e8ves doivent \u00e9galement tenir compte des morph\u00e8mes pour orthographier les mots correctement. Les morph\u00e8mes sont des unit\u00e9s de sens, comme les bases, les pr\u00e9fixes et les suffixes.\u00a0<\/li><\/ul><p>L\u2019int\u00e9gration de ces domaines aide les \u00e9l\u00e8ves \u00e0 comprendre comment les mots sont orthographi\u00e9s, pourquoi ils sont orthographi\u00e9s de cette fa\u00e7on et comment leur prononciation et leur sens peuvent changer en fonction de leur orthographe.\u00a0<\/p><p>Le fran\u00e7ais a souvent la r\u00e9putation d&rsquo;\u00eatre tr\u00e8s difficile en raison de son orthographe complexe et de ses nombreuses exceptions. Cette r\u00e9putation n&rsquo;est pas justifi\u00e9e &#8211; le fran\u00e7ais a une structure pr\u00e9visible, mais il faut comprendre la structure des sons, des graphies et des morph\u00e8mes pour pouvoir l&rsquo;orthographier. M\u00eame les mots irr\u00e9guliers suivent des sch\u00e9mas et des r\u00e8gles sp\u00e9cifiques permettant de les orthographier correctement. Nous pouvons enseigner aux \u00e9l\u00e8ves \u00e0 analyser soigneusement ces mots au lieu de les m\u00e9moriser comme des unit\u00e9s enti\u00e8res.<\/p>\t\t\t\t\t\t\t\t<\/div>\n\t\t\t\t<\/div>\n\t\t\t\t<div class=\"elementor-element elementor-element-b8d6d84 elementor-widget elementor-widget-heading\" data-id=\"b8d6d84\" data-element_type=\"widget\" data-e-type=\"widget\" data-widget_type=\"heading.default\">\n\t\t\t\t<div class=\"elementor-widget-container\">\n\t\t\t\t\t<h2 class=\"elementor-heading-title elementor-size-default\">\u00c9valuation de la lecture au niveau des mots\n<\/h2>\t\t\t\t<\/div>\n\t\t\t\t<\/div>\n\t\t\t\t<div class=\"elementor-element elementor-element-bd95384 elementor-widget elementor-widget-text-editor\" data-id=\"bd95384\" data-element_type=\"widget\" data-e-type=\"widget\" data-widget_type=\"text-editor.default\">\n\t\t\t\t<div class=\"elementor-widget-container\">\n\t\t\t\t\t\t\t\t\t<p>L&rsquo;\u00e9valuation de la lecture et de l&rsquo;orthographe d&rsquo;un ou d\u2019une \u00e9l\u00e8ve au niveau des mots fait appel \u00e0 plusieurs approches. Le d\u00e9pistage universel peut aider \u00e0 d\u00e9terminer la capacit\u00e9 d&rsquo;un ou d\u2019une \u00e9l\u00e8ve \u00e0 appliquer ses comp\u00e9tences phon\u00e9tiques \u00e0 des non-mots, \u00e0 v\u00e9rifier la reconnaissance automatique des mots fr\u00e9quents et \u00e0 d\u00e9terminer la fluidit\u00e9 de la lecture orale au moyen de textes chronom\u00e9tr\u00e9s. Les \u00e9valuations diagnostiques, les observations en classe et l&rsquo;\u00e9coute de la lecture d&rsquo;un ou d\u2019une \u00e9l\u00e8ve peuvent \u00e9galement fournir des informations importantes sur la capacit\u00e9 de l&rsquo;\u00e9l\u00e8ve \u00e0 lire des mots.<\/p><p>Pour l&rsquo;orthographe, l&rsquo;analyse des \u00e9crits quotidiens des \u00e9l\u00e8ves peut fournir des informations utiles sur leurs comp\u00e9tences phon\u00e9tiques, leurs connaissances orthographiques et leur conscience morphologique. Les dict\u00e9es orthographiques qui se concentrent sur les codes\/concepts explicitement enseign\u00e9s (et non sur une liste \u00e0 m\u00e9moriser \u00e0 la maison) ainsi que les inventaires orthographiques sont indicateurs des comp\u00e9tences que l&rsquo;\u00e9l\u00e8ve a consolid\u00e9es et celles qui ne le sont pas encore.<\/p><p>En utilisant ces m\u00e9thodes et en observant les performances, vous pouvez obtenir des informations sur les points forts des \u00e9l\u00e8ves et les comp\u00e9tences \u00e0 d\u00e9velopper, ce qui vous permet de cibler l&rsquo;enseignement et le soutien.<\/p>\t\t\t\t\t\t\t\t<\/div>\n\t\t\t\t<\/div>\n\t\t<div class=\"elementor-element elementor-element-5d6af489 e-con-full e-flex e-con e-child\" data-id=\"5d6af489\" data-element_type=\"container\" data-e-type=\"container\">\n\t\t\t\t<div class=\"elementor-element elementor-element-5c8ab656 elementor-align-left elementor-widget__width-initial elementor-mobile-align-center elementor-widget elementor-widget-button\" data-id=\"5c8ab656\" data-element_type=\"widget\" data-e-type=\"widget\" data-widget_type=\"button.default\">\n\t\t\t\t<div class=\"elementor-widget-container\">\n\t\t\t\t\t\t\t\t\t<div class=\"elementor-button-wrapper\">\n\t\t\t\t\t<a class=\"elementor-button elementor-button-link elementor-size-sm\" href=\"https:\/\/onlit.org\/fr\/survol-de-la-litteratie\/2e-annee\/b2-connaissance-des-lettres\/\">\n\t\t\t\t\t\t<span class=\"elementor-button-content-wrapper\">\n\t\t\t\t\t\t\t\t\t<span class=\"elementor-button-text\">&lt;&lt; Retour<\/span>\n\t\t\t\t\t<\/span>\n\t\t\t\t\t<\/a>\n\t\t\t\t<\/div>\n\t\t\t\t\t\t\t\t<\/div>\n\t\t\t\t<\/div>\n\t\t\t\t<div class=\"elementor-element elementor-element-d50eea7 elementor-align-right elementor-widget__width-initial elementor-mobile-align-center elementor-widget elementor-widget-button\" data-id=\"d50eea7\" data-element_type=\"widget\" data-e-type=\"widget\" data-widget_type=\"button.default\">\n\t\t\t\t<div class=\"elementor-widget-container\">\n\t\t\t\t\t\t\t\t\t<div class=\"elementor-button-wrapper\">\n\t\t\t\t\t<a class=\"elementor-button elementor-button-link elementor-size-sm\" href=\"https:\/\/onlit.org\/fr\/survol-de-la-litteratie\/2e-annee\/b2-1-mise-en-application-de-ses-connaissances-des-correspondances-graphemes-phonemes\/\">\n\t\t\t\t\t\t<span class=\"elementor-button-content-wrapper\">\n\t\t\t\t\t\t\t\t\t<span class=\"elementor-button-text\">Suivant &gt;&gt;<\/span>\n\t\t\t\t\t<\/span>\n\t\t\t\t\t<\/a>\n\t\t\t\t<\/div>\n\t\t\t\t\t\t\t\t<\/div>\n\t\t\t\t<\/div>\n\t\t\t\t<\/div>\n\t\t\t\t<\/div>\n\t\t\t\t<\/div>\n\t\t","protected":false},"excerpt":{"rendered":"<p>B2. Lecture et orthographe au niveau des mots Le d\u00e9codage et l\u2019encodage sont des comp\u00e9tences interconnect\u00e9es qui se renforcent mutuellement. Les \u00e9l\u00e8ves utilisent les comp\u00e9tences fondamentales de la conscience phon\u00e9mique&#8230;<\/p>\n","protected":false},"author":32,"featured_media":38450,"parent":36106,"menu_order":0,"comment_status":"closed","ping_status":"closed","template":"","meta":{"_acf_changed":false,"_kad_post_transparent":"","_kad_post_title":"hide","_kad_post_layout":"fullwidth","_kad_post_sidebar_id":"","_kad_post_content_style":"unboxed","_kad_post_vertical_padding":"hide","_kad_post_feature":"hide","_kad_post_feature_position":"","_kad_post_header":false,"_kad_post_footer":false,"_kad_post_classname":"","footnotes":""},"content-language":[509],"class_list":["post-35735","page","type-page","status-publish","has-post-thumbnail","hentry","content-language-francais"],"acf":[],"_links":{"self":[{"href":"https:\/\/onlit.org\/fr\/wp-json\/wp\/v2\/pages\/35735","targetHints":{"allow":["GET"]}}],"collection":[{"href":"https:\/\/onlit.org\/fr\/wp-json\/wp\/v2\/pages"}],"about":[{"href":"https:\/\/onlit.org\/fr\/wp-json\/wp\/v2\/types\/page"}],"author":[{"embeddable":true,"href":"https:\/\/onlit.org\/fr\/wp-json\/wp\/v2\/users\/32"}],"replies":[{"embeddable":true,"href":"https:\/\/onlit.org\/fr\/wp-json\/wp\/v2\/comments?post=35735"}],"version-history":[{"count":12,"href":"https:\/\/onlit.org\/fr\/wp-json\/wp\/v2\/pages\/35735\/revisions"}],"predecessor-version":[{"id":36429,"href":"https:\/\/onlit.org\/fr\/wp-json\/wp\/v2\/pages\/35735\/revisions\/36429"}],"up":[{"embeddable":true,"href":"https:\/\/onlit.org\/fr\/wp-json\/wp\/v2\/pages\/36106"}],"wp:featuredmedia":[{"embeddable":true,"href":"https:\/\/onlit.org\/fr\/wp-json\/wp\/v2\/media\/38450"}],"wp:attachment":[{"href":"https:\/\/onlit.org\/fr\/wp-json\/wp\/v2\/media?parent=35735"}],"wp:term":[{"taxonomy":"content-language","embeddable":true,"href":"https:\/\/onlit.org\/fr\/wp-json\/wp\/v2\/content-language?post=35735"}],"curies":[{"name":"wp","href":"https:\/\/api.w.org\/{rel}","templated":true}]}}