{"id":35723,"date":"2024-12-26T07:50:14","date_gmt":"2024-12-26T12:50:14","guid":{"rendered":"https:\/\/onlit.org\/?page_id=35723"},"modified":"2025-08-27T14:22:10","modified_gmt":"2025-08-27T18:22:10","slug":"introduction-a-2e-annee","status":"publish","type":"page","link":"https:\/\/onlit.org\/fr\/survol-de-la-litteratie\/2e-annee\/introduction-a-2e-annee\/","title":{"rendered":"Introduction \u00e0 2e ann\u00e9e"},"content":{"rendered":"\t\t<div data-elementor-type=\"wp-page\" data-elementor-id=\"35723\" class=\"elementor elementor-35723 elementor-32301\" data-elementor-post-type=\"page\">\n\t\t\t\t<div class=\"elementor-element elementor-element-3a58324b e-con-full e-flex e-con e-parent\" data-id=\"3a58324b\" data-element_type=\"container\" data-e-type=\"container\">\n\t\t\t\t<div class=\"elementor-element elementor-element-3a5077e5 elementor-widget elementor-widget-heading\" data-id=\"3a5077e5\" data-element_type=\"widget\" data-e-type=\"widget\" data-widget_type=\"heading.default\">\n\t\t\t\t<div class=\"elementor-widget-container\">\n\t\t\t\t\t<h1 class=\"elementor-heading-title elementor-size-default\">Introduction \u00e0 la 2<sup>e<\/sup> ann\u00e9e<\/h1>\t\t\t\t<\/div>\n\t\t\t\t<\/div>\n\t\t\t\t<div class=\"elementor-element elementor-element-241c25f5 elementor-widget elementor-widget-text-editor\" data-id=\"241c25f5\" data-element_type=\"widget\" data-e-type=\"widget\" data-widget_type=\"text-editor.default\">\n\t\t\t\t<div class=\"elementor-widget-container\">\n\t\t\t\t\t\t\t\t\t<p>La deuxi\u00e8me ann\u00e9e est une ann\u00e9e magique dans le d\u00e9veloppement de nos \u00e9l\u00e8ves, au cours de laquelle les comp\u00e9tences fondamentales de la lecture et de l&rsquo;\u00e9criture commencent \u00e0 s&rsquo;\u00e9panouir. C&rsquo;est une p\u00e9riode de croissance et d&rsquo;enthousiasme consid\u00e9rables, car les \u00e9l\u00e8ves continuent \u00e0 d\u00e9velopper leurs capacit\u00e9s \u00e0 d\u00e9coder les mots, \u00e0 comprendre des textes narratifs et informatifs, et \u00e0 exprimer leur apprentissage et leurs id\u00e9es par \u00e9crit. Les comp\u00e9tences que les \u00e9l\u00e8ves acqui\u00e8rent au cours de cette ann\u00e9e leur permettront d&rsquo;apprendre tout au long de leur vie et leur ouvriront les portes de possibilit\u00e9s infinies.<\/p><p>L\u2019objectif de ce guide est de fournir une vue d\u2019ensemble des attentes du programme-cadre de la deuxi\u00e8me ann\u00e9e, de mettre en \u00e9vidence certaines ressources utiles et de fournir des suggestions de strat\u00e9gies d&rsquo;enseignement conviviales fond\u00e9es sur les donn\u00e9es probantes que les membres de l&rsquo;\u00e9quipe d\u2019ONlit ont trouv\u00e9es utiles dans leurs propres salles de classe. Il se peut que votre conseil scolaire ait d&rsquo;autres suggestions \u00e0 vous donner. Comme toujours, faites appel \u00e0 votre jugement professionnel pour planifier et dispenser d\u2019un enseignement qui r\u00e9pond aux besoins de vos \u00e9l\u00e8ves, et sachez que l&rsquo;\u00e9quipe d\u2019appui chez ONlit est l\u00e0 pour vous soutenir \u00e0 chaque \u00e9tape de votre cheminement.<\/p><p><a href=\"https:\/\/onlit.org\/fr\/contacter-lequipe-de-soutien-au-curriculum\/\" target=\"_blank\" rel=\"noopener\">Utilisez ce formulaire<\/a> pour nous envoyer vos questions et l&rsquo;un des membres de notre \u00e9quipe vous r\u00e9pondra en vous proposant des suggestions et un soutien personnalis\u00e9.<\/p><p>N&rsquo;oubliez pas qu&rsquo;en guidant vos \u00e9l\u00e8ves tout au long de cette ann\u00e9e de transformation, chaque le\u00e7on, chaque livre et chaque activit\u00e9 d&rsquo;\u00e9criture est un pas vers l&rsquo;acquisition des comp\u00e9tences essentielles \u00e0 leur r\u00e9ussite. Pr\u00e9parez-vous \u00e0 une ann\u00e9e pleine d&rsquo;\u00e9merveillement, de croissance et de joie de r\u00e9ussir !<\/p>\t\t\t\t\t\t\t\t<\/div>\n\t\t\t\t<\/div>\n\t\t<div class=\"elementor-element elementor-element-6d49cabe e-con-full e-flex e-con e-child\" data-id=\"6d49cabe\" data-element_type=\"container\" data-e-type=\"container\">\n\t\t\t\t<div class=\"elementor-element elementor-element-21eff4fd elementor-align-left elementor-widget__width-initial elementor-mobile-align-center elementor-hidden-desktop elementor-hidden-tablet elementor-hidden-mobile elementor-widget elementor-widget-button\" data-id=\"21eff4fd\" data-element_type=\"widget\" data-e-type=\"widget\" data-widget_type=\"button.default\">\n\t\t\t\t<div class=\"elementor-widget-container\">\n\t\t\t\t\t\t\t\t\t<div class=\"elementor-button-wrapper\">\n\t\t\t\t\t<a class=\"elementor-button elementor-button-link elementor-size-sm\" href=\"#\">\n\t\t\t\t\t\t<span class=\"elementor-button-content-wrapper\">\n\t\t\t\t\t\t\t\t\t<span class=\"elementor-button-text\">&lt;&lt; Retour<\/span>\n\t\t\t\t\t<\/span>\n\t\t\t\t\t<\/a>\n\t\t\t\t<\/div>\n\t\t\t\t\t\t\t\t<\/div>\n\t\t\t\t<\/div>\n\t\t\t\t<div class=\"elementor-element elementor-element-60ca5f5d elementor-align-right elementor-widget__width-initial elementor-mobile-align-center elementor-widget elementor-widget-button\" data-id=\"60ca5f5d\" data-element_type=\"widget\" data-e-type=\"widget\" data-widget_type=\"button.default\">\n\t\t\t\t<div class=\"elementor-widget-container\">\n\t\t\t\t\t\t\t\t\t<div class=\"elementor-button-wrapper\">\n\t\t\t\t\t<a class=\"elementor-button elementor-button-link elementor-size-sm\" href=\"https:\/\/onlit.org\/fr\/survol-de-la-litteratie\/2e-annee\/apercu-du-programme-cadre\/\">\n\t\t\t\t\t\t<span class=\"elementor-button-content-wrapper\">\n\t\t\t\t\t\t\t\t\t<span class=\"elementor-button-text\">Suivant &gt;&gt;<\/span>\n\t\t\t\t\t<\/span>\n\t\t\t\t\t<\/a>\n\t\t\t\t<\/div>\n\t\t\t\t\t\t\t\t<\/div>\n\t\t\t\t<\/div>\n\t\t\t\t<\/div>\n\t\t\t\t<\/div>\n\t\t\t\t<\/div>\n\t\t","protected":false},"excerpt":{"rendered":"<p>Introduction \u00e0 la 2e ann\u00e9e La deuxi\u00e8me ann\u00e9e est une ann\u00e9e magique dans le d\u00e9veloppement de nos \u00e9l\u00e8ves, au cours de laquelle les comp\u00e9tences fondamentales de la lecture et de&#8230;<\/p>\n","protected":false},"author":32,"featured_media":38450,"parent":36106,"menu_order":0,"comment_status":"closed","ping_status":"closed","template":"","meta":{"_acf_changed":false,"_kad_post_transparent":"","_kad_post_title":"hide","_kad_post_layout":"fullwidth","_kad_post_sidebar_id":"","_kad_post_content_style":"unboxed","_kad_post_vertical_padding":"hide","_kad_post_feature":"hide","_kad_post_feature_position":"","_kad_post_header":false,"_kad_post_footer":false,"_kad_post_classname":"","footnotes":""},"content-language":[509],"class_list":["post-35723","page","type-page","status-publish","has-post-thumbnail","hentry","content-language-francais"],"acf":[],"_links":{"self":[{"href":"https:\/\/onlit.org\/fr\/wp-json\/wp\/v2\/pages\/35723","targetHints":{"allow":["GET"]}}],"collection":[{"href":"https:\/\/onlit.org\/fr\/wp-json\/wp\/v2\/pages"}],"about":[{"href":"https:\/\/onlit.org\/fr\/wp-json\/wp\/v2\/types\/page"}],"author":[{"embeddable":true,"href":"https:\/\/onlit.org\/fr\/wp-json\/wp\/v2\/users\/32"}],"replies":[{"embeddable":true,"href":"https:\/\/onlit.org\/fr\/wp-json\/wp\/v2\/comments?post=35723"}],"version-history":[{"count":62,"href":"https:\/\/onlit.org\/fr\/wp-json\/wp\/v2\/pages\/35723\/revisions"}],"predecessor-version":[{"id":39215,"href":"https:\/\/onlit.org\/fr\/wp-json\/wp\/v2\/pages\/35723\/revisions\/39215"}],"up":[{"embeddable":true,"href":"https:\/\/onlit.org\/fr\/wp-json\/wp\/v2\/pages\/36106"}],"wp:featuredmedia":[{"embeddable":true,"href":"https:\/\/onlit.org\/fr\/wp-json\/wp\/v2\/media\/38450"}],"wp:attachment":[{"href":"https:\/\/onlit.org\/fr\/wp-json\/wp\/v2\/media?parent=35723"}],"wp:term":[{"taxonomy":"content-language","embeddable":true,"href":"https:\/\/onlit.org\/fr\/wp-json\/wp\/v2\/content-language?post=35723"}],"curies":[{"name":"wp","href":"https:\/\/api.w.org\/{rel}","templated":true}]}}