{"id":27237,"date":"2023-12-06T23:58:55","date_gmt":"2023-12-07T04:58:55","guid":{"rendered":"https:\/\/onlit.org\/ld-profile\/details-du-compte\/"},"modified":"2025-05-16T10:00:01","modified_gmt":"2025-05-16T14:00:01","slug":"details-du-compte","status":"publish","type":"page","link":"https:\/\/onlit.org\/fr\/ld-profile\/details-du-compte\/","title":{"rendered":"Modifier le compte"},"content":{"rendered":"\t\t<div data-elementor-type=\"wp-page\" data-elementor-id=\"27237\" class=\"elementor elementor-27237 elementor-22228\" data-elementor-post-type=\"page\">\n\t\t\t\t\t\t<section class=\"elementor-section elementor-top-section elementor-element elementor-element-1f3c6aa4 elementor-section-boxed elementor-section-height-default elementor-section-height-default\" data-id=\"1f3c6aa4\" data-element_type=\"section\" data-e-type=\"section\" data-settings=\"{&quot;background_background&quot;:&quot;classic&quot;}\">\n\t\t\t\t\t\t<div class=\"elementor-container elementor-column-gap-default\">\n\t\t\t\t\t<div class=\"elementor-column elementor-col-100 elementor-top-column elementor-element elementor-element-60700973\" data-id=\"60700973\" data-element_type=\"column\" data-e-type=\"column\">\n\t\t\t<div class=\"elementor-widget-wrap elementor-element-populated\">\n\t\t\t\t\t\t<div class=\"elementor-element elementor-element-32c74cc8 elementor-widget elementor-widget-ws-form\" data-id=\"32c74cc8\" data-element_type=\"widget\" data-e-type=\"widget\" data-widget_type=\"ws-form.default\">\n\t\t\t\t<div class=\"elementor-widget-container\">\n\t\t\t\t\t<form action=\"https:\/\/onlit.org\/fr\/wp-json\/ws-form\/v1\/submit\" class=\"wsf-form wsf-form-canvas\" id=\"ws-form-1\" data-id=\"1\" method=\"POST\" data-instance-id=\"1\" data-wsf-style-id=\"1\"><\/form>\t\t\t\t<\/div>\n\t\t\t\t<\/div>\n\t\t\t\t\t<\/div>\n\t\t<\/div>\n\t\t\t\t\t<\/div>\n\t\t<\/section>\n\t\t<div class=\"elementor-element elementor-element-ea17291 e-flex e-con-boxed e-con e-parent\" data-id=\"ea17291\" data-element_type=\"container\" data-e-type=\"container\" data-settings=\"{&quot;background_background&quot;:&quot;classic&quot;}\">\n\t\t\t\t\t<div class=\"e-con-inner\">\n\t\t<div class=\"elementor-element elementor-element-1517335 e-con-full e-flex e-con e-child\" data-id=\"1517335\" data-element_type=\"container\" data-e-type=\"container\" data-settings=\"{&quot;background_background&quot;:&quot;classic&quot;}\">\n\t\t\t\t<div class=\"elementor-element elementor-element-1a3a800 elementor-widget elementor-widget-heading\" data-id=\"1a3a800\" data-element_type=\"widget\" data-e-type=\"widget\" data-widget_type=\"heading.default\">\n\t\t\t\t<div class=\"elementor-widget-container\">\n\t\t\t\t\t<h2 class=\"elementor-heading-title elementor-size-default\">Mise \u00e0 jour des pr\u00e9f\u00e9rences de la liste de diffusion<\/h2>\t\t\t\t<\/div>\n\t\t\t\t<\/div>\n\t\t\t\t<div class=\"elementor-element elementor-element-9eb0760 elementor-widget__width-initial elementor-widget elementor-widget-text-editor\" data-id=\"9eb0760\" data-element_type=\"widget\" data-e-type=\"widget\" data-widget_type=\"text-editor.default\">\n\t\t\t\t<div class=\"elementor-widget-container\">\n\t\t\t\t\t\t\t\t\t<p>ONlit utilise MailChimp pour envoyer des courriels de confirmation et de rappel des \u00e9v\u00e9nements, ainsi que des courriels p\u00e9riodiques int\u00e9ressant les \u00e9ducateurs.&nbsp;<\/p>\n<p>Pour modifier vos pr\u00e9f\u00e9rences, votre courriel ou d&rsquo;autres informations dans Mailchimp, utilisez le formulaire ci-dessous.<\/p>\t\t\t\t\t\t\t\t<\/div>\n\t\t\t\t<\/div>\n\t\t\t\t<div class=\"elementor-element elementor-element-c6f6483 elementor-widget elementor-widget-html\" data-id=\"c6f6483\" data-element_type=\"widget\" data-e-type=\"widget\" data-widget_type=\"html.default\">\n\t\t\t\t<div class=\"elementor-widget-container\">\n\t\t\t\t\t<div id=\"mc_embed_shell\">\n      <link href=\"\/\/cdn-images.mailchimp.com\/embedcode\/classic-061523.css\" rel=\"stylesheet\" type=\"text\/css\">\n  <style type=\"text\/css\">\n        #mc_embed_signup{background:#fff; false;clear:left; font:12px Helvetica,Arial,sans-serif; }\n        \/* Add your own Mailchimp form style overrides in your site stylesheet or in this style block.\n           We recommend moving this block and the preceding CSS link to the HEAD of your HTML file. *\/\n<\/style>\n<div id=\"mc_embed_signup\">\n    <form action=\"https:\/\/onlit.us21.list-manage.com\/subscribe\/post?u=cdefe69a82d430ae1f190905a&amp;id=854c85d78f&amp;f_id=0084fee6f0\" method=\"post\" id=\"mc-embedded-subscribe-form\" name=\"mc-embedded-subscribe-form\" class=\"validate\" target=\"_blank\">\n        <div id=\"mc_embed_signup_scroll\"><h2>S'abonner<\/h2>\n            <div class=\"indicates-required\"><span class=\"asterisk\">*<\/span> indique qu'il est n\u00e9cessaire<\/div>\n            <div class=\"mc-field-group\"><label for=\"mce-EMAIL\">Courriel<span class=\"asterisk\">*<\/span><\/label><input type=\"email\" name=\"EMAIL\" class=\"required email\" id=\"mce-EMAIL\" required=\"\" value=\"\"><\/div><div class=\"mc-field-group\"><label for=\"mce-FNAME\">Pr\u00e9nom <\/label><input type=\"text\" name=\"FNAME\" class=\" text\" id=\"mce-FNAME\" value=\"\"><\/div><div class=\"mc-field-group\"><label for=\"mce-LNAME\">Nom de famille <\/label><input type=\"text\" name=\"LNAME\" class=\" text\" id=\"mce-LNAME\" value=\"\"><\/div><div class=\"mc-field-group input-group\"><strong>Langue(s) du programme-cadre <span class=\"asterisk\">*<\/span><\/strong><ul><li><input type=\"radio\" name=\"MMERGE6\" id=\"mce-MMERGE60\" value=\"English\"><label for=\"mce-MMERGE60\">English<\/label><\/li><li><input type=\"radio\" name=\"MMERGE6\" id=\"mce-MMERGE61\" value=\"Fran\u00e7ais\"><label for=\"mce-MMERGE61\">Fran\u00e7ais<\/label><\/li><li><input type=\"radio\" name=\"MMERGE6\" id=\"mce-MMERGE62\" value=\"English &amp; Fran\u00e7ais\"><label for=\"mce-MMERGE62\">English &amp; Fran\u00e7ais<\/label><\/li><\/ul><span id=\"mce-MMERGE6-HELPERTEXT\" class=\"helper_text\">La ou les langues des ressources qui vous int\u00e9ressent.<\/span><\/div><div class=\"mc-field-group\"><label for=\"mce-MMERGE3\">R\u00f4le <span class=\"asterisk\">*<\/span><\/label><select name=\"MMERGE3\" class=\"required\" id=\"mce-MMERGE3\"><option value=\"\"><\/option><option value=\"Primary teacher\">Primary teacher<\/option><option value=\"Junior teacher\">Junior teacher<\/option><option value=\"Intermediate teacher\">Intermediate teacher<\/option><option value=\"Senior teacher\">Senior teacher<\/option><option value=\"Early Childhood Educator\">Early Childhood Educator<\/option><option value=\"Educational Assistant\">Educational Assistant<\/option><option value=\"Principal or Vice-Principal\">Principal or Vice-Principal<\/option><option value=\"Board level literacy consultant\">Board level literacy consultant<\/option><option value=\"Superintendent\">Superintendent<\/option><option value=\"Speech Language Pathologist\">Speech Language Pathologist<\/option><option value=\"Other\">Other<\/option><option value=\"Enseignant(e) de cycle primaire\">Enseignant(e) de cycle primaire<\/option><option value=\"Enseignant(e) de cycle moyen\">Enseignant(e) de cycle moyen<\/option><option value=\"Enseignant(e) de cycle interm\u00e9diaire\">Enseignant(e) de cycle interm\u00e9diaire<\/option><option value=\"Enseignant(e) de cycle sup\u00e9rieur\">Enseignant(e) de cycle sup\u00e9rieur<\/option><option value=\"\u00c9ducateur ou \u00e9ducatrice de la petite enfance\">\u00c9ducateur ou \u00e9ducatrice de la petite enfance<\/option><option value=\"Directeur\/directrice ou directeur\/directrice adjoint(e)\">Directeur\/directrice ou directeur\/directrice adjoint(e)<\/option><option value=\"Consultant(e) au niveau du conseil\">Consultant(e) au niveau du conseil<\/option><option value=\"Surintendant(e)\">Surintendant(e)<\/option><option value=\"Orthophoniste\">Orthophoniste<\/option><option value=\"Aide enseignant(e)\">Aide enseignant(e)<\/option><option value=\"Autres\">Autres<\/option><\/select><span id=\"mce-MMERGE3-HELPERTEXT\" class=\"helper_text\">Choisissez l'option qui d\u00e9crit le mieux votre fonction actuelle.<\/span><\/div>\n        <div id=\"mce-responses\" class=\"clear\">\n            <div class=\"response\" id=\"mce-error-response\" style=\"display: none;\"><\/div>\n            <div class=\"response\" id=\"mce-success-response\" style=\"display: none;\"><\/div>\n        <\/div><div aria-hidden=\"true\" style=\"position: absolute; left: -5000px;\"><input type=\"text\" name=\"b_cdefe69a82d430ae1f190905a_854c85d78f\" tabindex=\"-1\" value=\"\"><\/div><div class=\"clear\"><input type=\"submit\" name=\"subscribe\" id=\"mc-embedded-subscribe\" class=\"button\" value=\"S'abonner\"><\/div>\n    <\/div>\n<\/form>\n<\/div>\n<script type=\"text\/javascript\" src=\"\/\/s3.amazonaws.com\/downloads.mailchimp.com\/js\/mc-validate.js\"><\/script><script type=\"text\/javascript\">(function($) {window.fnames = new Array(); window.ftypes = new Array();fnames[0]='EMAIL';ftypes[0]='email';fnames[1]='FNAME';ftypes[1]='text';fnames[2]='LNAME';ftypes[2]='text';fnames[6]='MMERGE6';ftypes[6]='radio';fnames[3]='MMERGE3';ftypes[3]='dropdown';}(jQuery));var $mcj = jQuery.noConflict(true);<\/script><\/div>\n\t\t\t\t<\/div>\n\t\t\t\t<\/div>\n\t\t\t\t<\/div>\n\t\t\t\t\t<\/div>\n\t\t\t\t<\/div>\n\t\t\t\t<\/div>\n\t\t","protected":false},"excerpt":{"rendered":"<p>Mise \u00e0 jour des pr\u00e9f\u00e9rences de la liste de diffusion ONlit utilise MailChimp pour envoyer des courriels de confirmation et de rappel des \u00e9v\u00e9nements, ainsi que des courriels p\u00e9riodiques int\u00e9ressant&#8230;<\/p>\n","protected":false},"author":3759,"featured_media":0,"parent":27231,"menu_order":0,"comment_status":"closed","ping_status":"closed","template":"elementor_header_footer","meta":{"_acf_changed":false,"_kad_post_transparent":"","_kad_post_title":"","_kad_post_layout":"","_kad_post_sidebar_id":"","_kad_post_content_style":"","_kad_post_vertical_padding":"","_kad_post_feature":"","_kad_post_feature_position":"","_kad_post_header":false,"_kad_post_footer":false,"_kad_post_classname":"","footnotes":""},"content-language":[509],"class_list":["post-27237","page","type-page","status-publish","hentry","content-language-francais"],"acf":[],"_links":{"self":[{"href":"https:\/\/onlit.org\/fr\/wp-json\/wp\/v2\/pages\/27237","targetHints":{"allow":["GET"]}}],"collection":[{"href":"https:\/\/onlit.org\/fr\/wp-json\/wp\/v2\/pages"}],"about":[{"href":"https:\/\/onlit.org\/fr\/wp-json\/wp\/v2\/types\/page"}],"author":[{"embeddable":true,"href":"https:\/\/onlit.org\/fr\/wp-json\/wp\/v2\/users\/3759"}],"replies":[{"embeddable":true,"href":"https:\/\/onlit.org\/fr\/wp-json\/wp\/v2\/comments?post=27237"}],"version-history":[{"count":14,"href":"https:\/\/onlit.org\/fr\/wp-json\/wp\/v2\/pages\/27237\/revisions"}],"predecessor-version":[{"id":33056,"href":"https:\/\/onlit.org\/fr\/wp-json\/wp\/v2\/pages\/27237\/revisions\/33056"}],"up":[{"embeddable":true,"href":"https:\/\/onlit.org\/fr\/wp-json\/wp\/v2\/pages\/27231"}],"wp:attachment":[{"href":"https:\/\/onlit.org\/fr\/wp-json\/wp\/v2\/media?parent=27237"}],"wp:term":[{"taxonomy":"content-language","embeddable":true,"href":"https:\/\/onlit.org\/fr\/wp-json\/wp\/v2\/content-language?post=27237"}],"curies":[{"name":"wp","href":"https:\/\/api.w.org\/{rel}","templated":true}]}}