{"id":19924,"date":"2023-08-30T19:14:37","date_gmt":"2023-08-30T23:14:37","guid":{"rendered":"https:\/\/onlit.org\/bibliotheque-de-ressources\/"},"modified":"2026-02-24T14:39:02","modified_gmt":"2026-02-24T19:39:02","slug":"bibliotheque-de-ressources","status":"publish","type":"page","link":"https:\/\/onlit.org\/fr\/bibliotheque-de-ressources\/","title":{"rendered":"Biblioth\u00e8que de ressources"},"content":{"rendered":"\t\t<div data-elementor-type=\"wp-page\" data-elementor-id=\"19924\" class=\"elementor elementor-19924 elementor-19897\" data-elementor-post-type=\"page\">\n\t\t\t\t\t\t<section class=\"elementor-section elementor-top-section elementor-element elementor-element-7a6e1e3c elementor-section-boxed elementor-section-height-default elementor-section-height-default\" data-id=\"7a6e1e3c\" data-element_type=\"section\" data-e-type=\"section\" data-settings=\"{&quot;background_background&quot;:&quot;classic&quot;}\">\n\t\t\t\t\t\t<div class=\"elementor-container elementor-column-gap-default\">\n\t\t\t\t\t<div class=\"elementor-column elementor-col-50 elementor-top-column elementor-element elementor-element-15a6b884\" data-id=\"15a6b884\" data-element_type=\"column\" data-e-type=\"column\">\n\t\t\t<div class=\"elementor-widget-wrap elementor-element-populated\">\n\t\t\t\t\t\t<div class=\"elementor-element elementor-element-4f03791 elementor-invisible elementor-widget elementor-widget-heading\" data-id=\"4f03791\" data-element_type=\"widget\" data-e-type=\"widget\" data-settings=\"{&quot;_animation&quot;:&quot;fadeIn&quot;}\" data-widget_type=\"heading.default\">\n\t\t\t\t<div class=\"elementor-widget-container\">\n\t\t\t\t\t<h1 class=\"elementor-heading-title elementor-size-default\"> <div>Biblioth\u00e8que de<\/div>  <span class=\"highlight\"><span> ressources<\/span><\/span><\/h1>\t\t\t\t<\/div>\n\t\t\t\t<\/div>\n\t\t\t\t\t<\/div>\n\t\t<\/div>\n\t\t\t\t<div class=\"elementor-column elementor-col-50 elementor-top-column elementor-element elementor-element-4b4f877e\" data-id=\"4b4f877e\" data-element_type=\"column\" data-e-type=\"column\">\n\t\t\t<div class=\"elementor-widget-wrap elementor-element-populated\">\n\t\t\t\t\t\t<div class=\"elementor-element elementor-element-e8e4f0e elementor-invisible elementor-widget elementor-widget-tangible_widget_9088aad1cdf347d1830698c7fb191b26\" data-id=\"e8e4f0e\" data-element_type=\"widget\" data-e-type=\"widget\" data-settings=\"{&quot;motion_fx_motion_fx_scrolling&quot;:&quot;yes&quot;,&quot;motion_fx_translateY_effect&quot;:&quot;yes&quot;,&quot;motion_fx_translateY_speed&quot;:{&quot;unit&quot;:&quot;px&quot;,&quot;size&quot;:0.6,&quot;sizes&quot;:[]},&quot;motion_fx_translateY_affectedRange&quot;:{&quot;unit&quot;:&quot;%&quot;,&quot;size&quot;:&quot;&quot;,&quot;sizes&quot;:{&quot;start&quot;:20,&quot;end&quot;:100}},&quot;_animation&quot;:&quot;fadeInRight&quot;,&quot;motion_fx_devices&quot;:[&quot;desktop&quot;,&quot;tablet&quot;,&quot;mobile&quot;]}\" data-widget_type=\"tangible_widget_9088aad1cdf347d1830698c7fb191b26.default\">\n\t\t\t\t<div class=\"elementor-widget-container\">\n\t\t\t\t\t<style data-name=\"tangible-template-inline-style\">.elementor-element-e8e4f0e .dco-hero{position:relative}.elementor-element-e8e4f0e .dco-hero__inner{position:relative;min-height:600px;overflow:hidden;background-color:var(--brand-blue-800);border-radius:var(--radius-xl);padding:2em 1em;display:flex;flex-direction:column;color:var(--white);background-position:center center;background-size:cover;background-repeat:no-repeat}@media (max-width:992px){.elementor-element-e8e4f0e .dco-hero__inner{min-height:350px}}.elementor-element-e8e4f0e .dco-hero__inner:not(.dco-hero__inner--has-overlay){min-height:200px;aspect-ratio:1.3333333333}.elementor-element-e8e4f0e .dco-hero__inner--has-overlay::before{content:\"\";display:block;inset:0;position:absolute;background:#000;opacity:0.3}.elementor-element-e8e4f0e .dco-hero__content{text-align:center;max-width:630px;margin:auto;z-index:1}.elementor-element-e8e4f0e .dco-hero__content__title{--brand-white: var(--white);font-size:clamp(2.1875rem, calc(-0.125rem + 6.1667vw), 4.5rem);font-weight:700;color:var(--brand-white)}.elementor-element-e8e4f0e .dco-hero__decoration-corner{position:absolute;font-size:220px;color:var(--brand-red-200)}@media (max-width:992px){.elementor-element-e8e4f0e .dco-hero__decoration-corner{font-size:120px}}@media (max-width:767px){.elementor-element-e8e4f0e .dco-hero__decoration-corner{font-size:80px}}.elementor-element-e8e4f0e .dco-hero__decoration-corner--top-right{bottom:calc(100% - 0.85em);left:calc(100% - 0.85em)}.elementor-element-e8e4f0e .dco-hero__decoration-corner--bottom-left{top:calc(100% - 0.85em);right:calc(100% - 0.85em)}.elementor-element-e8e4f0e .dco-hero__decoration-corner--color-yellow{color:var(--brand-yellow-400)}.elementor-element-e8e4f0e .dco-hero__decoration-corner--color-red{color:var(--brand-red-600)}.elementor-element-e8e4f0e .dco-hero--decoration-corner-size-sm .dco-hero__decoration-corner{font-size:120px}@media (max-width:992px){.elementor-element-e8e4f0e .dco-hero--decoration-corner-size-sm .dco-hero__decoration-corner{font-size:100px}}@media (max-width:767px){.elementor-element-e8e4f0e .dco-hero--decoration-corner-size-sm .dco-hero__decoration-corner{font-size:80px}}<\/style>\n\n\n\n\n\n  \n  \n\n\n\n<div class=\"dco-hero dco-hero--decoration-corner-size-sm\">\n  <div class=\"dco-hero__inner\" style=\"background-image: url(&#039;https:\/\/onlit.org\/wp-content\/uploads\/2023\/08\/p1.jpg&#039;);\">\n    \n  <\/div>\n  <svg class=\"dco-hero__decoration-corner dco-hero__decoration-corner--bottom-left dco-hero__decoration-corner--color-red\" xmlns=\"http:\/\/www.w3.org\/2000\/svg\" fill=\"none\" viewBox=\"0 0 220 220\" width=\"1em\" height=\"1em\"><path fill=\"currentcolor\" d=\"M0 190c0 16.569 13.4315 30 30 30h160c16.569 0 30-13.431 30-30C220 76.5 142.925 0 27.2614 0 10.6928 0 0 13.4315 0 30v160Z\"><\/path><\/svg>\n  <svg class=\"dco-hero__decoration-corner dco-hero__decoration-corner--top-right dco-hero__decoration-corner--color-yellow\" xmlns=\"http:\/\/www.w3.org\/2000\/svg\" fill=\"none\" viewBox=\"0 0 220 220\" width=\"1em\" height=\"1em\"><path fill=\"currentcolor\" d=\"M220 30c0-16.5685-13.431-30-30-30H30C13.4315 0 0 13.4315 0 30c0 113.5 77.0746 190 192.739 190C209.307 220 220 206.569 220 190V30Z\"><\/path><\/svg>\n<\/div>\t\t\t\t<\/div>\n\t\t\t\t<\/div>\n\t\t\t\t\t<\/div>\n\t\t<\/div>\n\t\t\t\t\t<\/div>\n\t\t<\/section>\n\t\t\t\t<section class=\"elementor-section elementor-top-section elementor-element elementor-element-162a07f elementor-section-height-min-height elementor-section-boxed elementor-section-height-default elementor-section-items-middle\" data-id=\"162a07f\" data-element_type=\"section\" data-e-type=\"section\" data-settings=\"{&quot;background_background&quot;:&quot;classic&quot;}\">\n\t\t\t\t\t\t<div class=\"elementor-container elementor-column-gap-default\">\n\t\t\t\t\t<div class=\"elementor-column elementor-col-50 elementor-top-column elementor-element elementor-element-e4a047c\" data-id=\"e4a047c\" data-element_type=\"column\" data-e-type=\"column\">\n\t\t\t<div class=\"elementor-widget-wrap elementor-element-populated\">\n\t\t\t\t\t\t<div class=\"elementor-element elementor-element-93fc76e elementor-invisible elementor-widget elementor-widget-text-editor\" data-id=\"93fc76e\" data-element_type=\"widget\" data-e-type=\"widget\" data-settings=\"{&quot;_animation&quot;:&quot;fadeIn&quot;,&quot;_animation_delay&quot;:500}\" data-widget_type=\"text-editor.default\">\n\t\t\t\t<div class=\"elementor-widget-container\">\n\t\t\t\t\t\t\t\t\t<p>Notre biblioth\u00e8que de ressources est une collection compl\u00e8te de documents v\u00e9rifi\u00e9s par des experts et align\u00e9s sur la recherche pour soutenir l\u2019enseignement structur\u00e9 de la lecture et de l\u2019\u00e9criture. De l\u2019orthographe \u00e0 la syntaxe, nous avons tout ce qu\u2019il faut. <\/p>\t\t\t\t\t\t\t\t<\/div>\n\t\t\t\t<\/div>\n\t\t\t\t<div class=\"elementor-element elementor-element-d65e896 elementor-align-center elementor-invisible elementor-widget elementor-widget-button\" data-id=\"d65e896\" data-element_type=\"widget\" data-e-type=\"widget\" data-settings=\"{&quot;_animation&quot;:&quot;fadeIn&quot;}\" data-widget_type=\"button.default\">\n\t\t\t\t<div class=\"elementor-widget-container\">\n\t\t\t\t\t\t\t\t\t<div class=\"elementor-button-wrapper\">\n\t\t\t\t\t<a class=\"elementor-button elementor-button-link elementor-size-sm\" href=\"https:\/\/form.jotform.com\/form\/240587567554267\" target=\"_blank\" rel=\"noopener\">\n\t\t\t\t\t\t<span class=\"elementor-button-content-wrapper\">\n\t\t\t\t\t\t\t\t\t<span class=\"elementor-button-text\">Fournir une ressource<\/span>\n\t\t\t\t\t<\/span>\n\t\t\t\t\t<\/a>\n\t\t\t\t<\/div>\n\t\t\t\t\t\t\t\t<\/div>\n\t\t\t\t<\/div>\n\t\t\t\t\t<\/div>\n\t\t<\/div>\n\t\t\t\t<div class=\"elementor-column elementor-col-50 elementor-top-column elementor-element elementor-element-91f9984\" data-id=\"91f9984\" data-element_type=\"column\" data-e-type=\"column\">\n\t\t\t<div class=\"elementor-widget-wrap\">\n\t\t\t\t\t\t\t<\/div>\n\t\t<\/div>\n\t\t\t\t\t<\/div>\n\t\t<\/section>\n\t\t<div class=\"elementor-element elementor-element-63cd3b0 e-flex e-con-boxed e-con e-parent\" data-id=\"63cd3b0\" data-element_type=\"container\" data-e-type=\"container\">\n\t\t\t\t\t<div class=\"e-con-inner\">\n\t\t\t\t<div class=\"elementor-element elementor-element-0d3806f elementor-hidden-desktop elementor-hidden-tablet elementor-hidden-mobile elementor-widget elementor-widget-text-editor\" data-id=\"0d3806f\" data-element_type=\"widget\" data-e-type=\"widget\" data-widget_type=\"text-editor.default\">\n\t\t\t\t<div class=\"elementor-widget-container\">\n\t\t\t\t\t\t\t\t\t<p>La biblioth\u00e8que de ressources ONlit rencontre actuellement des difficult\u00e9s techniques avec l&rsquo;affichage des ressources vid\u00e9o.<\/p><p><strong> Le chargement des pages de ressources contenant des vid\u00e9os<\/strong> et l&rsquo;affichage de la vid\u00e9o peuvent prendre <strong>jusqu&rsquo;\u00e0 une minute<\/strong>.<\/p><p>Nous vous pr\u00e9sentons nos excuses pour ce d\u00e9sagr\u00e9ment. Nous travaillons activement \u00e0 la recherche d&rsquo;une solution. <\/p>\t\t\t\t\t\t\t\t<\/div>\n\t\t\t\t<\/div>\n\t\t\t\t\t<\/div>\n\t\t\t\t<\/div>\n\t\t\t\t<section class=\"elementor-section elementor-top-section elementor-element elementor-element-44d588e1 elementor-section-full_width elementor-section-height-default elementor-section-height-default\" data-id=\"44d588e1\" data-element_type=\"section\" data-e-type=\"section\">\n\t\t\t\t\t\t<div class=\"elementor-container elementor-column-gap-default\">\n\t\t\t\t\t<div class=\"elementor-column elementor-col-100 elementor-top-column elementor-element elementor-element-2082a978\" data-id=\"2082a978\" data-element_type=\"column\" data-e-type=\"column\">\n\t\t\t<div class=\"elementor-widget-wrap elementor-element-populated\">\n\t\t\t\t\t\t<div class=\"elementor-element elementor-element-6c45ffab elementor-widget elementor-widget-shortcode\" data-id=\"6c45ffab\" data-element_type=\"widget\" data-e-type=\"widget\" data-widget_type=\"shortcode.default\">\n\t\t\t\t<div class=\"elementor-widget-container\">\n\t\t\t\t\t\t\t<div class=\"elementor-shortcode\">\n<div  class=\"tgbl-instantsearch-container--js alignfull\">\n  <div class=\"tt-online-resource-by\"><\/div>\n\n  <div class=\"tt-search-area\">\n    <div id=\"tt-searchbox\"><\/div>\n  <\/div>\n\n  <div class=\"tt-panel dco-container\">\n    <aside class=\"tt-left-panel\">\n      <button class='tt-filter-accordion'>\n        <div class=\"tt-refinement-wrap\">\n          <div class=\"tt-refinement\">\n            <div class=\"tt-refinement-title\">Langue<\/div>\n            <div id=\"tt-refinement-list-language\" class=\"tt-refinement-list\"><\/div>\n          <\/div>\n        <\/div>\n      <\/button>\n\n      <button class='tt-filter-accordion'>\n        <div class=\"tt-refinement-wrap\">\n          <div class=\"tt-refinement\">\n            <div class=\"tt-refinement-title\">Type de ressource<\/div>\n            <div id=\"tt-refinement-list-type\" class=\"tt-refinement-list\"><\/div>\n          <\/div>\n        <\/div>\n      <\/button>\n\n      <button class='tt-filter-accordion'>\n        <div class=\"tt-refinement-wrap\">\n          <div class=\"tt-refinement\">\n            <div class=\"tt-refinement-title\">Ann\u00e9e(s) scolaire(s)<\/div>\n            <div id=\"tt-refinement-list-grade\" class=\"tt-refinement-list\"><\/div>\n          <\/div>\n        <\/div>\n      <\/button>\n\n      <div id=\"tt-reset-all\"><\/div>\n    <\/aside>\n\n    <main id=\"tt-right-panel\">\n      <div id=\"tt-hits-top-wrapper\" class=\"tt-right-panel__top\">\n        <div class=\"tt-right-panel__top__left\">\n          <label class=\"tt-right-panel__top__sort tt-refinement-sort\">\n            <span id=\"tt-sortby-text\">\n              Trier par            <\/span>\n            <div id=\"tt-sortby-top\"><\/div>\n          <\/label>\n          <div id=\"tt-stats-top\"><\/div>\n        <\/div>\n        <div class=\"tt-right-panel__top__right\" id=\"tt-pagination-top\"><\/div>\n      <\/div>\n      <div class=\"onlit-search-results\" id=\"hits\">\n      <\/div>\n      <div id=\"tt-hits-bottom-wrapper\" class=\"tt-right-panel__bottom\">\n        <div id=\"tt-stats-bottom\"><\/div>\n        <div id=\"tt-pagination-bottom\"><\/div>\n      <\/div>\n    <\/main>\n  <\/div>\n<\/div><\/div>\n\t\t\t\t\t\t<\/div>\n\t\t\t\t<\/div>\n\t\t\t\t\t<\/div>\n\t\t<\/div>\n\t\t\t\t\t<\/div>\n\t\t<\/section>\n\t\t<div class=\"elementor-element elementor-element-3fbb0d8 e-flex e-con-boxed e-con e-parent\" data-id=\"3fbb0d8\" data-element_type=\"container\" data-e-type=\"container\">\n\t\t\t\t\t<div class=\"e-con-inner\">\n\t\t\t\t<div class=\"elementor-element elementor-element-3612ca0 elementor-widget__width-initial elementor-widget elementor-widget-text-editor\" data-id=\"3612ca0\" data-element_type=\"widget\" data-e-type=\"widget\" data-widget_type=\"text-editor.default\">\n\t\t\t\t<div class=\"elementor-widget-container\">\n\t\t\t\t\t\t\t\t\t<p>Certains contenus disponibles sur ONlit.org ont \u00e9t\u00e9 d\u00e9velopp\u00e9s par des partenaires externes et sont actuellement offerts uniquement en fran\u00e7ais ou en anglais. Lorsque cela est pertinent et possible, des contenus \u00e9quivalents dans l\u2019autre langue peuvent \u00e9galement \u00eatre mis \u00e0 disposition. <\/p>\t\t\t\t\t\t\t\t<\/div>\n\t\t\t\t<\/div>\n\t\t\t\t\t<\/div>\n\t\t\t\t<\/div>\n\t\t\t\t<\/div>\n\t\t","protected":false},"excerpt":{"rendered":"<p>Biblioth\u00e8que de ressources Notre biblioth\u00e8que de ressources est une collection compl\u00e8te de documents v\u00e9rifi\u00e9s par des experts et align\u00e9s sur la recherche pour soutenir l\u2019enseignement structur\u00e9 de la lecture et&#8230;<\/p>\n","protected":false},"author":28,"featured_media":0,"parent":0,"menu_order":0,"comment_status":"closed","ping_status":"closed","template":"elementor_header_footer","meta":{"_acf_changed":false,"_kad_post_transparent":"","_kad_post_title":"","_kad_post_layout":"","_kad_post_sidebar_id":"","_kad_post_content_style":"","_kad_post_vertical_padding":"","_kad_post_feature":"","_kad_post_feature_position":"","_kad_post_header":false,"_kad_post_footer":false,"_kad_post_classname":"","footnotes":""},"content-language":[508,509],"class_list":["post-19924","page","type-page","status-publish","hentry","content-language-anglais","content-language-francais"],"acf":[],"_links":{"self":[{"href":"https:\/\/onlit.org\/fr\/wp-json\/wp\/v2\/pages\/19924","targetHints":{"allow":["GET"]}}],"collection":[{"href":"https:\/\/onlit.org\/fr\/wp-json\/wp\/v2\/pages"}],"about":[{"href":"https:\/\/onlit.org\/fr\/wp-json\/wp\/v2\/types\/page"}],"author":[{"embeddable":true,"href":"https:\/\/onlit.org\/fr\/wp-json\/wp\/v2\/users\/28"}],"replies":[{"embeddable":true,"href":"https:\/\/onlit.org\/fr\/wp-json\/wp\/v2\/comments?post=19924"}],"version-history":[{"count":16,"href":"https:\/\/onlit.org\/fr\/wp-json\/wp\/v2\/pages\/19924\/revisions"}],"predecessor-version":[{"id":41327,"href":"https:\/\/onlit.org\/fr\/wp-json\/wp\/v2\/pages\/19924\/revisions\/41327"}],"wp:attachment":[{"href":"https:\/\/onlit.org\/fr\/wp-json\/wp\/v2\/media?parent=19924"}],"wp:term":[{"taxonomy":"content-language","embeddable":true,"href":"https:\/\/onlit.org\/fr\/wp-json\/wp\/v2\/content-language?post=19924"}],"curies":[{"name":"wp","href":"https:\/\/api.w.org\/{rel}","templated":true}]}}